{"id":96,"date":"2020-08-18T13:24:23","date_gmt":"2020-08-18T11:24:23","guid":{"rendered":"https:\/\/www.prodat.de\/cms\/?page_id=96"},"modified":"2024-03-09T16:28:38","modified_gmt":"2024-03-09T15:28:38","slug":"umruestung-von-drehgestellpruefstaenden","status":"publish","type":"page","link":"https:\/\/www.prodat.de\/cms\/dienstleistungen-service\/umruestung-von-drehgestellpruefstaenden","title":{"rendered":"Umr\u00fcstung und Modernisierung von Drehgestellpr\u00fcfst\u00e4nden"},"content":{"rendered":"\n<h3 class=\"wp-block-heading\">Modernisierungen und Erweiterungen bestehender Anlagen<br>&#8211; eine \u00f6konomische Alternative<\/h3>\n\n\n\n<h4 class=\"wp-block-heading\" id=\"ankerlink_1\">Allgemein<\/h4>\n\n\n\n<p><\/p>\n\n\n\n<p><img fetchpriority=\"high\" decoding=\"async\" src=\"http:\/\/www.prodat.de\/EN\/services\/bogie_plant_retrofitting\/-index\/service_bogie_testplant_retrofit.JPG\" alt=\"Bogie plant retrofitting\" width=\"399\" height=\"300\"><\/p>\n\n\n\n<p>Oftmals sind Drehgestellpr\u00fcfst\u00e4nde bereits seit vielen Jahren im Einsatz. Doch durch fortschreitende Technisierung, erweiterte oder ge\u00e4nderte Reglementierungen sowie sich wandelnde Einsatzbedingungen, werden neue Anforderungen an bestehende Anlagen gestellt. Da ein Neukauf nicht immer m\u00f6glich ist, kann es sich lohnen \u00fcber die&nbsp;<strong>Alternative einer kosteneffektiven Nachr\u00fcstung<\/strong>&nbsp;nachzudenken. Die Firma PRODAT als ein innovaties Unternehmen bietet eine individuelle Umgestaltung nach den speziellen Anforderung des Kunden und unabh\u00e4ngig vom jeweiligen, urspr\u00fcnglichen Hersteller.<\/p>\n\n\n\n<h4 class=\"wp-block-heading\" id=\"ankerlink_2\">Vorteile<\/h4>\n\n\n\n<p><\/p>\n\n\n\n<ul><li>Bestehende Anlagen mit minimalem Kosten- und Zeitaufwand auf den neusten Stand der Technik bringen<\/li><li>Modularisiertes Nachr\u00fcsten (Kraftmesstechnik, geometrische Messgr\u00f6\u00dfen, Krafteintragseinheit)<\/li><li>Verbesserung und Optimierung des Leistungsverm\u00f6gens bestehender Anlagen<\/li><li>\u00dcbernahme von Wartungsvertr\u00e4gen nicht mehr am Markt existierender Anbieter<\/li><li>Reperatur und Wartung<\/li><li>Umfassende Leistung aus einer Hand<\/li><\/ul>\n\n\n\n<h4 class=\"wp-block-heading\" id=\"ankerlink_3\">Optionen<\/h4>\n\n\n\n<p><\/p>\n\n\n\n<ul><li>Elektronik\/Steuerung: Austausch oder Erweiterung<\/li><li>Messcomputer: Austausch oder Erweiterung<\/li><li>Hinzuf\u00fcgen von Messmodulen z.B. zur Bestimmung geometrischer Messgr\u00f6\u00dfen am Pr\u00fcfstand<\/li><li>Redesign der Auswerteeinheit<\/li><li>Erweiterung bestehender Anlagen<\/li><li>falls notwendig: teilweiser oder kompletter Stahl- und Anlagenbau<\/li><li>Unterst\u00fctzung oder Durchf\u00fchrung eines Pr\u00fcfstandumzungs<\/li><li>Erh\u00f6hung von Genauigkeitsklasse bzw. Reduktion der Messunsicherheit genutzter Sensoren<\/li><li>Spurweitenver\u00e4nderung<\/li><li>Einbinden in ge\u00e4nderte Dateninfrastrukturen \/ Anbinden an bestehende Dateninfrastrukturen<\/li><li>Verbesserung (nach Quellenlage) oder Erstellung angepasster, neuer Softwarel\u00f6sungen (typisch) zur Sicherung der Kompatiblit\u00e4t neuer Betriebssysteme, zur vereinfachten Nutzerf\u00fchrung, zeitgem\u00e4\u00dfen Darstellung<\/li><li>Implementierung neuer Pr\u00fcfprozesse in Hard- und Software<\/li><li>Erweiterungsoption: Neigetechnik<\/li><li>Erweiterungsoption: Federwegbestimmung<\/li><\/ul>\n\n\n\n<h4 class=\"wp-block-heading\" id=\"ankerlink_4\">Beispiele umger\u00fcsteter, erweiterter oder aufgearbeiteter Drehgestellpr\u00fcfst\u00e4nde<\/h4>\n\n\n\n<p><\/p>\n\n\n\n<figure class=\"wp-block-table\"><table><tbody><tr><td><img decoding=\"async\" src=\"http:\/\/www.prodat.de\/DE\/Dienstleistungen\/Umruestung_von_Drehgestellpruefstaenden\/-index\/drehgestellumruestung_1.jpg\" alt=\"Umruestung von Drehgestellpr\u00fcfst\u00e4nden Beispiel 1\" width=\"200\" height=\"150\"><\/td><td><img decoding=\"async\" src=\"http:\/\/www.prodat.de\/DE\/Dienstleistungen\/Umruestung_von_Drehgestellpruefstaenden\/-index\/drehgestellumruestung_2.jpg\" width=\"200\" height=\"150\"><\/td><td><img loading=\"lazy\" decoding=\"async\" src=\"http:\/\/www.prodat.de\/DE\/Dienstleistungen\/Umruestung_von_Drehgestellpruefstaenden\/-index\/drehgestellumruestung_3.jpg\" width=\"200\" height=\"150\"><\/td><\/tr><\/tbody><\/table><\/figure>\n\n\n\n<h4 class=\"wp-block-heading\" id=\"ankerlink_5\">Stichworte<\/h4>\n\n\n\n<p><\/p>\n\n\n\n<p>Drehgestellpr\u00fcfstand, Drehgestellpr\u00fcfst\u00e4nde: Umr\u00fcstung\/Umr\u00fcstungen, Nachr\u00fcstung\/Nachr\u00fcstungen, Umbau\/Umbauten, Verbesserung\/Verbesserungen, Modernisierung\/Modernisierungen, Optimierung, Wartung, Reparatur, Reparaturen<br>Messung von: Radaufstandskraft, Radaufstandskr\u00e4fte, Radlast, Achslast, Radr\u00fcckenabstand, Lasertracker, Laserscanner, Geometrische Messdatenerfassung, Neigetechnik, Federwege<\/p>\n","protected":false},"excerpt":{"rendered":"<p>Modernisierungen und Erweiterungen bestehender Anlagen&#8211; eine \u00f6konomische Alternative Allgemein Oftmals sind Drehgestellpr\u00fcfst\u00e4nde bereits seit vielen Jahren im Einsatz. Doch durch fortschreitende Technisierung, erweiterte oder ge\u00e4nderte Reglementierungen sowie sich wandelnde Einsatzbedingungen, werden neue Anforderungen an bestehende Anlagen gestellt. Da ein Neukauf nicht immer m\u00f6glich ist, kann es sich lohnen \u00fcber die&nbsp;Alternative einer kosteneffektiven Nachr\u00fcstung&nbsp;nachzudenken. Die Firma [&hellip;]<\/p>\n","protected":false},"author":2,"featured_media":0,"parent":35,"menu_order":30,"comment_status":"closed","ping_status":"closed","template":"","meta":{"footnotes":""},"yoast_head":"<!-- This site is optimized with the Yoast SEO plugin v22.2 - https:\/\/yoast.com\/wordpress\/plugins\/seo\/ -->\n<title>Umr\u00fcstung und Modernisierung von Drehgestellpr\u00fcfst\u00e4nden - PRODAT<\/title>\n<meta name=\"robots\" content=\"index, follow, max-snippet:-1, max-image-preview:large, max-video-preview:-1\" \/>\n<link rel=\"canonical\" href=\"https:\/\/www.prodat.de\/cms\/dienstleistungen-service\/umruestung-von-drehgestellpruefstaenden\" \/>\n<meta property=\"og:locale\" content=\"en_US\" \/>\n<meta property=\"og:type\" content=\"article\" \/>\n<meta property=\"og:title\" content=\"Umr\u00fcstung und Modernisierung von Drehgestellpr\u00fcfst\u00e4nden - PRODAT\" \/>\n<meta property=\"og:description\" content=\"Modernisierungen und Erweiterungen bestehender Anlagen&#8211; eine \u00f6konomische Alternative Allgemein Oftmals sind Drehgestellpr\u00fcfst\u00e4nde bereits seit vielen Jahren im Einsatz. Doch durch fortschreitende Technisierung, erweiterte oder ge\u00e4nderte Reglementierungen sowie sich wandelnde Einsatzbedingungen, werden neue Anforderungen an bestehende Anlagen gestellt. Da ein Neukauf nicht immer m\u00f6glich ist, kann es sich lohnen \u00fcber die&nbsp;Alternative einer kosteneffektiven Nachr\u00fcstung&nbsp;nachzudenken. Die Firma [&hellip;]\" \/>\n<meta property=\"og:url\" content=\"https:\/\/www.prodat.de\/cms\/dienstleistungen-service\/umruestung-von-drehgestellpruefstaenden\" \/>\n<meta property=\"og:site_name\" content=\"PRODAT\" \/>\n<meta property=\"article:modified_time\" content=\"2024-03-09T15:28:38+00:00\" \/>\n<meta property=\"og:image\" content=\"http:\/\/www.prodat.de\/EN\/services\/bogie_plant_retrofitting\/-index\/service_bogie_testplant_retrofit.JPG\" \/>\n<meta name=\"twitter:card\" content=\"summary_large_image\" \/>\n<meta name=\"twitter:label1\" content=\"Est. reading time\" \/>\n\t<meta name=\"twitter:data1\" content=\"1 minute\" \/>\n<script type=\"application\/ld+json\" class=\"yoast-schema-graph\">{\"@context\":\"https:\/\/schema.org\",\"@graph\":[{\"@type\":\"WebPage\",\"@id\":\"https:\/\/www.prodat.de\/cms\/dienstleistungen-service\/umruestung-von-drehgestellpruefstaenden\",\"url\":\"https:\/\/www.prodat.de\/cms\/dienstleistungen-service\/umruestung-von-drehgestellpruefstaenden\",\"name\":\"Umr\u00fcstung und Modernisierung von Drehgestellpr\u00fcfst\u00e4nden - PRODAT\",\"isPartOf\":{\"@id\":\"https:\/\/www.prodat.de\/cms\/#website\"},\"primaryImageOfPage\":{\"@id\":\"https:\/\/www.prodat.de\/cms\/dienstleistungen-service\/umruestung-von-drehgestellpruefstaenden#primaryimage\"},\"image\":{\"@id\":\"https:\/\/www.prodat.de\/cms\/dienstleistungen-service\/umruestung-von-drehgestellpruefstaenden#primaryimage\"},\"thumbnailUrl\":\"http:\/\/www.prodat.de\/EN\/services\/bogie_plant_retrofitting\/-index\/service_bogie_testplant_retrofit.JPG\",\"datePublished\":\"2020-08-18T11:24:23+00:00\",\"dateModified\":\"2024-03-09T15:28:38+00:00\",\"breadcrumb\":{\"@id\":\"https:\/\/www.prodat.de\/cms\/dienstleistungen-service\/umruestung-von-drehgestellpruefstaenden#breadcrumb\"},\"inLanguage\":\"en-US\",\"potentialAction\":[{\"@type\":\"ReadAction\",\"target\":[\"https:\/\/www.prodat.de\/cms\/dienstleistungen-service\/umruestung-von-drehgestellpruefstaenden\"]}]},{\"@type\":\"ImageObject\",\"inLanguage\":\"en-US\",\"@id\":\"https:\/\/www.prodat.de\/cms\/dienstleistungen-service\/umruestung-von-drehgestellpruefstaenden#primaryimage\",\"url\":\"http:\/\/www.prodat.de\/EN\/services\/bogie_plant_retrofitting\/-index\/service_bogie_testplant_retrofit.JPG\",\"contentUrl\":\"http:\/\/www.prodat.de\/EN\/services\/bogie_plant_retrofitting\/-index\/service_bogie_testplant_retrofit.JPG\"},{\"@type\":\"BreadcrumbList\",\"@id\":\"https:\/\/www.prodat.de\/cms\/dienstleistungen-service\/umruestung-von-drehgestellpruefstaenden#breadcrumb\",\"itemListElement\":[{\"@type\":\"ListItem\",\"position\":1,\"name\":\"www.prodat.de\",\"item\":\"https:\/\/www.prodat.de\/cms\/\"},{\"@type\":\"ListItem\",\"position\":2,\"name\":\"Dienstleistungen &#038; Service\",\"item\":\"https:\/\/www.prodat.de\/cms\/dienstleistungen-service\"},{\"@type\":\"ListItem\",\"position\":3,\"name\":\"Umr\u00fcstung und Modernisierung von Drehgestellpr\u00fcfst\u00e4nden\"}]},{\"@type\":\"WebSite\",\"@id\":\"https:\/\/www.prodat.de\/cms\/#website\",\"url\":\"https:\/\/www.prodat.de\/cms\/\",\"name\":\"PRODAT (CMS)\",\"description\":\"L\u00f6sungen \/ Solutions\",\"publisher\":{\"@id\":\"https:\/\/www.prodat.de\/cms\/#organization\"},\"alternateName\":\"PRODAT Solutions\/L\u00f6sungen - Website\",\"potentialAction\":[{\"@type\":\"SearchAction\",\"target\":{\"@type\":\"EntryPoint\",\"urlTemplate\":\"https:\/\/www.prodat.de\/cms\/?s={search_term_string}\"},\"query-input\":\"required name=search_term_string\"}],\"inLanguage\":\"en-US\"},{\"@type\":\"Organization\",\"@id\":\"https:\/\/www.prodat.de\/cms\/#organization\",\"name\":\"PRODAT\",\"alternateName\":\"PRODAT L\u00f6sungen \/ Solutions\",\"url\":\"https:\/\/www.prodat.de\/cms\/\",\"logo\":{\"@type\":\"ImageObject\",\"inLanguage\":\"en-US\",\"@id\":\"https:\/\/www.prodat.de\/cms\/#\/schema\/logo\/image\/\",\"url\":\"https:\/\/www.prodat.de\/cms\/wp-content\/uploads\/2024\/03\/prodat_logo_h150px.jpg\",\"contentUrl\":\"https:\/\/www.prodat.de\/cms\/wp-content\/uploads\/2024\/03\/prodat_logo_h150px.jpg\",\"width\":560,\"height\":150,\"caption\":\"PRODAT\"},\"image\":{\"@id\":\"https:\/\/www.prodat.de\/cms\/#\/schema\/logo\/image\/\"}}]}<\/script>\n<!-- \/ Yoast SEO plugin. -->","yoast_head_json":{"title":"Umr\u00fcstung und Modernisierung von Drehgestellpr\u00fcfst\u00e4nden - PRODAT","robots":{"index":"index","follow":"follow","max-snippet":"max-snippet:-1","max-image-preview":"max-image-preview:large","max-video-preview":"max-video-preview:-1"},"canonical":"https:\/\/www.prodat.de\/cms\/dienstleistungen-service\/umruestung-von-drehgestellpruefstaenden","og_locale":"en_US","og_type":"article","og_title":"Umr\u00fcstung und Modernisierung von Drehgestellpr\u00fcfst\u00e4nden - PRODAT","og_description":"Modernisierungen und Erweiterungen bestehender Anlagen&#8211; eine \u00f6konomische Alternative Allgemein Oftmals sind Drehgestellpr\u00fcfst\u00e4nde bereits seit vielen Jahren im Einsatz. Doch durch fortschreitende Technisierung, erweiterte oder ge\u00e4nderte Reglementierungen sowie sich wandelnde Einsatzbedingungen, werden neue Anforderungen an bestehende Anlagen gestellt. Da ein Neukauf nicht immer m\u00f6glich ist, kann es sich lohnen \u00fcber die&nbsp;Alternative einer kosteneffektiven Nachr\u00fcstung&nbsp;nachzudenken. Die Firma [&hellip;]","og_url":"https:\/\/www.prodat.de\/cms\/dienstleistungen-service\/umruestung-von-drehgestellpruefstaenden","og_site_name":"PRODAT","article_modified_time":"2024-03-09T15:28:38+00:00","og_image":[{"url":"http:\/\/www.prodat.de\/EN\/services\/bogie_plant_retrofitting\/-index\/service_bogie_testplant_retrofit.JPG"}],"twitter_card":"summary_large_image","twitter_misc":{"Est. reading time":"1 minute"},"schema":{"@context":"https:\/\/schema.org","@graph":[{"@type":"WebPage","@id":"https:\/\/www.prodat.de\/cms\/dienstleistungen-service\/umruestung-von-drehgestellpruefstaenden","url":"https:\/\/www.prodat.de\/cms\/dienstleistungen-service\/umruestung-von-drehgestellpruefstaenden","name":"Umr\u00fcstung und Modernisierung von Drehgestellpr\u00fcfst\u00e4nden - PRODAT","isPartOf":{"@id":"https:\/\/www.prodat.de\/cms\/#website"},"primaryImageOfPage":{"@id":"https:\/\/www.prodat.de\/cms\/dienstleistungen-service\/umruestung-von-drehgestellpruefstaenden#primaryimage"},"image":{"@id":"https:\/\/www.prodat.de\/cms\/dienstleistungen-service\/umruestung-von-drehgestellpruefstaenden#primaryimage"},"thumbnailUrl":"http:\/\/www.prodat.de\/EN\/services\/bogie_plant_retrofitting\/-index\/service_bogie_testplant_retrofit.JPG","datePublished":"2020-08-18T11:24:23+00:00","dateModified":"2024-03-09T15:28:38+00:00","breadcrumb":{"@id":"https:\/\/www.prodat.de\/cms\/dienstleistungen-service\/umruestung-von-drehgestellpruefstaenden#breadcrumb"},"inLanguage":"en-US","potentialAction":[{"@type":"ReadAction","target":["https:\/\/www.prodat.de\/cms\/dienstleistungen-service\/umruestung-von-drehgestellpruefstaenden"]}]},{"@type":"ImageObject","inLanguage":"en-US","@id":"https:\/\/www.prodat.de\/cms\/dienstleistungen-service\/umruestung-von-drehgestellpruefstaenden#primaryimage","url":"http:\/\/www.prodat.de\/EN\/services\/bogie_plant_retrofitting\/-index\/service_bogie_testplant_retrofit.JPG","contentUrl":"http:\/\/www.prodat.de\/EN\/services\/bogie_plant_retrofitting\/-index\/service_bogie_testplant_retrofit.JPG"},{"@type":"BreadcrumbList","@id":"https:\/\/www.prodat.de\/cms\/dienstleistungen-service\/umruestung-von-drehgestellpruefstaenden#breadcrumb","itemListElement":[{"@type":"ListItem","position":1,"name":"www.prodat.de","item":"https:\/\/www.prodat.de\/cms\/"},{"@type":"ListItem","position":2,"name":"Dienstleistungen &#038; Service","item":"https:\/\/www.prodat.de\/cms\/dienstleistungen-service"},{"@type":"ListItem","position":3,"name":"Umr\u00fcstung und Modernisierung von Drehgestellpr\u00fcfst\u00e4nden"}]},{"@type":"WebSite","@id":"https:\/\/www.prodat.de\/cms\/#website","url":"https:\/\/www.prodat.de\/cms\/","name":"PRODAT (CMS)","description":"L\u00f6sungen \/ Solutions","publisher":{"@id":"https:\/\/www.prodat.de\/cms\/#organization"},"alternateName":"PRODAT Solutions\/L\u00f6sungen - Website","potentialAction":[{"@type":"SearchAction","target":{"@type":"EntryPoint","urlTemplate":"https:\/\/www.prodat.de\/cms\/?s={search_term_string}"},"query-input":"required name=search_term_string"}],"inLanguage":"en-US"},{"@type":"Organization","@id":"https:\/\/www.prodat.de\/cms\/#organization","name":"PRODAT","alternateName":"PRODAT L\u00f6sungen \/ Solutions","url":"https:\/\/www.prodat.de\/cms\/","logo":{"@type":"ImageObject","inLanguage":"en-US","@id":"https:\/\/www.prodat.de\/cms\/#\/schema\/logo\/image\/","url":"https:\/\/www.prodat.de\/cms\/wp-content\/uploads\/2024\/03\/prodat_logo_h150px.jpg","contentUrl":"https:\/\/www.prodat.de\/cms\/wp-content\/uploads\/2024\/03\/prodat_logo_h150px.jpg","width":560,"height":150,"caption":"PRODAT"},"image":{"@id":"https:\/\/www.prodat.de\/cms\/#\/schema\/logo\/image\/"}}]}},"_links":{"self":[{"href":"https:\/\/www.prodat.de\/cms\/wp-json\/wp\/v2\/pages\/96"}],"collection":[{"href":"https:\/\/www.prodat.de\/cms\/wp-json\/wp\/v2\/pages"}],"about":[{"href":"https:\/\/www.prodat.de\/cms\/wp-json\/wp\/v2\/types\/page"}],"author":[{"embeddable":true,"href":"https:\/\/www.prodat.de\/cms\/wp-json\/wp\/v2\/users\/2"}],"replies":[{"embeddable":true,"href":"https:\/\/www.prodat.de\/cms\/wp-json\/wp\/v2\/comments?post=96"}],"version-history":[{"count":5,"href":"https:\/\/www.prodat.de\/cms\/wp-json\/wp\/v2\/pages\/96\/revisions"}],"predecessor-version":[{"id":2759,"href":"https:\/\/www.prodat.de\/cms\/wp-json\/wp\/v2\/pages\/96\/revisions\/2759"}],"up":[{"embeddable":true,"href":"https:\/\/www.prodat.de\/cms\/wp-json\/wp\/v2\/pages\/35"}],"wp:attachment":[{"href":"https:\/\/www.prodat.de\/cms\/wp-json\/wp\/v2\/media?parent=96"}],"curies":[{"name":"wp","href":"https:\/\/api.w.org\/{rel}","templated":true}]}}