{"id":92,"date":"2020-08-18T13:22:25","date_gmt":"2020-08-18T11:22:25","guid":{"rendered":"https:\/\/www.prodat.de\/cms\/?page_id=92"},"modified":"2024-03-25T11:43:51","modified_gmt":"2024-03-25T10:43:51","slug":"schulungen","status":"publish","type":"page","link":"https:\/\/www.prodat.de\/cms\/beratungsleistungen\/schulungen","title":{"rendered":"Schulungen"},"content":{"rendered":"\n<h2 class=\"wp-block-heading has-text-align-center\">Schulungsangebote der PRODAT  auch am Kundenstandort, weltweit<\/h2>\n\n\n\n<h3 class=\"wp-block-heading\" id=\"ankerlink_1\">\u00dcberblick<\/h3>\n\n\n\n<p>Technischer Fortschritt, sich \u00e4ndernde normative Regelungen oder neue Gesetzeslagen, f\u00fchren dazu, dass&nbsp;<strong>Mitarbeiter \u00fcber den neusten Kenntnisstand verf\u00fcgen und sich mitentwickeln<\/strong>&nbsp;m\u00fcssen. Die PRODAT bietet hierf\u00fcr entsprechende Dienstleistungen und ein ma\u00dfgeschneidertes Schulungsangebot. Dieses umfasst sowohl allgemeine als auch spezielle Themen, wie den Umgang mit den Mess- und Pr\u00fcfsystemen der PRODAT. Geboten wird ein technisch exellentes und modular gestaltetes Schulungsgesamtkonzept, mit sowohl theoretischen als auch praxisnahen Schulungseinheiten.<\/p>\n\n\n\n\n\n<p>Bestandteil der Schulungen ist Einf\u00fchrung und Vertiefung der f\u00fcr die einzelnen Messmittel und Messanlagen geltenden&nbsp;Vorschriften und Normen (bspw.&nbsp;<strong>DIN, EN&nbsp;<\/strong>und<strong>&nbsp;ISO&nbsp;<\/strong>Regelwerke), Aspekte zur Interpretation und deren sichere Anwendungen im t\u00e4glichen, qualit\u00e4tsorientieren Betrieb bspw. f\u00fcr Inbetriebnahme oder Wartung.<\/p>\n\n\n\n<h3 class=\"wp-block-heading\" id=\"ankerlink_2\">Themenstellungen (Schulungskomplexe)<\/h3>\n\n\n\n<ul>\n<li>Messung und Pr\u00fcfung der Radaufstandskraft (umgangssprachlich Radkraft bzw. Radlastmessung)<\/li>\n\n\n\n<li>Massebestimmung und Gleiswaagen<\/li>\n\n\n\n<li>Eckkraft, Eckraftmessung und Eckkraftpr\u00fcfsysteme<\/li>\n\n\n\n<li>Messung und Pr\u00fcfung des Bremssystems von Schienenfahrzeugen<\/li>\n\n\n\n<li>Geometrische Vermessungen<\/li>\n\n\n\n<li>Softwareschulungen\n<ul>\n<li>PRODAT SO-RKM<\/li>\n\n\n\n<li>PRODAT SO-BKM<\/li>\n\n\n\n<li>PRODAT SO-XKM<\/li>\n<\/ul>\n<\/li>\n\n\n\n<li>Arbeiten mit den Mess- und Pr\u00fcfsysteml\u00f6sungen der PRODAT\n<ul>\n<li>Drehgestellpr\u00fcfst\u00e4nde<\/li>\n\n\n\n<li>Eckkraftmessanlagen<\/li>\n\n\n\n<li>Radaufstandskraftmesseinrichtungen (mobil u. station\u00e4r)<\/li>\n\n\n\n<li>Bremspr\u00fcfsysteme<\/li>\n<\/ul>\n<\/li>\n\n\n\n<li>Messmittelverwaltung<\/li>\n<\/ul>\n\n\n\n<h3 class=\"wp-block-heading\" id=\"ankerlink_3\"><strong>Individuelle Schulungsthemen<\/strong><\/h3>\n\n\n\n<p>Individuelle Schulungen werden auf die Erfordernisse des Kunden abgestimmt. Dieser bestimmt Schulungsinhalte, die Schulungsdauer und den Schulungsort.<\/p>\n","protected":false},"excerpt":{"rendered":"<p>Schulungsangebote der PRODAT auch am Kundenstandort, weltweit \u00dcberblick Technischer Fortschritt, sich \u00e4ndernde normative Regelungen oder neue Gesetzeslagen, f\u00fchren dazu, dass&nbsp;Mitarbeiter \u00fcber den neusten Kenntnisstand verf\u00fcgen und sich mitentwickeln&nbsp;m\u00fcssen. Die PRODAT bietet hierf\u00fcr entsprechende Dienstleistungen und ein ma\u00dfgeschneidertes Schulungsangebot. Dieses umfasst sowohl allgemeine als auch spezielle Themen, wie den Umgang mit den Mess- und Pr\u00fcfsystemen der [&hellip;]<\/p>\n","protected":false},"author":2,"featured_media":265,"parent":2750,"menu_order":0,"comment_status":"closed","ping_status":"closed","template":"wp-custom-template-prodat-standard-inhalt","meta":{"footnotes":""},"yoast_head":"<!-- This site is optimized with the Yoast SEO plugin v22.2 - https:\/\/yoast.com\/wordpress\/plugins\/seo\/ -->\n<title>Schulungen - PRODAT<\/title>\n<meta name=\"description\" content=\"Schulungsangebote der PRODAT - Systemnutzung der Mess- und Pr\u00fcfsysteml\u00f6sungen oder zu fachspezifischen Themenstellungen.\" \/>\n<meta name=\"robots\" content=\"index, follow, max-snippet:-1, max-image-preview:large, max-video-preview:-1\" \/>\n<link rel=\"canonical\" href=\"https:\/\/www.prodat.de\/cms\/beratungsleistungen\/schulungen\" \/>\n<meta property=\"og:locale\" content=\"en_US\" \/>\n<meta property=\"og:type\" content=\"article\" \/>\n<meta property=\"og:title\" content=\"Schulungen - PRODAT\" \/>\n<meta property=\"og:description\" content=\"Schulungsangebote der PRODAT - Systemnutzung der Mess- und Pr\u00fcfsysteml\u00f6sungen oder zu fachspezifischen Themenstellungen.\" \/>\n<meta property=\"og:url\" content=\"https:\/\/www.prodat.de\/cms\/beratungsleistungen\/schulungen\" \/>\n<meta property=\"og:site_name\" content=\"PRODAT\" \/>\n<meta property=\"article:modified_time\" content=\"2024-03-25T10:43:51+00:00\" \/>\n<meta property=\"og:image\" content=\"https:\/\/www.prodat.de\/cms\/wp-content\/uploads\/2020\/08\/20171109_130843-scaled.jpg\" \/>\n\t<meta property=\"og:image:width\" content=\"2560\" \/>\n\t<meta property=\"og:image:height\" content=\"1440\" \/>\n\t<meta property=\"og:image:type\" content=\"image\/jpeg\" \/>\n<meta name=\"twitter:card\" content=\"summary_large_image\" \/>\n<meta name=\"twitter:label1\" content=\"Est. reading time\" \/>\n\t<meta name=\"twitter:data1\" content=\"2 minutes\" \/>\n<script type=\"application\/ld+json\" class=\"yoast-schema-graph\">{\"@context\":\"https:\/\/schema.org\",\"@graph\":[{\"@type\":\"WebPage\",\"@id\":\"https:\/\/www.prodat.de\/cms\/beratungsleistungen\/schulungen\",\"url\":\"https:\/\/www.prodat.de\/cms\/beratungsleistungen\/schulungen\",\"name\":\"Schulungen - PRODAT\",\"isPartOf\":{\"@id\":\"https:\/\/www.prodat.de\/cms\/#website\"},\"primaryImageOfPage\":{\"@id\":\"https:\/\/www.prodat.de\/cms\/beratungsleistungen\/schulungen#primaryimage\"},\"image\":{\"@id\":\"https:\/\/www.prodat.de\/cms\/beratungsleistungen\/schulungen#primaryimage\"},\"thumbnailUrl\":\"https:\/\/www.prodat.de\/cms\/wp-content\/uploads\/2020\/08\/20171109_130843-scaled.jpg\",\"datePublished\":\"2020-08-18T11:22:25+00:00\",\"dateModified\":\"2024-03-25T10:43:51+00:00\",\"description\":\"Schulungsangebote der PRODAT - Systemnutzung der Mess- und Pr\u00fcfsysteml\u00f6sungen oder zu fachspezifischen Themenstellungen.\",\"breadcrumb\":{\"@id\":\"https:\/\/www.prodat.de\/cms\/beratungsleistungen\/schulungen#breadcrumb\"},\"inLanguage\":\"en-US\",\"potentialAction\":[{\"@type\":\"ReadAction\",\"target\":[\"https:\/\/www.prodat.de\/cms\/beratungsleistungen\/schulungen\"]}]},{\"@type\":\"ImageObject\",\"inLanguage\":\"en-US\",\"@id\":\"https:\/\/www.prodat.de\/cms\/beratungsleistungen\/schulungen#primaryimage\",\"url\":\"https:\/\/www.prodat.de\/cms\/wp-content\/uploads\/2020\/08\/20171109_130843-scaled.jpg\",\"contentUrl\":\"https:\/\/www.prodat.de\/cms\/wp-content\/uploads\/2020\/08\/20171109_130843-scaled.jpg\",\"width\":2560,\"height\":1440,\"caption\":\"PRODAT Schulungen - Anwendungsbeispiel\"},{\"@type\":\"BreadcrumbList\",\"@id\":\"https:\/\/www.prodat.de\/cms\/beratungsleistungen\/schulungen#breadcrumb\",\"itemListElement\":[{\"@type\":\"ListItem\",\"position\":1,\"name\":\"www.prodat.de\",\"item\":\"https:\/\/www.prodat.de\/cms\/\"},{\"@type\":\"ListItem\",\"position\":2,\"name\":\"Beratungsleistungen in der Digitalisierung, KI-Integration und KI-Anwendung\",\"item\":\"https:\/\/www.prodat.de\/cms\/beratungsleistungen\"},{\"@type\":\"ListItem\",\"position\":3,\"name\":\"Schulungen\"}]},{\"@type\":\"WebSite\",\"@id\":\"https:\/\/www.prodat.de\/cms\/#website\",\"url\":\"https:\/\/www.prodat.de\/cms\/\",\"name\":\"PRODAT (CMS)\",\"description\":\"L\u00f6sungen \/ Solutions\",\"publisher\":{\"@id\":\"https:\/\/www.prodat.de\/cms\/#organization\"},\"alternateName\":\"PRODAT Solutions\/L\u00f6sungen - Website\",\"potentialAction\":[{\"@type\":\"SearchAction\",\"target\":{\"@type\":\"EntryPoint\",\"urlTemplate\":\"https:\/\/www.prodat.de\/cms\/?s={search_term_string}\"},\"query-input\":\"required name=search_term_string\"}],\"inLanguage\":\"en-US\"},{\"@type\":\"Organization\",\"@id\":\"https:\/\/www.prodat.de\/cms\/#organization\",\"name\":\"PRODAT\",\"alternateName\":\"PRODAT L\u00f6sungen \/ Solutions\",\"url\":\"https:\/\/www.prodat.de\/cms\/\",\"logo\":{\"@type\":\"ImageObject\",\"inLanguage\":\"en-US\",\"@id\":\"https:\/\/www.prodat.de\/cms\/#\/schema\/logo\/image\/\",\"url\":\"https:\/\/www.prodat.de\/cms\/wp-content\/uploads\/2024\/03\/prodat_logo_h150px.jpg\",\"contentUrl\":\"https:\/\/www.prodat.de\/cms\/wp-content\/uploads\/2024\/03\/prodat_logo_h150px.jpg\",\"width\":560,\"height\":150,\"caption\":\"PRODAT\"},\"image\":{\"@id\":\"https:\/\/www.prodat.de\/cms\/#\/schema\/logo\/image\/\"}}]}<\/script>\n<!-- \/ Yoast SEO plugin. -->","yoast_head_json":{"title":"Schulungen - PRODAT","description":"Schulungsangebote der PRODAT - Systemnutzung der Mess- und Pr\u00fcfsysteml\u00f6sungen oder zu fachspezifischen Themenstellungen.","robots":{"index":"index","follow":"follow","max-snippet":"max-snippet:-1","max-image-preview":"max-image-preview:large","max-video-preview":"max-video-preview:-1"},"canonical":"https:\/\/www.prodat.de\/cms\/beratungsleistungen\/schulungen","og_locale":"en_US","og_type":"article","og_title":"Schulungen - PRODAT","og_description":"Schulungsangebote der PRODAT - Systemnutzung der Mess- und Pr\u00fcfsysteml\u00f6sungen oder zu fachspezifischen Themenstellungen.","og_url":"https:\/\/www.prodat.de\/cms\/beratungsleistungen\/schulungen","og_site_name":"PRODAT","article_modified_time":"2024-03-25T10:43:51+00:00","og_image":[{"width":2560,"height":1440,"url":"https:\/\/www.prodat.de\/cms\/wp-content\/uploads\/2020\/08\/20171109_130843-scaled.jpg","type":"image\/jpeg"}],"twitter_card":"summary_large_image","twitter_misc":{"Est. reading time":"2 minutes"},"schema":{"@context":"https:\/\/schema.org","@graph":[{"@type":"WebPage","@id":"https:\/\/www.prodat.de\/cms\/beratungsleistungen\/schulungen","url":"https:\/\/www.prodat.de\/cms\/beratungsleistungen\/schulungen","name":"Schulungen - PRODAT","isPartOf":{"@id":"https:\/\/www.prodat.de\/cms\/#website"},"primaryImageOfPage":{"@id":"https:\/\/www.prodat.de\/cms\/beratungsleistungen\/schulungen#primaryimage"},"image":{"@id":"https:\/\/www.prodat.de\/cms\/beratungsleistungen\/schulungen#primaryimage"},"thumbnailUrl":"https:\/\/www.prodat.de\/cms\/wp-content\/uploads\/2020\/08\/20171109_130843-scaled.jpg","datePublished":"2020-08-18T11:22:25+00:00","dateModified":"2024-03-25T10:43:51+00:00","description":"Schulungsangebote der PRODAT - Systemnutzung der Mess- und Pr\u00fcfsysteml\u00f6sungen oder zu fachspezifischen Themenstellungen.","breadcrumb":{"@id":"https:\/\/www.prodat.de\/cms\/beratungsleistungen\/schulungen#breadcrumb"},"inLanguage":"en-US","potentialAction":[{"@type":"ReadAction","target":["https:\/\/www.prodat.de\/cms\/beratungsleistungen\/schulungen"]}]},{"@type":"ImageObject","inLanguage":"en-US","@id":"https:\/\/www.prodat.de\/cms\/beratungsleistungen\/schulungen#primaryimage","url":"https:\/\/www.prodat.de\/cms\/wp-content\/uploads\/2020\/08\/20171109_130843-scaled.jpg","contentUrl":"https:\/\/www.prodat.de\/cms\/wp-content\/uploads\/2020\/08\/20171109_130843-scaled.jpg","width":2560,"height":1440,"caption":"PRODAT Schulungen - Anwendungsbeispiel"},{"@type":"BreadcrumbList","@id":"https:\/\/www.prodat.de\/cms\/beratungsleistungen\/schulungen#breadcrumb","itemListElement":[{"@type":"ListItem","position":1,"name":"www.prodat.de","item":"https:\/\/www.prodat.de\/cms\/"},{"@type":"ListItem","position":2,"name":"Beratungsleistungen in der Digitalisierung, KI-Integration und KI-Anwendung","item":"https:\/\/www.prodat.de\/cms\/beratungsleistungen"},{"@type":"ListItem","position":3,"name":"Schulungen"}]},{"@type":"WebSite","@id":"https:\/\/www.prodat.de\/cms\/#website","url":"https:\/\/www.prodat.de\/cms\/","name":"PRODAT (CMS)","description":"L\u00f6sungen \/ Solutions","publisher":{"@id":"https:\/\/www.prodat.de\/cms\/#organization"},"alternateName":"PRODAT Solutions\/L\u00f6sungen - Website","potentialAction":[{"@type":"SearchAction","target":{"@type":"EntryPoint","urlTemplate":"https:\/\/www.prodat.de\/cms\/?s={search_term_string}"},"query-input":"required name=search_term_string"}],"inLanguage":"en-US"},{"@type":"Organization","@id":"https:\/\/www.prodat.de\/cms\/#organization","name":"PRODAT","alternateName":"PRODAT L\u00f6sungen \/ Solutions","url":"https:\/\/www.prodat.de\/cms\/","logo":{"@type":"ImageObject","inLanguage":"en-US","@id":"https:\/\/www.prodat.de\/cms\/#\/schema\/logo\/image\/","url":"https:\/\/www.prodat.de\/cms\/wp-content\/uploads\/2024\/03\/prodat_logo_h150px.jpg","contentUrl":"https:\/\/www.prodat.de\/cms\/wp-content\/uploads\/2024\/03\/prodat_logo_h150px.jpg","width":560,"height":150,"caption":"PRODAT"},"image":{"@id":"https:\/\/www.prodat.de\/cms\/#\/schema\/logo\/image\/"}}]}},"_links":{"self":[{"href":"https:\/\/www.prodat.de\/cms\/wp-json\/wp\/v2\/pages\/92"}],"collection":[{"href":"https:\/\/www.prodat.de\/cms\/wp-json\/wp\/v2\/pages"}],"about":[{"href":"https:\/\/www.prodat.de\/cms\/wp-json\/wp\/v2\/types\/page"}],"author":[{"embeddable":true,"href":"https:\/\/www.prodat.de\/cms\/wp-json\/wp\/v2\/users\/2"}],"replies":[{"embeddable":true,"href":"https:\/\/www.prodat.de\/cms\/wp-json\/wp\/v2\/comments?post=92"}],"version-history":[{"count":9,"href":"https:\/\/www.prodat.de\/cms\/wp-json\/wp\/v2\/pages\/92\/revisions"}],"predecessor-version":[{"id":6784,"href":"https:\/\/www.prodat.de\/cms\/wp-json\/wp\/v2\/pages\/92\/revisions\/6784"}],"up":[{"embeddable":true,"href":"https:\/\/www.prodat.de\/cms\/wp-json\/wp\/v2\/pages\/2750"}],"wp:featuredmedia":[{"embeddable":true,"href":"https:\/\/www.prodat.de\/cms\/wp-json\/wp\/v2\/media\/265"}],"wp:attachment":[{"href":"https:\/\/www.prodat.de\/cms\/wp-json\/wp\/v2\/media?parent=92"}],"curies":[{"name":"wp","href":"https:\/\/api.w.org\/{rel}","templated":true}]}}