{"id":85,"date":"2020-08-18T13:16:15","date_gmt":"2020-08-18T11:16:15","guid":{"rendered":"https:\/\/www.prodat.de\/cms\/?page_id=85"},"modified":"2024-03-09T17:14:28","modified_gmt":"2024-03-09T16:14:28","slug":"sensornetzwerke","status":"publish","type":"page","link":"https:\/\/www.prodat.de\/cms\/produkte\/sensornetzwerke","title":{"rendered":"Sensornetzwerke"},"content":{"rendered":"\n<h4 class=\"wp-block-heading\" id=\"ankerlink_1\">Allgemeines<\/h4>\n\n\n\n<p><\/p>\n\n\n\n<p>Als Anbieter von vollst\u00e4ndigen automatisierten Messsystemen besitzt PRODAT eine langj\u00e4hrige Erfahrung in der Realisierung von Sensornetzwerken. Kompetenzbeweis hierf\u00fcr ist das realisierte Projekt zur \u00dcberwachung der Kanalbr\u00fccke des Wasserstra\u00dfenkreuzes Magdeburg unter Verwendung des ZK1000 Systems. In Normalfall ist sich der Kunde jedoch nicht bewu\u00dft wie komplex oder einfach das unterlagerte Sensornetzwerk ist. Im Mittelpunkt steht die zuverfl\u00e4ssige Funktion, also die sichere Erfassung der relevanten Messgr\u00f6\u00dfen.<\/p>\n\n\n\n<h4 class=\"wp-block-heading\" id=\"ankerlink_2\">Sensornetzwerke<\/h4>\n\n\n\n<p><\/p>\n\n\n\n<p><img decoding=\"async\" src=\"http:\/\/www.prodat.de\/DE\/Produkte\/Sensornetzwerke\/-index\/prodat_zk1000.jpg\" alt=\"PRODAT ZK1000\" width=\"200\" height=\"123\"><\/p>\n\n\n\n<p>Sensornetze im Allgemeinen Systeme bestehend aus einer Vielzahl von Teilnehmern zur automatischen Messwerterfassung, sogenannten Sensorknoten unterschiedlicher rechnerischer Leistungsf\u00e4higkeit, ausgestattet mit Mitteln zur Kommunikation exisitieren schon seit geraumer Zeit. Telemetrische Systeme sind jedem bekannt. Und doch stellt die Realisierung immer wieder eine Herausforderung dar, da am Markt bis dato noch kein universelles System existiert, dass wirklich allen Anforderungen und Randbedingungen gerecht wird. PRODAT stellt sich diesem Trend in dem individuelle L\u00f6sungen, auf Grundlage aktueller universit\u00e4rer Forschungen, angeboten werden. Vor allem sei hier auf die Entwicklungen im Bereich der drahtlosen Netze mit der Randbedingungen verbrauchsarmer und autonomer Netzwerkknoten langer Lebensdauer verwiesen. Hier ist PRODAT aktiv mit an der Entwicklung drahtlos arbeitender Systeme beteiligt. Ein autonomes, selbst-organisierendes Sensornetzwerk zur automatischen Messwerterfassung wird momentan z.B. in den Bremskraftsensoren mit Wireless Option der Firma PRODAT eingesetzt.<\/p>\n\n\n\n<h4 class=\"wp-block-heading\" id=\"ankerlink_3\">Messsystem ZK1000<\/h4>\n\n\n\n<p><\/p>\n\n\n\n<p>Beim System ZK 1000 handelt es sich um ein aus Modulen bestehendes, auf einer dezentralen Netzwerkarchitektur beruhendes, vernetztes System zur Erfassung, Darstellung und Auswertung beliebiger Messwerte. ZK 1000 kann \u00fcberall dort zum Einsatz kommen wo eine Vielzahl von Messwerten aufgezeichneit, \u00fcberwacht und ausgewertet werden sollen.<\/p>\n\n\n\n<p><img decoding=\"async\" src=\"http:\/\/www.prodat.de\/DE\/Produkte\/Sensornetzwerke\/-index\/zk10_3.jpg\" alt=\"PRODAT ZK1000\" width=\"200\" height=\"150\"><\/p>\n\n\n\n<p>Momentan wird es als Messsystem zur Bauwerks\u00fcberwachung an der Kanalbr\u00fccke in der N\u00e4he von Magdeburg eingesetzt.<\/p>\n\n\n\n<p>Im wesentlichen besteht das Messsystem ZK 1000 aus den Sensoren, den angeschlossenen Messverst\u00e4rkern (Modul LM), der P- Zentrale (Modul PZ), den T-Kopplern und Repeatern (Modul OR) und der Messzentrale(Module BZ).<\/p>\n\n\n\n<ul><li>Sensor<\/li><li>Messverst\u00e4rker Modul LM<\/li><li>P-System &#8211; Modul PZ<\/li><li>Modul OR<\/li><li>Modul BZ<\/li><\/ul>\n\n\n\n<p><strong>Die Sensoren<\/strong><\/p>\n\n\n\n<p><img decoding=\"async\" src=\"http:\/\/www.prodat.de\/DE\/Produkte\/Sensornetzwerke\/-index\/zk10_1.jpg\" alt=\"Zu \u00fcberwachendes Br\u00fcckenlauflager\" width=\"200\" height=\"150\"><\/p>\n\n\n\n<p>Die Sensoren liefern die Messwerte in analoger Form. Dabei spielt die Sensorart keine Rolle. So werden beispielsweise an der Kanalbr\u00fccke Lagerkr\u00e4fte und Spaltma\u00dfe ermittelt.<\/p>\n\n\n\n<p><strong>Messverst\u00e4rker &#8211; Modul LM<\/strong><\/p>\n\n\n\n<p>Die Messverst\u00e4rker verst\u00e4rken und digitalisieren die gemessenen Werte. Die verschiedenen Module sind durch einen Daten Bus miteinander verbunden.<\/p>\n\n\n\n<p><strong>P-System &#8211; Modul PZ<\/strong><\/p>\n\n\n\n<p>Das P-System fragt die gemessenen Werte der LM Module ab und bietet die M\u00f6glichkeit zur ersten Datenverarbeitung. Standartm\u00e4\u00dfig ist das System mit einem Display, Bedienfeld und vielf\u00e4ltigen Schnittstellen f\u00fcr Interaktion und Kommunikation ausgestattet.<\/p>\n\n\n\n<p><strong>T-Koppler und Repeater &#8211; Modul OR<\/strong><\/p>\n\n\n\n<p>Dieses Modul ist zust\u00e4ndig f\u00fcr die Vernetzung der P-Systeme mittels des doppelten Lichtwellenrings, sowie f\u00fcr die Verst\u00e4rkung passierender Signale.<\/p>\n\n\n\n<p><strong>Messzentrale- Modul BZ<\/strong><\/p>\n\n\n\n<p><img loading=\"lazy\" decoding=\"async\" src=\"http:\/\/www.prodat.de\/DE\/Produkte\/Sensornetzwerke\/-index\/zk10_2.jpg\" alt=\"Einer der verschiedenen Sensoren (Abstandsmessung)\" width=\"200\" height=\"150\"><\/p>\n\n\n\n<p>Die Messzentrale bietet erweiterte Auswerte- und Kommunitkationsfunktionen. Hier werden alle Daten gesammelt und protokolliert. Standartm\u00e4\u00dfig handelt es sich um einen normalen Desktop PC oder einen Industrie PC, wobei die Anwendersoftware auch in Serverumgebungen installiert werden kann.<\/p>\n\n\n\n<ul><li>Leistungen<\/li><li>Abfrage, \u00dcberwachung und Auswertung von Messwerten<\/li><li>Unbeschr\u00e4nkte Anzahl erfassbarer Messwerte<\/li><li>Der Messbereich wird durch die Sensoren bestimmt<\/li><li>Daten sind jederzeit, ortsungebunden abrufbar<\/li><li>Hohe Anpassungsf\u00e4higkeit durch den modularisierten Aufbau<\/li><\/ul>\n\n\n\n<h4 class=\"wp-block-heading\" id=\"ankerlink_4\">Einsatz am Mittellandkanal &#8211; Wasserstra\u00dfenkreuz Magdeburg<\/h4>\n\n\n\n<p><\/p>\n\n\n\n<figure class=\"wp-block-image\"><img decoding=\"async\" src=\"http:\/\/www.prodat.de\/DE\/Produkte\/Sensornetzwerke\/-index\/mittellandkanal_panorama.jpg\" alt=\"Mittellandkanal Panoramaaufnahme\"\/><\/figure>\n\n\n\n<p><\/p>\n\n\n\n<p>Das Wasserstra\u00dfenkreuz Magdeburg ist der Schwerpunkt des Verkehrswegeprojektes Nr. 17 und besteht aus insgesamt f\u00fcnf Bauwerken. Der Sparschleuse Rothensee, dem Schiffshebewerk Rothensee, der Kanalbr\u00fccke die \u00fcber die Elbe f\u00fchrt, der Doppelsparschleuse Hohenwarthe und der Schleuse Niegripp. Die Kanalbr\u00fccke ist das Bauwerk an dem die PRODAT mit dem Messsystem ZK 1000 ma\u00dfgeblich beteiligt ist. Europas l\u00e4ngste Kanalbr\u00fccke ist insgesamt 918 m lang und besteht aus der 228 m langen Strombr\u00fccke, sowie der 690 m langen Vorlandbr\u00fccke. Mit dem Bau wurde im M\u00e4rz 1998 begonnen und die Fertigstellung erfolgte 2003.<\/p>\n\n\n\n<p><strong>Problemstellung<\/strong><\/p>\n\n\n\n<p><img loading=\"lazy\" decoding=\"async\" src=\"http:\/\/www.prodat.de\/DE\/Produkte\/Sensornetzwerke\/-index\/sen5.jpg\" alt=\"Aufbau\" width=\"200\" height=\"150\"><\/p>\n\n\n\n<p>Die eigentliche Aufgabe, welche zu erf\u00fcllen war, bestand in der Verwirklichung eines System zur Ermittlung und Optimierung der St\u00fctzkraftverteilung der Br\u00fccke. Dies ist insofern n\u00f6tig, da sich das Herstellen einer akzeptablen Auflagerkraftverteilung in der Realit\u00e4t als sehr schwierig erwei\u00dft. Die statische Unbestimmtheit ist oft die Ursache daf\u00fcr, da\u00df bei der Montage oder der Neueinlagerung einer Br\u00fccke das Optimum der Auflagerkraftverteilung nur durch eine Vielzahl von Probierschritten erreicht werden kann. Da alle Projekte mit einem engen Zeitrahmen verbunden sind, erwei\u00dft sich die rechnergest\u00fctzte Einlagerung als ungemein effektiver.<\/p>\n\n\n\n<p><strong>Messsystem im Einsatz<\/strong><\/p>\n\n\n\n<p>Durch das Messsystem ZK 1000 gelang die L\u00f6sung des Problems. Die PRODAT setzte sich dabei gegen\u00fcber ihren Konkurenten im Ausschreibungsverfahren erfolgreich durch. Die Messung der Auflagerkr\u00e4fte an den Lagern erfolgt durch Kraftmessdosen, deren Signale durch selbstentwickelte Messverst\u00e4rker \u00fcber ein Bussystem \u00fcbertragen werden. Die \u00c4nderung in Gleit- und Kippspalte wird durch spezielle Sensoren ermittelt.<\/p>\n\n\n\n<p>Jedem Lager ist ein Lager- Messsystem zugeordnet, welches unmittelbar am Lager montiert ist. Diese dienen zur Vorverarbeitung und Erfassung der Messwerte. Sie sind durch einen Bus mit dem P-System verbunden. Dieses sammelt die Daten der angeschlossenen Lager- Me\u00dfsysteme, bearbeitet speichert und stellt sie f\u00fcr die zentrale Auswertung bereit. Sie werden als Originalwerte und als kalibrierte Werte zur Verf\u00fcgung gestellt. Die P- Systeme sind \u00fcber einen LWL-Ring miteinander verbunden und liefern die erfassten Messwerte der Br\u00fcckenzentrale. Durch die Konfiguration als Ring bleibt die Funktionst\u00fcchtigkeit auch bei Faserbruch erhalten. Die Lagerzentrale sammelt und archiviert selbstst\u00e4ndig die Messdaten und stellt diese zur weiteren Verwertung zur Verf\u00fcgung.<\/p>\n\n\n\n<h4 class=\"wp-block-heading\" id=\"ankerlink_5\">Bilder vom Mittellandkanal<\/h4>\n\n\n\n<p><\/p>\n\n\n\n<figure class=\"wp-block-table\"><table><tbody><tr><td><img decoding=\"async\" src=\"http:\/\/www.prodat.de\/DE\/Produkte\/Sensornetzwerke\/-index\/mittellandkanal.jpg\"><\/td><td><img decoding=\"async\" src=\"http:\/\/www.prodat.de\/DE\/Produkte\/Sensornetzwerke\/-index\/mittellandkanal_2.jpg\"><\/td><\/tr><\/tbody><\/table><\/figure>\n\n\n\n<p><\/p>\n","protected":false},"excerpt":{"rendered":"<p>Allgemeines Als Anbieter von vollst\u00e4ndigen automatisierten Messsystemen besitzt PRODAT eine langj\u00e4hrige Erfahrung in der Realisierung von Sensornetzwerken. Kompetenzbeweis hierf\u00fcr ist das realisierte Projekt zur \u00dcberwachung der Kanalbr\u00fccke des Wasserstra\u00dfenkreuzes Magdeburg unter Verwendung des ZK1000 Systems. In Normalfall ist sich der Kunde jedoch nicht bewu\u00dft wie komplex oder einfach das unterlagerte Sensornetzwerk ist. Im Mittelpunkt steht [&hellip;]<\/p>\n","protected":false},"author":2,"featured_media":0,"parent":2796,"menu_order":30,"comment_status":"closed","ping_status":"closed","template":"","meta":{"footnotes":""},"yoast_head":"<!-- This site is optimized with the Yoast SEO plugin v22.2 - https:\/\/yoast.com\/wordpress\/plugins\/seo\/ -->\n<title>Sensornetzwerke - PRODAT<\/title>\n<meta name=\"robots\" content=\"index, follow, max-snippet:-1, max-image-preview:large, max-video-preview:-1\" \/>\n<link rel=\"canonical\" href=\"https:\/\/www.prodat.de\/cms\/produkte\/sensornetzwerke\" \/>\n<meta property=\"og:locale\" content=\"en_US\" \/>\n<meta property=\"og:type\" content=\"article\" \/>\n<meta property=\"og:title\" content=\"Sensornetzwerke - PRODAT\" \/>\n<meta property=\"og:description\" content=\"Allgemeines Als Anbieter von vollst\u00e4ndigen automatisierten Messsystemen besitzt PRODAT eine langj\u00e4hrige Erfahrung in der Realisierung von Sensornetzwerken. Kompetenzbeweis hierf\u00fcr ist das realisierte Projekt zur \u00dcberwachung der Kanalbr\u00fccke des Wasserstra\u00dfenkreuzes Magdeburg unter Verwendung des ZK1000 Systems. In Normalfall ist sich der Kunde jedoch nicht bewu\u00dft wie komplex oder einfach das unterlagerte Sensornetzwerk ist. Im Mittelpunkt steht [&hellip;]\" \/>\n<meta property=\"og:url\" content=\"https:\/\/www.prodat.de\/cms\/produkte\/sensornetzwerke\" \/>\n<meta property=\"og:site_name\" content=\"PRODAT\" \/>\n<meta property=\"article:modified_time\" content=\"2024-03-09T16:14:28+00:00\" \/>\n<meta property=\"og:image\" content=\"http:\/\/www.prodat.de\/DE\/Produkte\/Sensornetzwerke\/-index\/prodat_zk1000.jpg\" \/>\n<meta name=\"twitter:card\" content=\"summary_large_image\" \/>\n<meta name=\"twitter:label1\" content=\"Est. reading time\" \/>\n\t<meta name=\"twitter:data1\" content=\"4 minutes\" \/>\n<script type=\"application\/ld+json\" class=\"yoast-schema-graph\">{\"@context\":\"https:\/\/schema.org\",\"@graph\":[{\"@type\":\"WebPage\",\"@id\":\"https:\/\/www.prodat.de\/cms\/produkte\/sensornetzwerke\",\"url\":\"https:\/\/www.prodat.de\/cms\/produkte\/sensornetzwerke\",\"name\":\"Sensornetzwerke - PRODAT\",\"isPartOf\":{\"@id\":\"https:\/\/www.prodat.de\/cms\/#website\"},\"primaryImageOfPage\":{\"@id\":\"https:\/\/www.prodat.de\/cms\/produkte\/sensornetzwerke#primaryimage\"},\"image\":{\"@id\":\"https:\/\/www.prodat.de\/cms\/produkte\/sensornetzwerke#primaryimage\"},\"thumbnailUrl\":\"http:\/\/www.prodat.de\/DE\/Produkte\/Sensornetzwerke\/-index\/prodat_zk1000.jpg\",\"datePublished\":\"2020-08-18T11:16:15+00:00\",\"dateModified\":\"2024-03-09T16:14:28+00:00\",\"breadcrumb\":{\"@id\":\"https:\/\/www.prodat.de\/cms\/produkte\/sensornetzwerke#breadcrumb\"},\"inLanguage\":\"en-US\",\"potentialAction\":[{\"@type\":\"ReadAction\",\"target\":[\"https:\/\/www.prodat.de\/cms\/produkte\/sensornetzwerke\"]}]},{\"@type\":\"ImageObject\",\"inLanguage\":\"en-US\",\"@id\":\"https:\/\/www.prodat.de\/cms\/produkte\/sensornetzwerke#primaryimage\",\"url\":\"http:\/\/www.prodat.de\/DE\/Produkte\/Sensornetzwerke\/-index\/prodat_zk1000.jpg\",\"contentUrl\":\"http:\/\/www.prodat.de\/DE\/Produkte\/Sensornetzwerke\/-index\/prodat_zk1000.jpg\"},{\"@type\":\"BreadcrumbList\",\"@id\":\"https:\/\/www.prodat.de\/cms\/produkte\/sensornetzwerke#breadcrumb\",\"itemListElement\":[{\"@type\":\"ListItem\",\"position\":1,\"name\":\"www.prodat.de\",\"item\":\"https:\/\/www.prodat.de\/cms\/\"},{\"@type\":\"ListItem\",\"position\":2,\"name\":\"Produkte der PRODAT\",\"item\":\"https:\/\/www.prodat.de\/cms\/produkte\"},{\"@type\":\"ListItem\",\"position\":3,\"name\":\"Sensornetzwerke\"}]},{\"@type\":\"WebSite\",\"@id\":\"https:\/\/www.prodat.de\/cms\/#website\",\"url\":\"https:\/\/www.prodat.de\/cms\/\",\"name\":\"PRODAT (CMS)\",\"description\":\"L\u00f6sungen \/ Solutions\",\"publisher\":{\"@id\":\"https:\/\/www.prodat.de\/cms\/#organization\"},\"alternateName\":\"PRODAT Solutions\/L\u00f6sungen - Website\",\"potentialAction\":[{\"@type\":\"SearchAction\",\"target\":{\"@type\":\"EntryPoint\",\"urlTemplate\":\"https:\/\/www.prodat.de\/cms\/?s={search_term_string}\"},\"query-input\":\"required name=search_term_string\"}],\"inLanguage\":\"en-US\"},{\"@type\":\"Organization\",\"@id\":\"https:\/\/www.prodat.de\/cms\/#organization\",\"name\":\"PRODAT\",\"alternateName\":\"PRODAT L\u00f6sungen \/ Solutions\",\"url\":\"https:\/\/www.prodat.de\/cms\/\",\"logo\":{\"@type\":\"ImageObject\",\"inLanguage\":\"en-US\",\"@id\":\"https:\/\/www.prodat.de\/cms\/#\/schema\/logo\/image\/\",\"url\":\"https:\/\/www.prodat.de\/cms\/wp-content\/uploads\/2024\/03\/prodat_logo_h150px.jpg\",\"contentUrl\":\"https:\/\/www.prodat.de\/cms\/wp-content\/uploads\/2024\/03\/prodat_logo_h150px.jpg\",\"width\":560,\"height\":150,\"caption\":\"PRODAT\"},\"image\":{\"@id\":\"https:\/\/www.prodat.de\/cms\/#\/schema\/logo\/image\/\"}}]}<\/script>\n<!-- \/ Yoast SEO plugin. -->","yoast_head_json":{"title":"Sensornetzwerke - PRODAT","robots":{"index":"index","follow":"follow","max-snippet":"max-snippet:-1","max-image-preview":"max-image-preview:large","max-video-preview":"max-video-preview:-1"},"canonical":"https:\/\/www.prodat.de\/cms\/produkte\/sensornetzwerke","og_locale":"en_US","og_type":"article","og_title":"Sensornetzwerke - PRODAT","og_description":"Allgemeines Als Anbieter von vollst\u00e4ndigen automatisierten Messsystemen besitzt PRODAT eine langj\u00e4hrige Erfahrung in der Realisierung von Sensornetzwerken. Kompetenzbeweis hierf\u00fcr ist das realisierte Projekt zur \u00dcberwachung der Kanalbr\u00fccke des Wasserstra\u00dfenkreuzes Magdeburg unter Verwendung des ZK1000 Systems. In Normalfall ist sich der Kunde jedoch nicht bewu\u00dft wie komplex oder einfach das unterlagerte Sensornetzwerk ist. Im Mittelpunkt steht [&hellip;]","og_url":"https:\/\/www.prodat.de\/cms\/produkte\/sensornetzwerke","og_site_name":"PRODAT","article_modified_time":"2024-03-09T16:14:28+00:00","og_image":[{"url":"http:\/\/www.prodat.de\/DE\/Produkte\/Sensornetzwerke\/-index\/prodat_zk1000.jpg"}],"twitter_card":"summary_large_image","twitter_misc":{"Est. reading time":"4 minutes"},"schema":{"@context":"https:\/\/schema.org","@graph":[{"@type":"WebPage","@id":"https:\/\/www.prodat.de\/cms\/produkte\/sensornetzwerke","url":"https:\/\/www.prodat.de\/cms\/produkte\/sensornetzwerke","name":"Sensornetzwerke - PRODAT","isPartOf":{"@id":"https:\/\/www.prodat.de\/cms\/#website"},"primaryImageOfPage":{"@id":"https:\/\/www.prodat.de\/cms\/produkte\/sensornetzwerke#primaryimage"},"image":{"@id":"https:\/\/www.prodat.de\/cms\/produkte\/sensornetzwerke#primaryimage"},"thumbnailUrl":"http:\/\/www.prodat.de\/DE\/Produkte\/Sensornetzwerke\/-index\/prodat_zk1000.jpg","datePublished":"2020-08-18T11:16:15+00:00","dateModified":"2024-03-09T16:14:28+00:00","breadcrumb":{"@id":"https:\/\/www.prodat.de\/cms\/produkte\/sensornetzwerke#breadcrumb"},"inLanguage":"en-US","potentialAction":[{"@type":"ReadAction","target":["https:\/\/www.prodat.de\/cms\/produkte\/sensornetzwerke"]}]},{"@type":"ImageObject","inLanguage":"en-US","@id":"https:\/\/www.prodat.de\/cms\/produkte\/sensornetzwerke#primaryimage","url":"http:\/\/www.prodat.de\/DE\/Produkte\/Sensornetzwerke\/-index\/prodat_zk1000.jpg","contentUrl":"http:\/\/www.prodat.de\/DE\/Produkte\/Sensornetzwerke\/-index\/prodat_zk1000.jpg"},{"@type":"BreadcrumbList","@id":"https:\/\/www.prodat.de\/cms\/produkte\/sensornetzwerke#breadcrumb","itemListElement":[{"@type":"ListItem","position":1,"name":"www.prodat.de","item":"https:\/\/www.prodat.de\/cms\/"},{"@type":"ListItem","position":2,"name":"Produkte der PRODAT","item":"https:\/\/www.prodat.de\/cms\/produkte"},{"@type":"ListItem","position":3,"name":"Sensornetzwerke"}]},{"@type":"WebSite","@id":"https:\/\/www.prodat.de\/cms\/#website","url":"https:\/\/www.prodat.de\/cms\/","name":"PRODAT (CMS)","description":"L\u00f6sungen \/ Solutions","publisher":{"@id":"https:\/\/www.prodat.de\/cms\/#organization"},"alternateName":"PRODAT Solutions\/L\u00f6sungen - Website","potentialAction":[{"@type":"SearchAction","target":{"@type":"EntryPoint","urlTemplate":"https:\/\/www.prodat.de\/cms\/?s={search_term_string}"},"query-input":"required name=search_term_string"}],"inLanguage":"en-US"},{"@type":"Organization","@id":"https:\/\/www.prodat.de\/cms\/#organization","name":"PRODAT","alternateName":"PRODAT L\u00f6sungen \/ Solutions","url":"https:\/\/www.prodat.de\/cms\/","logo":{"@type":"ImageObject","inLanguage":"en-US","@id":"https:\/\/www.prodat.de\/cms\/#\/schema\/logo\/image\/","url":"https:\/\/www.prodat.de\/cms\/wp-content\/uploads\/2024\/03\/prodat_logo_h150px.jpg","contentUrl":"https:\/\/www.prodat.de\/cms\/wp-content\/uploads\/2024\/03\/prodat_logo_h150px.jpg","width":560,"height":150,"caption":"PRODAT"},"image":{"@id":"https:\/\/www.prodat.de\/cms\/#\/schema\/logo\/image\/"}}]}},"_links":{"self":[{"href":"https:\/\/www.prodat.de\/cms\/wp-json\/wp\/v2\/pages\/85"}],"collection":[{"href":"https:\/\/www.prodat.de\/cms\/wp-json\/wp\/v2\/pages"}],"about":[{"href":"https:\/\/www.prodat.de\/cms\/wp-json\/wp\/v2\/types\/page"}],"author":[{"embeddable":true,"href":"https:\/\/www.prodat.de\/cms\/wp-json\/wp\/v2\/users\/2"}],"replies":[{"embeddable":true,"href":"https:\/\/www.prodat.de\/cms\/wp-json\/wp\/v2\/comments?post=85"}],"version-history":[{"count":6,"href":"https:\/\/www.prodat.de\/cms\/wp-json\/wp\/v2\/pages\/85\/revisions"}],"predecessor-version":[{"id":716,"href":"https:\/\/www.prodat.de\/cms\/wp-json\/wp\/v2\/pages\/85\/revisions\/716"}],"up":[{"embeddable":true,"href":"https:\/\/www.prodat.de\/cms\/wp-json\/wp\/v2\/pages\/2796"}],"wp:attachment":[{"href":"https:\/\/www.prodat.de\/cms\/wp-json\/wp\/v2\/media?parent=85"}],"curies":[{"name":"wp","href":"https:\/\/api.w.org\/{rel}","templated":true}]}}