{"id":6899,"date":"2024-03-26T15:26:51","date_gmt":"2024-03-26T14:26:51","guid":{"rendered":"https:\/\/www.prodat.de\/cms\/?page_id=6899"},"modified":"2024-04-02T16:23:25","modified_gmt":"2024-04-02T14:23:25","slug":"bauwerksuberwachung","status":"publish","type":"page","link":"https:\/\/www.prodat.de\/cms\/beratungsleistungen\/bauwerksuberwachung","title":{"rendered":"Bauwerks\u00fcberwachung"},"content":{"rendered":"\n<div class=\"wp-block-group has-global-padding is-layout-constrained wp-container-core-group-layout-1 wp-block-group-is-layout-constrained\">\n<h1 class=\"wp-block-heading has-text-align-center has-x-large-font-size\">Bauwerks\u00fcberwachung &#8211; <br>Beratung und Unterst\u00fctzung in allen Projektphasen<\/h1>\n\n\n\n<div style=\"height:1.25rem\" aria-hidden=\"true\" class=\"wp-block-spacer\"><\/div>\n\n\n\n<figure class=\"wp-block-image alignwide size-full is-style-default\"><img fetchpriority=\"high\" decoding=\"async\" width=\"700\" height=\"138\" src=\"https:\/\/www.prodat.de\/cms\/wp-content\/uploads\/2024\/03\/mittellandkanal_wsa_magdeburg_kanalbruecke_panorama_bauphase.jpg\" alt=\"Kanalbr\u00fccke Magdeburg (Mittellandkanal) - Panorama zur Bauphase\" class=\"wp-image-6902\" srcset=\"https:\/\/www.prodat.de\/cms\/wp-content\/uploads\/2024\/03\/mittellandkanal_wsa_magdeburg_kanalbruecke_panorama_bauphase.jpg 700w, https:\/\/www.prodat.de\/cms\/wp-content\/uploads\/2024\/03\/mittellandkanal_wsa_magdeburg_kanalbruecke_panorama_bauphase-300x59.jpg 300w\" sizes=\"(max-width: 700px) 100vw, 700px\" \/><\/figure>\n\n\n\n<div style=\"height:1.25rem\" aria-hidden=\"true\" class=\"wp-block-spacer\"><\/div>\n\n\n\n<div class=\"wp-block-buttons is-content-justification-center is-layout-flex wp-container-core-buttons-layout-1 wp-block-buttons-is-layout-flex\">\n<div class=\"wp-block-button\"><a class=\"wp-block-button__link wp-element-button\" href=\"https:\/\/www.prodat.de\/cms\/loesungen\/bauwerksueberwachung-monitoring-pumpwerk-sparschleuse-rothensee\">Sparschleuse Rothensee &#8211; L\u00f6sungsbeispiel  Monitoring<\/a><\/div>\n\n\n\n<div class=\"wp-block-button\"><a class=\"wp-block-button__link wp-element-button\" href=\"https:\/\/www.prodat.de\/cms\/loesungen\/bauwerksueberwachung-kanalbruecke-magdeburg\">Kanalbr\u00fccke Magdeburg &#8211; L\u00f6sungsbeispiel Messsystem<\/a><\/div>\n<\/div>\n<\/div>\n\n\n\n<div style=\"height:var(--wp--preset--spacing--10)\" aria-hidden=\"true\" class=\"wp-block-spacer\"><\/div>\n\n\n\n<div class=\"wp-block-group alignfull has-base-2-background-color has-background has-global-padding is-layout-constrained wp-block-group-is-layout-constrained\" style=\"margin-top:0;margin-bottom:0;padding-top:var(--wp--preset--spacing--50);padding-right:var(--wp--preset--spacing--50);padding-bottom:var(--wp--preset--spacing--50);padding-left:var(--wp--preset--spacing--50)\">\n<div class=\"wp-block-group is-vertical is-content-justification-center is-layout-flex wp-container-core-group-layout-2 wp-block-group-is-layout-flex\">\n<h2 class=\"wp-block-heading has-text-align-center is-style-asterisk\">Unser Schwerpunkt:<br>Messsysteme<\/h2>\n\n\n\n<div style=\"height:0px\" aria-hidden=\"true\" class=\"wp-block-spacer wp-container-content-1\"><\/div>\n\n\n\n<p class=\"has-text-align-center\">Nennen Sie es wie Sie wollen: ob Sensornetzwerke, Monitoringsysteme, Logger, Datensammler, Messprogramme: <\/p>\n<\/div>\n\n\n\n<p class=\"has-text-align-center has-medium-font-size\">Wir messen und \u00fcberwachen, wir unterst\u00fctzen in der Protokollierung, sowie der automatisierten und bedarfsgerechten Auswertung und Datenanalyse.<\/p>\n\n\n\n<p>Wir sehen uns als technischer Dienstleister f\u00fcr Planungs- und Ingenieursb\u00fcros zur Bereitstellung der notwendigen Daten und unterst\u00fctzenden Analysen.<\/p>\n\n\n\n<div style=\"margin-top:0;margin-bottom:0;height:var(--wp--preset--spacing--40)\" aria-hidden=\"true\" class=\"wp-block-spacer\"><\/div>\n\n\n\n<div class=\"wp-block-columns alignwide is-layout-flex wp-container-core-columns-layout-1 wp-block-columns-is-layout-flex\">\n<div class=\"wp-block-column is-layout-flow wp-container-core-column-layout-1 wp-block-column-is-layout-flow\">\n<h3 class=\"wp-block-heading has-text-align-left is-style-asterisk has-body-font-family has-medium-font-size\" style=\"font-style:normal;font-weight:600\">Deformation inkl. mechanischer Dehnung<\/h3>\n\n\n\n<p class=\"has-text-align-left\">Sensorik und L\u00f6sungen zur Deformationsmessung von Bauwerken, umfassend: Neigung, Setzung usw. Messung mechanischer Dehnung bspw. durch Applikation von DMS im Feld.<\/p>\n<\/div>\n\n\n\n<div class=\"wp-block-column is-layout-flow wp-container-core-column-layout-2 wp-block-column-is-layout-flow\">\n<h3 class=\"wp-block-heading has-text-align-left is-style-asterisk has-body-font-family has-medium-font-size\" style=\"font-style:normal;font-weight:600\">Risse &#8211; Rissbreite und Wachstum<\/h3>\n\n\n\n<p class=\"has-text-align-left\">Experience the fusion of imagination and expertise with \u00c9tudes Architectural Solutions.<\/p>\n<\/div>\n\n\n\n<div class=\"wp-block-column is-layout-flow wp-container-core-column-layout-3 wp-block-column-is-layout-flow\">\n<h3 class=\"wp-block-heading has-text-align-left is-style-asterisk has-body-font-family has-medium-font-size\" style=\"font-style:normal;font-weight:600\">Kraft<\/h3>\n\n\n\n<p class=\"has-text-align-left\">Experience the fusion of imagination and expertise with \u00c9tudes Architectural Solutions.<\/p>\n<\/div>\n<\/div>\n\n\n\n<div style=\"height:var(--wp--preset--spacing--20)\" aria-hidden=\"true\" class=\"wp-block-spacer\"><\/div>\n\n\n\n<div class=\"wp-block-columns alignwide is-layout-flex wp-container-core-columns-layout-2 wp-block-columns-is-layout-flex\">\n<div class=\"wp-block-column is-layout-flow wp-container-core-column-layout-4 wp-block-column-is-layout-flow\">\n<h3 class=\"wp-block-heading has-text-align-left is-style-asterisk has-body-font-family has-medium-font-size\" style=\"font-style:normal;font-weight:600\">Wasserdruck (Wasserstand &amp; Pegel)<\/h3>\n\n\n\n<p class=\"has-text-align-left\">Experience the fusion of imagination and expertise with \u00c9tudes Architectural Solutions.<\/p>\n<\/div>\n\n\n\n<div class=\"wp-block-column is-layout-flow wp-container-core-column-layout-5 wp-block-column-is-layout-flow\">\n<h3 class=\"wp-block-heading has-text-align-left is-style-asterisk has-body-font-family has-medium-font-size\" style=\"font-style:normal;font-weight:600\">Temperatur<\/h3>\n\n\n\n<p class=\"has-text-align-left\">Experience the fusion of imagination and expertise with \u00c9tudes Architectural Solutions.<\/p>\n<\/div>\n\n\n\n<div class=\"wp-block-column is-layout-flow wp-container-core-column-layout-6 wp-block-column-is-layout-flow\">\n<h3 class=\"wp-block-heading has-text-align-left is-style-asterisk has-body-font-family has-medium-font-size\" style=\"font-style:normal;font-weight:600\">Elektrische Gr\u00f6\u00dfen wie Strom, Spannung, Leistung <\/h3>\n\n\n\n<p class=\"has-text-align-left\">\u00dcberwachung von Motoren (bspw. an Pumpen) oder \u00c4hnlichem<\/p>\n<\/div>\n<\/div>\n<\/div>\n\n\n\n<div class=\"wp-block-group alignfull has-global-padding is-layout-constrained wp-block-group-is-layout-constrained\" style=\"margin-top:0;margin-bottom:0;padding-top:var(--wp--preset--spacing--50);padding-right:var(--wp--preset--spacing--50);padding-bottom:var(--wp--preset--spacing--50);padding-left:var(--wp--preset--spacing--50)\">\n<div class=\"wp-block-group alignwide has-global-padding is-layout-constrained wp-container-core-group-layout-5 wp-block-group-is-layout-constrained\">\n<div class=\"wp-block-group is-vertical is-content-justification-center is-layout-flex wp-container-core-group-layout-4 wp-block-group-is-layout-flex\">\n<h2 class=\"wp-block-heading has-text-align-center is-style-asterisk\">Konstruktive Hilfsleistungen &#8211;<br>Schutzeinrichtungen, Abdeckungen, Installationskonstruktionen<\/h2>\n\n\n\n<p class=\"has-text-align-center is-layout-flow wp-block-paragraph-is-layout-flow\">Our comprehensive suite of professional services caters to a diverse clientele, ranging from homeowners to commercial developers.<\/p>\n<\/div>\n\n\n\n<div style=\"height:var(--wp--preset--spacing--40)\" aria-hidden=\"true\" class=\"wp-block-spacer\"><\/div>\n\n\n\n<div class=\"wp-block-columns alignwide is-layout-flex wp-container-core-columns-layout-3 wp-block-columns-is-layout-flex\">\n<div class=\"wp-block-column is-vertically-aligned-center is-layout-flow wp-block-column-is-layout-flow\" style=\"flex-basis:40%\">\n<h3 class=\"wp-block-heading is-style-asterisk\">\u00c9tudes Architect App<\/h3>\n\n\n\n<ul style=\"line-height:1.75\" class=\"is-style-checkmark-list\">\n<li>Collaborate with fellow architects.<\/li>\n\n\n\n<li>Showcase your projects.<\/li>\n\n\n\n<li>Experience the world of architecture.<\/li>\n<\/ul>\n<\/div>\n\n\n\n<div class=\"wp-block-column is-layout-flow wp-block-column-is-layout-flow\" style=\"flex-basis:50%\">\n<figure class=\"wp-block-image size-large is-style-rounded\"><img decoding=\"async\" src=\"https:\/\/www.prodat.de\/cms\/wp-content\/themes\/twentytwentyfour\/assets\/images\/tourist-and-building.webp\" alt=\"Tourist taking photo of a building\"\/><\/figure>\n<\/div>\n<\/div>\n\n\n\n<div style=\"height:var(--wp--preset--spacing--40)\" aria-hidden=\"true\" class=\"wp-block-spacer\"><\/div>\n\n\n\n<div class=\"wp-block-columns alignwide is-layout-flex wp-container-core-columns-layout-4 wp-block-columns-is-layout-flex\">\n<div class=\"wp-block-column is-layout-flow wp-block-column-is-layout-flow\" style=\"flex-basis:50%\">\n<figure class=\"wp-block-image size-large is-style-rounded\"><img decoding=\"async\" src=\"https:\/\/www.prodat.de\/cms\/wp-content\/themes\/twentytwentyfour\/assets\/images\/windows.webp\" alt=\"Windows of a building in Nuremberg, Germany\"\/><\/figure>\n<\/div>\n\n\n\n<div class=\"wp-block-column is-vertically-aligned-center is-layout-flow wp-block-column-is-layout-flow\" style=\"flex-basis:40%\">\n<h3 class=\"wp-block-heading is-style-asterisk\">\u00c9tudes Newsletter<\/h3>\n\n\n\n<ul style=\"line-height:1.75\" class=\"is-style-checkmark-list\">\n<li>A world of thought-provoking articles.<\/li>\n\n\n\n<li>Case studies that celebrate architecture.<\/li>\n\n\n\n<li>Exclusive access to design insights.<\/li>\n<\/ul>\n<\/div>\n<\/div>\n<\/div>\n<\/div>\n\n\n\n<div class=\"wp-block-group alignfull has-base-color has-contrast-background-color has-text-color has-background has-global-padding is-layout-constrained wp-block-group-is-layout-constrained\" style=\"margin-top:0;margin-bottom:0;padding-top:var(--wp--preset--spacing--60);padding-right:var(--wp--preset--spacing--60);padding-bottom:var(--wp--preset--spacing--60);padding-left:var(--wp--preset--spacing--60)\">\n<div class=\"wp-block-group has-global-padding is-layout-constrained wp-block-group-is-layout-constrained\">\n<p class=\"has-text-align-center has-base-color has-text-color has-heading-font-family has-x-large-font-size\" style=\"line-height:1.2\">\n\t\t\t<em>\u201c\u00c9tudes has saved us thousands of hours of work and has unlocked insights we never thought possible.\u201d<\/em>\n\t\t<\/p>\n\n\n\n<div style=\"height:var(--wp--preset--spacing--10)\" aria-hidden=\"true\" class=\"wp-block-spacer\"><\/div>\n\n\n\n<div class=\"wp-block-group is-vertical is-content-justification-center is-nowrap is-layout-flex wp-container-core-group-layout-7 wp-block-group-is-layout-flex\">\n\n\n<p class=\"has-text-align-center\" style=\"margin-top:var(--wp--preset--spacing--10);margin-bottom:0\">Annie Steiner<\/p>\n\n\n\n<p class=\"has-text-align-center has-contrast-3-color has-text-color has-small-font-size\" style=\"font-style:normal;font-weight:300\">CEO, Greenprint<\/p>\n<\/div>\n<\/div>\n<\/div>\n\n\n\n<div class=\"wp-block-group alignfull has-global-padding is-layout-constrained wp-block-group-is-layout-constrained\" style=\"margin-top:0;margin-bottom:0;padding-top:var(--wp--preset--spacing--50);padding-right:var(--wp--preset--spacing--50);padding-bottom:var(--wp--preset--spacing--50);padding-left:var(--wp--preset--spacing--50)\">\n<h2 class=\"wp-block-heading alignwide has-x-large-font-size\" style=\"margin-top:0;margin-bottom:var(--wp--preset--spacing--40);line-height:1\">Watch, Read, Listen<\/h2>\n\n\n\n<div class=\"wp-block-group alignwide has-global-padding is-layout-constrained wp-block-group-is-layout-constrained\">\n<div class=\"wp-block-query alignwide is-layout-flow wp-block-query-is-layout-flow\">\n\n\n<div style=\"height:var(--wp--preset--spacing--30)\" aria-hidden=\"true\" class=\"wp-block-spacer\"><\/div>\n\n\n\n\n<div class=\"wp-block-query-no-results\">\n\n<p>No posts were found.<\/p>\n\n<\/div><\/div>\n<\/div>\n<\/div>\n\n\n\n<div class=\"wp-block-group alignfull has-global-padding is-layout-constrained wp-block-group-is-layout-constrained\" style=\"margin-top:0;margin-bottom:0;padding-top:var(--wp--preset--spacing--50);padding-right:var(--wp--preset--spacing--50);padding-bottom:var(--wp--preset--spacing--50);padding-left:var(--wp--preset--spacing--50)\">\n<div class=\"wp-block-group alignwide has-base-2-background-color has-background has-global-padding is-layout-constrained wp-block-group-is-layout-constrained\" style=\"border-radius:16px;padding-top:var(--wp--preset--spacing--40);padding-right:var(--wp--preset--spacing--50);padding-bottom:var(--wp--preset--spacing--40);padding-left:var(--wp--preset--spacing--50)\">\n<div style=\"height:var(--wp--preset--spacing--10)\" aria-hidden=\"true\" class=\"wp-block-spacer\"><\/div>\n\n\n\n<h2 class=\"wp-block-heading has-text-align-center has-x-large-font-size\">Join 900+ subscribers<\/h2>\n\n\n\n<p class=\"has-text-align-center\">Stay in the loop with everything you need to know.<\/p>\n\n\n\n<div class=\"wp-block-buttons is-content-justification-center is-layout-flex wp-container-core-buttons-layout-2 wp-block-buttons-is-layout-flex\">\n<div class=\"wp-block-button\"><a class=\"wp-block-button__link wp-element-button\">Sign up<\/a><\/div>\n<\/div>\n\n\n\n<div style=\"height:var(--wp--preset--spacing--10)\" aria-hidden=\"true\" class=\"wp-block-spacer\"><\/div>\n<\/div>\n<\/div>\n","protected":false},"excerpt":{"rendered":"<p>Bauwerks\u00fcberwachung &#8211; Beratung und Unterst\u00fctzung in allen Projektphasen Unser Schwerpunkt:Messsysteme Nennen Sie es wie Sie wollen: ob Sensornetzwerke, Monitoringsysteme, Logger, Datensammler, Messprogramme: Wir messen und \u00fcberwachen, wir unterst\u00fctzen in der Protokollierung, sowie der automatisierten und bedarfsgerechten Auswertung und Datenanalyse. Wir sehen uns als technischer Dienstleister f\u00fcr Planungs- und Ingenieursb\u00fcros zur Bereitstellung der notwendigen Daten und [&hellip;]<\/p>\n","protected":false},"author":2,"featured_media":6942,"parent":2750,"menu_order":10,"comment_status":"closed","ping_status":"closed","template":"wp-custom-template-prodat-standard-inhalt","meta":{"footnotes":""},"yoast_head":"<!-- This site is optimized with the Yoast SEO plugin v22.2 - https:\/\/yoast.com\/wordpress\/plugins\/seo\/ -->\n<title>Bauwerks\u00fcberwachung - PRODAT<\/title>\n<meta name=\"robots\" content=\"index, follow, max-snippet:-1, max-image-preview:large, max-video-preview:-1\" \/>\n<link rel=\"canonical\" href=\"https:\/\/www.prodat.de\/cms\/beratungsleistungen\/bauwerksuberwachung\" \/>\n<meta property=\"og:locale\" content=\"en_US\" \/>\n<meta property=\"og:type\" content=\"article\" \/>\n<meta property=\"og:title\" content=\"Bauwerks\u00fcberwachung - PRODAT\" \/>\n<meta property=\"og:description\" content=\"Bauwerks\u00fcberwachung &#8211; Beratung und Unterst\u00fctzung in allen Projektphasen Unser Schwerpunkt:Messsysteme Nennen Sie es wie Sie wollen: ob Sensornetzwerke, Monitoringsysteme, Logger, Datensammler, Messprogramme: Wir messen und \u00fcberwachen, wir unterst\u00fctzen in der Protokollierung, sowie der automatisierten und bedarfsgerechten Auswertung und Datenanalyse. Wir sehen uns als technischer Dienstleister f\u00fcr Planungs- und Ingenieursb\u00fcros zur Bereitstellung der notwendigen Daten und [&hellip;]\" \/>\n<meta property=\"og:url\" content=\"https:\/\/www.prodat.de\/cms\/beratungsleistungen\/bauwerksuberwachung\" \/>\n<meta property=\"og:site_name\" content=\"PRODAT\" \/>\n<meta property=\"article:modified_time\" content=\"2024-04-02T14:23:25+00:00\" \/>\n<meta property=\"og:image\" content=\"https:\/\/www.prodat.de\/cms\/wp-content\/uploads\/2024\/03\/bruecke_bauphase_installation.jpg\" \/>\n\t<meta property=\"og:image:width\" content=\"300\" \/>\n\t<meta property=\"og:image:height\" content=\"225\" \/>\n\t<meta property=\"og:image:type\" content=\"image\/jpeg\" \/>\n<meta name=\"twitter:card\" content=\"summary_large_image\" \/>\n<meta name=\"twitter:label1\" content=\"Est. reading time\" \/>\n\t<meta name=\"twitter:data1\" content=\"3 minutes\" \/>\n<script type=\"application\/ld+json\" class=\"yoast-schema-graph\">{\"@context\":\"https:\/\/schema.org\",\"@graph\":[{\"@type\":\"WebPage\",\"@id\":\"https:\/\/www.prodat.de\/cms\/beratungsleistungen\/bauwerksuberwachung\",\"url\":\"https:\/\/www.prodat.de\/cms\/beratungsleistungen\/bauwerksuberwachung\",\"name\":\"Bauwerks\u00fcberwachung - PRODAT\",\"isPartOf\":{\"@id\":\"https:\/\/www.prodat.de\/cms\/#website\"},\"primaryImageOfPage\":{\"@id\":\"https:\/\/www.prodat.de\/cms\/beratungsleistungen\/bauwerksuberwachung#primaryimage\"},\"image\":{\"@id\":\"https:\/\/www.prodat.de\/cms\/beratungsleistungen\/bauwerksuberwachung#primaryimage\"},\"thumbnailUrl\":\"https:\/\/www.prodat.de\/cms\/wp-content\/uploads\/2024\/03\/bruecke_bauphase_installation.jpg\",\"datePublished\":\"2024-03-26T14:26:51+00:00\",\"dateModified\":\"2024-04-02T14:23:25+00:00\",\"breadcrumb\":{\"@id\":\"https:\/\/www.prodat.de\/cms\/beratungsleistungen\/bauwerksuberwachung#breadcrumb\"},\"inLanguage\":\"en-US\",\"potentialAction\":[{\"@type\":\"ReadAction\",\"target\":[\"https:\/\/www.prodat.de\/cms\/beratungsleistungen\/bauwerksuberwachung\"]}]},{\"@type\":\"ImageObject\",\"inLanguage\":\"en-US\",\"@id\":\"https:\/\/www.prodat.de\/cms\/beratungsleistungen\/bauwerksuberwachung#primaryimage\",\"url\":\"https:\/\/www.prodat.de\/cms\/wp-content\/uploads\/2024\/03\/bruecke_bauphase_installation.jpg\",\"contentUrl\":\"https:\/\/www.prodat.de\/cms\/wp-content\/uploads\/2024\/03\/bruecke_bauphase_installation.jpg\",\"width\":300,\"height\":225,\"caption\":\"Kanalbr\u00fccke Magdeburg - Bauphase: Installation des Messsystems an der Kanalbr\u00fccke.\"},{\"@type\":\"BreadcrumbList\",\"@id\":\"https:\/\/www.prodat.de\/cms\/beratungsleistungen\/bauwerksuberwachung#breadcrumb\",\"itemListElement\":[{\"@type\":\"ListItem\",\"position\":1,\"name\":\"www.prodat.de\",\"item\":\"https:\/\/www.prodat.de\/cms\/\"},{\"@type\":\"ListItem\",\"position\":2,\"name\":\"Beratungsleistungen in der Digitalisierung, KI-Integration und KI-Anwendung\",\"item\":\"https:\/\/www.prodat.de\/cms\/beratungsleistungen\"},{\"@type\":\"ListItem\",\"position\":3,\"name\":\"Bauwerks\u00fcberwachung\"}]},{\"@type\":\"WebSite\",\"@id\":\"https:\/\/www.prodat.de\/cms\/#website\",\"url\":\"https:\/\/www.prodat.de\/cms\/\",\"name\":\"PRODAT (CMS)\",\"description\":\"L\u00f6sungen \/ Solutions\",\"publisher\":{\"@id\":\"https:\/\/www.prodat.de\/cms\/#organization\"},\"alternateName\":\"PRODAT Solutions\/L\u00f6sungen - Website\",\"potentialAction\":[{\"@type\":\"SearchAction\",\"target\":{\"@type\":\"EntryPoint\",\"urlTemplate\":\"https:\/\/www.prodat.de\/cms\/?s={search_term_string}\"},\"query-input\":\"required name=search_term_string\"}],\"inLanguage\":\"en-US\"},{\"@type\":\"Organization\",\"@id\":\"https:\/\/www.prodat.de\/cms\/#organization\",\"name\":\"PRODAT\",\"alternateName\":\"PRODAT L\u00f6sungen \/ Solutions\",\"url\":\"https:\/\/www.prodat.de\/cms\/\",\"logo\":{\"@type\":\"ImageObject\",\"inLanguage\":\"en-US\",\"@id\":\"https:\/\/www.prodat.de\/cms\/#\/schema\/logo\/image\/\",\"url\":\"https:\/\/www.prodat.de\/cms\/wp-content\/uploads\/2024\/03\/prodat_logo_h150px.jpg\",\"contentUrl\":\"https:\/\/www.prodat.de\/cms\/wp-content\/uploads\/2024\/03\/prodat_logo_h150px.jpg\",\"width\":560,\"height\":150,\"caption\":\"PRODAT\"},\"image\":{\"@id\":\"https:\/\/www.prodat.de\/cms\/#\/schema\/logo\/image\/\"}}]}<\/script>\n<!-- \/ Yoast SEO plugin. -->","yoast_head_json":{"title":"Bauwerks\u00fcberwachung - PRODAT","robots":{"index":"index","follow":"follow","max-snippet":"max-snippet:-1","max-image-preview":"max-image-preview:large","max-video-preview":"max-video-preview:-1"},"canonical":"https:\/\/www.prodat.de\/cms\/beratungsleistungen\/bauwerksuberwachung","og_locale":"en_US","og_type":"article","og_title":"Bauwerks\u00fcberwachung - PRODAT","og_description":"Bauwerks\u00fcberwachung &#8211; Beratung und Unterst\u00fctzung in allen Projektphasen Unser Schwerpunkt:Messsysteme Nennen Sie es wie Sie wollen: ob Sensornetzwerke, Monitoringsysteme, Logger, Datensammler, Messprogramme: Wir messen und \u00fcberwachen, wir unterst\u00fctzen in der Protokollierung, sowie der automatisierten und bedarfsgerechten Auswertung und Datenanalyse. Wir sehen uns als technischer Dienstleister f\u00fcr Planungs- und Ingenieursb\u00fcros zur Bereitstellung der notwendigen Daten und [&hellip;]","og_url":"https:\/\/www.prodat.de\/cms\/beratungsleistungen\/bauwerksuberwachung","og_site_name":"PRODAT","article_modified_time":"2024-04-02T14:23:25+00:00","og_image":[{"width":300,"height":225,"url":"https:\/\/www.prodat.de\/cms\/wp-content\/uploads\/2024\/03\/bruecke_bauphase_installation.jpg","type":"image\/jpeg"}],"twitter_card":"summary_large_image","twitter_misc":{"Est. reading time":"3 minutes"},"schema":{"@context":"https:\/\/schema.org","@graph":[{"@type":"WebPage","@id":"https:\/\/www.prodat.de\/cms\/beratungsleistungen\/bauwerksuberwachung","url":"https:\/\/www.prodat.de\/cms\/beratungsleistungen\/bauwerksuberwachung","name":"Bauwerks\u00fcberwachung - PRODAT","isPartOf":{"@id":"https:\/\/www.prodat.de\/cms\/#website"},"primaryImageOfPage":{"@id":"https:\/\/www.prodat.de\/cms\/beratungsleistungen\/bauwerksuberwachung#primaryimage"},"image":{"@id":"https:\/\/www.prodat.de\/cms\/beratungsleistungen\/bauwerksuberwachung#primaryimage"},"thumbnailUrl":"https:\/\/www.prodat.de\/cms\/wp-content\/uploads\/2024\/03\/bruecke_bauphase_installation.jpg","datePublished":"2024-03-26T14:26:51+00:00","dateModified":"2024-04-02T14:23:25+00:00","breadcrumb":{"@id":"https:\/\/www.prodat.de\/cms\/beratungsleistungen\/bauwerksuberwachung#breadcrumb"},"inLanguage":"en-US","potentialAction":[{"@type":"ReadAction","target":["https:\/\/www.prodat.de\/cms\/beratungsleistungen\/bauwerksuberwachung"]}]},{"@type":"ImageObject","inLanguage":"en-US","@id":"https:\/\/www.prodat.de\/cms\/beratungsleistungen\/bauwerksuberwachung#primaryimage","url":"https:\/\/www.prodat.de\/cms\/wp-content\/uploads\/2024\/03\/bruecke_bauphase_installation.jpg","contentUrl":"https:\/\/www.prodat.de\/cms\/wp-content\/uploads\/2024\/03\/bruecke_bauphase_installation.jpg","width":300,"height":225,"caption":"Kanalbr\u00fccke Magdeburg - Bauphase: Installation des Messsystems an der Kanalbr\u00fccke."},{"@type":"BreadcrumbList","@id":"https:\/\/www.prodat.de\/cms\/beratungsleistungen\/bauwerksuberwachung#breadcrumb","itemListElement":[{"@type":"ListItem","position":1,"name":"www.prodat.de","item":"https:\/\/www.prodat.de\/cms\/"},{"@type":"ListItem","position":2,"name":"Beratungsleistungen in der Digitalisierung, KI-Integration und KI-Anwendung","item":"https:\/\/www.prodat.de\/cms\/beratungsleistungen"},{"@type":"ListItem","position":3,"name":"Bauwerks\u00fcberwachung"}]},{"@type":"WebSite","@id":"https:\/\/www.prodat.de\/cms\/#website","url":"https:\/\/www.prodat.de\/cms\/","name":"PRODAT (CMS)","description":"L\u00f6sungen \/ Solutions","publisher":{"@id":"https:\/\/www.prodat.de\/cms\/#organization"},"alternateName":"PRODAT Solutions\/L\u00f6sungen - Website","potentialAction":[{"@type":"SearchAction","target":{"@type":"EntryPoint","urlTemplate":"https:\/\/www.prodat.de\/cms\/?s={search_term_string}"},"query-input":"required name=search_term_string"}],"inLanguage":"en-US"},{"@type":"Organization","@id":"https:\/\/www.prodat.de\/cms\/#organization","name":"PRODAT","alternateName":"PRODAT L\u00f6sungen \/ Solutions","url":"https:\/\/www.prodat.de\/cms\/","logo":{"@type":"ImageObject","inLanguage":"en-US","@id":"https:\/\/www.prodat.de\/cms\/#\/schema\/logo\/image\/","url":"https:\/\/www.prodat.de\/cms\/wp-content\/uploads\/2024\/03\/prodat_logo_h150px.jpg","contentUrl":"https:\/\/www.prodat.de\/cms\/wp-content\/uploads\/2024\/03\/prodat_logo_h150px.jpg","width":560,"height":150,"caption":"PRODAT"},"image":{"@id":"https:\/\/www.prodat.de\/cms\/#\/schema\/logo\/image\/"}}]}},"_links":{"self":[{"href":"https:\/\/www.prodat.de\/cms\/wp-json\/wp\/v2\/pages\/6899"}],"collection":[{"href":"https:\/\/www.prodat.de\/cms\/wp-json\/wp\/v2\/pages"}],"about":[{"href":"https:\/\/www.prodat.de\/cms\/wp-json\/wp\/v2\/types\/page"}],"author":[{"embeddable":true,"href":"https:\/\/www.prodat.de\/cms\/wp-json\/wp\/v2\/users\/2"}],"replies":[{"embeddable":true,"href":"https:\/\/www.prodat.de\/cms\/wp-json\/wp\/v2\/comments?post=6899"}],"version-history":[{"count":29,"href":"https:\/\/www.prodat.de\/cms\/wp-json\/wp\/v2\/pages\/6899\/revisions"}],"predecessor-version":[{"id":6947,"href":"https:\/\/www.prodat.de\/cms\/wp-json\/wp\/v2\/pages\/6899\/revisions\/6947"}],"up":[{"embeddable":true,"href":"https:\/\/www.prodat.de\/cms\/wp-json\/wp\/v2\/pages\/2750"}],"wp:featuredmedia":[{"embeddable":true,"href":"https:\/\/www.prodat.de\/cms\/wp-json\/wp\/v2\/media\/6942"}],"wp:attachment":[{"href":"https:\/\/www.prodat.de\/cms\/wp-json\/wp\/v2\/media?parent=6899"}],"curies":[{"name":"wp","href":"https:\/\/api.w.org\/{rel}","templated":true}]}}