{"id":6852,"date":"2024-03-25T16:29:59","date_gmt":"2024-03-25T15:29:59","guid":{"rendered":"https:\/\/www.prodat.de\/cms\/?page_id=6852"},"modified":"2024-03-26T16:08:30","modified_gmt":"2024-03-26T15:08:30","slug":"test-en","status":"publish","type":"page","link":"https:\/\/www.prodat.de\/cms\/en\/test-en","title":{"rendered":"#TEST EN"},"content":{"rendered":"\n<p>Test in Englisch -&gt; wir k\u00f6nnen Listen nicht aus den Polylang Inhalten erzeugen, ohne das Plugin zu kaufen. Wir m\u00fcssen eine eigene L\u00f6sung f\u00fcr die Mehrsprachigkeit finden? Das generieren von Listen der englischen Seiten klappt nicht.<\/p>\n\n\n<ul class=\"wp-block-page-list\"><li class=\"wp-block-pages-list__item\"><a class=\"wp-block-pages-list__item__link\" href=\"https:\/\/www.prodat.de\/cms\/produkte\/software\/so-bkm\">SO-BKM<\/a><\/li><li class=\"wp-block-pages-list__item\"><a class=\"wp-block-pages-list__item__link\" href=\"https:\/\/www.prodat.de\/cms\/produkte\/software\/so-dgp-2\">SO-DGP<\/a><\/li><li class=\"wp-block-pages-list__item\"><a class=\"wp-block-pages-list__item__link\" href=\"https:\/\/www.prodat.de\/cms\/produkte\/software\/so-rkm\">SO-RKM<\/a><\/li><li class=\"wp-block-pages-list__item\"><a class=\"wp-block-pages-list__item__link\" href=\"https:\/\/www.prodat.de\/cms\/produkte\/software\/so-xkm\">SO-XKM<\/a><\/li><\/ul>\n\n\n<p>Test nach Freischaltung einer englischen Kategorieseite -> die Inhalte k\u00f6nnen ausgew\u00e4hlt werden, die Kategorien erscheinen.<\/p>\n\n\n\n<p><\/p>\n\n\n<ul class=\"wp-block-page-list\"><li class=\"wp-block-pages-list__item\"><a class=\"wp-block-pages-list__item__link\" href=\"https:\/\/www.prodat.de\/cms\/en\/about-prodat-general-information-about-the-company\/jobs-career\">Jobs\/Career<\/a><\/li><li class=\"wp-block-pages-list__item\"><a class=\"wp-block-pages-list__item__link\" href=\"https:\/\/www.prodat.de\/cms\/en\/about-prodat-general-information-about-the-company\/partner\">Partner<\/a><\/li><\/ul>\n\n\n<p>Wie verh\u00e4lt es sich mit Posts &#8211; k\u00f6nnen diese angezeigt werden? Hier wird es so sein, dass man die Kategorien DE und EN einf\u00fchren muss und dann eine manuelle Auswahl trifft.<\/p>\n\n\n<ul class=\"wp-block-latest-posts__list wp-block-latest-posts\"><li><a class=\"wp-block-latest-posts__post-title\" href=\"https:\/\/www.prodat.de\/cms\/blog\/allgemeines-news\/2026\/bauwerksuberwachung-am-ulmer-tor-in-biberach\">Bauwerks\u00fcberwachung am Ulmer Tor in Biberach<\/a><\/li>\n<li><a class=\"wp-block-latest-posts__post-title\" href=\"https:\/\/www.prodat.de\/cms\/blog\/allgemeines-news\/2025\/prodat-report-berichte-schnell-und-ki-assistiert-erstellen\">PRODAT Report &#8211; Berichte schnell und KI-assistiert erstellen<\/a><\/li>\n<li><a class=\"wp-block-latest-posts__post-title\" href=\"https:\/\/www.prodat.de\/cms\/blog\/allgemeines-news\/2024\/radaufstandskraftmessung-an-schienenfahrzeugen-wissen-im-eisenbahnwesen\">Radaufstandskraftmessung an Schienenfahrzeugen (Wissen im Eisenbahnwesen)<\/a><\/li>\n<li><a class=\"wp-block-latest-posts__post-title\" href=\"https:\/\/www.prodat.de\/cms\/blog\/allgemeines-news\/2024\/felaf-faserverbundintegriertes-elektroniksystem-zur-messung-der-flussigkeitsmenge-in-fahrzeugtanksfelaf\">FELAF &#8211; Faserverbundintegriertes Elektroniksystem zur Messung der Fl\u00fcssigkeitsmenge in Fahrzeugtanks<\/a><\/li>\n<li><a class=\"wp-block-latest-posts__post-title\" href=\"https:\/\/www.prodat.de\/cms\/blog\/allgemeines-news\/2024\/zustandsorientierte-wartung-und-instandhaltung-von-bremsen-bzw-bremssystemkomponenten\">Zustandsorientierte Wartung und Instandhaltung von Bremsen bzw. Bremssystemkomponenten<\/a><\/li>\n<\/ul>","protected":false},"excerpt":{"rendered":"<p>Test in Englisch -&gt; wir k\u00f6nnen Listen nicht aus den Polylang Inhalten erzeugen, ohne das Plugin zu kaufen. Wir m\u00fcssen eine eigene L\u00f6sung f\u00fcr die Mehrsprachigkeit finden? Das generieren von Listen der englischen Seiten klappt nicht. Test nach Freischaltung einer englischen Kategorieseite -> die Inhalte k\u00f6nnen ausgew\u00e4hlt werden, die Kategorien erscheinen. Wie verh\u00e4lt es sich [&hellip;]<\/p>\n","protected":false},"author":2,"featured_media":0,"parent":0,"menu_order":0,"comment_status":"closed","ping_status":"closed","template":"wp-custom-template-prodat-page-template-with-sidebar-en","meta":{"footnotes":""},"yoast_head":"<!-- This site is optimized with the Yoast SEO plugin v22.2 - https:\/\/yoast.com\/wordpress\/plugins\/seo\/ -->\n<title>#TEST EN - PRODAT<\/title>\n<meta name=\"robots\" content=\"index, follow, max-snippet:-1, max-image-preview:large, max-video-preview:-1\" \/>\n<link rel=\"canonical\" href=\"https:\/\/www.prodat.de\/cms\/en\/test-en\" \/>\n<meta property=\"og:locale\" content=\"en_US\" \/>\n<meta property=\"og:type\" content=\"article\" \/>\n<meta property=\"og:title\" content=\"#TEST EN - PRODAT\" \/>\n<meta property=\"og:description\" content=\"Test in Englisch -&gt; wir k\u00f6nnen Listen nicht aus den Polylang Inhalten erzeugen, ohne das Plugin zu kaufen. Wir m\u00fcssen eine eigene L\u00f6sung f\u00fcr die Mehrsprachigkeit finden? Das generieren von Listen der englischen Seiten klappt nicht. Test nach Freischaltung einer englischen Kategorieseite -&gt; die Inhalte k\u00f6nnen ausgew\u00e4hlt werden, die Kategorien erscheinen. Wie verh\u00e4lt es sich [&hellip;]\" \/>\n<meta property=\"og:url\" content=\"https:\/\/www.prodat.de\/cms\/en\/test-en\" \/>\n<meta property=\"og:site_name\" content=\"PRODAT\" \/>\n<meta property=\"article:modified_time\" content=\"2024-03-26T15:08:30+00:00\" \/>\n<meta name=\"twitter:card\" content=\"summary_large_image\" \/>\n<meta name=\"twitter:label1\" content=\"Est. reading time\" \/>\n\t<meta name=\"twitter:data1\" content=\"1 minute\" \/>\n<script type=\"application\/ld+json\" class=\"yoast-schema-graph\">{\"@context\":\"https:\/\/schema.org\",\"@graph\":[{\"@type\":\"WebPage\",\"@id\":\"https:\/\/www.prodat.de\/cms\/en\/test-en\",\"url\":\"https:\/\/www.prodat.de\/cms\/en\/test-en\",\"name\":\"#TEST EN - PRODAT\",\"isPartOf\":{\"@id\":\"https:\/\/www.prodat.de\/cms\/#website\"},\"datePublished\":\"2024-03-25T15:29:59+00:00\",\"dateModified\":\"2024-03-26T15:08:30+00:00\",\"breadcrumb\":{\"@id\":\"https:\/\/www.prodat.de\/cms\/en\/test-en#breadcrumb\"},\"inLanguage\":\"en-US\",\"potentialAction\":[{\"@type\":\"ReadAction\",\"target\":[\"https:\/\/www.prodat.de\/cms\/en\/test-en\"]}]},{\"@type\":\"BreadcrumbList\",\"@id\":\"https:\/\/www.prodat.de\/cms\/en\/test-en#breadcrumb\",\"itemListElement\":[{\"@type\":\"ListItem\",\"position\":1,\"name\":\"www.prodat.de\",\"item\":\"https:\/\/www.prodat.de\/cms\/\"},{\"@type\":\"ListItem\",\"position\":2,\"name\":\"#TEST EN\"}]},{\"@type\":\"WebSite\",\"@id\":\"https:\/\/www.prodat.de\/cms\/#website\",\"url\":\"https:\/\/www.prodat.de\/cms\/\",\"name\":\"PRODAT (CMS)\",\"description\":\"L\u00f6sungen \/ Solutions\",\"publisher\":{\"@id\":\"https:\/\/www.prodat.de\/cms\/#organization\"},\"alternateName\":\"PRODAT Solutions\/L\u00f6sungen - Website\",\"potentialAction\":[{\"@type\":\"SearchAction\",\"target\":{\"@type\":\"EntryPoint\",\"urlTemplate\":\"https:\/\/www.prodat.de\/cms\/?s={search_term_string}\"},\"query-input\":\"required name=search_term_string\"}],\"inLanguage\":\"en-US\"},{\"@type\":\"Organization\",\"@id\":\"https:\/\/www.prodat.de\/cms\/#organization\",\"name\":\"PRODAT\",\"alternateName\":\"PRODAT L\u00f6sungen \/ Solutions\",\"url\":\"https:\/\/www.prodat.de\/cms\/\",\"logo\":{\"@type\":\"ImageObject\",\"inLanguage\":\"en-US\",\"@id\":\"https:\/\/www.prodat.de\/cms\/#\/schema\/logo\/image\/\",\"url\":\"https:\/\/www.prodat.de\/cms\/wp-content\/uploads\/2024\/03\/prodat_logo_h150px.jpg\",\"contentUrl\":\"https:\/\/www.prodat.de\/cms\/wp-content\/uploads\/2024\/03\/prodat_logo_h150px.jpg\",\"width\":560,\"height\":150,\"caption\":\"PRODAT\"},\"image\":{\"@id\":\"https:\/\/www.prodat.de\/cms\/#\/schema\/logo\/image\/\"}}]}<\/script>\n<!-- \/ Yoast SEO plugin. -->","yoast_head_json":{"title":"#TEST EN - PRODAT","robots":{"index":"index","follow":"follow","max-snippet":"max-snippet:-1","max-image-preview":"max-image-preview:large","max-video-preview":"max-video-preview:-1"},"canonical":"https:\/\/www.prodat.de\/cms\/en\/test-en","og_locale":"en_US","og_type":"article","og_title":"#TEST EN - PRODAT","og_description":"Test in Englisch -&gt; wir k\u00f6nnen Listen nicht aus den Polylang Inhalten erzeugen, ohne das Plugin zu kaufen. Wir m\u00fcssen eine eigene L\u00f6sung f\u00fcr die Mehrsprachigkeit finden? Das generieren von Listen der englischen Seiten klappt nicht. Test nach Freischaltung einer englischen Kategorieseite -> die Inhalte k\u00f6nnen ausgew\u00e4hlt werden, die Kategorien erscheinen. Wie verh\u00e4lt es sich [&hellip;]","og_url":"https:\/\/www.prodat.de\/cms\/en\/test-en","og_site_name":"PRODAT","article_modified_time":"2024-03-26T15:08:30+00:00","twitter_card":"summary_large_image","twitter_misc":{"Est. reading time":"1 minute"},"schema":{"@context":"https:\/\/schema.org","@graph":[{"@type":"WebPage","@id":"https:\/\/www.prodat.de\/cms\/en\/test-en","url":"https:\/\/www.prodat.de\/cms\/en\/test-en","name":"#TEST EN - PRODAT","isPartOf":{"@id":"https:\/\/www.prodat.de\/cms\/#website"},"datePublished":"2024-03-25T15:29:59+00:00","dateModified":"2024-03-26T15:08:30+00:00","breadcrumb":{"@id":"https:\/\/www.prodat.de\/cms\/en\/test-en#breadcrumb"},"inLanguage":"en-US","potentialAction":[{"@type":"ReadAction","target":["https:\/\/www.prodat.de\/cms\/en\/test-en"]}]},{"@type":"BreadcrumbList","@id":"https:\/\/www.prodat.de\/cms\/en\/test-en#breadcrumb","itemListElement":[{"@type":"ListItem","position":1,"name":"www.prodat.de","item":"https:\/\/www.prodat.de\/cms\/"},{"@type":"ListItem","position":2,"name":"#TEST EN"}]},{"@type":"WebSite","@id":"https:\/\/www.prodat.de\/cms\/#website","url":"https:\/\/www.prodat.de\/cms\/","name":"PRODAT (CMS)","description":"L\u00f6sungen \/ Solutions","publisher":{"@id":"https:\/\/www.prodat.de\/cms\/#organization"},"alternateName":"PRODAT Solutions\/L\u00f6sungen - Website","potentialAction":[{"@type":"SearchAction","target":{"@type":"EntryPoint","urlTemplate":"https:\/\/www.prodat.de\/cms\/?s={search_term_string}"},"query-input":"required name=search_term_string"}],"inLanguage":"en-US"},{"@type":"Organization","@id":"https:\/\/www.prodat.de\/cms\/#organization","name":"PRODAT","alternateName":"PRODAT L\u00f6sungen \/ Solutions","url":"https:\/\/www.prodat.de\/cms\/","logo":{"@type":"ImageObject","inLanguage":"en-US","@id":"https:\/\/www.prodat.de\/cms\/#\/schema\/logo\/image\/","url":"https:\/\/www.prodat.de\/cms\/wp-content\/uploads\/2024\/03\/prodat_logo_h150px.jpg","contentUrl":"https:\/\/www.prodat.de\/cms\/wp-content\/uploads\/2024\/03\/prodat_logo_h150px.jpg","width":560,"height":150,"caption":"PRODAT"},"image":{"@id":"https:\/\/www.prodat.de\/cms\/#\/schema\/logo\/image\/"}}]}},"_links":{"self":[{"href":"https:\/\/www.prodat.de\/cms\/wp-json\/wp\/v2\/pages\/6852"}],"collection":[{"href":"https:\/\/www.prodat.de\/cms\/wp-json\/wp\/v2\/pages"}],"about":[{"href":"https:\/\/www.prodat.de\/cms\/wp-json\/wp\/v2\/types\/page"}],"author":[{"embeddable":true,"href":"https:\/\/www.prodat.de\/cms\/wp-json\/wp\/v2\/users\/2"}],"replies":[{"embeddable":true,"href":"https:\/\/www.prodat.de\/cms\/wp-json\/wp\/v2\/comments?post=6852"}],"version-history":[{"count":9,"href":"https:\/\/www.prodat.de\/cms\/wp-json\/wp\/v2\/pages\/6852\/revisions"}],"predecessor-version":[{"id":6930,"href":"https:\/\/www.prodat.de\/cms\/wp-json\/wp\/v2\/pages\/6852\/revisions\/6930"}],"wp:attachment":[{"href":"https:\/\/www.prodat.de\/cms\/wp-json\/wp\/v2\/media?parent=6852"}],"curies":[{"name":"wp","href":"https:\/\/api.w.org\/{rel}","templated":true}]}}