{"id":67,"date":"2020-08-18T12:59:59","date_gmt":"2020-08-18T10:59:59","guid":{"rendered":"https:\/\/www.prodat.de\/cms\/?page_id=67"},"modified":"2026-01-27T11:55:49","modified_gmt":"2026-01-27T10:55:49","slug":"impressum","status":"publish","type":"page","link":"https:\/\/www.prodat.de\/cms\/impressum","title":{"rendered":"Impressum"},"content":{"rendered":"\n<div class=\"wp-block-group is-layout-flow wp-block-group-is-layout-flow\">\n<p>Angaben gem\u00e4\u00df \u00a7 5 TMG, rechtliche Informationen, Informationen zu den Internetseiten.<\/p>\n\n\n\n<h3 class=\"wp-block-heading\" id=\"ankerlink_1\">Anschrift und Kontakt<\/h3>\n\n\n\n<p><strong><em>PRODAT Stammsitz<\/em><\/strong><\/p>\n\n\n\n<p>PRODAT Informatik GmbH<br>z.H. Internetauftritt<br>Johannisthaler Str.7<br>01996 Senftenberg (OT Hosena)<br>Deutschland<\/p>\n\n\n\n<p>Email: info@prodat.de<br>Telefon: +49 35756 60247<br>Fax: +49 35756 60252<\/p>\n\n\n\n<h3 class=\"wp-block-heading\" id=\"ankerlink_2\">Gesch\u00e4ftsf\u00fchrer &amp; Vertretung der GmbH<\/h3>\n\n\n\n<p>Herr Dr.-Ing. Sebastian Sauer<\/p>\n\n\n\n<p>Herr Dr.-Ing. Manfred Sauer <em>(emeritiert in 2024)<\/em><br><\/p>\n\n\n\n<h3 class=\"wp-block-heading\" id=\"ankerlink_3\">Handelsregister (HRB)<\/h3>\n\n\n\n<p>Registergericht: Amtsgericht Cottbus <br>Registernummer: HRB 0051<br><em>(eines der \u00e4ltesten und immer noch aktiven Unternehmen, lt. Registereintragung)<\/em><\/p>\n\n\n\n<h3 class=\"wp-block-heading\" id=\"ankerlink_4\">Umsatzsteuer (Ust.-Idnr.)<\/h3>\n\n\n\n<p>DE138898457<\/p>\n\n\n\n<h3 class=\"wp-block-heading\" id=\"ankerlink_5\">Webauftritt<\/h3>\n\n\n\n<p>webmaster@prodat.de<\/p>\n\n\n\n<h3 class=\"wp-block-heading\">Quellenangaben f\u00fcr verwendete Bilder und Grafiken<\/h3>\n\n\n\n<ul>\n<li>Envato Elements<\/li>\n\n\n\n<li>Freepics<\/li>\n\n\n\n<li>KI Bildgeneratoren: OpenAI, LeonardoAI, Midjourney<\/li>\n<\/ul>\n\n\n\n<h3 class=\"wp-block-heading\">Streitschlichtung<\/h3>\n\n\n\n<p>Wir sind nicht bereit oder verpflichtet, an Streitbeilegungsverfahren vor einer Verbraucherschlichtungsstelle teilzunehmen.<\/p>\n\n\n\n<h3 class=\"wp-block-heading\" id=\"ankerlink_6\">Zur Nutzung des Seiteninhaltes<\/h3>\n\n\n\n<p>Die Inhalte dieser Website sind urheberrechtlich gesch\u00fctzt. Jede Vervielf\u00e4ltigung, Vorf\u00fchrung, Sendung, Vermietung und\/oder Leihe der Website oder einzelner Inhalte ist ohne Einwilligung des Rechteinhabers untersagt und zieht straf- oder zivilrechtliche Folgen nach sich. Alle Rechte bleiben vorbehalten. Der Rechteinhaber beh\u00e4lt sich das Recht vor, jederzeit und ohne vorherige Ank\u00fcndigung Verbesserungen und \u00c4nderungen an der Website oder einzelner Inhalte vorzunehmen.<\/p>\n<\/div>\n","protected":false},"excerpt":{"rendered":"<p>Angaben gem\u00e4\u00df \u00a7 5 TMG, rechtliche Informationen, Informationen zu den Internetseiten. Anschrift und Kontakt PRODAT Stammsitz PRODAT Informatik GmbHz.H. InternetauftrittJohannisthaler Str.701996 Senftenberg (OT Hosena)Deutschland Email: info@prodat.deTelefon: +49 35756 60247Fax: +49 35756 60252 Gesch\u00e4ftsf\u00fchrer &amp; Vertretung der GmbH Herr Dr.-Ing. Sebastian Sauer Herr Dr.-Ing. Manfred Sauer (emeritiert in 2024) Handelsregister (HRB) Registergericht: Amtsgericht Cottbus Registernummer: HRB [&hellip;]<\/p>\n","protected":false},"author":2,"featured_media":0,"parent":0,"menu_order":1,"comment_status":"closed","ping_status":"closed","template":"","meta":{"footnotes":""},"yoast_head":"<!-- This site is optimized with the Yoast SEO plugin v22.2 - https:\/\/yoast.com\/wordpress\/plugins\/seo\/ -->\n<title>Impressum - PRODAT<\/title>\n<meta name=\"robots\" content=\"index, follow, max-snippet:-1, max-image-preview:large, max-video-preview:-1\" \/>\n<link rel=\"canonical\" href=\"https:\/\/www.prodat.de\/cms\/impressum\" \/>\n<meta property=\"og:locale\" content=\"en_US\" \/>\n<meta property=\"og:type\" content=\"article\" \/>\n<meta property=\"og:title\" content=\"Impressum - PRODAT\" \/>\n<meta property=\"og:description\" content=\"Angaben gem\u00e4\u00df \u00a7 5 TMG, rechtliche Informationen, Informationen zu den Internetseiten. Anschrift und Kontakt PRODAT Stammsitz PRODAT Informatik GmbHz.H. InternetauftrittJohannisthaler Str.701996 Senftenberg (OT Hosena)Deutschland Email: info@prodat.deTelefon: +49 35756 60247Fax: +49 35756 60252 Gesch\u00e4ftsf\u00fchrer &amp; Vertretung der GmbH Herr Dr.-Ing. Sebastian Sauer Herr Dr.-Ing. Manfred Sauer (emeritiert in 2024) Handelsregister (HRB) Registergericht: Amtsgericht Cottbus Registernummer: HRB [&hellip;]\" \/>\n<meta property=\"og:url\" content=\"https:\/\/www.prodat.de\/cms\/impressum\" \/>\n<meta property=\"og:site_name\" content=\"PRODAT\" \/>\n<meta property=\"article:modified_time\" content=\"2026-01-27T10:55:49+00:00\" \/>\n<meta name=\"twitter:card\" content=\"summary_large_image\" \/>\n<meta name=\"twitter:label1\" content=\"Est. reading time\" \/>\n\t<meta name=\"twitter:data1\" content=\"1 minute\" \/>\n<script type=\"application\/ld+json\" class=\"yoast-schema-graph\">{\"@context\":\"https:\/\/schema.org\",\"@graph\":[{\"@type\":\"WebPage\",\"@id\":\"https:\/\/www.prodat.de\/cms\/impressum\",\"url\":\"https:\/\/www.prodat.de\/cms\/impressum\",\"name\":\"Impressum - PRODAT\",\"isPartOf\":{\"@id\":\"https:\/\/www.prodat.de\/cms\/#website\"},\"datePublished\":\"2020-08-18T10:59:59+00:00\",\"dateModified\":\"2026-01-27T10:55:49+00:00\",\"breadcrumb\":{\"@id\":\"https:\/\/www.prodat.de\/cms\/impressum#breadcrumb\"},\"inLanguage\":\"en-US\",\"potentialAction\":[{\"@type\":\"ReadAction\",\"target\":[\"https:\/\/www.prodat.de\/cms\/impressum\"]}]},{\"@type\":\"BreadcrumbList\",\"@id\":\"https:\/\/www.prodat.de\/cms\/impressum#breadcrumb\",\"itemListElement\":[{\"@type\":\"ListItem\",\"position\":1,\"name\":\"www.prodat.de\",\"item\":\"https:\/\/www.prodat.de\/cms\/\"},{\"@type\":\"ListItem\",\"position\":2,\"name\":\"Impressum\"}]},{\"@type\":\"WebSite\",\"@id\":\"https:\/\/www.prodat.de\/cms\/#website\",\"url\":\"https:\/\/www.prodat.de\/cms\/\",\"name\":\"PRODAT (CMS)\",\"description\":\"L\u00f6sungen \/ Solutions\",\"publisher\":{\"@id\":\"https:\/\/www.prodat.de\/cms\/#organization\"},\"alternateName\":\"PRODAT Solutions\/L\u00f6sungen - Website\",\"potentialAction\":[{\"@type\":\"SearchAction\",\"target\":{\"@type\":\"EntryPoint\",\"urlTemplate\":\"https:\/\/www.prodat.de\/cms\/?s={search_term_string}\"},\"query-input\":\"required name=search_term_string\"}],\"inLanguage\":\"en-US\"},{\"@type\":\"Organization\",\"@id\":\"https:\/\/www.prodat.de\/cms\/#organization\",\"name\":\"PRODAT\",\"alternateName\":\"PRODAT L\u00f6sungen \/ Solutions\",\"url\":\"https:\/\/www.prodat.de\/cms\/\",\"logo\":{\"@type\":\"ImageObject\",\"inLanguage\":\"en-US\",\"@id\":\"https:\/\/www.prodat.de\/cms\/#\/schema\/logo\/image\/\",\"url\":\"https:\/\/www.prodat.de\/cms\/wp-content\/uploads\/2024\/03\/prodat_logo_h150px.jpg\",\"contentUrl\":\"https:\/\/www.prodat.de\/cms\/wp-content\/uploads\/2024\/03\/prodat_logo_h150px.jpg\",\"width\":560,\"height\":150,\"caption\":\"PRODAT\"},\"image\":{\"@id\":\"https:\/\/www.prodat.de\/cms\/#\/schema\/logo\/image\/\"}}]}<\/script>\n<!-- \/ Yoast SEO plugin. -->","yoast_head_json":{"title":"Impressum - PRODAT","robots":{"index":"index","follow":"follow","max-snippet":"max-snippet:-1","max-image-preview":"max-image-preview:large","max-video-preview":"max-video-preview:-1"},"canonical":"https:\/\/www.prodat.de\/cms\/impressum","og_locale":"en_US","og_type":"article","og_title":"Impressum - PRODAT","og_description":"Angaben gem\u00e4\u00df \u00a7 5 TMG, rechtliche Informationen, Informationen zu den Internetseiten. Anschrift und Kontakt PRODAT Stammsitz PRODAT Informatik GmbHz.H. InternetauftrittJohannisthaler Str.701996 Senftenberg (OT Hosena)Deutschland Email: info@prodat.deTelefon: +49 35756 60247Fax: +49 35756 60252 Gesch\u00e4ftsf\u00fchrer &amp; Vertretung der GmbH Herr Dr.-Ing. Sebastian Sauer Herr Dr.-Ing. Manfred Sauer (emeritiert in 2024) Handelsregister (HRB) Registergericht: Amtsgericht Cottbus Registernummer: HRB [&hellip;]","og_url":"https:\/\/www.prodat.de\/cms\/impressum","og_site_name":"PRODAT","article_modified_time":"2026-01-27T10:55:49+00:00","twitter_card":"summary_large_image","twitter_misc":{"Est. reading time":"1 minute"},"schema":{"@context":"https:\/\/schema.org","@graph":[{"@type":"WebPage","@id":"https:\/\/www.prodat.de\/cms\/impressum","url":"https:\/\/www.prodat.de\/cms\/impressum","name":"Impressum - PRODAT","isPartOf":{"@id":"https:\/\/www.prodat.de\/cms\/#website"},"datePublished":"2020-08-18T10:59:59+00:00","dateModified":"2026-01-27T10:55:49+00:00","breadcrumb":{"@id":"https:\/\/www.prodat.de\/cms\/impressum#breadcrumb"},"inLanguage":"en-US","potentialAction":[{"@type":"ReadAction","target":["https:\/\/www.prodat.de\/cms\/impressum"]}]},{"@type":"BreadcrumbList","@id":"https:\/\/www.prodat.de\/cms\/impressum#breadcrumb","itemListElement":[{"@type":"ListItem","position":1,"name":"www.prodat.de","item":"https:\/\/www.prodat.de\/cms\/"},{"@type":"ListItem","position":2,"name":"Impressum"}]},{"@type":"WebSite","@id":"https:\/\/www.prodat.de\/cms\/#website","url":"https:\/\/www.prodat.de\/cms\/","name":"PRODAT (CMS)","description":"L\u00f6sungen \/ Solutions","publisher":{"@id":"https:\/\/www.prodat.de\/cms\/#organization"},"alternateName":"PRODAT Solutions\/L\u00f6sungen - Website","potentialAction":[{"@type":"SearchAction","target":{"@type":"EntryPoint","urlTemplate":"https:\/\/www.prodat.de\/cms\/?s={search_term_string}"},"query-input":"required name=search_term_string"}],"inLanguage":"en-US"},{"@type":"Organization","@id":"https:\/\/www.prodat.de\/cms\/#organization","name":"PRODAT","alternateName":"PRODAT L\u00f6sungen \/ Solutions","url":"https:\/\/www.prodat.de\/cms\/","logo":{"@type":"ImageObject","inLanguage":"en-US","@id":"https:\/\/www.prodat.de\/cms\/#\/schema\/logo\/image\/","url":"https:\/\/www.prodat.de\/cms\/wp-content\/uploads\/2024\/03\/prodat_logo_h150px.jpg","contentUrl":"https:\/\/www.prodat.de\/cms\/wp-content\/uploads\/2024\/03\/prodat_logo_h150px.jpg","width":560,"height":150,"caption":"PRODAT"},"image":{"@id":"https:\/\/www.prodat.de\/cms\/#\/schema\/logo\/image\/"}}]}},"_links":{"self":[{"href":"https:\/\/www.prodat.de\/cms\/wp-json\/wp\/v2\/pages\/67"}],"collection":[{"href":"https:\/\/www.prodat.de\/cms\/wp-json\/wp\/v2\/pages"}],"about":[{"href":"https:\/\/www.prodat.de\/cms\/wp-json\/wp\/v2\/types\/page"}],"author":[{"embeddable":true,"href":"https:\/\/www.prodat.de\/cms\/wp-json\/wp\/v2\/users\/2"}],"replies":[{"embeddable":true,"href":"https:\/\/www.prodat.de\/cms\/wp-json\/wp\/v2\/comments?post=67"}],"version-history":[{"count":14,"href":"https:\/\/www.prodat.de\/cms\/wp-json\/wp\/v2\/pages\/67\/revisions"}],"predecessor-version":[{"id":3628,"href":"https:\/\/www.prodat.de\/cms\/wp-json\/wp\/v2\/pages\/67\/revisions\/3628"}],"wp:attachment":[{"href":"https:\/\/www.prodat.de\/cms\/wp-json\/wp\/v2\/media?parent=67"}],"curies":[{"name":"wp","href":"https:\/\/api.w.org\/{rel}","templated":true}]}}