{"id":582,"date":"2020-09-02T09:33:05","date_gmt":"2020-09-02T07:33:05","guid":{"rendered":"https:\/\/www.prodat.de\/cms\/?page_id=582"},"modified":"2024-03-25T11:18:18","modified_gmt":"2024-03-25T10:18:18","slug":"loesungen","status":"publish","type":"page","link":"https:\/\/www.prodat.de\/cms\/loesungen","title":{"rendered":"L\u00f6sungen"},"content":{"rendered":"\n<h2 class=\"wp-block-heading has-text-align-center\">Ausgew\u00e4hlte L\u00f6sungen der PRODAT &#8211; Projekte &amp; Systeme<\/h2>\n\n\n\n<div style=\"height:var(--wp--preset--spacing--40)\" aria-hidden=\"true\" class=\"wp-block-spacer\"><\/div>\n\n\n\n<div class=\"wp-block-group has-global-padding is-layout-constrained wp-container-core-group-layout-4 wp-block-group-is-layout-constrained\">\n<h3 class=\"wp-block-heading has-text-align-center is-style-asterisk\">Messsystem Kanalbr\u00fccke Magdeburg &#8211; Systeml\u00f6sung im Bereich der Bauwerks\u00fcberwachung &amp; Sensornetzwerke <\/h3>\n\n\n\n<div class=\"wp-block-columns is-layout-flex wp-container-core-columns-layout-1 wp-block-columns-is-layout-flex\">\n<div class=\"wp-block-column is-vertically-aligned-stretch is-layout-flow wp-block-column-is-layout-flow\">\n<figure class=\"wp-block-image size-medium is-style-rounded\"><img fetchpriority=\"high\" decoding=\"async\" width=\"300\" height=\"202\" src=\"https:\/\/www.prodat.de\/cms\/wp-content\/uploads\/2024\/03\/prodat_bmon_mittellandkanal-300x202.jpg\" alt=\"Messsystem Kanalbr\u00fccke Magdeburg - Luftbild des Wasserstra\u00dfenkreuzes\" class=\"wp-image-3836\" srcset=\"https:\/\/www.prodat.de\/cms\/wp-content\/uploads\/2024\/03\/prodat_bmon_mittellandkanal-300x202.jpg 300w, https:\/\/www.prodat.de\/cms\/wp-content\/uploads\/2024\/03\/prodat_bmon_mittellandkanal-1024x689.jpg 1024w, https:\/\/www.prodat.de\/cms\/wp-content\/uploads\/2024\/03\/prodat_bmon_mittellandkanal-768x517.jpg 768w, https:\/\/www.prodat.de\/cms\/wp-content\/uploads\/2024\/03\/prodat_bmon_mittellandkanal-1536x1033.jpg 1536w, https:\/\/www.prodat.de\/cms\/wp-content\/uploads\/2024\/03\/prodat_bmon_mittellandkanal-2048x1378.jpg 2048w\" sizes=\"(max-width: 300px) 100vw, 300px\" \/><\/figure>\n<\/div>\n\n\n\n<div class=\"wp-block-column is-vertically-aligned-center is-layout-flow wp-block-column-is-layout-flow\">\n<div class=\"wp-block-group has-base-2-background-color has-background has-global-padding is-layout-constrained wp-block-group-is-layout-constrained\" style=\"border-radius:20px;padding-top:var(--wp--preset--spacing--10);padding-right:var(--wp--preset--spacing--10);padding-bottom:var(--wp--preset--spacing--10);padding-left:var(--wp--preset--spacing--10)\">\n<p class=\"has-text-align-center\">Messsystem an der Kanalbr\u00fccke Magdeburg zur Bauwerks\u00fcberwachung<\/p>\n\n\n\n<div class=\"wp-block-buttons is-content-justification-center is-layout-flex wp-container-core-buttons-layout-1 wp-block-buttons-is-layout-flex\">\n<div class=\"wp-block-button\"><a class=\"wp-block-button__link wp-element-button\" href=\"https:\/\/www.prodat.de\/cms\/loesungen\/bauwerksueberwachung-kanalbruecke-magdeburg\">Messsystem Kanalbr\u00fccke Magdeburg<\/a><\/div>\n<\/div>\n<\/div>\n<\/div>\n<\/div>\n\n\n\n<hr class=\"wp-block-separator has-text-color has-accent-color has-alpha-channel-opacity has-accent-background-color has-background is-style-dots\"\/>\n\n\n\n<div style=\"height:var(--wp--preset--spacing--30)\" aria-hidden=\"true\" class=\"wp-block-spacer\"><\/div>\n\n\n\n<h3 class=\"wp-block-heading has-text-align-center is-style-asterisk\">Messsystem Pumpwerk Sparschleuse Rothensee &#8211; Systeml\u00f6sung im Bereich der Bauwerks\u00fcberwachung &amp; Sensornetzwerke<\/h3>\n\n\n\n<div class=\"wp-block-columns is-layout-flex wp-container-core-columns-layout-2 wp-block-columns-is-layout-flex\">\n<div class=\"wp-block-column is-vertically-aligned-top is-layout-flow wp-block-column-is-layout-flow\">\n<figure class=\"wp-block-image size-medium is-style-rounded\"><img decoding=\"async\" width=\"300\" height=\"169\" src=\"https:\/\/www.prodat.de\/cms\/wp-content\/uploads\/2024\/03\/image-300x169.png\" alt=\"Schleuse Rothensee - Luftbild Schwerpunkt Pumpwerk (Google Maps Darstellung)\" class=\"wp-image-6236\" srcset=\"https:\/\/www.prodat.de\/cms\/wp-content\/uploads\/2024\/03\/image-300x169.png 300w, https:\/\/www.prodat.de\/cms\/wp-content\/uploads\/2024\/03\/image-768x433.png 768w, https:\/\/www.prodat.de\/cms\/wp-content\/uploads\/2024\/03\/image.png 794w\" sizes=\"(max-width: 300px) 100vw, 300px\" \/><\/figure>\n<\/div>\n\n\n\n<div class=\"wp-block-column is-vertically-aligned-center is-layout-flow wp-block-column-is-layout-flow\">\n<div class=\"wp-block-group has-base-2-background-color has-background has-global-padding is-layout-constrained wp-block-group-is-layout-constrained\" style=\"border-radius:20px;padding-top:var(--wp--preset--spacing--10);padding-right:var(--wp--preset--spacing--10);padding-bottom:var(--wp--preset--spacing--10);padding-left:var(--wp--preset--spacing--10)\">\n<p class=\"has-text-align-center\">Messsystem am Pumpwerk der Sparschleuse Rothensee zur Bauwerks\u00fcberwachung<\/p>\n\n\n\n<div class=\"wp-block-buttons is-content-justification-center is-layout-flex wp-container-core-buttons-layout-2 wp-block-buttons-is-layout-flex\">\n<div class=\"wp-block-button\"><a class=\"wp-block-button__link wp-element-button\" href=\"https:\/\/www.prodat.de\/cms\/loesungen\/bauwerksueberwachung-monitoring-pumpwerk-sparschleuse-rothensee\">Messsystem am Pumpwerk der Sparschleuse Rothensee<\/a><\/div>\n<\/div>\n<\/div>\n<\/div>\n<\/div>\n\n\n\n<hr class=\"wp-block-separator has-text-color has-accent-color has-alpha-channel-opacity has-accent-background-color has-background is-style-dots\"\/>\n\n\n\n<div style=\"height:var(--wp--preset--spacing--30)\" aria-hidden=\"true\" class=\"wp-block-spacer\"><\/div>\n\n\n\n<h3 class=\"wp-block-heading has-text-align-center is-style-asterisk\">Messsystem Bremspr\u00fcfanlage BPA SBB &#8211; Systeml\u00f6sung im Bereich der Schienenverkehrstechnik<\/h3>\n\n\n\n<div class=\"wp-block-columns is-layout-flex wp-container-core-columns-layout-3 wp-block-columns-is-layout-flex\">\n<div class=\"wp-block-column is-vertically-aligned-top is-layout-flow wp-block-column-is-layout-flow\">\n<figure class=\"wp-block-image size-medium is-style-rounded\"><img decoding=\"async\" width=\"300\" height=\"139\" src=\"https:\/\/www.prodat.de\/cms\/wp-content\/uploads\/2024\/03\/bsp_prodatbpa-300x139.jpg\" alt=\"PRODAT SBB BPA in der Anwendung.\" class=\"wp-image-6001\" srcset=\"https:\/\/www.prodat.de\/cms\/wp-content\/uploads\/2024\/03\/bsp_prodatbpa-300x139.jpg 300w, https:\/\/www.prodat.de\/cms\/wp-content\/uploads\/2024\/03\/bsp_prodatbpa.jpg 487w\" sizes=\"(max-width: 300px) 100vw, 300px\" \/><\/figure>\n<\/div>\n\n\n\n<div class=\"wp-block-column is-vertically-aligned-center is-layout-flow wp-block-column-is-layout-flow\">\n<div class=\"wp-block-group has-base-2-background-color has-background has-global-padding is-layout-constrained wp-block-group-is-layout-constrained\" style=\"border-radius:20px;padding-top:var(--wp--preset--spacing--10);padding-right:var(--wp--preset--spacing--10);padding-bottom:var(--wp--preset--spacing--10);padding-left:var(--wp--preset--spacing--10)\">\n<p class=\"has-text-align-center\">Komplexes Mess- und Pr\u00fcfsystem zur Pr\u00fcfung von Schienenfahrzeugen<\/p>\n\n\n\n<div class=\"wp-block-buttons is-content-justification-center is-layout-flex wp-container-core-buttons-layout-3 wp-block-buttons-is-layout-flex\">\n<div class=\"wp-block-button\"><a class=\"wp-block-button__link wp-element-button\" href=\"https:\/\/www.prodat.de\/cms\/loesungen\/mess-und-prufsystem-bremsprufanlage-bpa\">Bremspr\u00fcfanlage BPA SBB<\/a><\/div>\n<\/div>\n<\/div>\n<\/div>\n<\/div>\n\n\n\n<hr class=\"wp-block-separator has-text-color has-accent-color has-alpha-channel-opacity has-accent-background-color has-background is-style-dots\"\/>\n\n\n\n<div style=\"height:var(--wp--preset--spacing--30)\" aria-hidden=\"true\" class=\"wp-block-spacer\"><\/div>\n\n\n\n<h3 class=\"wp-block-heading\">Alle Systeml\u00f6sungen im \u00dcberblick<\/h3>\n\n\n<ul class=\"wp-block-page-list\"><li class=\"wp-block-pages-list__item\"><a class=\"wp-block-pages-list__item__link\" href=\"https:\/\/www.prodat.de\/cms\/loesungen\/bauwerksueberwachung-kanalbruecke-magdeburg\">Messsystem Kanalbr\u00fccke Magdeburg<\/a><\/li><li class=\"wp-block-pages-list__item\"><a class=\"wp-block-pages-list__item__link\" href=\"https:\/\/www.prodat.de\/cms\/loesungen\/bauwerksueberwachung-monitoring-pumpwerk-sparschleuse-rothensee\">Monitoringsystem &#8211; Pumpwerk Sparschleuse Rothensee PRODAT Projekt S17<\/a><\/li><li class=\"wp-block-pages-list__item\"><a class=\"wp-block-pages-list__item__link\" href=\"https:\/\/www.prodat.de\/cms\/loesungen\/mess-und-prufsystem-bremsprufanlage-bpa\">Systeml\u00f6sung Bremspr\u00fcfanlage (BPA)<\/a><\/li><\/ul><\/div>\n","protected":false},"excerpt":{"rendered":"<p>Ausgew\u00e4hlte L\u00f6sungen der PRODAT &#8211; Projekte &amp; Systeme Messsystem Kanalbr\u00fccke Magdeburg &#8211; Systeml\u00f6sung im Bereich der Bauwerks\u00fcberwachung &amp; Sensornetzwerke Messsystem an der Kanalbr\u00fccke Magdeburg zur Bauwerks\u00fcberwachung Messsystem Pumpwerk Sparschleuse Rothensee &#8211; Systeml\u00f6sung im Bereich der Bauwerks\u00fcberwachung &amp; Sensornetzwerke Messsystem am Pumpwerk der Sparschleuse Rothensee zur Bauwerks\u00fcberwachung Messsystem Bremspr\u00fcfanlage BPA SBB &#8211; Systeml\u00f6sung im Bereich der [&hellip;]<\/p>\n","protected":false},"author":2,"featured_media":0,"parent":0,"menu_order":50,"comment_status":"closed","ping_status":"closed","template":"wp-custom-template-prodat-standard-inhalt","meta":{"footnotes":""},"yoast_head":"<!-- This site is optimized with the Yoast SEO plugin v22.2 - https:\/\/yoast.com\/wordpress\/plugins\/seo\/ -->\n<title>L\u00f6sungen - PRODAT<\/title>\n<meta name=\"robots\" content=\"index, follow, max-snippet:-1, max-image-preview:large, max-video-preview:-1\" \/>\n<link rel=\"canonical\" href=\"https:\/\/www.prodat.de\/cms\/loesungen\" \/>\n<meta property=\"og:locale\" content=\"en_US\" \/>\n<meta property=\"og:type\" content=\"article\" \/>\n<meta property=\"og:title\" content=\"L\u00f6sungen - PRODAT\" \/>\n<meta property=\"og:description\" content=\"Ausgew\u00e4hlte L\u00f6sungen der PRODAT &#8211; Projekte &amp; Systeme Messsystem Kanalbr\u00fccke Magdeburg &#8211; Systeml\u00f6sung im Bereich der Bauwerks\u00fcberwachung &amp; Sensornetzwerke Messsystem an der Kanalbr\u00fccke Magdeburg zur Bauwerks\u00fcberwachung Messsystem Pumpwerk Sparschleuse Rothensee &#8211; Systeml\u00f6sung im Bereich der Bauwerks\u00fcberwachung &amp; Sensornetzwerke Messsystem am Pumpwerk der Sparschleuse Rothensee zur Bauwerks\u00fcberwachung Messsystem Bremspr\u00fcfanlage BPA SBB &#8211; Systeml\u00f6sung im Bereich der [&hellip;]\" \/>\n<meta property=\"og:url\" content=\"https:\/\/www.prodat.de\/cms\/loesungen\" \/>\n<meta property=\"og:site_name\" content=\"PRODAT\" \/>\n<meta property=\"article:modified_time\" content=\"2024-03-25T10:18:18+00:00\" \/>\n<meta property=\"og:image\" content=\"https:\/\/www.prodat.de\/cms\/wp-content\/uploads\/2024\/03\/prodat_bmon_mittellandkanal-300x202.jpg\" \/>\n<meta name=\"twitter:card\" content=\"summary_large_image\" \/>\n<meta name=\"twitter:label1\" content=\"Est. reading time\" \/>\n\t<meta name=\"twitter:data1\" content=\"4 minutes\" \/>\n<script type=\"application\/ld+json\" class=\"yoast-schema-graph\">{\"@context\":\"https:\/\/schema.org\",\"@graph\":[{\"@type\":\"WebPage\",\"@id\":\"https:\/\/www.prodat.de\/cms\/loesungen\",\"url\":\"https:\/\/www.prodat.de\/cms\/loesungen\",\"name\":\"L\u00f6sungen - PRODAT\",\"isPartOf\":{\"@id\":\"https:\/\/www.prodat.de\/cms\/#website\"},\"primaryImageOfPage\":{\"@id\":\"https:\/\/www.prodat.de\/cms\/loesungen#primaryimage\"},\"image\":{\"@id\":\"https:\/\/www.prodat.de\/cms\/loesungen#primaryimage\"},\"thumbnailUrl\":\"https:\/\/www.prodat.de\/cms\/wp-content\/uploads\/2024\/03\/prodat_bmon_mittellandkanal-300x202.jpg\",\"datePublished\":\"2020-09-02T07:33:05+00:00\",\"dateModified\":\"2024-03-25T10:18:18+00:00\",\"breadcrumb\":{\"@id\":\"https:\/\/www.prodat.de\/cms\/loesungen#breadcrumb\"},\"inLanguage\":\"en-US\",\"potentialAction\":[{\"@type\":\"ReadAction\",\"target\":[\"https:\/\/www.prodat.de\/cms\/loesungen\"]}]},{\"@type\":\"ImageObject\",\"inLanguage\":\"en-US\",\"@id\":\"https:\/\/www.prodat.de\/cms\/loesungen#primaryimage\",\"url\":\"https:\/\/www.prodat.de\/cms\/wp-content\/uploads\/2024\/03\/prodat_bmon_mittellandkanal.jpg\",\"contentUrl\":\"https:\/\/www.prodat.de\/cms\/wp-content\/uploads\/2024\/03\/prodat_bmon_mittellandkanal.jpg\",\"width\":2500,\"height\":1682,\"caption\":\"Messsystem Kanalbr\u00fccke Magdeburg - Luftbild des Wasserstra\u00dfenkreuzes\"},{\"@type\":\"BreadcrumbList\",\"@id\":\"https:\/\/www.prodat.de\/cms\/loesungen#breadcrumb\",\"itemListElement\":[{\"@type\":\"ListItem\",\"position\":1,\"name\":\"www.prodat.de\",\"item\":\"https:\/\/www.prodat.de\/cms\/\"},{\"@type\":\"ListItem\",\"position\":2,\"name\":\"L\u00f6sungen\"}]},{\"@type\":\"WebSite\",\"@id\":\"https:\/\/www.prodat.de\/cms\/#website\",\"url\":\"https:\/\/www.prodat.de\/cms\/\",\"name\":\"PRODAT (CMS)\",\"description\":\"L\u00f6sungen \/ Solutions\",\"publisher\":{\"@id\":\"https:\/\/www.prodat.de\/cms\/#organization\"},\"alternateName\":\"PRODAT Solutions\/L\u00f6sungen - Website\",\"potentialAction\":[{\"@type\":\"SearchAction\",\"target\":{\"@type\":\"EntryPoint\",\"urlTemplate\":\"https:\/\/www.prodat.de\/cms\/?s={search_term_string}\"},\"query-input\":\"required name=search_term_string\"}],\"inLanguage\":\"en-US\"},{\"@type\":\"Organization\",\"@id\":\"https:\/\/www.prodat.de\/cms\/#organization\",\"name\":\"PRODAT\",\"alternateName\":\"PRODAT L\u00f6sungen \/ Solutions\",\"url\":\"https:\/\/www.prodat.de\/cms\/\",\"logo\":{\"@type\":\"ImageObject\",\"inLanguage\":\"en-US\",\"@id\":\"https:\/\/www.prodat.de\/cms\/#\/schema\/logo\/image\/\",\"url\":\"https:\/\/www.prodat.de\/cms\/wp-content\/uploads\/2024\/03\/prodat_logo_h150px.jpg\",\"contentUrl\":\"https:\/\/www.prodat.de\/cms\/wp-content\/uploads\/2024\/03\/prodat_logo_h150px.jpg\",\"width\":560,\"height\":150,\"caption\":\"PRODAT\"},\"image\":{\"@id\":\"https:\/\/www.prodat.de\/cms\/#\/schema\/logo\/image\/\"}}]}<\/script>\n<!-- \/ Yoast SEO plugin. -->","yoast_head_json":{"title":"L\u00f6sungen - PRODAT","robots":{"index":"index","follow":"follow","max-snippet":"max-snippet:-1","max-image-preview":"max-image-preview:large","max-video-preview":"max-video-preview:-1"},"canonical":"https:\/\/www.prodat.de\/cms\/loesungen","og_locale":"en_US","og_type":"article","og_title":"L\u00f6sungen - PRODAT","og_description":"Ausgew\u00e4hlte L\u00f6sungen der PRODAT &#8211; Projekte &amp; Systeme Messsystem Kanalbr\u00fccke Magdeburg &#8211; Systeml\u00f6sung im Bereich der Bauwerks\u00fcberwachung &amp; Sensornetzwerke Messsystem an der Kanalbr\u00fccke Magdeburg zur Bauwerks\u00fcberwachung Messsystem Pumpwerk Sparschleuse Rothensee &#8211; Systeml\u00f6sung im Bereich der Bauwerks\u00fcberwachung &amp; Sensornetzwerke Messsystem am Pumpwerk der Sparschleuse Rothensee zur Bauwerks\u00fcberwachung Messsystem Bremspr\u00fcfanlage BPA SBB &#8211; Systeml\u00f6sung im Bereich der [&hellip;]","og_url":"https:\/\/www.prodat.de\/cms\/loesungen","og_site_name":"PRODAT","article_modified_time":"2024-03-25T10:18:18+00:00","og_image":[{"url":"https:\/\/www.prodat.de\/cms\/wp-content\/uploads\/2024\/03\/prodat_bmon_mittellandkanal-300x202.jpg"}],"twitter_card":"summary_large_image","twitter_misc":{"Est. reading time":"4 minutes"},"schema":{"@context":"https:\/\/schema.org","@graph":[{"@type":"WebPage","@id":"https:\/\/www.prodat.de\/cms\/loesungen","url":"https:\/\/www.prodat.de\/cms\/loesungen","name":"L\u00f6sungen - PRODAT","isPartOf":{"@id":"https:\/\/www.prodat.de\/cms\/#website"},"primaryImageOfPage":{"@id":"https:\/\/www.prodat.de\/cms\/loesungen#primaryimage"},"image":{"@id":"https:\/\/www.prodat.de\/cms\/loesungen#primaryimage"},"thumbnailUrl":"https:\/\/www.prodat.de\/cms\/wp-content\/uploads\/2024\/03\/prodat_bmon_mittellandkanal-300x202.jpg","datePublished":"2020-09-02T07:33:05+00:00","dateModified":"2024-03-25T10:18:18+00:00","breadcrumb":{"@id":"https:\/\/www.prodat.de\/cms\/loesungen#breadcrumb"},"inLanguage":"en-US","potentialAction":[{"@type":"ReadAction","target":["https:\/\/www.prodat.de\/cms\/loesungen"]}]},{"@type":"ImageObject","inLanguage":"en-US","@id":"https:\/\/www.prodat.de\/cms\/loesungen#primaryimage","url":"https:\/\/www.prodat.de\/cms\/wp-content\/uploads\/2024\/03\/prodat_bmon_mittellandkanal.jpg","contentUrl":"https:\/\/www.prodat.de\/cms\/wp-content\/uploads\/2024\/03\/prodat_bmon_mittellandkanal.jpg","width":2500,"height":1682,"caption":"Messsystem Kanalbr\u00fccke Magdeburg - Luftbild des Wasserstra\u00dfenkreuzes"},{"@type":"BreadcrumbList","@id":"https:\/\/www.prodat.de\/cms\/loesungen#breadcrumb","itemListElement":[{"@type":"ListItem","position":1,"name":"www.prodat.de","item":"https:\/\/www.prodat.de\/cms\/"},{"@type":"ListItem","position":2,"name":"L\u00f6sungen"}]},{"@type":"WebSite","@id":"https:\/\/www.prodat.de\/cms\/#website","url":"https:\/\/www.prodat.de\/cms\/","name":"PRODAT (CMS)","description":"L\u00f6sungen \/ Solutions","publisher":{"@id":"https:\/\/www.prodat.de\/cms\/#organization"},"alternateName":"PRODAT Solutions\/L\u00f6sungen - Website","potentialAction":[{"@type":"SearchAction","target":{"@type":"EntryPoint","urlTemplate":"https:\/\/www.prodat.de\/cms\/?s={search_term_string}"},"query-input":"required name=search_term_string"}],"inLanguage":"en-US"},{"@type":"Organization","@id":"https:\/\/www.prodat.de\/cms\/#organization","name":"PRODAT","alternateName":"PRODAT L\u00f6sungen \/ Solutions","url":"https:\/\/www.prodat.de\/cms\/","logo":{"@type":"ImageObject","inLanguage":"en-US","@id":"https:\/\/www.prodat.de\/cms\/#\/schema\/logo\/image\/","url":"https:\/\/www.prodat.de\/cms\/wp-content\/uploads\/2024\/03\/prodat_logo_h150px.jpg","contentUrl":"https:\/\/www.prodat.de\/cms\/wp-content\/uploads\/2024\/03\/prodat_logo_h150px.jpg","width":560,"height":150,"caption":"PRODAT"},"image":{"@id":"https:\/\/www.prodat.de\/cms\/#\/schema\/logo\/image\/"}}]}},"_links":{"self":[{"href":"https:\/\/www.prodat.de\/cms\/wp-json\/wp\/v2\/pages\/582"}],"collection":[{"href":"https:\/\/www.prodat.de\/cms\/wp-json\/wp\/v2\/pages"}],"about":[{"href":"https:\/\/www.prodat.de\/cms\/wp-json\/wp\/v2\/types\/page"}],"author":[{"embeddable":true,"href":"https:\/\/www.prodat.de\/cms\/wp-json\/wp\/v2\/users\/2"}],"replies":[{"embeddable":true,"href":"https:\/\/www.prodat.de\/cms\/wp-json\/wp\/v2\/comments?post=582"}],"version-history":[{"count":42,"href":"https:\/\/www.prodat.de\/cms\/wp-json\/wp\/v2\/pages\/582\/revisions"}],"predecessor-version":[{"id":6764,"href":"https:\/\/www.prodat.de\/cms\/wp-json\/wp\/v2\/pages\/582\/revisions\/6764"}],"wp:attachment":[{"href":"https:\/\/www.prodat.de\/cms\/wp-json\/wp\/v2\/media?parent=582"}],"curies":[{"name":"wp","href":"https:\/\/api.w.org\/{rel}","templated":true}]}}