{"id":5707,"date":"2024-03-21T11:33:41","date_gmt":"2024-03-21T10:33:41","guid":{"rendered":"https:\/\/www.prodat.de\/cms\/?page_id=5707"},"modified":"2024-03-22T14:01:58","modified_gmt":"2024-03-22T13:01:58","slug":"so-dgp-2","status":"publish","type":"page","link":"https:\/\/www.prodat.de\/cms\/produkte\/software\/so-dgp-2","title":{"rendered":"SO-DGP"},"content":{"rendered":"\n<h2 class=\"wp-block-heading has-text-align-center\">PRODAT SO-DGP <\/h2>\n\n\n\n<h2 class=\"wp-block-heading has-text-align-center\">Mess- und Pr\u00fcfsoftware f\u00fcr Drehgestellpr\u00fcfst\u00e4nde<\/h2>\n\n\n\n<p><\/p>\n\n\n\n<figure class=\"wp-block-gallery has-nested-images columns-default wp-block-gallery-1 is-layout-flex wp-block-gallery-is-layout-flex\">\n<figure class=\"wp-block-image size-full\"><img fetchpriority=\"high\" decoding=\"async\" width=\"1199\" height=\"767\" data-id=\"5703\" src=\"https:\/\/www.prodat.de\/cms\/wp-content\/uploads\/2024\/03\/so-dgp-1.jpg\" alt=\"\" class=\"wp-image-5703\" srcset=\"https:\/\/www.prodat.de\/cms\/wp-content\/uploads\/2024\/03\/so-dgp-1.jpg 1199w, https:\/\/www.prodat.de\/cms\/wp-content\/uploads\/2024\/03\/so-dgp-1-300x192.jpg 300w, https:\/\/www.prodat.de\/cms\/wp-content\/uploads\/2024\/03\/so-dgp-1-1024x655.jpg 1024w, https:\/\/www.prodat.de\/cms\/wp-content\/uploads\/2024\/03\/so-dgp-1-768x491.jpg 768w\" sizes=\"(max-width: 1199px) 100vw, 1199px\" \/><\/figure>\n\n\n\n<figure class=\"wp-block-image size-full\"><img decoding=\"async\" width=\"633\" height=\"835\" data-id=\"5702\" src=\"https:\/\/www.prodat.de\/cms\/wp-content\/uploads\/2024\/03\/so-dgp2.jpg\" alt=\"\" class=\"wp-image-5702\" srcset=\"https:\/\/www.prodat.de\/cms\/wp-content\/uploads\/2024\/03\/so-dgp2.jpg 633w, https:\/\/www.prodat.de\/cms\/wp-content\/uploads\/2024\/03\/so-dgp2-227x300.jpg 227w\" sizes=\"(max-width: 633px) 100vw, 633px\" \/><\/figure>\n\n\n\n<figure class=\"wp-block-image size-full\"><img decoding=\"async\" width=\"1201\" height=\"767\" data-id=\"5701\" src=\"https:\/\/www.prodat.de\/cms\/wp-content\/uploads\/2024\/03\/so-dgp3.jpg\" alt=\"\" class=\"wp-image-5701\" srcset=\"https:\/\/www.prodat.de\/cms\/wp-content\/uploads\/2024\/03\/so-dgp3.jpg 1201w, https:\/\/www.prodat.de\/cms\/wp-content\/uploads\/2024\/03\/so-dgp3-300x192.jpg 300w, https:\/\/www.prodat.de\/cms\/wp-content\/uploads\/2024\/03\/so-dgp3-1024x654.jpg 1024w, https:\/\/www.prodat.de\/cms\/wp-content\/uploads\/2024\/03\/so-dgp3-768x490.jpg 768w\" sizes=\"(max-width: 1201px) 100vw, 1201px\" \/><\/figure>\n<\/figure>\n\n\n\n<p>PRODAT\u00ae SO-DGP ist f\u00fcr die Pr\u00fcfung der Drehgestelle von Schienenfahrzeugen entwickelt worden. <\/p>\n\n\n\n<figure class=\"wp-block-image alignright size-medium\"><img loading=\"lazy\" decoding=\"async\" width=\"300\" height=\"182\" src=\"https:\/\/www.prodat.de\/cms\/wp-content\/uploads\/2024\/03\/so-dgp4-300x182.jpg\" alt=\"\" class=\"wp-image-5713\" srcset=\"https:\/\/www.prodat.de\/cms\/wp-content\/uploads\/2024\/03\/so-dgp4-300x182.jpg 300w, https:\/\/www.prodat.de\/cms\/wp-content\/uploads\/2024\/03\/so-dgp4-1024x623.jpg 1024w, https:\/\/www.prodat.de\/cms\/wp-content\/uploads\/2024\/03\/so-dgp4-768x467.jpg 768w, https:\/\/www.prodat.de\/cms\/wp-content\/uploads\/2024\/03\/so-dgp4-1536x934.jpg 1536w, https:\/\/www.prodat.de\/cms\/wp-content\/uploads\/2024\/03\/so-dgp4.jpg 1659w\" sizes=\"(max-width: 300px) 100vw, 300px\" \/><\/figure>\n\n\n\n<p>Sie erm\u00f6glicht die \u00dcberwachung von Entgleisungssicherheit, Laufg\u00fcte und Verschlei\u00dfverhalten durch die Analyse von Radlasten und -differenzen innerhalb des Fahrzeugs und der Drehgestelle gem\u00e4\u00df den Vorschriften wie DIN 25043-7. Durch Simulationen von Auflagerkr\u00e4ften k\u00f6nnen Anpassungen wie Federvorspannung oder Beilagenpositionierung vorgenommen werden, ohne dass ein Wagenkasten aufgesetzt werden muss. <\/p>\n\n\n\n<p>Die umfangreiche Fahrzeugdatenbank bietet Ihnen M\u00f6glichkeiten Sollwerte f\u00fcr Standardmessgr\u00f6\u00dfen, wie Radlastdifferenzen zu hinterlegen um automatisch einen Hinweis bei \u00dcberschreitung zul\u00e4ssiger Werte zur erhalten.<\/p>\n\n\n\n<p><\/p>\n\n\n\n<figure class=\"wp-block-image alignleft size-medium\"><img loading=\"lazy\" decoding=\"async\" width=\"300\" height=\"185\" src=\"https:\/\/www.prodat.de\/cms\/wp-content\/uploads\/2024\/03\/so-dgp5-300x185.jpg\" alt=\"\" class=\"wp-image-5714\" srcset=\"https:\/\/www.prodat.de\/cms\/wp-content\/uploads\/2024\/03\/so-dgp5-300x185.jpg 300w, https:\/\/www.prodat.de\/cms\/wp-content\/uploads\/2024\/03\/so-dgp5-1024x630.jpg 1024w, https:\/\/www.prodat.de\/cms\/wp-content\/uploads\/2024\/03\/so-dgp5-768x473.jpg 768w, https:\/\/www.prodat.de\/cms\/wp-content\/uploads\/2024\/03\/so-dgp5.jpg 1045w\" sizes=\"(max-width: 300px) 100vw, 300px\" \/><\/figure>\n\n\n\n<p>Dar\u00fcber hinaus k\u00f6nnen verschiedene geometrische Messwerte des Drehgestells ausgewertert werden. Unsere individuellen Anpassungen erlauben die Auswertungen von Rahmengeometrie-Ma\u00dfen als auch verschiedener z-Ma\u00dfe. Kundenspezifische Einbindung von Messwertgebern ist m\u00f6glich, z.B. digitale Schiebelehre ist m\u00f6glich.<\/p>\n\n\n\n<p><\/p>\n\n\n\n<p>Die Messresultate k\u00f6nnen wir \u00fcber ein Standardprotokoll gedruckt werden. Dar\u00fcberhinaus k\u00f6nnen auch direkt Excel-Dokumente erstellt werden. <\/p>\n\n\n\n<div style=\"height:var(--wp--preset--spacing--30)\" aria-hidden=\"true\" class=\"wp-block-spacer\"><\/div>\n\n\n\n<p><strong>PRODAT\u00ae SO-DGP Key Features<\/strong><\/p>\n\n\n\n<div class=\"wp-block-group has-base-2-color has-contrast-2-background-color has-text-color has-background has-link-color wp-elements-9098b0f2d96e320a98503aa95e54b335 is-nowrap is-layout-flex wp-container-core-group-layout-1 wp-block-group-is-layout-flex\" style=\"padding-top:var(--wp--preset--spacing--20);padding-right:var(--wp--preset--spacing--20);padding-bottom:var(--wp--preset--spacing--20);padding-left:var(--wp--preset--spacing--20)\">\n<figure class=\"wp-block-image size-full is-resized\"><img loading=\"lazy\" decoding=\"async\" width=\"1024\" height=\"1024\" src=\"https:\/\/www.prodat.de\/cms\/wp-content\/uploads\/2024\/03\/sw_features2.png\" alt=\"\" class=\"wp-image-5307\" style=\"width:350px;height:auto\" srcset=\"https:\/\/www.prodat.de\/cms\/wp-content\/uploads\/2024\/03\/sw_features2.png 1024w, https:\/\/www.prodat.de\/cms\/wp-content\/uploads\/2024\/03\/sw_features2-300x300.png 300w, https:\/\/www.prodat.de\/cms\/wp-content\/uploads\/2024\/03\/sw_features2-150x150.png 150w, https:\/\/www.prodat.de\/cms\/wp-content\/uploads\/2024\/03\/sw_features2-768x768.png 768w\" sizes=\"(max-width: 1024px) 100vw, 1024px\" \/><\/figure>\n\n\n\n<ul>\n<li>Erfassung, Visualisierung und Auswertung drehgestellbezogener Messgr\u00f6\u00dfen<\/li>\n\n\n\n<li>Protokolldruck in vorgefertigten Messprotokolle als auche frei erstellbarer Excelvorlagen<\/li>\n<\/ul>\n\n\n\n<ul>\n<li>Unterst\u00fctzung von Geometriewerten<\/li>\n\n\n\n<li>Schritt-f\u00fcr-Schritt-Abfolge f\u00fcr Pr\u00fcfablauf mit Ampelkennzeichnung f\u00fcr erfolgreich abgeschlossene Schritte<\/li>\n<\/ul>\n<\/div>\n\n\n\n<div class=\"wp-block-columns is-layout-flex wp-container-core-columns-layout-1 wp-block-columns-is-layout-flex\">\n<div class=\"wp-block-column is-layout-flow wp-block-column-is-layout-flow\" style=\"flex-basis:25%\"><\/div>\n\n\n\n<div class=\"wp-block-column is-layout-flow wp-block-column-is-layout-flow\" style=\"flex-basis:50%\">\n<div class=\"wp-block-group has-base-2-color has-contrast-3-background-color has-text-color has-background has-link-color wp-elements-3810631176716c4b641454926df17fe0 is-vertical is-content-justification-center is-layout-flex wp-container-core-group-layout-2 wp-block-group-is-layout-flex\" style=\"border-radius:22px;padding-top:var(--wp--preset--spacing--20);padding-right:var(--wp--preset--spacing--20);padding-bottom:var(--wp--preset--spacing--20);padding-left:var(--wp--preset--spacing--20)\">\n<figure class=\"wp-block-image size-medium has-custom-border wp-container-content-2\"><img loading=\"lazy\" decoding=\"async\" width=\"300\" height=\"300\" src=\"https:\/\/www.prodat.de\/cms\/wp-content\/uploads\/2024\/03\/update-300x300.jpg\" alt=\"\" class=\"wp-image-5330\" style=\"border-radius:78px;aspect-ratio:1;object-fit:cover\" srcset=\"https:\/\/www.prodat.de\/cms\/wp-content\/uploads\/2024\/03\/update-300x300.jpg 300w, https:\/\/www.prodat.de\/cms\/wp-content\/uploads\/2024\/03\/update-150x150.jpg 150w, https:\/\/www.prodat.de\/cms\/wp-content\/uploads\/2024\/03\/update-768x768.jpg 768w, https:\/\/www.prodat.de\/cms\/wp-content\/uploads\/2024\/03\/update.jpg 1024w\" sizes=\"(max-width: 300px) 100vw, 300px\" \/><\/figure>\n\n\n\n<p><strong>Immer auf dem aktuellsten Stand<\/strong>!<br><br>Mit dem Prodat Upgrade und Update-Service erhalten Sie Zugriff auf den aktuellsten Stand unserer Software.<br><br>Zus\u00e4tzlich verwalten wir Ihre Kalibrierdaten und Softwarekonfigurationen in einem f\u00fcr Sie jederzeit zug\u00e4nglichen, sicheren Onlinebereich.<br><br><\/p>\n\n\n\n<div class=\"wp-block-buttons is-content-justification-left is-layout-flex wp-container-core-buttons-layout-1 wp-block-buttons-is-layout-flex\">\n<div class=\"wp-block-button has-custom-width wp-block-button__width-75\"><a class=\"wp-block-button__link wp-element-button\" href=\"https:\/\/www.prodat.de\/cms\/kontakt\">Jetzt  anfragen<\/a><\/div>\n<\/div>\n\n\n\n<p><br><\/p>\n<\/div>\n<\/div>\n\n\n\n<div class=\"wp-block-column is-layout-flow wp-block-column-is-layout-flow\" style=\"flex-basis:25%\"><\/div>\n<\/div>\n","protected":false},"excerpt":{"rendered":"<p>PRODAT SO-DGP Mess- und Pr\u00fcfsoftware f\u00fcr Drehgestellpr\u00fcfst\u00e4nde PRODAT\u00ae SO-DGP ist f\u00fcr die Pr\u00fcfung der Drehgestelle von Schienenfahrzeugen entwickelt worden. Sie erm\u00f6glicht die \u00dcberwachung von Entgleisungssicherheit, Laufg\u00fcte und Verschlei\u00dfverhalten durch die Analyse von Radlasten und -differenzen innerhalb des Fahrzeugs und der Drehgestelle gem\u00e4\u00df den Vorschriften wie DIN 25043-7. Durch Simulationen von Auflagerkr\u00e4ften k\u00f6nnen Anpassungen wie Federvorspannung [&hellip;]<\/p>\n","protected":false},"author":1,"featured_media":0,"parent":4432,"menu_order":0,"comment_status":"closed","ping_status":"closed","template":"wp-custom-template-prodat-standard-inhalt","meta":{"footnotes":""},"yoast_head":"<!-- This site is optimized with the Yoast SEO plugin v22.2 - https:\/\/yoast.com\/wordpress\/plugins\/seo\/ -->\n<title>SO-DGP - PRODAT<\/title>\n<meta name=\"description\" content=\"PRODAT\u00ae SO-DGP \u2013 Mess- und Pr\u00fcfsoftware f\u00fcr Drehgestellpr\u00fcfst\u00e4nde\" \/>\n<meta name=\"robots\" content=\"index, follow, max-snippet:-1, max-image-preview:large, max-video-preview:-1\" \/>\n<link rel=\"canonical\" href=\"https:\/\/www.prodat.de\/cms\/produkte\/software\/so-dgp-2\" \/>\n<meta property=\"og:locale\" content=\"en_US\" \/>\n<meta property=\"og:type\" content=\"article\" \/>\n<meta property=\"og:title\" content=\"SO-DGP - PRODAT\" \/>\n<meta property=\"og:description\" content=\"PRODAT\u00ae SO-DGP \u2013 Mess- und Pr\u00fcfsoftware f\u00fcr Drehgestellpr\u00fcfst\u00e4nde\" \/>\n<meta property=\"og:url\" content=\"https:\/\/www.prodat.de\/cms\/produkte\/software\/so-dgp-2\" \/>\n<meta property=\"og:site_name\" content=\"PRODAT\" \/>\n<meta property=\"article:modified_time\" content=\"2024-03-22T13:01:58+00:00\" \/>\n<meta property=\"og:image\" content=\"https:\/\/www.prodat.de\/cms\/wp-content\/uploads\/2024\/03\/so-dgp-1.jpg\" \/>\n<meta name=\"twitter:card\" content=\"summary_large_image\" \/>\n<meta name=\"twitter:label1\" content=\"Est. reading time\" \/>\n\t<meta name=\"twitter:data1\" content=\"4 minutes\" \/>\n<script type=\"application\/ld+json\" class=\"yoast-schema-graph\">{\"@context\":\"https:\/\/schema.org\",\"@graph\":[{\"@type\":\"WebPage\",\"@id\":\"https:\/\/www.prodat.de\/cms\/produkte\/software\/so-dgp-2\",\"url\":\"https:\/\/www.prodat.de\/cms\/produkte\/software\/so-dgp-2\",\"name\":\"SO-DGP - PRODAT\",\"isPartOf\":{\"@id\":\"https:\/\/www.prodat.de\/cms\/#website\"},\"primaryImageOfPage\":{\"@id\":\"https:\/\/www.prodat.de\/cms\/produkte\/software\/so-dgp-2#primaryimage\"},\"image\":{\"@id\":\"https:\/\/www.prodat.de\/cms\/produkte\/software\/so-dgp-2#primaryimage\"},\"thumbnailUrl\":\"https:\/\/www.prodat.de\/cms\/wp-content\/uploads\/2024\/03\/so-dgp-1.jpg\",\"datePublished\":\"2024-03-21T10:33:41+00:00\",\"dateModified\":\"2024-03-22T13:01:58+00:00\",\"description\":\"PRODAT\u00ae SO-DGP \u2013 Mess- und Pr\u00fcfsoftware f\u00fcr Drehgestellpr\u00fcfst\u00e4nde\",\"breadcrumb\":{\"@id\":\"https:\/\/www.prodat.de\/cms\/produkte\/software\/so-dgp-2#breadcrumb\"},\"inLanguage\":\"en-US\",\"potentialAction\":[{\"@type\":\"ReadAction\",\"target\":[\"https:\/\/www.prodat.de\/cms\/produkte\/software\/so-dgp-2\"]}]},{\"@type\":\"ImageObject\",\"inLanguage\":\"en-US\",\"@id\":\"https:\/\/www.prodat.de\/cms\/produkte\/software\/so-dgp-2#primaryimage\",\"url\":\"https:\/\/www.prodat.de\/cms\/wp-content\/uploads\/2024\/03\/so-dgp-1.jpg\",\"contentUrl\":\"https:\/\/www.prodat.de\/cms\/wp-content\/uploads\/2024\/03\/so-dgp-1.jpg\",\"width\":1199,\"height\":767},{\"@type\":\"BreadcrumbList\",\"@id\":\"https:\/\/www.prodat.de\/cms\/produkte\/software\/so-dgp-2#breadcrumb\",\"itemListElement\":[{\"@type\":\"ListItem\",\"position\":1,\"name\":\"www.prodat.de\",\"item\":\"https:\/\/www.prodat.de\/cms\/\"},{\"@type\":\"ListItem\",\"position\":2,\"name\":\"Produkte der PRODAT\",\"item\":\"https:\/\/www.prodat.de\/cms\/produkte\"},{\"@type\":\"ListItem\",\"position\":3,\"name\":\"Software\",\"item\":\"https:\/\/www.prodat.de\/cms\/produkte\/software\"},{\"@type\":\"ListItem\",\"position\":4,\"name\":\"SO-DGP\"}]},{\"@type\":\"WebSite\",\"@id\":\"https:\/\/www.prodat.de\/cms\/#website\",\"url\":\"https:\/\/www.prodat.de\/cms\/\",\"name\":\"PRODAT (CMS)\",\"description\":\"L\u00f6sungen \/ Solutions\",\"publisher\":{\"@id\":\"https:\/\/www.prodat.de\/cms\/#organization\"},\"alternateName\":\"PRODAT Solutions\/L\u00f6sungen - Website\",\"potentialAction\":[{\"@type\":\"SearchAction\",\"target\":{\"@type\":\"EntryPoint\",\"urlTemplate\":\"https:\/\/www.prodat.de\/cms\/?s={search_term_string}\"},\"query-input\":\"required name=search_term_string\"}],\"inLanguage\":\"en-US\"},{\"@type\":\"Organization\",\"@id\":\"https:\/\/www.prodat.de\/cms\/#organization\",\"name\":\"PRODAT\",\"alternateName\":\"PRODAT L\u00f6sungen \/ Solutions\",\"url\":\"https:\/\/www.prodat.de\/cms\/\",\"logo\":{\"@type\":\"ImageObject\",\"inLanguage\":\"en-US\",\"@id\":\"https:\/\/www.prodat.de\/cms\/#\/schema\/logo\/image\/\",\"url\":\"https:\/\/www.prodat.de\/cms\/wp-content\/uploads\/2024\/03\/prodat_logo_h150px.jpg\",\"contentUrl\":\"https:\/\/www.prodat.de\/cms\/wp-content\/uploads\/2024\/03\/prodat_logo_h150px.jpg\",\"width\":560,\"height\":150,\"caption\":\"PRODAT\"},\"image\":{\"@id\":\"https:\/\/www.prodat.de\/cms\/#\/schema\/logo\/image\/\"}}]}<\/script>\n<!-- \/ Yoast SEO plugin. -->","yoast_head_json":{"title":"SO-DGP - PRODAT","description":"PRODAT\u00ae SO-DGP \u2013 Mess- und Pr\u00fcfsoftware f\u00fcr Drehgestellpr\u00fcfst\u00e4nde","robots":{"index":"index","follow":"follow","max-snippet":"max-snippet:-1","max-image-preview":"max-image-preview:large","max-video-preview":"max-video-preview:-1"},"canonical":"https:\/\/www.prodat.de\/cms\/produkte\/software\/so-dgp-2","og_locale":"en_US","og_type":"article","og_title":"SO-DGP - PRODAT","og_description":"PRODAT\u00ae SO-DGP \u2013 Mess- und Pr\u00fcfsoftware f\u00fcr Drehgestellpr\u00fcfst\u00e4nde","og_url":"https:\/\/www.prodat.de\/cms\/produkte\/software\/so-dgp-2","og_site_name":"PRODAT","article_modified_time":"2024-03-22T13:01:58+00:00","og_image":[{"url":"https:\/\/www.prodat.de\/cms\/wp-content\/uploads\/2024\/03\/so-dgp-1.jpg"}],"twitter_card":"summary_large_image","twitter_misc":{"Est. reading time":"4 minutes"},"schema":{"@context":"https:\/\/schema.org","@graph":[{"@type":"WebPage","@id":"https:\/\/www.prodat.de\/cms\/produkte\/software\/so-dgp-2","url":"https:\/\/www.prodat.de\/cms\/produkte\/software\/so-dgp-2","name":"SO-DGP - PRODAT","isPartOf":{"@id":"https:\/\/www.prodat.de\/cms\/#website"},"primaryImageOfPage":{"@id":"https:\/\/www.prodat.de\/cms\/produkte\/software\/so-dgp-2#primaryimage"},"image":{"@id":"https:\/\/www.prodat.de\/cms\/produkte\/software\/so-dgp-2#primaryimage"},"thumbnailUrl":"https:\/\/www.prodat.de\/cms\/wp-content\/uploads\/2024\/03\/so-dgp-1.jpg","datePublished":"2024-03-21T10:33:41+00:00","dateModified":"2024-03-22T13:01:58+00:00","description":"PRODAT\u00ae SO-DGP \u2013 Mess- und Pr\u00fcfsoftware f\u00fcr Drehgestellpr\u00fcfst\u00e4nde","breadcrumb":{"@id":"https:\/\/www.prodat.de\/cms\/produkte\/software\/so-dgp-2#breadcrumb"},"inLanguage":"en-US","potentialAction":[{"@type":"ReadAction","target":["https:\/\/www.prodat.de\/cms\/produkte\/software\/so-dgp-2"]}]},{"@type":"ImageObject","inLanguage":"en-US","@id":"https:\/\/www.prodat.de\/cms\/produkte\/software\/so-dgp-2#primaryimage","url":"https:\/\/www.prodat.de\/cms\/wp-content\/uploads\/2024\/03\/so-dgp-1.jpg","contentUrl":"https:\/\/www.prodat.de\/cms\/wp-content\/uploads\/2024\/03\/so-dgp-1.jpg","width":1199,"height":767},{"@type":"BreadcrumbList","@id":"https:\/\/www.prodat.de\/cms\/produkte\/software\/so-dgp-2#breadcrumb","itemListElement":[{"@type":"ListItem","position":1,"name":"www.prodat.de","item":"https:\/\/www.prodat.de\/cms\/"},{"@type":"ListItem","position":2,"name":"Produkte der PRODAT","item":"https:\/\/www.prodat.de\/cms\/produkte"},{"@type":"ListItem","position":3,"name":"Software","item":"https:\/\/www.prodat.de\/cms\/produkte\/software"},{"@type":"ListItem","position":4,"name":"SO-DGP"}]},{"@type":"WebSite","@id":"https:\/\/www.prodat.de\/cms\/#website","url":"https:\/\/www.prodat.de\/cms\/","name":"PRODAT (CMS)","description":"L\u00f6sungen \/ Solutions","publisher":{"@id":"https:\/\/www.prodat.de\/cms\/#organization"},"alternateName":"PRODAT Solutions\/L\u00f6sungen - Website","potentialAction":[{"@type":"SearchAction","target":{"@type":"EntryPoint","urlTemplate":"https:\/\/www.prodat.de\/cms\/?s={search_term_string}"},"query-input":"required name=search_term_string"}],"inLanguage":"en-US"},{"@type":"Organization","@id":"https:\/\/www.prodat.de\/cms\/#organization","name":"PRODAT","alternateName":"PRODAT L\u00f6sungen \/ Solutions","url":"https:\/\/www.prodat.de\/cms\/","logo":{"@type":"ImageObject","inLanguage":"en-US","@id":"https:\/\/www.prodat.de\/cms\/#\/schema\/logo\/image\/","url":"https:\/\/www.prodat.de\/cms\/wp-content\/uploads\/2024\/03\/prodat_logo_h150px.jpg","contentUrl":"https:\/\/www.prodat.de\/cms\/wp-content\/uploads\/2024\/03\/prodat_logo_h150px.jpg","width":560,"height":150,"caption":"PRODAT"},"image":{"@id":"https:\/\/www.prodat.de\/cms\/#\/schema\/logo\/image\/"}}]}},"_links":{"self":[{"href":"https:\/\/www.prodat.de\/cms\/wp-json\/wp\/v2\/pages\/5707"}],"collection":[{"href":"https:\/\/www.prodat.de\/cms\/wp-json\/wp\/v2\/pages"}],"about":[{"href":"https:\/\/www.prodat.de\/cms\/wp-json\/wp\/v2\/types\/page"}],"author":[{"embeddable":true,"href":"https:\/\/www.prodat.de\/cms\/wp-json\/wp\/v2\/users\/1"}],"replies":[{"embeddable":true,"href":"https:\/\/www.prodat.de\/cms\/wp-json\/wp\/v2\/comments?post=5707"}],"version-history":[{"count":11,"href":"https:\/\/www.prodat.de\/cms\/wp-json\/wp\/v2\/pages\/5707\/revisions"}],"predecessor-version":[{"id":6327,"href":"https:\/\/www.prodat.de\/cms\/wp-json\/wp\/v2\/pages\/5707\/revisions\/6327"}],"up":[{"embeddable":true,"href":"https:\/\/www.prodat.de\/cms\/wp-json\/wp\/v2\/pages\/4432"}],"wp:attachment":[{"href":"https:\/\/www.prodat.de\/cms\/wp-json\/wp\/v2\/media?parent=5707"}],"curies":[{"name":"wp","href":"https:\/\/api.w.org\/{rel}","templated":true}]}}