{"id":4467,"date":"2024-03-18T11:43:59","date_gmt":"2024-03-18T10:43:59","guid":{"rendered":"https:\/\/www.prodat.de\/cms\/?page_id=4467"},"modified":"2024-03-22T14:17:23","modified_gmt":"2024-03-22T13:17:23","slug":"so-xkm","status":"publish","type":"page","link":"https:\/\/www.prodat.de\/cms\/produkte\/software\/so-xkm","title":{"rendered":"SO-XKM"},"content":{"rendered":"\n<h2 class=\"wp-block-heading has-text-align-center\">PRODAT SO-XKM <br>Die n\u00e4chste Generation der Mess- und Pr\u00fcfsoftware<\/h2>\n\n\n\n<div class=\"wp-block-columns are-vertically-aligned-center is-layout-flex wp-container-core-columns-layout-1 wp-block-columns-is-layout-flex\">\n<div class=\"wp-block-column is-vertically-aligned-center is-layout-flow wp-block-column-is-layout-flow\" style=\"flex-basis:66.66%\">\n<figure class=\"wp-block-gallery has-nested-images columns-default is-cropped wp-block-gallery-1 is-layout-flex wp-block-gallery-is-layout-flex\">\n<figure class=\"wp-block-image size-large\"><img fetchpriority=\"high\" decoding=\"async\" width=\"1023\" height=\"800\" src=\"https:\/\/www.prodat.de\/cms\/wp-content\/uploads\/2024\/03\/so_xkm1.jpg\" alt=\"\" class=\"wp-image-4478\" srcset=\"https:\/\/www.prodat.de\/cms\/wp-content\/uploads\/2024\/03\/so_xkm1.jpg 1023w, https:\/\/www.prodat.de\/cms\/wp-content\/uploads\/2024\/03\/so_xkm1-300x235.jpg 300w, https:\/\/www.prodat.de\/cms\/wp-content\/uploads\/2024\/03\/so_xkm1-768x601.jpg 768w\" sizes=\"(max-width: 1023px) 100vw, 1023px\" \/><\/figure>\n\n\n\n<figure class=\"wp-block-image size-large\"><img decoding=\"async\" width=\"1024\" height=\"768\" src=\"https:\/\/www.prodat.de\/cms\/wp-content\/uploads\/2024\/03\/so_xkm2.png\" alt=\"\" class=\"wp-image-4614\" srcset=\"https:\/\/www.prodat.de\/cms\/wp-content\/uploads\/2024\/03\/so_xkm2.png 1024w, https:\/\/www.prodat.de\/cms\/wp-content\/uploads\/2024\/03\/so_xkm2-300x225.png 300w, https:\/\/www.prodat.de\/cms\/wp-content\/uploads\/2024\/03\/so_xkm2-768x576.png 768w\" sizes=\"(max-width: 1024px) 100vw, 1024px\" \/><\/figure>\n<\/figure>\n<\/div>\n\n\n\n<div class=\"wp-block-column is-vertically-aligned-center is-layout-flow wp-block-column-is-layout-flow\" style=\"flex-basis:33.33%\"><\/div>\n<\/div>\n\n\n\n<p>PRODAT\u00ae SO-XKM markiert einen bedeutenden Schritt vorw\u00e4rts in der Welt der Mess- und Pr\u00fcfsoftware. Als eine fortschrittliche Neuentwicklung vereint SO-XKM das Beste aus zwei bew\u00e4hrten L\u00f6sungen \u2013 SO-RKM und SO-BKM \u2013 und bietet eine umfassende Plattform, die auf Ihre spezifischen Anforderungen zugeschnitten werden kann.<\/p>\n\n\n\n<p>Unser Fokus liegt auf der Bereitstellung einer Software, die passend konfiguriert werden kann, um Ihre individuellen Bed\u00fcrfnisse zu erf\u00fcllen. Mit SO-XKM erhalten Sie vielf\u00e4ltigere Konfigurationsm\u00f6glichkeiten als je zuvor. Egal, ob Sie Messdaten erfassen, Pr\u00fcfungen durchf\u00fchren oder Protokolle erstellen m\u00f6chten \u2013 SO-XKM ist flexibel konfigurierbar und passt sich Ihren Anforderungen an.<\/p>\n\n\n\n<p>Wir haben SO-XKM mit Blick auf die Zukunft optimiert. Unsere Software ist darauf ausgerichtet, den sich st\u00e4ndig \u00e4ndernden Anforderungen und Technologien gerecht zu werden. Durch kontinuierliche Weiterentwicklung und Anpassung bleiben Sie mit SO-XKM stets auf dem neuesten Stand und k\u00f6nnen sicher sein, dass Ihre Mess- und Pr\u00fcfprozesse effizient und zuverl\u00e4ssig bleiben.<\/p>\n\n\n\n<p>Derzeit befindet sich PRODAT\u00ae SO-XKM noch in Entwicklung<\/p>\n\n\n\n<div class=\"wp-block-columns is-layout-flex wp-container-core-columns-layout-2 wp-block-columns-is-layout-flex\">\n<div class=\"wp-block-column is-layout-flow wp-block-column-is-layout-flow\" style=\"flex-basis:25%\"><\/div>\n\n\n\n<div class=\"wp-block-column is-layout-flow wp-block-column-is-layout-flow\" style=\"flex-basis:50%\">\n<div class=\"wp-block-group has-base-2-color has-contrast-3-background-color has-text-color has-background has-link-color wp-elements-3810631176716c4b641454926df17fe0 is-vertical is-content-justification-center is-layout-flex wp-container-core-group-layout-1 wp-block-group-is-layout-flex\" style=\"border-radius:22px;padding-top:var(--wp--preset--spacing--20);padding-right:var(--wp--preset--spacing--20);padding-bottom:var(--wp--preset--spacing--20);padding-left:var(--wp--preset--spacing--20)\">\n<figure class=\"wp-block-image size-medium has-custom-border wp-container-content-2\"><img decoding=\"async\" width=\"300\" height=\"300\" src=\"https:\/\/www.prodat.de\/cms\/wp-content\/uploads\/2024\/03\/update-300x300.jpg\" alt=\"\" class=\"wp-image-5330\" style=\"border-radius:78px;aspect-ratio:1;object-fit:cover\" srcset=\"https:\/\/www.prodat.de\/cms\/wp-content\/uploads\/2024\/03\/update-300x300.jpg 300w, https:\/\/www.prodat.de\/cms\/wp-content\/uploads\/2024\/03\/update-150x150.jpg 150w, https:\/\/www.prodat.de\/cms\/wp-content\/uploads\/2024\/03\/update-768x768.jpg 768w, https:\/\/www.prodat.de\/cms\/wp-content\/uploads\/2024\/03\/update.jpg 1024w\" sizes=\"(max-width: 300px) 100vw, 300px\" \/><\/figure>\n\n\n\n<p><strong>Immer auf dem aktuellsten Stand<\/strong>!<br><br>Mit dem Prodat Upgrade und Update-Service erhalten Sie Zugriff auf den aktuellsten Stand unserer Software.<br><br>Zus\u00e4tzlich verwalten wir Ihre Kalibrierdaten und Softwarekonfigurationen in einem f\u00fcr Sie jederzeit zug\u00e4nglichen, sicheren Onlinebereich.<br><br><\/p>\n\n\n\n<div class=\"wp-block-buttons is-content-justification-left is-layout-flex wp-container-core-buttons-layout-1 wp-block-buttons-is-layout-flex\">\n<div class=\"wp-block-button has-custom-width wp-block-button__width-75\"><a class=\"wp-block-button__link wp-element-button\" href=\"https:\/\/www.prodat.de\/cms\/kontakt\">Jetzt  anfragen<\/a><\/div>\n<\/div>\n\n\n\n<p><br><\/p>\n<\/div>\n<\/div>\n\n\n\n<div class=\"wp-block-column is-layout-flow wp-block-column-is-layout-flow\" style=\"flex-basis:25%\"><\/div>\n<\/div>\n","protected":false},"excerpt":{"rendered":"<p>PRODAT SO-XKM Die n\u00e4chste Generation der Mess- und Pr\u00fcfsoftware PRODAT\u00ae SO-XKM markiert einen bedeutenden Schritt vorw\u00e4rts in der Welt der Mess- und Pr\u00fcfsoftware. Als eine fortschrittliche Neuentwicklung vereint SO-XKM das Beste aus zwei bew\u00e4hrten L\u00f6sungen \u2013 SO-RKM und SO-BKM \u2013 und bietet eine umfassende Plattform, die auf Ihre spezifischen Anforderungen zugeschnitten werden kann. Unser Fokus [&hellip;]<\/p>\n","protected":false},"author":1,"featured_media":0,"parent":4432,"menu_order":0,"comment_status":"closed","ping_status":"closed","template":"wp-custom-template-prodat-standard-inhalt","meta":{"footnotes":""},"yoast_head":"<!-- This site is optimized with the Yoast SEO plugin v22.2 - https:\/\/yoast.com\/wordpress\/plugins\/seo\/ -->\n<title>SO-XKM - PRODAT<\/title>\n<meta name=\"description\" content=\"SO-XKM \u2013 die n\u00e4chste Generation der Mess- und Pr\u00fcfsoftware\" \/>\n<meta name=\"robots\" content=\"index, follow, max-snippet:-1, max-image-preview:large, max-video-preview:-1\" \/>\n<link rel=\"canonical\" href=\"https:\/\/www.prodat.de\/cms\/produkte\/software\/so-xkm\" \/>\n<meta property=\"og:locale\" content=\"en_US\" \/>\n<meta property=\"og:type\" content=\"article\" \/>\n<meta property=\"og:title\" content=\"SO-XKM - PRODAT\" \/>\n<meta property=\"og:description\" content=\"SO-XKM \u2013 die n\u00e4chste Generation der Mess- und Pr\u00fcfsoftware\" \/>\n<meta property=\"og:url\" content=\"https:\/\/www.prodat.de\/cms\/produkte\/software\/so-xkm\" \/>\n<meta property=\"og:site_name\" content=\"PRODAT\" \/>\n<meta property=\"article:modified_time\" content=\"2024-03-22T13:17:23+00:00\" \/>\n<meta property=\"og:image\" content=\"https:\/\/www.prodat.de\/cms\/wp-content\/uploads\/2024\/03\/so_xkm1.jpg\" \/>\n<meta name=\"twitter:card\" content=\"summary_large_image\" \/>\n<meta name=\"twitter:label1\" content=\"Est. reading time\" \/>\n\t<meta name=\"twitter:data1\" content=\"3 minutes\" \/>\n<script type=\"application\/ld+json\" class=\"yoast-schema-graph\">{\"@context\":\"https:\/\/schema.org\",\"@graph\":[{\"@type\":\"WebPage\",\"@id\":\"https:\/\/www.prodat.de\/cms\/produkte\/software\/so-xkm\",\"url\":\"https:\/\/www.prodat.de\/cms\/produkte\/software\/so-xkm\",\"name\":\"SO-XKM - PRODAT\",\"isPartOf\":{\"@id\":\"https:\/\/www.prodat.de\/cms\/#website\"},\"primaryImageOfPage\":{\"@id\":\"https:\/\/www.prodat.de\/cms\/produkte\/software\/so-xkm#primaryimage\"},\"image\":{\"@id\":\"https:\/\/www.prodat.de\/cms\/produkte\/software\/so-xkm#primaryimage\"},\"thumbnailUrl\":\"https:\/\/www.prodat.de\/cms\/wp-content\/uploads\/2024\/03\/so_xkm1.jpg\",\"datePublished\":\"2024-03-18T10:43:59+00:00\",\"dateModified\":\"2024-03-22T13:17:23+00:00\",\"description\":\"SO-XKM \u2013 die n\u00e4chste Generation der Mess- und Pr\u00fcfsoftware\",\"breadcrumb\":{\"@id\":\"https:\/\/www.prodat.de\/cms\/produkte\/software\/so-xkm#breadcrumb\"},\"inLanguage\":\"en-US\",\"potentialAction\":[{\"@type\":\"ReadAction\",\"target\":[\"https:\/\/www.prodat.de\/cms\/produkte\/software\/so-xkm\"]}]},{\"@type\":\"ImageObject\",\"inLanguage\":\"en-US\",\"@id\":\"https:\/\/www.prodat.de\/cms\/produkte\/software\/so-xkm#primaryimage\",\"url\":\"https:\/\/www.prodat.de\/cms\/wp-content\/uploads\/2024\/03\/so_xkm1.jpg\",\"contentUrl\":\"https:\/\/www.prodat.de\/cms\/wp-content\/uploads\/2024\/03\/so_xkm1.jpg\",\"width\":1023,\"height\":800},{\"@type\":\"BreadcrumbList\",\"@id\":\"https:\/\/www.prodat.de\/cms\/produkte\/software\/so-xkm#breadcrumb\",\"itemListElement\":[{\"@type\":\"ListItem\",\"position\":1,\"name\":\"www.prodat.de\",\"item\":\"https:\/\/www.prodat.de\/cms\/\"},{\"@type\":\"ListItem\",\"position\":2,\"name\":\"Produkte der PRODAT\",\"item\":\"https:\/\/www.prodat.de\/cms\/produkte\"},{\"@type\":\"ListItem\",\"position\":3,\"name\":\"Software\",\"item\":\"https:\/\/www.prodat.de\/cms\/produkte\/software\"},{\"@type\":\"ListItem\",\"position\":4,\"name\":\"SO-XKM\"}]},{\"@type\":\"WebSite\",\"@id\":\"https:\/\/www.prodat.de\/cms\/#website\",\"url\":\"https:\/\/www.prodat.de\/cms\/\",\"name\":\"PRODAT (CMS)\",\"description\":\"L\u00f6sungen \/ Solutions\",\"publisher\":{\"@id\":\"https:\/\/www.prodat.de\/cms\/#organization\"},\"alternateName\":\"PRODAT Solutions\/L\u00f6sungen - Website\",\"potentialAction\":[{\"@type\":\"SearchAction\",\"target\":{\"@type\":\"EntryPoint\",\"urlTemplate\":\"https:\/\/www.prodat.de\/cms\/?s={search_term_string}\"},\"query-input\":\"required name=search_term_string\"}],\"inLanguage\":\"en-US\"},{\"@type\":\"Organization\",\"@id\":\"https:\/\/www.prodat.de\/cms\/#organization\",\"name\":\"PRODAT\",\"alternateName\":\"PRODAT L\u00f6sungen \/ Solutions\",\"url\":\"https:\/\/www.prodat.de\/cms\/\",\"logo\":{\"@type\":\"ImageObject\",\"inLanguage\":\"en-US\",\"@id\":\"https:\/\/www.prodat.de\/cms\/#\/schema\/logo\/image\/\",\"url\":\"https:\/\/www.prodat.de\/cms\/wp-content\/uploads\/2024\/03\/prodat_logo_h150px.jpg\",\"contentUrl\":\"https:\/\/www.prodat.de\/cms\/wp-content\/uploads\/2024\/03\/prodat_logo_h150px.jpg\",\"width\":560,\"height\":150,\"caption\":\"PRODAT\"},\"image\":{\"@id\":\"https:\/\/www.prodat.de\/cms\/#\/schema\/logo\/image\/\"}}]}<\/script>\n<!-- \/ Yoast SEO plugin. -->","yoast_head_json":{"title":"SO-XKM - PRODAT","description":"SO-XKM \u2013 die n\u00e4chste Generation der Mess- und Pr\u00fcfsoftware","robots":{"index":"index","follow":"follow","max-snippet":"max-snippet:-1","max-image-preview":"max-image-preview:large","max-video-preview":"max-video-preview:-1"},"canonical":"https:\/\/www.prodat.de\/cms\/produkte\/software\/so-xkm","og_locale":"en_US","og_type":"article","og_title":"SO-XKM - PRODAT","og_description":"SO-XKM \u2013 die n\u00e4chste Generation der Mess- und Pr\u00fcfsoftware","og_url":"https:\/\/www.prodat.de\/cms\/produkte\/software\/so-xkm","og_site_name":"PRODAT","article_modified_time":"2024-03-22T13:17:23+00:00","og_image":[{"url":"https:\/\/www.prodat.de\/cms\/wp-content\/uploads\/2024\/03\/so_xkm1.jpg"}],"twitter_card":"summary_large_image","twitter_misc":{"Est. reading time":"3 minutes"},"schema":{"@context":"https:\/\/schema.org","@graph":[{"@type":"WebPage","@id":"https:\/\/www.prodat.de\/cms\/produkte\/software\/so-xkm","url":"https:\/\/www.prodat.de\/cms\/produkte\/software\/so-xkm","name":"SO-XKM - PRODAT","isPartOf":{"@id":"https:\/\/www.prodat.de\/cms\/#website"},"primaryImageOfPage":{"@id":"https:\/\/www.prodat.de\/cms\/produkte\/software\/so-xkm#primaryimage"},"image":{"@id":"https:\/\/www.prodat.de\/cms\/produkte\/software\/so-xkm#primaryimage"},"thumbnailUrl":"https:\/\/www.prodat.de\/cms\/wp-content\/uploads\/2024\/03\/so_xkm1.jpg","datePublished":"2024-03-18T10:43:59+00:00","dateModified":"2024-03-22T13:17:23+00:00","description":"SO-XKM \u2013 die n\u00e4chste Generation der Mess- und Pr\u00fcfsoftware","breadcrumb":{"@id":"https:\/\/www.prodat.de\/cms\/produkte\/software\/so-xkm#breadcrumb"},"inLanguage":"en-US","potentialAction":[{"@type":"ReadAction","target":["https:\/\/www.prodat.de\/cms\/produkte\/software\/so-xkm"]}]},{"@type":"ImageObject","inLanguage":"en-US","@id":"https:\/\/www.prodat.de\/cms\/produkte\/software\/so-xkm#primaryimage","url":"https:\/\/www.prodat.de\/cms\/wp-content\/uploads\/2024\/03\/so_xkm1.jpg","contentUrl":"https:\/\/www.prodat.de\/cms\/wp-content\/uploads\/2024\/03\/so_xkm1.jpg","width":1023,"height":800},{"@type":"BreadcrumbList","@id":"https:\/\/www.prodat.de\/cms\/produkte\/software\/so-xkm#breadcrumb","itemListElement":[{"@type":"ListItem","position":1,"name":"www.prodat.de","item":"https:\/\/www.prodat.de\/cms\/"},{"@type":"ListItem","position":2,"name":"Produkte der PRODAT","item":"https:\/\/www.prodat.de\/cms\/produkte"},{"@type":"ListItem","position":3,"name":"Software","item":"https:\/\/www.prodat.de\/cms\/produkte\/software"},{"@type":"ListItem","position":4,"name":"SO-XKM"}]},{"@type":"WebSite","@id":"https:\/\/www.prodat.de\/cms\/#website","url":"https:\/\/www.prodat.de\/cms\/","name":"PRODAT (CMS)","description":"L\u00f6sungen \/ Solutions","publisher":{"@id":"https:\/\/www.prodat.de\/cms\/#organization"},"alternateName":"PRODAT Solutions\/L\u00f6sungen - Website","potentialAction":[{"@type":"SearchAction","target":{"@type":"EntryPoint","urlTemplate":"https:\/\/www.prodat.de\/cms\/?s={search_term_string}"},"query-input":"required name=search_term_string"}],"inLanguage":"en-US"},{"@type":"Organization","@id":"https:\/\/www.prodat.de\/cms\/#organization","name":"PRODAT","alternateName":"PRODAT L\u00f6sungen \/ Solutions","url":"https:\/\/www.prodat.de\/cms\/","logo":{"@type":"ImageObject","inLanguage":"en-US","@id":"https:\/\/www.prodat.de\/cms\/#\/schema\/logo\/image\/","url":"https:\/\/www.prodat.de\/cms\/wp-content\/uploads\/2024\/03\/prodat_logo_h150px.jpg","contentUrl":"https:\/\/www.prodat.de\/cms\/wp-content\/uploads\/2024\/03\/prodat_logo_h150px.jpg","width":560,"height":150,"caption":"PRODAT"},"image":{"@id":"https:\/\/www.prodat.de\/cms\/#\/schema\/logo\/image\/"}}]}},"_links":{"self":[{"href":"https:\/\/www.prodat.de\/cms\/wp-json\/wp\/v2\/pages\/4467"}],"collection":[{"href":"https:\/\/www.prodat.de\/cms\/wp-json\/wp\/v2\/pages"}],"about":[{"href":"https:\/\/www.prodat.de\/cms\/wp-json\/wp\/v2\/types\/page"}],"author":[{"embeddable":true,"href":"https:\/\/www.prodat.de\/cms\/wp-json\/wp\/v2\/users\/1"}],"replies":[{"embeddable":true,"href":"https:\/\/www.prodat.de\/cms\/wp-json\/wp\/v2\/comments?post=4467"}],"version-history":[{"count":8,"href":"https:\/\/www.prodat.de\/cms\/wp-json\/wp\/v2\/pages\/4467\/revisions"}],"predecessor-version":[{"id":6350,"href":"https:\/\/www.prodat.de\/cms\/wp-json\/wp\/v2\/pages\/4467\/revisions\/6350"}],"up":[{"embeddable":true,"href":"https:\/\/www.prodat.de\/cms\/wp-json\/wp\/v2\/pages\/4432"}],"wp:attachment":[{"href":"https:\/\/www.prodat.de\/cms\/wp-json\/wp\/v2\/media?parent=4467"}],"curies":[{"name":"wp","href":"https:\/\/api.w.org\/{rel}","templated":true}]}}