{"id":4462,"date":"2024-03-18T11:43:31","date_gmt":"2024-03-18T10:43:31","guid":{"rendered":"https:\/\/www.prodat.de\/cms\/?page_id=4462"},"modified":"2024-03-22T14:01:27","modified_gmt":"2024-03-22T13:01:27","slug":"so-bkm","status":"publish","type":"page","link":"https:\/\/www.prodat.de\/cms\/produkte\/software\/so-bkm","title":{"rendered":"SO-BKM"},"content":{"rendered":"\n<h2 class=\"wp-block-heading has-text-align-center\">PRODAT SO-BKM <\/h2>\n\n\n\n<h2 class=\"wp-block-heading has-text-align-center\">Mess- und Pr\u00fcfsoftware f\u00fcr die Bremsen von Schienenfahrzeugen<\/h2>\n\n\n\n<p><\/p>\n\n\n\n<figure class=\"wp-block-gallery has-nested-images columns-default is-cropped wp-block-gallery-1 is-layout-flex wp-block-gallery-is-layout-flex\">\n<figure class=\"wp-block-image size-large\"><img fetchpriority=\"high\" decoding=\"async\" width=\"1013\" height=\"764\" data-id=\"4477\" src=\"https:\/\/www.prodat.de\/cms\/wp-content\/uploads\/2024\/03\/so_bkm1.jpg\" alt=\"\" class=\"wp-image-4477\" srcset=\"https:\/\/www.prodat.de\/cms\/wp-content\/uploads\/2024\/03\/so_bkm1.jpg 1013w, https:\/\/www.prodat.de\/cms\/wp-content\/uploads\/2024\/03\/so_bkm1-300x226.jpg 300w, https:\/\/www.prodat.de\/cms\/wp-content\/uploads\/2024\/03\/so_bkm1-768x579.jpg 768w\" sizes=\"(max-width: 1013px) 100vw, 1013px\" \/><\/figure>\n\n\n\n<figure class=\"wp-block-image size-full\"><img decoding=\"async\" width=\"810\" height=\"570\" data-id=\"4591\" src=\"https:\/\/www.prodat.de\/cms\/wp-content\/uploads\/2024\/03\/so_bkm2.jpg\" alt=\"\" class=\"wp-image-4591\" srcset=\"https:\/\/www.prodat.de\/cms\/wp-content\/uploads\/2024\/03\/so_bkm2.jpg 810w, https:\/\/www.prodat.de\/cms\/wp-content\/uploads\/2024\/03\/so_bkm2-300x211.jpg 300w, https:\/\/www.prodat.de\/cms\/wp-content\/uploads\/2024\/03\/so_bkm2-768x540.jpg 768w\" sizes=\"(max-width: 810px) 100vw, 810px\" \/><\/figure>\n\n\n\n<figure class=\"wp-block-image size-large\"><img decoding=\"async\" width=\"1024\" height=\"722\" data-id=\"4580\" src=\"https:\/\/www.prodat.de\/cms\/wp-content\/uploads\/2024\/03\/image038-1024x722.jpg\" alt=\"\" class=\"wp-image-4580\" srcset=\"https:\/\/www.prodat.de\/cms\/wp-content\/uploads\/2024\/03\/image038-1024x722.jpg 1024w, https:\/\/www.prodat.de\/cms\/wp-content\/uploads\/2024\/03\/image038-300x212.jpg 300w, https:\/\/www.prodat.de\/cms\/wp-content\/uploads\/2024\/03\/image038-768x542.jpg 768w, https:\/\/www.prodat.de\/cms\/wp-content\/uploads\/2024\/03\/image038.jpg 1382w\" sizes=\"(max-width: 1024px) 100vw, 1024px\" \/><\/figure>\n<\/figure>\n\n\n\n<figure class=\"wp-block-image alignright size-medium\"><img loading=\"lazy\" decoding=\"async\" width=\"300\" height=\"225\" src=\"https:\/\/www.prodat.de\/cms\/wp-content\/uploads\/2024\/03\/doc_fahrzeuge_edit_DE-300x225.jpg\" alt=\"\" class=\"wp-image-5381\" srcset=\"https:\/\/www.prodat.de\/cms\/wp-content\/uploads\/2024\/03\/doc_fahrzeuge_edit_DE-300x225.jpg 300w, https:\/\/www.prodat.de\/cms\/wp-content\/uploads\/2024\/03\/doc_fahrzeuge_edit_DE.jpg 717w\" sizes=\"(max-width: 300px) 100vw, 300px\" \/><\/figure>\n\n\n\n<p>PRODAT\u00ae SO-BKM ist eine leistungsstarke Mess- und Pr\u00fcfsoftware, die unverzichtbar f\u00fcr Ihr Messsystem ist. Entwickelt, um die anspruchsvollen Anforderungen verschiedener Industriezweige zu erf\u00fcllen, bietet unsere Software eine Vielzahl von Funktionen, um Messdaten zu erfassen, zu visualisieren, auszuwerten und zu verwalten.<\/p>\n\n\n\n<p>Die umfangreiche Baureihen- Fahrzeugdatenbankverwaltung PRODAT\u00ae SO-BKM erm\u00f6glicht es alle relevanten Daten zu erfassen. Hinterlegte Sollwerte f\u00fcr Kraft und Druck erleichtert Ihnen die Pr\u00fcfung auf Einhaltung der Messwerte durch automatische Fehlerpr\u00fcfung- und Anzeige.<\/p>\n\n\n\n<figure class=\"wp-block-image alignleft size-medium\"><img loading=\"lazy\" decoding=\"async\" width=\"286\" height=\"300\" src=\"https:\/\/www.prodat.de\/cms\/wp-content\/uploads\/2024\/03\/doc_ausw_messverfahren_DE-286x300.png\" alt=\"\" class=\"wp-image-5408\" srcset=\"https:\/\/www.prodat.de\/cms\/wp-content\/uploads\/2024\/03\/doc_ausw_messverfahren_DE-286x300.png 286w, https:\/\/www.prodat.de\/cms\/wp-content\/uploads\/2024\/03\/doc_ausw_messverfahren_DE.png 493w\" sizes=\"(max-width: 286px) 100vw, 286px\" \/><\/figure>\n\n\n\n<p>Sie k\u00f6nnen wahlweise freie Messungen im Osszilloskop- oder Multimetermodus durchf\u00fchren. Erfassen Sie alle Messwerte von alle Sensoren und erzeugen Sie im Anschluss Messprotokolle oder Werten die als *.csv-Datei bereitgestellten Messdaten aus.<\/p>\n\n\n\n<figure class=\"wp-block-image alignright size-medium\"><img loading=\"lazy\" decoding=\"async\" width=\"300\" height=\"226\" src=\"https:\/\/www.prodat.de\/cms\/wp-content\/uploads\/2024\/03\/so_oszill_3-300x226.png\" alt=\"\" class=\"wp-image-5414\" srcset=\"https:\/\/www.prodat.de\/cms\/wp-content\/uploads\/2024\/03\/so_oszill_3-300x226.png 300w, https:\/\/www.prodat.de\/cms\/wp-content\/uploads\/2024\/03\/so_oszill_3-768x578.png 768w, https:\/\/www.prodat.de\/cms\/wp-content\/uploads\/2024\/03\/so_oszill_3.png 1016w\" sizes=\"(max-width: 300px) 100vw, 300px\" \/><\/figure>\n\n\n\n<p><br>Im gef\u00fchrten Messmodus stehen dar\u00fcber hinaus verschiedene vorgefertigte aber anpassbare Messoptionen bereit, um einen Bremsvorgang zu pr\u00fcfen. Kraftwerte sowie Aufbau- und L\u00f6sezeiten werden ermittelt und gegen die hinterlegten Sollwerte gepr\u00fcft.  <\/p>\n\n\n\n<p>Auch hier k\u00f6nnen die Messergebnisse in einem Protokoll dargestellt werden. Dank des *.csv-Export k\u00f6nnen Sie die Messdaten auch beliebig weiter Auswerten und in eigene Protokolle integrieren.<\/p>\n\n\n\n<p><\/p>\n\n\n\n<p><\/p>\n\n\n\n<p><strong>Key Features PRODAT\u00ae SO-BKM<\/strong><\/p>\n\n\n\n<div class=\"wp-block-group has-accent-4-background-color has-background has-medium-font-size is-horizontal is-content-justification-center is-nowrap is-layout-flex wp-container-core-group-layout-2 wp-block-group-is-layout-flex\" style=\"border-style:none;border-width:0px;border-radius:15px;min-height:0px;margin-top:0;margin-bottom:0;padding-top:var(--wp--preset--spacing--20);padding-right:var(--wp--preset--spacing--20);padding-bottom:var(--wp--preset--spacing--20);padding-left:var(--wp--preset--spacing--20)\">\n<div class=\"wp-block-group is-nowrap is-layout-flex wp-container-core-group-layout-1 wp-block-group-is-layout-flex\">\n<figure class=\"wp-block-image size-full is-style-rounded\"><img loading=\"lazy\" decoding=\"async\" width=\"1024\" height=\"1024\" src=\"https:\/\/www.prodat.de\/cms\/wp-content\/uploads\/2024\/03\/sw_features.png\" alt=\"\" class=\"wp-image-5209\" style=\"aspect-ratio:1;object-fit:cover\" srcset=\"https:\/\/www.prodat.de\/cms\/wp-content\/uploads\/2024\/03\/sw_features.png 1024w, https:\/\/www.prodat.de\/cms\/wp-content\/uploads\/2024\/03\/sw_features-300x300.png 300w, https:\/\/www.prodat.de\/cms\/wp-content\/uploads\/2024\/03\/sw_features-150x150.png 150w, https:\/\/www.prodat.de\/cms\/wp-content\/uploads\/2024\/03\/sw_features-768x768.png 768w\" sizes=\"(max-width: 1024px) 100vw, 1024px\" \/><\/figure>\n<\/div>\n\n\n\n<ul class=\"is-layout-flow wp-block-list-is-layout-flow\">\n<li class=\"has-medium-font-size\">Erfassung, Visualisierung und Auswertung der Messdaten verschiedener unterst\u00fctzter Sensortypen, darunter Kraftsensoren und Drucksensoren.<\/li>\n\n\n\n<li>Durchf\u00fchrung von Pr\u00fcfungen durch den Vergleich von Ist- und Sollwerten.<\/li>\n\n\n\n<li>Generierung und Verwaltung von Protokollen f\u00fcr eine transparente Dokumentation.<\/li>\n\n\n\n<li>Speicherung von Messdaten und Protokollen f\u00fcr eine zuk\u00fcnftige Analyse.<\/li>\n<\/ul>\n\n\n\n<ul class=\"is-style-default is-layout-flow wp-block-list-is-layout-flow\">\n<li class=\"has-medium-font-size\">Bereitstellung gef\u00fchrter Messabl\u00e4ufe gem\u00e4\u00df Standardmessabl\u00e4ufen, einschlie\u00dflich drehgestellweisem Messen.<\/li>\n\n\n\n<li>Bereitstellung freier Messabl\u00e4ufe, z. B. im Multimeter- oder Oszilloskopmessmodus.<\/li>\n\n\n\n<li>Gegebenenfalls und bei entsprechender Konfiguration auch die \u00dcbernahme von Steuerungsaufgaben, vorausgesetzt, dass die erforderliche Zusatzhardware vorhanden ist.<br><br><\/li>\n<\/ul>\n<\/div>\n\n\n\n<p><\/p>\n\n\n\n<p>Als optionale Softwareerweiterungsmodule bieten wir PRODAT\u00ae MPABIB an. Diese Module erm\u00f6glichen die Unterst\u00fctzung individueller Schritt-f\u00fcr-Schritt-Testabl\u00e4ufe mit Hinweismeldungen und bebilderten Anleitungen sowie Mess-, Steuer- und Pr\u00fcffunktionen.<\/p>\n\n\n\n<div class=\"wp-block-columns is-layout-flex wp-container-core-columns-layout-1 wp-block-columns-is-layout-flex\">\n<div class=\"wp-block-column is-layout-flow wp-block-column-is-layout-flow\" style=\"flex-basis:25%\"><\/div>\n\n\n\n<div class=\"wp-block-column is-layout-flow wp-block-column-is-layout-flow\" style=\"flex-basis:50%\">\n<div class=\"wp-block-group has-base-2-color has-contrast-3-background-color has-text-color has-background has-link-color wp-elements-3810631176716c4b641454926df17fe0 is-vertical is-content-justification-center is-layout-flex wp-container-core-group-layout-3 wp-block-group-is-layout-flex\" style=\"border-radius:22px;padding-top:var(--wp--preset--spacing--20);padding-right:var(--wp--preset--spacing--20);padding-bottom:var(--wp--preset--spacing--20);padding-left:var(--wp--preset--spacing--20)\">\n<figure class=\"wp-block-image size-medium has-custom-border wp-container-content-3\"><img loading=\"lazy\" decoding=\"async\" width=\"300\" height=\"300\" src=\"https:\/\/www.prodat.de\/cms\/wp-content\/uploads\/2024\/03\/update-300x300.jpg\" alt=\"\" class=\"wp-image-5330\" style=\"border-radius:78px;aspect-ratio:1;object-fit:cover\" srcset=\"https:\/\/www.prodat.de\/cms\/wp-content\/uploads\/2024\/03\/update-300x300.jpg 300w, https:\/\/www.prodat.de\/cms\/wp-content\/uploads\/2024\/03\/update-150x150.jpg 150w, https:\/\/www.prodat.de\/cms\/wp-content\/uploads\/2024\/03\/update-768x768.jpg 768w, https:\/\/www.prodat.de\/cms\/wp-content\/uploads\/2024\/03\/update.jpg 1024w\" sizes=\"(max-width: 300px) 100vw, 300px\" \/><\/figure>\n\n\n\n<p><strong>Immer auf dem aktuellsten Stand<\/strong>!<br><br>Mit dem Prodat Upgrade und Update-Service erhalten Sie Zugriff auf den aktuellsten Stand unserer Software.<br><br>Zus\u00e4tzlich verwalten wir Ihre Kalibrierdaten und Softwarekonfigurationen in einem f\u00fcr Sie jederzeit zug\u00e4nglichen, sicheren Onlinebereich.<br><br><\/p>\n\n\n\n<div class=\"wp-block-buttons is-content-justification-left is-layout-flex wp-container-core-buttons-layout-1 wp-block-buttons-is-layout-flex\">\n<div class=\"wp-block-button has-custom-width wp-block-button__width-75\"><a class=\"wp-block-button__link wp-element-button\" href=\"https:\/\/www.prodat.de\/cms\/kontakt\">Jetzt  anfragen<\/a><\/div>\n<\/div>\n\n\n\n<p><br><\/p>\n<\/div>\n<\/div>\n\n\n\n<div class=\"wp-block-column is-layout-flow wp-block-column-is-layout-flow\" style=\"flex-basis:25%\"><\/div>\n<\/div>\n\n\n\n<p><\/p>\n","protected":false},"excerpt":{"rendered":"<p>PRODAT SO-BKM Mess- und Pr\u00fcfsoftware f\u00fcr die Bremsen von Schienenfahrzeugen PRODAT\u00ae SO-BKM ist eine leistungsstarke Mess- und Pr\u00fcfsoftware, die unverzichtbar f\u00fcr Ihr Messsystem ist. Entwickelt, um die anspruchsvollen Anforderungen verschiedener Industriezweige zu erf\u00fcllen, bietet unsere Software eine Vielzahl von Funktionen, um Messdaten zu erfassen, zu visualisieren, auszuwerten und zu verwalten. Die umfangreiche Baureihen- Fahrzeugdatenbankverwaltung PRODAT\u00ae [&hellip;]<\/p>\n","protected":false},"author":1,"featured_media":4477,"parent":4432,"menu_order":0,"comment_status":"closed","ping_status":"closed","template":"wp-custom-template-prodat-standard-inhalt","meta":{"footnotes":""},"yoast_head":"<!-- This site is optimized with the Yoast SEO plugin v22.2 - https:\/\/yoast.com\/wordpress\/plugins\/seo\/ -->\n<title>SO-BKM - PRODAT<\/title>\n<meta name=\"description\" content=\"PRODAT\u00ae SO-BKM \u2013 Mess- und Pr\u00fcfsoftware f\u00fcr die Bremsen von Schienenfahrzeugen\" \/>\n<meta name=\"robots\" content=\"index, follow, max-snippet:-1, max-image-preview:large, max-video-preview:-1\" \/>\n<link rel=\"canonical\" href=\"https:\/\/www.prodat.de\/cms\/produkte\/software\/so-bkm\" \/>\n<meta property=\"og:locale\" content=\"en_US\" \/>\n<meta property=\"og:type\" content=\"article\" \/>\n<meta property=\"og:title\" content=\"SO-BKM - PRODAT\" \/>\n<meta property=\"og:description\" content=\"PRODAT\u00ae SO-BKM \u2013 Mess- und Pr\u00fcfsoftware f\u00fcr die Bremsen von Schienenfahrzeugen\" \/>\n<meta property=\"og:url\" content=\"https:\/\/www.prodat.de\/cms\/produkte\/software\/so-bkm\" \/>\n<meta property=\"og:site_name\" content=\"PRODAT\" \/>\n<meta property=\"article:modified_time\" content=\"2024-03-22T13:01:27+00:00\" \/>\n<meta property=\"og:image\" content=\"https:\/\/www.prodat.de\/cms\/wp-content\/uploads\/2024\/03\/so_bkm1.jpg\" \/>\n\t<meta property=\"og:image:width\" content=\"1013\" \/>\n\t<meta property=\"og:image:height\" content=\"764\" \/>\n\t<meta property=\"og:image:type\" content=\"image\/jpeg\" \/>\n<meta name=\"twitter:card\" content=\"summary_large_image\" \/>\n<meta name=\"twitter:label1\" content=\"Est. reading time\" \/>\n\t<meta name=\"twitter:data1\" content=\"6 minutes\" \/>\n<script type=\"application\/ld+json\" class=\"yoast-schema-graph\">{\"@context\":\"https:\/\/schema.org\",\"@graph\":[{\"@type\":\"WebPage\",\"@id\":\"https:\/\/www.prodat.de\/cms\/produkte\/software\/so-bkm\",\"url\":\"https:\/\/www.prodat.de\/cms\/produkte\/software\/so-bkm\",\"name\":\"SO-BKM - PRODAT\",\"isPartOf\":{\"@id\":\"https:\/\/www.prodat.de\/cms\/#website\"},\"primaryImageOfPage\":{\"@id\":\"https:\/\/www.prodat.de\/cms\/produkte\/software\/so-bkm#primaryimage\"},\"image\":{\"@id\":\"https:\/\/www.prodat.de\/cms\/produkte\/software\/so-bkm#primaryimage\"},\"thumbnailUrl\":\"https:\/\/www.prodat.de\/cms\/wp-content\/uploads\/2024\/03\/so_bkm1.jpg\",\"datePublished\":\"2024-03-18T10:43:31+00:00\",\"dateModified\":\"2024-03-22T13:01:27+00:00\",\"description\":\"PRODAT\u00ae SO-BKM \u2013 Mess- und Pr\u00fcfsoftware f\u00fcr die Bremsen von Schienenfahrzeugen\",\"breadcrumb\":{\"@id\":\"https:\/\/www.prodat.de\/cms\/produkte\/software\/so-bkm#breadcrumb\"},\"inLanguage\":\"en-US\",\"potentialAction\":[{\"@type\":\"ReadAction\",\"target\":[\"https:\/\/www.prodat.de\/cms\/produkte\/software\/so-bkm\"]}]},{\"@type\":\"ImageObject\",\"inLanguage\":\"en-US\",\"@id\":\"https:\/\/www.prodat.de\/cms\/produkte\/software\/so-bkm#primaryimage\",\"url\":\"https:\/\/www.prodat.de\/cms\/wp-content\/uploads\/2024\/03\/so_bkm1.jpg\",\"contentUrl\":\"https:\/\/www.prodat.de\/cms\/wp-content\/uploads\/2024\/03\/so_bkm1.jpg\",\"width\":1013,\"height\":764},{\"@type\":\"BreadcrumbList\",\"@id\":\"https:\/\/www.prodat.de\/cms\/produkte\/software\/so-bkm#breadcrumb\",\"itemListElement\":[{\"@type\":\"ListItem\",\"position\":1,\"name\":\"www.prodat.de\",\"item\":\"https:\/\/www.prodat.de\/cms\/\"},{\"@type\":\"ListItem\",\"position\":2,\"name\":\"Produkte der PRODAT\",\"item\":\"https:\/\/www.prodat.de\/cms\/produkte\"},{\"@type\":\"ListItem\",\"position\":3,\"name\":\"Software\",\"item\":\"https:\/\/www.prodat.de\/cms\/produkte\/software\"},{\"@type\":\"ListItem\",\"position\":4,\"name\":\"SO-BKM\"}]},{\"@type\":\"WebSite\",\"@id\":\"https:\/\/www.prodat.de\/cms\/#website\",\"url\":\"https:\/\/www.prodat.de\/cms\/\",\"name\":\"PRODAT (CMS)\",\"description\":\"L\u00f6sungen \/ Solutions\",\"publisher\":{\"@id\":\"https:\/\/www.prodat.de\/cms\/#organization\"},\"alternateName\":\"PRODAT Solutions\/L\u00f6sungen - Website\",\"potentialAction\":[{\"@type\":\"SearchAction\",\"target\":{\"@type\":\"EntryPoint\",\"urlTemplate\":\"https:\/\/www.prodat.de\/cms\/?s={search_term_string}\"},\"query-input\":\"required name=search_term_string\"}],\"inLanguage\":\"en-US\"},{\"@type\":\"Organization\",\"@id\":\"https:\/\/www.prodat.de\/cms\/#organization\",\"name\":\"PRODAT\",\"alternateName\":\"PRODAT L\u00f6sungen \/ Solutions\",\"url\":\"https:\/\/www.prodat.de\/cms\/\",\"logo\":{\"@type\":\"ImageObject\",\"inLanguage\":\"en-US\",\"@id\":\"https:\/\/www.prodat.de\/cms\/#\/schema\/logo\/image\/\",\"url\":\"https:\/\/www.prodat.de\/cms\/wp-content\/uploads\/2024\/03\/prodat_logo_h150px.jpg\",\"contentUrl\":\"https:\/\/www.prodat.de\/cms\/wp-content\/uploads\/2024\/03\/prodat_logo_h150px.jpg\",\"width\":560,\"height\":150,\"caption\":\"PRODAT\"},\"image\":{\"@id\":\"https:\/\/www.prodat.de\/cms\/#\/schema\/logo\/image\/\"}}]}<\/script>\n<!-- \/ Yoast SEO plugin. -->","yoast_head_json":{"title":"SO-BKM - PRODAT","description":"PRODAT\u00ae SO-BKM \u2013 Mess- und Pr\u00fcfsoftware f\u00fcr die Bremsen von Schienenfahrzeugen","robots":{"index":"index","follow":"follow","max-snippet":"max-snippet:-1","max-image-preview":"max-image-preview:large","max-video-preview":"max-video-preview:-1"},"canonical":"https:\/\/www.prodat.de\/cms\/produkte\/software\/so-bkm","og_locale":"en_US","og_type":"article","og_title":"SO-BKM - PRODAT","og_description":"PRODAT\u00ae SO-BKM \u2013 Mess- und Pr\u00fcfsoftware f\u00fcr die Bremsen von Schienenfahrzeugen","og_url":"https:\/\/www.prodat.de\/cms\/produkte\/software\/so-bkm","og_site_name":"PRODAT","article_modified_time":"2024-03-22T13:01:27+00:00","og_image":[{"width":1013,"height":764,"url":"https:\/\/www.prodat.de\/cms\/wp-content\/uploads\/2024\/03\/so_bkm1.jpg","type":"image\/jpeg"}],"twitter_card":"summary_large_image","twitter_misc":{"Est. reading time":"6 minutes"},"schema":{"@context":"https:\/\/schema.org","@graph":[{"@type":"WebPage","@id":"https:\/\/www.prodat.de\/cms\/produkte\/software\/so-bkm","url":"https:\/\/www.prodat.de\/cms\/produkte\/software\/so-bkm","name":"SO-BKM - PRODAT","isPartOf":{"@id":"https:\/\/www.prodat.de\/cms\/#website"},"primaryImageOfPage":{"@id":"https:\/\/www.prodat.de\/cms\/produkte\/software\/so-bkm#primaryimage"},"image":{"@id":"https:\/\/www.prodat.de\/cms\/produkte\/software\/so-bkm#primaryimage"},"thumbnailUrl":"https:\/\/www.prodat.de\/cms\/wp-content\/uploads\/2024\/03\/so_bkm1.jpg","datePublished":"2024-03-18T10:43:31+00:00","dateModified":"2024-03-22T13:01:27+00:00","description":"PRODAT\u00ae SO-BKM \u2013 Mess- und Pr\u00fcfsoftware f\u00fcr die Bremsen von Schienenfahrzeugen","breadcrumb":{"@id":"https:\/\/www.prodat.de\/cms\/produkte\/software\/so-bkm#breadcrumb"},"inLanguage":"en-US","potentialAction":[{"@type":"ReadAction","target":["https:\/\/www.prodat.de\/cms\/produkte\/software\/so-bkm"]}]},{"@type":"ImageObject","inLanguage":"en-US","@id":"https:\/\/www.prodat.de\/cms\/produkte\/software\/so-bkm#primaryimage","url":"https:\/\/www.prodat.de\/cms\/wp-content\/uploads\/2024\/03\/so_bkm1.jpg","contentUrl":"https:\/\/www.prodat.de\/cms\/wp-content\/uploads\/2024\/03\/so_bkm1.jpg","width":1013,"height":764},{"@type":"BreadcrumbList","@id":"https:\/\/www.prodat.de\/cms\/produkte\/software\/so-bkm#breadcrumb","itemListElement":[{"@type":"ListItem","position":1,"name":"www.prodat.de","item":"https:\/\/www.prodat.de\/cms\/"},{"@type":"ListItem","position":2,"name":"Produkte der PRODAT","item":"https:\/\/www.prodat.de\/cms\/produkte"},{"@type":"ListItem","position":3,"name":"Software","item":"https:\/\/www.prodat.de\/cms\/produkte\/software"},{"@type":"ListItem","position":4,"name":"SO-BKM"}]},{"@type":"WebSite","@id":"https:\/\/www.prodat.de\/cms\/#website","url":"https:\/\/www.prodat.de\/cms\/","name":"PRODAT (CMS)","description":"L\u00f6sungen \/ Solutions","publisher":{"@id":"https:\/\/www.prodat.de\/cms\/#organization"},"alternateName":"PRODAT Solutions\/L\u00f6sungen - Website","potentialAction":[{"@type":"SearchAction","target":{"@type":"EntryPoint","urlTemplate":"https:\/\/www.prodat.de\/cms\/?s={search_term_string}"},"query-input":"required name=search_term_string"}],"inLanguage":"en-US"},{"@type":"Organization","@id":"https:\/\/www.prodat.de\/cms\/#organization","name":"PRODAT","alternateName":"PRODAT L\u00f6sungen \/ Solutions","url":"https:\/\/www.prodat.de\/cms\/","logo":{"@type":"ImageObject","inLanguage":"en-US","@id":"https:\/\/www.prodat.de\/cms\/#\/schema\/logo\/image\/","url":"https:\/\/www.prodat.de\/cms\/wp-content\/uploads\/2024\/03\/prodat_logo_h150px.jpg","contentUrl":"https:\/\/www.prodat.de\/cms\/wp-content\/uploads\/2024\/03\/prodat_logo_h150px.jpg","width":560,"height":150,"caption":"PRODAT"},"image":{"@id":"https:\/\/www.prodat.de\/cms\/#\/schema\/logo\/image\/"}}]}},"_links":{"self":[{"href":"https:\/\/www.prodat.de\/cms\/wp-json\/wp\/v2\/pages\/4462"}],"collection":[{"href":"https:\/\/www.prodat.de\/cms\/wp-json\/wp\/v2\/pages"}],"about":[{"href":"https:\/\/www.prodat.de\/cms\/wp-json\/wp\/v2\/types\/page"}],"author":[{"embeddable":true,"href":"https:\/\/www.prodat.de\/cms\/wp-json\/wp\/v2\/users\/1"}],"replies":[{"embeddable":true,"href":"https:\/\/www.prodat.de\/cms\/wp-json\/wp\/v2\/comments?post=4462"}],"version-history":[{"count":44,"href":"https:\/\/www.prodat.de\/cms\/wp-json\/wp\/v2\/pages\/4462\/revisions"}],"predecessor-version":[{"id":6326,"href":"https:\/\/www.prodat.de\/cms\/wp-json\/wp\/v2\/pages\/4462\/revisions\/6326"}],"up":[{"embeddable":true,"href":"https:\/\/www.prodat.de\/cms\/wp-json\/wp\/v2\/pages\/4432"}],"wp:featuredmedia":[{"embeddable":true,"href":"https:\/\/www.prodat.de\/cms\/wp-json\/wp\/v2\/media\/4477"}],"wp:attachment":[{"href":"https:\/\/www.prodat.de\/cms\/wp-json\/wp\/v2\/media?parent=4462"}],"curies":[{"name":"wp","href":"https:\/\/api.w.org\/{rel}","templated":true}]}}