{"id":4459,"date":"2024-03-18T11:43:01","date_gmt":"2024-03-18T10:43:01","guid":{"rendered":"https:\/\/www.prodat.de\/cms\/?page_id=4459"},"modified":"2024-03-21T11:46:16","modified_gmt":"2024-03-21T10:46:16","slug":"so-rkm","status":"publish","type":"page","link":"https:\/\/www.prodat.de\/cms\/produkte\/software\/so-rkm","title":{"rendered":"SO-RKM"},"content":{"rendered":"\n<h2 class=\"wp-block-heading has-text-align-center\">PRODAT SO-RKM <br>Mess- und Pr\u00fcfsoftware zur Radaufstandskraftmessung<\/h2>\n\n\n\n<figure class=\"wp-block-gallery has-nested-images columns-default is-cropped wp-block-gallery-1 is-layout-flex wp-block-gallery-is-layout-flex\">\n<figure class=\"wp-block-image size-large\"><img fetchpriority=\"high\" decoding=\"async\" width=\"1007\" height=\"756\" data-id=\"4476\" src=\"https:\/\/www.prodat.de\/cms\/wp-content\/uploads\/2024\/03\/so_rkm1.jpg\" alt=\"\" class=\"wp-image-4476\" srcset=\"https:\/\/www.prodat.de\/cms\/wp-content\/uploads\/2024\/03\/so_rkm1.jpg 1007w, https:\/\/www.prodat.de\/cms\/wp-content\/uploads\/2024\/03\/so_rkm1-300x225.jpg 300w, https:\/\/www.prodat.de\/cms\/wp-content\/uploads\/2024\/03\/so_rkm1-768x577.jpg 768w\" sizes=\"(max-width: 1007px) 100vw, 1007px\" \/><\/figure>\n\n\n\n<figure class=\"wp-block-image size-large\"><img decoding=\"async\" width=\"1009\" height=\"738\" data-id=\"4596\" src=\"https:\/\/www.prodat.de\/cms\/wp-content\/uploads\/2024\/03\/geanderte_zuordnung_fuer_achse.png\" alt=\"\" class=\"wp-image-4596\" srcset=\"https:\/\/www.prodat.de\/cms\/wp-content\/uploads\/2024\/03\/geanderte_zuordnung_fuer_achse.png 1009w, https:\/\/www.prodat.de\/cms\/wp-content\/uploads\/2024\/03\/geanderte_zuordnung_fuer_achse-300x219.png 300w, https:\/\/www.prodat.de\/cms\/wp-content\/uploads\/2024\/03\/geanderte_zuordnung_fuer_achse-768x562.png 768w\" sizes=\"(max-width: 1009px) 100vw, 1009px\" \/><\/figure>\n\n\n\n<figure class=\"wp-block-image size-large\"><img decoding=\"async\" width=\"1024\" height=\"725\" data-id=\"4598\" src=\"https:\/\/www.prodat.de\/cms\/wp-content\/uploads\/2024\/03\/so_rkm3-1024x725.png\" alt=\"\" class=\"wp-image-4598\" srcset=\"https:\/\/www.prodat.de\/cms\/wp-content\/uploads\/2024\/03\/so_rkm3-1024x725.png 1024w, https:\/\/www.prodat.de\/cms\/wp-content\/uploads\/2024\/03\/so_rkm3-300x212.png 300w, https:\/\/www.prodat.de\/cms\/wp-content\/uploads\/2024\/03\/so_rkm3-768x544.png 768w, https:\/\/www.prodat.de\/cms\/wp-content\/uploads\/2024\/03\/so_rkm3.png 1318w\" sizes=\"(max-width: 1024px) 100vw, 1024px\" \/><\/figure>\n<\/figure>\n\n\n\n<div class=\"wp-block-group has-global-padding is-layout-constrained wp-container-core-group-layout-3 wp-block-group-is-layout-constrained\">\n<p><strong>PRODAT\u00ae SO-RKM<\/strong> ist die Standard-Nutzerendanwendung die in den Mess- und Pr\u00fcfsystemen zur Radlastmessung verwendet wird (PRODAT RKM-S, PRODAT RKM-M). Die Software wurde und wird entwickelt, um die anspruchsvollen Anforderungen bei der Messung, Pr\u00fcfung und Protokollierung von Radaufstandskr\u00e4ften zu erf\u00fcllen. Die Softwarel\u00f6sung unterst\u00fctzt den Bediener durch eine intuitive Bedienung und sorg f\u00fcr einen schnellen Messablauf. Durch passende Visualisierung sehen Sie Abweichungen der Radlasten auf einen Blick. Besondere normative Anforderungen werden ber\u00fccksichtigt.<\/p>\n\n\n\n<p>Die umfangreiche Baureihen- Fahrzeugdatenbankverwaltung PRODAT\u00ae SO-RKM erm\u00f6glicht es alle relevanten Daten zu erfassen. Egal ob Schienenfahrzeuge mit Standardkonfigurationen (2 Achsen pro Drehgestell) oder komplexe Achsschemen zu ber\u00fccksichtigen sind &#8211; mit PRODAT\u00ae SO-RKM k\u00f6nnen Sie Ihre Fahrzeuge und Baureihen passend konfigurieren. <\/p>\n\n\n\n<figure class=\"wp-block-image alignleft size-medium\"><img loading=\"lazy\" decoding=\"async\" width=\"300\" height=\"196\" src=\"https:\/\/www.prodat.de\/cms\/wp-content\/uploads\/2024\/03\/so-rkm_excel-300x196.jpg\" alt=\"\" class=\"wp-image-5436\" srcset=\"https:\/\/www.prodat.de\/cms\/wp-content\/uploads\/2024\/03\/so-rkm_excel-300x196.jpg 300w, https:\/\/www.prodat.de\/cms\/wp-content\/uploads\/2024\/03\/so-rkm_excel-1024x669.jpg 1024w, https:\/\/www.prodat.de\/cms\/wp-content\/uploads\/2024\/03\/so-rkm_excel-768x502.jpg 768w, https:\/\/www.prodat.de\/cms\/wp-content\/uploads\/2024\/03\/so-rkm_excel.jpg 1149w\" sizes=\"(max-width: 300px) 100vw, 300px\" \/><\/figure>\n\n\n\n<p>Die Hinterlegung von Grenzwerte f\u00fcr die Radlastverteilung ist bis auf Achsebene m\u00f6glich. Dar\u00fcber hinaus k\u00f6nnen verschiedenste Messbedingungen (wie z.B. die Pr\u00fcfung auf Einhaltung der Differenzen der Rads\u00e4tze innerhalb eines Drehgestells) aktiviert werden.<\/p>\n\n\n\n<figure class=\"wp-block-image alignright size-medium\"><img loading=\"lazy\" decoding=\"async\" width=\"300\" height=\"137\" src=\"https:\/\/www.prodat.de\/cms\/wp-content\/uploads\/2024\/03\/so-rkm_webserver-300x137.jpg\" alt=\"\" class=\"wp-image-5449\" srcset=\"https:\/\/www.prodat.de\/cms\/wp-content\/uploads\/2024\/03\/so-rkm_webserver-300x137.jpg 300w, https:\/\/www.prodat.de\/cms\/wp-content\/uploads\/2024\/03\/so-rkm_webserver-1024x469.jpg 1024w, https:\/\/www.prodat.de\/cms\/wp-content\/uploads\/2024\/03\/so-rkm_webserver-768x352.jpg 768w, https:\/\/www.prodat.de\/cms\/wp-content\/uploads\/2024\/03\/so-rkm_webserver.jpg 1196w\" sizes=\"(max-width: 300px) 100vw, 300px\" \/><\/figure>\n\n\n\n<p>F\u00fcr alle Messungen gibt es ein Standardmessprotokoll, welches auf Kundenwunsch angepasst werden kann. \u00dcber unsere Excel-Schnittstelle ist es dar\u00fcberhinaus m\u00f6glich eigene Protokolle frei zu definieren &#8211; individualisierbar bis auf Baureihenebene.<\/p>\n\n\n\n<p>Der Zugriff auf die Messwerte kann auch via Webserver erm\u00f6glicht werden &#8211; die Messwertanzeige kann z.B. auf einem Tablet oder Smartphone parallel zum MessPC erfolgen. <\/p>\n\n\n\n<p><\/p>\n\n\n\n<p><strong>Key Features PRODAT\u00ae SO-RKM<\/strong><\/p>\n\n\n\n<div class=\"wp-block-group has-contrast-2-background-color has-background is-horizontal is-content-justification-center is-nowrap is-layout-flex wp-container-core-group-layout-1 wp-block-group-is-layout-flex\" style=\"border-radius:15px;margin-top:var(--wp--preset--spacing--10);margin-bottom:var(--wp--preset--spacing--10);padding-top:var(--wp--preset--spacing--10);padding-right:var(--wp--preset--spacing--10);padding-bottom:var(--wp--preset--spacing--10);padding-left:var(--wp--preset--spacing--10)\">\n<figure class=\"wp-block-image size-full has-custom-border\"><img loading=\"lazy\" decoding=\"async\" width=\"1024\" height=\"1024\" src=\"https:\/\/www.prodat.de\/cms\/wp-content\/uploads\/2024\/03\/sw_features2.png\" alt=\"\" class=\"wp-image-5307\" style=\"border-radius:40px;aspect-ratio:1;object-fit:cover\" srcset=\"https:\/\/www.prodat.de\/cms\/wp-content\/uploads\/2024\/03\/sw_features2.png 1024w, https:\/\/www.prodat.de\/cms\/wp-content\/uploads\/2024\/03\/sw_features2-300x300.png 300w, https:\/\/www.prodat.de\/cms\/wp-content\/uploads\/2024\/03\/sw_features2-150x150.png 150w, https:\/\/www.prodat.de\/cms\/wp-content\/uploads\/2024\/03\/sw_features2-768x768.png 768w\" sizes=\"(max-width: 1024px) 100vw, 1024px\" \/><\/figure>\n\n\n\n<ul class=\"has-base-2-color has-text-color has-link-color wp-elements-18b11f51bb18f153a733ef4d8ea6c045\">\n<li>Mehrsprachigkeit \u2013 die SO-RKM unterst\u00fctzt Deutsch, Englisch, Russisch, Polnisch, Niederl\u00e4ndisch, Italienisch, Franz\u00f6sisch und Ungarisch<\/li>\n\n\n\n<li>Baureihenverwaltung<\/li>\n\n\n\n<li>Fahrzeugverwaltung mit Baureihen sowie Achsspezifische Fehlergrenzen<\/li>\n\n\n\n<li>Auswertung der Rad- und Achsfehler, sowie Vergleich mit den hinterlegten zul\u00e4ssigen Fehlergrenzen<\/li>\n\n\n\n<li>Auswahl des Pr\u00fcfverfahrens<\/li>\n<\/ul>\n\n\n\n<ul class=\"has-base-2-color has-text-color has-link-color wp-elements-12beaa60db5d1561256e474b336aa601\">\n<li>Optionale frei konfigurierbare Zusatzfelder im Protokoll<\/li>\n\n\n\n<li>Erstellung der Protokolle lt. einschl\u00e4giger Vorschriften und Normen<\/li>\n\n\n\n<li>Unterst\u00fctzung baureihenspezifischer Achsschemen f\u00fcr Fahrzeuge mit Sonderkonfigurationen (Einzelachsen, drei-achsige Drehgestelle,&#8230;)<\/li>\n\n\n\n<li>konfigurierbare Messschema m\u00f6glich zur spezifischen Zuordnung Fahrzeugachse zu PRODAT RKM-Achse<\/li>\n<\/ul>\n<\/div>\n\n\n\n<p>Trotz der einfachen Bedienung erm\u00f6glicht die SO-RKM Anpassungen an spezifischen Anforderungen. Egal, ob es sich um unterschiedliche Fahrzeugtypen oder Messszenarien handelt.<\/p>\n\n\n\n<p>Dar\u00fcber hinaus unterst\u00fctzt SO-RKM eine Vielzahl g\u00e4ngiger Exportformate, was die nahtlose Integration mit anderen Analyse- und Auswertungsprogrammen erm\u00f6glicht. Egal, ob Sie die Daten in Tabellenkalkulationssoftware importieren oder in spezialisierten Analysewerkzeugen weiterverarbeiten m\u00f6chten \u2013 SO-RKM bietet die Flexibilit\u00e4t, die Sie ben\u00f6tigen.<\/p>\n\n\n\n<div class=\"wp-block-columns is-layout-flex wp-container-core-columns-layout-1 wp-block-columns-is-layout-flex\">\n<div class=\"wp-block-column is-layout-flow wp-block-column-is-layout-flow\" style=\"flex-basis:25%\"><\/div>\n\n\n\n<div class=\"wp-block-column is-layout-flow wp-block-column-is-layout-flow\" style=\"flex-basis:50%\">\n<div class=\"wp-block-group has-base-2-color has-contrast-3-background-color has-text-color has-background has-link-color wp-elements-3810631176716c4b641454926df17fe0 is-vertical is-content-justification-center is-layout-flex wp-container-core-group-layout-2 wp-block-group-is-layout-flex\" style=\"border-radius:22px;padding-top:var(--wp--preset--spacing--20);padding-right:var(--wp--preset--spacing--20);padding-bottom:var(--wp--preset--spacing--20);padding-left:var(--wp--preset--spacing--20)\">\n<figure class=\"wp-block-image size-medium has-custom-border wp-container-content-2\"><img loading=\"lazy\" decoding=\"async\" width=\"300\" height=\"300\" src=\"https:\/\/www.prodat.de\/cms\/wp-content\/uploads\/2024\/03\/update-300x300.jpg\" alt=\"\" class=\"wp-image-5330\" style=\"border-radius:78px;aspect-ratio:1;object-fit:cover\" srcset=\"https:\/\/www.prodat.de\/cms\/wp-content\/uploads\/2024\/03\/update-300x300.jpg 300w, https:\/\/www.prodat.de\/cms\/wp-content\/uploads\/2024\/03\/update-150x150.jpg 150w, https:\/\/www.prodat.de\/cms\/wp-content\/uploads\/2024\/03\/update-768x768.jpg 768w, https:\/\/www.prodat.de\/cms\/wp-content\/uploads\/2024\/03\/update.jpg 1024w\" sizes=\"(max-width: 300px) 100vw, 300px\" \/><\/figure>\n\n\n\n<p><strong>Immer auf dem aktuellsten Stand<\/strong>!<br><br>Mit dem Prodat Upgrade und Update-Service erhalten Sie Zugriff auf den aktuellsten Stand unserer Software.<br><br>Zus\u00e4tzlich verwalten wir Ihre Kalibrierdaten und Softwarekonfigurationen in einem f\u00fcr Sie jederzeit zug\u00e4nglichen, sicheren Onlinebereich.<br><br><\/p>\n\n\n\n<div class=\"wp-block-buttons is-content-justification-left is-layout-flex wp-container-core-buttons-layout-1 wp-block-buttons-is-layout-flex\">\n<div class=\"wp-block-button has-custom-width wp-block-button__width-75\"><a class=\"wp-block-button__link wp-element-button\" href=\"https:\/\/www.prodat.de\/cms\/kontakt\">Jetzt  anfragen<\/a><\/div>\n<\/div>\n\n\n\n<p><br><\/p>\n<\/div>\n<\/div>\n\n\n\n<div class=\"wp-block-column is-layout-flow wp-block-column-is-layout-flow\" style=\"flex-basis:25%\"><\/div>\n<\/div>\n<\/div>\n","protected":false},"excerpt":{"rendered":"<p>PRODAT SO-RKM Mess- und Pr\u00fcfsoftware zur Radaufstandskraftmessung PRODAT\u00ae SO-RKM ist die Standard-Nutzerendanwendung die in den Mess- und Pr\u00fcfsystemen zur Radlastmessung verwendet wird (PRODAT RKM-S, PRODAT RKM-M). Die Software wurde und wird entwickelt, um die anspruchsvollen Anforderungen bei der Messung, Pr\u00fcfung und Protokollierung von Radaufstandskr\u00e4ften zu erf\u00fcllen. Die Softwarel\u00f6sung unterst\u00fctzt den Bediener durch eine intuitive Bedienung [&hellip;]<\/p>\n","protected":false},"author":2,"featured_media":0,"parent":4432,"menu_order":0,"comment_status":"closed","ping_status":"closed","template":"wp-custom-template-prodat-standard-inhalt","meta":{"footnotes":""},"yoast_head":"<!-- This site is optimized with the Yoast SEO plugin v22.2 - https:\/\/yoast.com\/wordpress\/plugins\/seo\/ -->\n<title>SO-RKM - PRODAT<\/title>\n<meta name=\"description\" content=\"PRODAT\u00ae SO-RKM \u2013 Mess- und Pr\u00fcfsoftware zur Radaufstandskraftmessung\" \/>\n<meta name=\"robots\" content=\"index, follow, max-snippet:-1, max-image-preview:large, max-video-preview:-1\" \/>\n<link rel=\"canonical\" href=\"https:\/\/www.prodat.de\/cms\/produkte\/software\/so-rkm\" \/>\n<meta property=\"og:locale\" content=\"en_US\" \/>\n<meta property=\"og:type\" content=\"article\" \/>\n<meta property=\"og:title\" content=\"SO-RKM - PRODAT\" \/>\n<meta property=\"og:description\" content=\"PRODAT\u00ae SO-RKM \u2013 Mess- und Pr\u00fcfsoftware zur Radaufstandskraftmessung\" \/>\n<meta property=\"og:url\" content=\"https:\/\/www.prodat.de\/cms\/produkte\/software\/so-rkm\" \/>\n<meta property=\"og:site_name\" content=\"PRODAT\" \/>\n<meta property=\"article:modified_time\" content=\"2024-03-21T10:46:16+00:00\" \/>\n<meta property=\"og:image\" content=\"https:\/\/www.prodat.de\/cms\/wp-content\/uploads\/2024\/03\/so_rkm1.jpg\" \/>\n<meta name=\"twitter:card\" content=\"summary_large_image\" \/>\n<meta name=\"twitter:label1\" content=\"Est. reading time\" \/>\n\t<meta name=\"twitter:data1\" content=\"6 minutes\" \/>\n<script type=\"application\/ld+json\" class=\"yoast-schema-graph\">{\"@context\":\"https:\/\/schema.org\",\"@graph\":[{\"@type\":\"WebPage\",\"@id\":\"https:\/\/www.prodat.de\/cms\/produkte\/software\/so-rkm\",\"url\":\"https:\/\/www.prodat.de\/cms\/produkte\/software\/so-rkm\",\"name\":\"SO-RKM - PRODAT\",\"isPartOf\":{\"@id\":\"https:\/\/www.prodat.de\/cms\/#website\"},\"primaryImageOfPage\":{\"@id\":\"https:\/\/www.prodat.de\/cms\/produkte\/software\/so-rkm#primaryimage\"},\"image\":{\"@id\":\"https:\/\/www.prodat.de\/cms\/produkte\/software\/so-rkm#primaryimage\"},\"thumbnailUrl\":\"https:\/\/www.prodat.de\/cms\/wp-content\/uploads\/2024\/03\/so_rkm1.jpg\",\"datePublished\":\"2024-03-18T10:43:01+00:00\",\"dateModified\":\"2024-03-21T10:46:16+00:00\",\"description\":\"PRODAT\u00ae SO-RKM \u2013 Mess- und Pr\u00fcfsoftware zur Radaufstandskraftmessung\",\"breadcrumb\":{\"@id\":\"https:\/\/www.prodat.de\/cms\/produkte\/software\/so-rkm#breadcrumb\"},\"inLanguage\":\"en-US\",\"potentialAction\":[{\"@type\":\"ReadAction\",\"target\":[\"https:\/\/www.prodat.de\/cms\/produkte\/software\/so-rkm\"]}]},{\"@type\":\"ImageObject\",\"inLanguage\":\"en-US\",\"@id\":\"https:\/\/www.prodat.de\/cms\/produkte\/software\/so-rkm#primaryimage\",\"url\":\"https:\/\/www.prodat.de\/cms\/wp-content\/uploads\/2024\/03\/so_rkm1.jpg\",\"contentUrl\":\"https:\/\/www.prodat.de\/cms\/wp-content\/uploads\/2024\/03\/so_rkm1.jpg\",\"width\":1007,\"height\":756},{\"@type\":\"BreadcrumbList\",\"@id\":\"https:\/\/www.prodat.de\/cms\/produkte\/software\/so-rkm#breadcrumb\",\"itemListElement\":[{\"@type\":\"ListItem\",\"position\":1,\"name\":\"www.prodat.de\",\"item\":\"https:\/\/www.prodat.de\/cms\/\"},{\"@type\":\"ListItem\",\"position\":2,\"name\":\"Produkte der PRODAT\",\"item\":\"https:\/\/www.prodat.de\/cms\/produkte\"},{\"@type\":\"ListItem\",\"position\":3,\"name\":\"Software\",\"item\":\"https:\/\/www.prodat.de\/cms\/produkte\/software\"},{\"@type\":\"ListItem\",\"position\":4,\"name\":\"SO-RKM\"}]},{\"@type\":\"WebSite\",\"@id\":\"https:\/\/www.prodat.de\/cms\/#website\",\"url\":\"https:\/\/www.prodat.de\/cms\/\",\"name\":\"PRODAT (CMS)\",\"description\":\"L\u00f6sungen \/ Solutions\",\"publisher\":{\"@id\":\"https:\/\/www.prodat.de\/cms\/#organization\"},\"alternateName\":\"PRODAT Solutions\/L\u00f6sungen - Website\",\"potentialAction\":[{\"@type\":\"SearchAction\",\"target\":{\"@type\":\"EntryPoint\",\"urlTemplate\":\"https:\/\/www.prodat.de\/cms\/?s={search_term_string}\"},\"query-input\":\"required name=search_term_string\"}],\"inLanguage\":\"en-US\"},{\"@type\":\"Organization\",\"@id\":\"https:\/\/www.prodat.de\/cms\/#organization\",\"name\":\"PRODAT\",\"alternateName\":\"PRODAT L\u00f6sungen \/ Solutions\",\"url\":\"https:\/\/www.prodat.de\/cms\/\",\"logo\":{\"@type\":\"ImageObject\",\"inLanguage\":\"en-US\",\"@id\":\"https:\/\/www.prodat.de\/cms\/#\/schema\/logo\/image\/\",\"url\":\"https:\/\/www.prodat.de\/cms\/wp-content\/uploads\/2024\/03\/prodat_logo_h150px.jpg\",\"contentUrl\":\"https:\/\/www.prodat.de\/cms\/wp-content\/uploads\/2024\/03\/prodat_logo_h150px.jpg\",\"width\":560,\"height\":150,\"caption\":\"PRODAT\"},\"image\":{\"@id\":\"https:\/\/www.prodat.de\/cms\/#\/schema\/logo\/image\/\"}}]}<\/script>\n<!-- \/ Yoast SEO plugin. -->","yoast_head_json":{"title":"SO-RKM - PRODAT","description":"PRODAT\u00ae SO-RKM \u2013 Mess- und Pr\u00fcfsoftware zur Radaufstandskraftmessung","robots":{"index":"index","follow":"follow","max-snippet":"max-snippet:-1","max-image-preview":"max-image-preview:large","max-video-preview":"max-video-preview:-1"},"canonical":"https:\/\/www.prodat.de\/cms\/produkte\/software\/so-rkm","og_locale":"en_US","og_type":"article","og_title":"SO-RKM - PRODAT","og_description":"PRODAT\u00ae SO-RKM \u2013 Mess- und Pr\u00fcfsoftware zur Radaufstandskraftmessung","og_url":"https:\/\/www.prodat.de\/cms\/produkte\/software\/so-rkm","og_site_name":"PRODAT","article_modified_time":"2024-03-21T10:46:16+00:00","og_image":[{"url":"https:\/\/www.prodat.de\/cms\/wp-content\/uploads\/2024\/03\/so_rkm1.jpg"}],"twitter_card":"summary_large_image","twitter_misc":{"Est. reading time":"6 minutes"},"schema":{"@context":"https:\/\/schema.org","@graph":[{"@type":"WebPage","@id":"https:\/\/www.prodat.de\/cms\/produkte\/software\/so-rkm","url":"https:\/\/www.prodat.de\/cms\/produkte\/software\/so-rkm","name":"SO-RKM - PRODAT","isPartOf":{"@id":"https:\/\/www.prodat.de\/cms\/#website"},"primaryImageOfPage":{"@id":"https:\/\/www.prodat.de\/cms\/produkte\/software\/so-rkm#primaryimage"},"image":{"@id":"https:\/\/www.prodat.de\/cms\/produkte\/software\/so-rkm#primaryimage"},"thumbnailUrl":"https:\/\/www.prodat.de\/cms\/wp-content\/uploads\/2024\/03\/so_rkm1.jpg","datePublished":"2024-03-18T10:43:01+00:00","dateModified":"2024-03-21T10:46:16+00:00","description":"PRODAT\u00ae SO-RKM \u2013 Mess- und Pr\u00fcfsoftware zur Radaufstandskraftmessung","breadcrumb":{"@id":"https:\/\/www.prodat.de\/cms\/produkte\/software\/so-rkm#breadcrumb"},"inLanguage":"en-US","potentialAction":[{"@type":"ReadAction","target":["https:\/\/www.prodat.de\/cms\/produkte\/software\/so-rkm"]}]},{"@type":"ImageObject","inLanguage":"en-US","@id":"https:\/\/www.prodat.de\/cms\/produkte\/software\/so-rkm#primaryimage","url":"https:\/\/www.prodat.de\/cms\/wp-content\/uploads\/2024\/03\/so_rkm1.jpg","contentUrl":"https:\/\/www.prodat.de\/cms\/wp-content\/uploads\/2024\/03\/so_rkm1.jpg","width":1007,"height":756},{"@type":"BreadcrumbList","@id":"https:\/\/www.prodat.de\/cms\/produkte\/software\/so-rkm#breadcrumb","itemListElement":[{"@type":"ListItem","position":1,"name":"www.prodat.de","item":"https:\/\/www.prodat.de\/cms\/"},{"@type":"ListItem","position":2,"name":"Produkte der PRODAT","item":"https:\/\/www.prodat.de\/cms\/produkte"},{"@type":"ListItem","position":3,"name":"Software","item":"https:\/\/www.prodat.de\/cms\/produkte\/software"},{"@type":"ListItem","position":4,"name":"SO-RKM"}]},{"@type":"WebSite","@id":"https:\/\/www.prodat.de\/cms\/#website","url":"https:\/\/www.prodat.de\/cms\/","name":"PRODAT (CMS)","description":"L\u00f6sungen \/ Solutions","publisher":{"@id":"https:\/\/www.prodat.de\/cms\/#organization"},"alternateName":"PRODAT Solutions\/L\u00f6sungen - Website","potentialAction":[{"@type":"SearchAction","target":{"@type":"EntryPoint","urlTemplate":"https:\/\/www.prodat.de\/cms\/?s={search_term_string}"},"query-input":"required name=search_term_string"}],"inLanguage":"en-US"},{"@type":"Organization","@id":"https:\/\/www.prodat.de\/cms\/#organization","name":"PRODAT","alternateName":"PRODAT L\u00f6sungen \/ Solutions","url":"https:\/\/www.prodat.de\/cms\/","logo":{"@type":"ImageObject","inLanguage":"en-US","@id":"https:\/\/www.prodat.de\/cms\/#\/schema\/logo\/image\/","url":"https:\/\/www.prodat.de\/cms\/wp-content\/uploads\/2024\/03\/prodat_logo_h150px.jpg","contentUrl":"https:\/\/www.prodat.de\/cms\/wp-content\/uploads\/2024\/03\/prodat_logo_h150px.jpg","width":560,"height":150,"caption":"PRODAT"},"image":{"@id":"https:\/\/www.prodat.de\/cms\/#\/schema\/logo\/image\/"}}]}},"_links":{"self":[{"href":"https:\/\/www.prodat.de\/cms\/wp-json\/wp\/v2\/pages\/4459"}],"collection":[{"href":"https:\/\/www.prodat.de\/cms\/wp-json\/wp\/v2\/pages"}],"about":[{"href":"https:\/\/www.prodat.de\/cms\/wp-json\/wp\/v2\/types\/page"}],"author":[{"embeddable":true,"href":"https:\/\/www.prodat.de\/cms\/wp-json\/wp\/v2\/users\/2"}],"replies":[{"embeddable":true,"href":"https:\/\/www.prodat.de\/cms\/wp-json\/wp\/v2\/comments?post=4459"}],"version-history":[{"count":21,"href":"https:\/\/www.prodat.de\/cms\/wp-json\/wp\/v2\/pages\/4459\/revisions"}],"predecessor-version":[{"id":5490,"href":"https:\/\/www.prodat.de\/cms\/wp-json\/wp\/v2\/pages\/4459\/revisions\/5490"}],"up":[{"embeddable":true,"href":"https:\/\/www.prodat.de\/cms\/wp-json\/wp\/v2\/pages\/4432"}],"wp:attachment":[{"href":"https:\/\/www.prodat.de\/cms\/wp-json\/wp\/v2\/media?parent=4459"}],"curies":[{"name":"wp","href":"https:\/\/api.w.org\/{rel}","templated":true}]}}