{"id":4432,"date":"2024-03-18T11:35:59","date_gmt":"2024-03-18T10:35:59","guid":{"rendered":"https:\/\/www.prodat.de\/cms\/?page_id=4432"},"modified":"2024-04-02T08:56:48","modified_gmt":"2024-04-02T06:56:48","slug":"software","status":"publish","type":"page","link":"https:\/\/www.prodat.de\/cms\/produkte\/software","title":{"rendered":"Software"},"content":{"rendered":"\n<h2 class=\"wp-block-heading\">Softwarel\u00f6sungen der PRODAT im Gesch\u00e4ftsfeld Software und Softwareentwicklung<\/h2>\n\n\n\n<div class=\"wp-block-group has-global-padding is-layout-constrained wp-container-core-group-layout-4 wp-block-group-is-layout-constrained\">\n<blockquote class=\"wp-block-quote\">\n<p class=\"has-text-align-right\"><p>Individuelle und standardisierte Softwarel\u00f6sungen seit mehr als 30 Jahren!<\/p><\/p>\n<\/blockquote>\n\n\n\n<h3 class=\"wp-block-heading\">Typische und besondere Features<\/h3>\n\n\n\n<ul>\n<li>langlebige Softwarel\u00f6sungen, sind ablauff\u00e4hig seit Windows 95 und immer noch ablauff\u00e4hig (Windows 10 \/ Windows 11) bspw. PRODAT AUF<\/li>\n\n\n\n<li>mit\/ohne Hardwareunterst\u00fctzung (Sensoren, Aktoren, Regelung)<\/li>\n\n\n\n<li>mit KI-Integration (Einbindung)<\/li>\n\n\n\n<li>Plattformen: Desktop (Windows \/ Linux), Android<\/li>\n\n\n\n<li>Architekturen und Konzepte: Standalone, Client\/Server, Standalone mit Cloud-Synchronisierung<\/li>\n\n\n\n<li>von Firmware \u00fcber Middleware bis zur Anwendungssoftware<\/li>\n\n\n\n<li>Datenbankunterst\u00fctzung<\/li>\n\n\n\n<li>Dokumentenerzeugung (bspw. Messprotokolle)<\/li>\n\n\n\n<li>GUI-Entwicklung und Design<\/li>\n<\/ul>\n\n\n\n<div class=\"wp-block-columns is-layout-flex wp-container-core-columns-layout-1 wp-block-columns-is-layout-flex\">\n<div class=\"wp-block-column is-layout-flow wp-block-column-is-layout-flow\" style=\"flex-basis:60%\">\n<div class=\"wp-block-group has-base-2-background-color has-background has-global-padding is-layout-constrained wp-container-core-group-layout-1 wp-block-group-is-layout-constrained\" style=\"border-radius:20px;padding-top:var(--wp--preset--spacing--20);padding-right:var(--wp--preset--spacing--10);padding-bottom:var(--wp--preset--spacing--20);padding-left:var(--wp--preset--spacing--10)\">\n<h3 class=\"wp-block-heading\">Standardsoftware<\/h3>\n\n\n\n<p class=\"has-text-align-center\"><p><strong><em>Softwarel\u00f6sungen im breiten Kundeneinsatz<\/em><\/strong><\/p><\/p>\n\n\n\n<figure class=\"wp-block-image aligncenter size-medium has-custom-border\"><img fetchpriority=\"high\" decoding=\"async\" width=\"300\" height=\"225\" src=\"https:\/\/www.prodat.de\/cms\/wp-content\/uploads\/2024\/03\/so_rkm1-300x225.jpg\" alt=\"\" class=\"wp-image-4476\" style=\"border-radius:20px\" srcset=\"https:\/\/www.prodat.de\/cms\/wp-content\/uploads\/2024\/03\/so_rkm1-300x225.jpg 300w, https:\/\/www.prodat.de\/cms\/wp-content\/uploads\/2024\/03\/so_rkm1-768x577.jpg 768w, https:\/\/www.prodat.de\/cms\/wp-content\/uploads\/2024\/03\/so_rkm1.jpg 1007w\" sizes=\"(max-width: 300px) 100vw, 300px\" \/><\/figure>\n\n\n\n<p class=\"has-text-align-center\"><p><a href=\"https:\/\/www.prodat.de\/cms\/produkte\/software\/so-rkm\">SO-RKM<\/a> &#8211; Mess- und Pr\u00fcfsoftware zur Radaufstandskraftmessung<\/p><\/p>\n\n\n\n<div class=\"wp-block-buttons is-content-justification-center is-layout-flex wp-container-core-buttons-layout-1 wp-block-buttons-is-layout-flex\">\n<div class=\"wp-block-button\"><a class=\"wp-block-button__link has-text-align-center wp-element-button\" href=\"https:\/\/www.prodat.de\/cms\/produkte\/software\/so-rkm\">PRODAT SO-RKM<\/a><\/div>\n<\/div>\n\n\n\n<div style=\"height:var(--wp--preset--spacing--20)\" aria-hidden=\"true\" class=\"wp-block-spacer\"><\/div>\n\n\n\n<figure class=\"wp-block-image aligncenter size-medium has-custom-border\"><img decoding=\"async\" width=\"300\" height=\"226\" src=\"https:\/\/www.prodat.de\/cms\/wp-content\/uploads\/2024\/03\/so_bkm1-300x226.jpg\" alt=\"\" class=\"wp-image-4477\" style=\"border-radius:20px\" srcset=\"https:\/\/www.prodat.de\/cms\/wp-content\/uploads\/2024\/03\/so_bkm1-300x226.jpg 300w, https:\/\/www.prodat.de\/cms\/wp-content\/uploads\/2024\/03\/so_bkm1-768x579.jpg 768w, https:\/\/www.prodat.de\/cms\/wp-content\/uploads\/2024\/03\/so_bkm1.jpg 1013w\" sizes=\"(max-width: 300px) 100vw, 300px\" \/><\/figure>\n\n\n\n<p class=\"has-text-align-center\"><p><a href=\"https:\/\/www.prodat.de\/cms\/produkte\/software\/so-bkm\">SO-BKM<\/a> &#8211; Mess- und Pr\u00fcfsoftware zur Pr\u00fcfung von Bremsen<\/p><\/p>\n\n\n\n<div class=\"wp-block-buttons is-content-justification-center is-layout-flex wp-container-core-buttons-layout-2 wp-block-buttons-is-layout-flex\">\n<div class=\"wp-block-button\"><a class=\"wp-block-button__link has-text-align-center wp-element-button\" href=\"https:\/\/www.prodat.de\/cms\/produkte\/software\/so-bkm\">PRODAT SO-BKM<\/a><\/div>\n<\/div>\n\n\n\n<div style=\"height:var(--wp--preset--spacing--20)\" aria-hidden=\"true\" class=\"wp-block-spacer\"><\/div>\n\n\n\n<figure class=\"wp-block-image aligncenter size-medium has-custom-border\"><img decoding=\"async\" width=\"300\" height=\"235\" src=\"https:\/\/www.prodat.de\/cms\/wp-content\/uploads\/2024\/03\/so_xkm1-300x235.jpg\" alt=\"\" class=\"wp-image-4478\" style=\"border-radius:20px\" srcset=\"https:\/\/www.prodat.de\/cms\/wp-content\/uploads\/2024\/03\/so_xkm1-300x235.jpg 300w, https:\/\/www.prodat.de\/cms\/wp-content\/uploads\/2024\/03\/so_xkm1-768x601.jpg 768w, https:\/\/www.prodat.de\/cms\/wp-content\/uploads\/2024\/03\/so_xkm1.jpg 1023w\" sizes=\"(max-width: 300px) 100vw, 300px\" \/><\/figure>\n\n\n\n<p class=\"has-text-align-center\"><p><a href=\"https:\/\/www.prodat.de\/cms\/produkte\/software\/so-xkm\">SO-XKM<\/a> &#8211; Generalisierte Mess- und Pr\u00fcfsoftware<\/p><\/p>\n\n\n\n<div class=\"wp-block-buttons is-content-justification-center is-layout-flex wp-container-core-buttons-layout-3 wp-block-buttons-is-layout-flex\">\n<div class=\"wp-block-button\"><a class=\"wp-block-button__link has-text-align-center wp-element-button\" href=\"https:\/\/www.prodat.de\/cms\/produkte\/software\/so-xkm\">PRODAT SO-XKM<\/a><\/div>\n<\/div>\n\n\n\n<figure class=\"wp-block-image aligncenter size-medium has-custom-border\"><img loading=\"lazy\" decoding=\"async\" width=\"300\" height=\"192\" src=\"https:\/\/www.prodat.de\/cms\/wp-content\/uploads\/2024\/03\/so-dgp-300x192.jpg\" alt=\"\" class=\"wp-image-5693\" style=\"border-radius:20px\" srcset=\"https:\/\/www.prodat.de\/cms\/wp-content\/uploads\/2024\/03\/so-dgp-300x192.jpg 300w, https:\/\/www.prodat.de\/cms\/wp-content\/uploads\/2024\/03\/so-dgp-1024x655.jpg 1024w, https:\/\/www.prodat.de\/cms\/wp-content\/uploads\/2024\/03\/so-dgp-768x491.jpg 768w, https:\/\/www.prodat.de\/cms\/wp-content\/uploads\/2024\/03\/so-dgp.jpg 1199w\" sizes=\"(max-width: 300px) 100vw, 300px\" \/><\/figure>\n\n\n\n<p>SO-DGP &#8211; Mess- und Pr\u00fcfsoftware f\u00fcr Drehgestellpr\u00fcfst\u00e4nde<\/p>\n\n\n\n<div class=\"wp-block-buttons is-content-justification-center is-layout-flex wp-container-core-buttons-layout-4 wp-block-buttons-is-layout-flex\">\n<div class=\"wp-block-button\"><a class=\"wp-block-button__link has-text-align-center wp-element-button\" href=\"https:\/\/www.prodat.de\/cms\/produkte\/software\/so-dgp-2\">PRODAT SO-DGP<\/a><\/div>\n<\/div>\n<\/div>\n<\/div>\n\n\n\n<div class=\"wp-block-column is-layout-flow wp-block-column-is-layout-flow\" style=\"flex-basis:40%\">\n<div style=\"height:var(--wp--preset--spacing--50)\" aria-hidden=\"true\" class=\"wp-block-spacer\"><\/div>\n\n\n\n<div class=\"wp-block-group has-base-2-background-color has-background has-global-padding is-layout-constrained wp-container-core-group-layout-2 wp-block-group-is-layout-constrained\" style=\"border-radius:20px;padding-top:var(--wp--preset--spacing--20);padding-right:var(--wp--preset--spacing--20);padding-bottom:var(--wp--preset--spacing--20);padding-left:var(--wp--preset--spacing--20)\">\n<h3 class=\"wp-block-heading\">Dienstleistungen und weitere Angebote<\/h3>\n\n\n\n<div class=\"wp-block-buttons is-content-justification-center is-layout-flex wp-container-core-buttons-layout-5 wp-block-buttons-is-layout-flex\">\n<div class=\"wp-block-button\"><a class=\"wp-block-button__link wp-element-button\" href=\"https:\/\/www.prodat.de\/cms\/dienstleistungen-service\/programmierung-und-softwareentwicklung\">Softwareentwicklung<\/a><\/div>\n<\/div>\n<\/div>\n\n\n\n<div style=\"height:var(--wp--preset--spacing--20)\" aria-hidden=\"true\" class=\"wp-block-spacer\"><\/div>\n\n\n\n<div class=\"wp-block-group has-base-2-background-color has-background has-global-padding is-layout-constrained wp-container-core-group-layout-3 wp-block-group-is-layout-constrained\" style=\"border-radius:20px;padding-top:var(--wp--preset--spacing--20);padding-right:var(--wp--preset--spacing--20);padding-bottom:var(--wp--preset--spacing--20);padding-left:var(--wp--preset--spacing--20)\">\n<h3 class=\"wp-block-heading\">Softwarel\u00f6sungen &#8211; Beispiele<\/h3>\n\n\n\n<figure class=\"wp-block-image size-full has-custom-border\"><img loading=\"lazy\" decoding=\"async\" width=\"800\" height=\"832\" src=\"https:\/\/www.prodat.de\/cms\/wp-content\/uploads\/2024\/03\/hauptmenue.jpg\" alt=\"RubinApp - Produktivi\u00e4tswerkzeug in Form einer APP f\u00fcr die Rubin GmbH\" class=\"wp-image-5029\" style=\"border-radius:20px\" srcset=\"https:\/\/www.prodat.de\/cms\/wp-content\/uploads\/2024\/03\/hauptmenue.jpg 800w, https:\/\/www.prodat.de\/cms\/wp-content\/uploads\/2024\/03\/hauptmenue-288x300.jpg 288w, https:\/\/www.prodat.de\/cms\/wp-content\/uploads\/2024\/03\/hauptmenue-768x799.jpg 768w\" sizes=\"(max-width: 800px) 100vw, 800px\" \/><\/figure>\n\n\n\n<p class=\"has-text-align-center\"><p>RubinApp &#8211; Produktivi\u00e4tstool f\u00fcr die Rubin GmbH<\/p><\/p>\n\n\n\n<div style=\"height:100px\" aria-hidden=\"true\" class=\"wp-block-spacer\"><\/div>\n\n\n\n<figure class=\"wp-block-image size-full has-custom-border\"><img loading=\"lazy\" decoding=\"async\" width=\"973\" height=\"659\" src=\"https:\/\/www.prodat.de\/cms\/wp-content\/uploads\/2024\/03\/software_prodat_auftragsprogramm.jpg\" alt=\"\" class=\"wp-image-5507\" style=\"border-radius:20px\" srcset=\"https:\/\/www.prodat.de\/cms\/wp-content\/uploads\/2024\/03\/software_prodat_auftragsprogramm.jpg 973w, https:\/\/www.prodat.de\/cms\/wp-content\/uploads\/2024\/03\/software_prodat_auftragsprogramm-300x203.jpg 300w, https:\/\/www.prodat.de\/cms\/wp-content\/uploads\/2024\/03\/software_prodat_auftragsprogramm-768x520.jpg 768w\" sizes=\"(max-width: 973px) 100vw, 973px\" \/><\/figure>\n\n\n\n<p class=\"has-text-align-center\"><p>PRODAT SO-AUF &#8220;Auftragsprogramm&#8221; &#8211; ERP-L\u00f6sung, im Dauereinsatz und in Betreuung seit 1995<\/p><\/p>\n\n\n\n<figure class=\"wp-block-image size-medium has-custom-border\"><img loading=\"lazy\" decoding=\"async\" width=\"300\" height=\"183\" src=\"https:\/\/www.prodat.de\/cms\/wp-content\/uploads\/2024\/03\/bruecke-300x183.jpg\" alt=\"\" class=\"wp-image-5688\" style=\"border-radius:20px\" srcset=\"https:\/\/www.prodat.de\/cms\/wp-content\/uploads\/2024\/03\/bruecke-300x183.jpg 300w, https:\/\/www.prodat.de\/cms\/wp-content\/uploads\/2024\/03\/bruecke-1024x624.jpg 1024w, https:\/\/www.prodat.de\/cms\/wp-content\/uploads\/2024\/03\/bruecke-768x468.jpg 768w, https:\/\/www.prodat.de\/cms\/wp-content\/uploads\/2024\/03\/bruecke.jpg 1099w\" sizes=\"(max-width: 300px) 100vw, 300px\" \/><\/figure>\n\n\n\n<p>Bauwerks\u00fcberwachung-Software<\/p>\n\n\n\n<figure class=\"wp-block-image size-large has-custom-border\"><img loading=\"lazy\" decoding=\"async\" width=\"1024\" height=\"484\" src=\"https:\/\/www.prodat.de\/cms\/wp-content\/uploads\/2024\/03\/schleuse-1024x484.jpg\" alt=\"\" class=\"wp-image-5691\" style=\"border-radius:20px\" srcset=\"https:\/\/www.prodat.de\/cms\/wp-content\/uploads\/2024\/03\/schleuse-1024x484.jpg 1024w, https:\/\/www.prodat.de\/cms\/wp-content\/uploads\/2024\/03\/schleuse-300x142.jpg 300w, https:\/\/www.prodat.de\/cms\/wp-content\/uploads\/2024\/03\/schleuse-768x363.jpg 768w, https:\/\/www.prodat.de\/cms\/wp-content\/uploads\/2024\/03\/schleuse.jpg 1253w\" sizes=\"(max-width: 1024px) 100vw, 1024px\" \/><\/figure>\n\n\n\n<p>Sensornetzwerk-Software<\/p>\n\n\n\n<figure class=\"wp-block-image size-large has-custom-border\"><img loading=\"lazy\" decoding=\"async\" width=\"1024\" height=\"577\" src=\"https:\/\/www.prodat.de\/cms\/wp-content\/uploads\/2024\/03\/litera-1024x577.png\" alt=\"\" class=\"wp-image-5692\" style=\"border-radius:20px\" srcset=\"https:\/\/www.prodat.de\/cms\/wp-content\/uploads\/2024\/03\/litera-1024x577.png 1024w, https:\/\/www.prodat.de\/cms\/wp-content\/uploads\/2024\/03\/litera-300x169.png 300w, https:\/\/www.prodat.de\/cms\/wp-content\/uploads\/2024\/03\/litera-768x433.png 768w, https:\/\/www.prodat.de\/cms\/wp-content\/uploads\/2024\/03\/litera-1536x866.png 1536w, https:\/\/www.prodat.de\/cms\/wp-content\/uploads\/2024\/03\/litera.png 1903w\" sizes=\"(max-width: 1024px) 100vw, 1024px\" \/><\/figure>\n\n\n\n<p>Litera &#8211; Literatur und Medien-Verwaltungssoftware<\/p>\n<\/div>\n<\/div>\n<\/div>\n<\/div>\n\n\n<p><a href=\"#\"><br \/>\n\t\t\t\t\t<\/a><\/p>","protected":false},"excerpt":{"rendered":"<p>Softwarel\u00f6sungen der PRODAT im Gesch\u00e4ftsfeld Software und Softwareentwicklung Individuelle und standardisierte Softwarel\u00f6sungen seit mehr als 30 Jahren! Typische und besondere Features Standardsoftware Softwarel\u00f6sungen im breiten Kundeneinsatz SO-RKM &#8211; Mess- und Pr\u00fcfsoftware zur Radaufstandskraftmessung SO-BKM &#8211; Mess- und Pr\u00fcfsoftware zur Pr\u00fcfung von Bremsen SO-XKM &#8211; Generalisierte Mess- und Pr\u00fcfsoftware SO-DGP &#8211; Mess- und Pr\u00fcfsoftware f\u00fcr Drehgestellpr\u00fcfst\u00e4nde [&hellip;]<\/p>\n","protected":false},"author":2,"featured_media":0,"parent":2796,"menu_order":10,"comment_status":"closed","ping_status":"closed","template":"wp-custom-template-prodat-standard-inhalt","meta":{"footnotes":""},"yoast_head":"<!-- This site is optimized with the Yoast SEO plugin v22.2 - https:\/\/yoast.com\/wordpress\/plugins\/seo\/ -->\n<title>Software - PRODAT<\/title>\n<meta name=\"robots\" content=\"index, follow, max-snippet:-1, max-image-preview:large, max-video-preview:-1\" \/>\n<link rel=\"canonical\" href=\"https:\/\/www.prodat.de\/cms\/produkte\/software\" \/>\n<meta property=\"og:locale\" content=\"en_US\" \/>\n<meta property=\"og:type\" content=\"article\" \/>\n<meta property=\"og:title\" content=\"Software - PRODAT\" \/>\n<meta property=\"og:description\" content=\"Softwarel\u00f6sungen der PRODAT im Gesch\u00e4ftsfeld Software und Softwareentwicklung Individuelle und standardisierte Softwarel\u00f6sungen seit mehr als 30 Jahren! Typische und besondere Features Standardsoftware Softwarel\u00f6sungen im breiten Kundeneinsatz SO-RKM &#8211; Mess- und Pr\u00fcfsoftware zur Radaufstandskraftmessung SO-BKM &#8211; Mess- und Pr\u00fcfsoftware zur Pr\u00fcfung von Bremsen SO-XKM &#8211; Generalisierte Mess- und Pr\u00fcfsoftware SO-DGP &#8211; Mess- und Pr\u00fcfsoftware f\u00fcr Drehgestellpr\u00fcfst\u00e4nde [&hellip;]\" \/>\n<meta property=\"og:url\" content=\"https:\/\/www.prodat.de\/cms\/produkte\/software\" \/>\n<meta property=\"og:site_name\" content=\"PRODAT\" \/>\n<meta property=\"article:modified_time\" content=\"2024-04-02T06:56:48+00:00\" \/>\n<meta property=\"og:image\" content=\"https:\/\/www.prodat.de\/cms\/wp-content\/uploads\/2024\/03\/so_rkm1-300x225.jpg\" \/>\n<meta name=\"twitter:card\" content=\"summary_large_image\" \/>\n<meta name=\"twitter:label1\" content=\"Est. reading time\" \/>\n\t<meta name=\"twitter:data1\" content=\"3 minutes\" \/>\n<script type=\"application\/ld+json\" class=\"yoast-schema-graph\">{\"@context\":\"https:\/\/schema.org\",\"@graph\":[{\"@type\":\"WebPage\",\"@id\":\"https:\/\/www.prodat.de\/cms\/produkte\/software\",\"url\":\"https:\/\/www.prodat.de\/cms\/produkte\/software\",\"name\":\"Software - PRODAT\",\"isPartOf\":{\"@id\":\"https:\/\/www.prodat.de\/cms\/#website\"},\"primaryImageOfPage\":{\"@id\":\"https:\/\/www.prodat.de\/cms\/produkte\/software#primaryimage\"},\"image\":{\"@id\":\"https:\/\/www.prodat.de\/cms\/produkte\/software#primaryimage\"},\"thumbnailUrl\":\"https:\/\/www.prodat.de\/cms\/wp-content\/uploads\/2024\/03\/so_rkm1-300x225.jpg\",\"datePublished\":\"2024-03-18T10:35:59+00:00\",\"dateModified\":\"2024-04-02T06:56:48+00:00\",\"breadcrumb\":{\"@id\":\"https:\/\/www.prodat.de\/cms\/produkte\/software#breadcrumb\"},\"inLanguage\":\"en-US\",\"potentialAction\":[{\"@type\":\"ReadAction\",\"target\":[\"https:\/\/www.prodat.de\/cms\/produkte\/software\"]}]},{\"@type\":\"ImageObject\",\"inLanguage\":\"en-US\",\"@id\":\"https:\/\/www.prodat.de\/cms\/produkte\/software#primaryimage\",\"url\":\"https:\/\/www.prodat.de\/cms\/wp-content\/uploads\/2024\/03\/so_rkm1.jpg\",\"contentUrl\":\"https:\/\/www.prodat.de\/cms\/wp-content\/uploads\/2024\/03\/so_rkm1.jpg\",\"width\":1007,\"height\":756},{\"@type\":\"BreadcrumbList\",\"@id\":\"https:\/\/www.prodat.de\/cms\/produkte\/software#breadcrumb\",\"itemListElement\":[{\"@type\":\"ListItem\",\"position\":1,\"name\":\"www.prodat.de\",\"item\":\"https:\/\/www.prodat.de\/cms\/\"},{\"@type\":\"ListItem\",\"position\":2,\"name\":\"Produkte der PRODAT\",\"item\":\"https:\/\/www.prodat.de\/cms\/produkte\"},{\"@type\":\"ListItem\",\"position\":3,\"name\":\"Software\"}]},{\"@type\":\"WebSite\",\"@id\":\"https:\/\/www.prodat.de\/cms\/#website\",\"url\":\"https:\/\/www.prodat.de\/cms\/\",\"name\":\"PRODAT (CMS)\",\"description\":\"L\u00f6sungen \/ Solutions\",\"publisher\":{\"@id\":\"https:\/\/www.prodat.de\/cms\/#organization\"},\"alternateName\":\"PRODAT Solutions\/L\u00f6sungen - Website\",\"potentialAction\":[{\"@type\":\"SearchAction\",\"target\":{\"@type\":\"EntryPoint\",\"urlTemplate\":\"https:\/\/www.prodat.de\/cms\/?s={search_term_string}\"},\"query-input\":\"required name=search_term_string\"}],\"inLanguage\":\"en-US\"},{\"@type\":\"Organization\",\"@id\":\"https:\/\/www.prodat.de\/cms\/#organization\",\"name\":\"PRODAT\",\"alternateName\":\"PRODAT L\u00f6sungen \/ Solutions\",\"url\":\"https:\/\/www.prodat.de\/cms\/\",\"logo\":{\"@type\":\"ImageObject\",\"inLanguage\":\"en-US\",\"@id\":\"https:\/\/www.prodat.de\/cms\/#\/schema\/logo\/image\/\",\"url\":\"https:\/\/www.prodat.de\/cms\/wp-content\/uploads\/2024\/03\/prodat_logo_h150px.jpg\",\"contentUrl\":\"https:\/\/www.prodat.de\/cms\/wp-content\/uploads\/2024\/03\/prodat_logo_h150px.jpg\",\"width\":560,\"height\":150,\"caption\":\"PRODAT\"},\"image\":{\"@id\":\"https:\/\/www.prodat.de\/cms\/#\/schema\/logo\/image\/\"}}]}<\/script>\n<!-- \/ Yoast SEO plugin. -->","yoast_head_json":{"title":"Software - PRODAT","robots":{"index":"index","follow":"follow","max-snippet":"max-snippet:-1","max-image-preview":"max-image-preview:large","max-video-preview":"max-video-preview:-1"},"canonical":"https:\/\/www.prodat.de\/cms\/produkte\/software","og_locale":"en_US","og_type":"article","og_title":"Software - PRODAT","og_description":"Softwarel\u00f6sungen der PRODAT im Gesch\u00e4ftsfeld Software und Softwareentwicklung Individuelle und standardisierte Softwarel\u00f6sungen seit mehr als 30 Jahren! Typische und besondere Features Standardsoftware Softwarel\u00f6sungen im breiten Kundeneinsatz SO-RKM &#8211; Mess- und Pr\u00fcfsoftware zur Radaufstandskraftmessung SO-BKM &#8211; Mess- und Pr\u00fcfsoftware zur Pr\u00fcfung von Bremsen SO-XKM &#8211; Generalisierte Mess- und Pr\u00fcfsoftware SO-DGP &#8211; Mess- und Pr\u00fcfsoftware f\u00fcr Drehgestellpr\u00fcfst\u00e4nde [&hellip;]","og_url":"https:\/\/www.prodat.de\/cms\/produkte\/software","og_site_name":"PRODAT","article_modified_time":"2024-04-02T06:56:48+00:00","og_image":[{"url":"https:\/\/www.prodat.de\/cms\/wp-content\/uploads\/2024\/03\/so_rkm1-300x225.jpg"}],"twitter_card":"summary_large_image","twitter_misc":{"Est. reading time":"3 minutes"},"schema":{"@context":"https:\/\/schema.org","@graph":[{"@type":"WebPage","@id":"https:\/\/www.prodat.de\/cms\/produkte\/software","url":"https:\/\/www.prodat.de\/cms\/produkte\/software","name":"Software - PRODAT","isPartOf":{"@id":"https:\/\/www.prodat.de\/cms\/#website"},"primaryImageOfPage":{"@id":"https:\/\/www.prodat.de\/cms\/produkte\/software#primaryimage"},"image":{"@id":"https:\/\/www.prodat.de\/cms\/produkte\/software#primaryimage"},"thumbnailUrl":"https:\/\/www.prodat.de\/cms\/wp-content\/uploads\/2024\/03\/so_rkm1-300x225.jpg","datePublished":"2024-03-18T10:35:59+00:00","dateModified":"2024-04-02T06:56:48+00:00","breadcrumb":{"@id":"https:\/\/www.prodat.de\/cms\/produkte\/software#breadcrumb"},"inLanguage":"en-US","potentialAction":[{"@type":"ReadAction","target":["https:\/\/www.prodat.de\/cms\/produkte\/software"]}]},{"@type":"ImageObject","inLanguage":"en-US","@id":"https:\/\/www.prodat.de\/cms\/produkte\/software#primaryimage","url":"https:\/\/www.prodat.de\/cms\/wp-content\/uploads\/2024\/03\/so_rkm1.jpg","contentUrl":"https:\/\/www.prodat.de\/cms\/wp-content\/uploads\/2024\/03\/so_rkm1.jpg","width":1007,"height":756},{"@type":"BreadcrumbList","@id":"https:\/\/www.prodat.de\/cms\/produkte\/software#breadcrumb","itemListElement":[{"@type":"ListItem","position":1,"name":"www.prodat.de","item":"https:\/\/www.prodat.de\/cms\/"},{"@type":"ListItem","position":2,"name":"Produkte der PRODAT","item":"https:\/\/www.prodat.de\/cms\/produkte"},{"@type":"ListItem","position":3,"name":"Software"}]},{"@type":"WebSite","@id":"https:\/\/www.prodat.de\/cms\/#website","url":"https:\/\/www.prodat.de\/cms\/","name":"PRODAT (CMS)","description":"L\u00f6sungen \/ Solutions","publisher":{"@id":"https:\/\/www.prodat.de\/cms\/#organization"},"alternateName":"PRODAT Solutions\/L\u00f6sungen - Website","potentialAction":[{"@type":"SearchAction","target":{"@type":"EntryPoint","urlTemplate":"https:\/\/www.prodat.de\/cms\/?s={search_term_string}"},"query-input":"required name=search_term_string"}],"inLanguage":"en-US"},{"@type":"Organization","@id":"https:\/\/www.prodat.de\/cms\/#organization","name":"PRODAT","alternateName":"PRODAT L\u00f6sungen \/ Solutions","url":"https:\/\/www.prodat.de\/cms\/","logo":{"@type":"ImageObject","inLanguage":"en-US","@id":"https:\/\/www.prodat.de\/cms\/#\/schema\/logo\/image\/","url":"https:\/\/www.prodat.de\/cms\/wp-content\/uploads\/2024\/03\/prodat_logo_h150px.jpg","contentUrl":"https:\/\/www.prodat.de\/cms\/wp-content\/uploads\/2024\/03\/prodat_logo_h150px.jpg","width":560,"height":150,"caption":"PRODAT"},"image":{"@id":"https:\/\/www.prodat.de\/cms\/#\/schema\/logo\/image\/"}}]}},"_links":{"self":[{"href":"https:\/\/www.prodat.de\/cms\/wp-json\/wp\/v2\/pages\/4432"}],"collection":[{"href":"https:\/\/www.prodat.de\/cms\/wp-json\/wp\/v2\/pages"}],"about":[{"href":"https:\/\/www.prodat.de\/cms\/wp-json\/wp\/v2\/types\/page"}],"author":[{"embeddable":true,"href":"https:\/\/www.prodat.de\/cms\/wp-json\/wp\/v2\/users\/2"}],"replies":[{"embeddable":true,"href":"https:\/\/www.prodat.de\/cms\/wp-json\/wp\/v2\/comments?post=4432"}],"version-history":[{"count":90,"href":"https:\/\/www.prodat.de\/cms\/wp-json\/wp\/v2\/pages\/4432\/revisions"}],"predecessor-version":[{"id":7184,"href":"https:\/\/www.prodat.de\/cms\/wp-json\/wp\/v2\/pages\/4432\/revisions\/7184"}],"up":[{"embeddable":true,"href":"https:\/\/www.prodat.de\/cms\/wp-json\/wp\/v2\/pages\/2796"}],"wp:attachment":[{"href":"https:\/\/www.prodat.de\/cms\/wp-json\/wp\/v2\/media?parent=4432"}],"curies":[{"name":"wp","href":"https:\/\/api.w.org\/{rel}","templated":true}]}}