{"id":3425,"date":"2024-03-12T15:20:40","date_gmt":"2024-03-12T14:20:40","guid":{"rendered":"https:\/\/www.prodat.de\/cms\/?page_id=3425"},"modified":"2024-03-16T22:11:58","modified_gmt":"2024-03-16T21:11:58","slug":"suche","status":"publish","type":"page","link":"https:\/\/www.prodat.de\/cms\/suche","title":{"rendered":"Suche"},"content":{"rendered":"\n<div class=\"wp-block-group has-global-padding is-layout-constrained wp-block-group-is-layout-constrained\">\n<div style=\"height:var(--wp--preset--spacing--30)\" aria-hidden=\"true\" class=\"wp-block-spacer\"><\/div>\n\n\n\n<h1 class=\"wp-block-heading\">Suchfunktion<\/h1>\n\n\n<form role=\"search\" method=\"get\" action=\"https:\/\/www.prodat.de\/cms\/\" class=\"wp-block-search__button-outside wp-block-search__text-button wp-block-search\"    ><label class=\"wp-block-search__label\" for=\"wp-block-search__input-1\" ><em><strong>Suche unter www.prodat.de\/cms\/*<\/strong><\/em> <\/label><div class=\"wp-block-search__inside-wrapper \" ><input class=\"wp-block-search__input\" id=\"wp-block-search__input-1\" placeholder=\"Ihre Eingabe\" value=\"\" type=\"search\" name=\"s\" required \/><button aria-label=\"Suche\" class=\"wp-block-search__button wp-element-button\" type=\"submit\" >Suche<\/button><\/div><\/form>\n\n\n<p>Unsere alten Inhaltsseiten sind von der Suche ausgeschlossen, die Inhalte sind unter <a href=\"https:\/\/www.prodat.de\/DE\/\">www.prodat.de\/DE\/<\/a> noch verf\u00fcgbar.<\/p>\n<\/div>\n\n\n\n\n\n<div class=\"wp-block-group has-global-padding is-layout-constrained wp-block-group-is-layout-constrained\">\n<div style=\"height:100px\" aria-hidden=\"true\" class=\"wp-block-spacer\"><\/div>\n\n\n\n<h1 class=\"wp-block-heading\">Tags, Categories &amp; More<\/h1>\n\n\n\n<div class=\"wp-block-columns is-layout-flex wp-container-core-columns-layout-1 wp-block-columns-is-layout-flex\">\n<div class=\"wp-block-column is-layout-flow wp-block-column-is-layout-flow\"><p class=\"wp-block-tag-cloud\"><a href=\"https:\/\/www.prodat.de\/cms\/tag\/bahn\" class=\"tag-cloud-link tag-link-128 tag-link-position-1\" style=\"font-size: 8pt;\" aria-label=\"bahn (1 item)\">bahn<\/a>\n<a href=\"https:\/\/www.prodat.de\/cms\/tag\/bahnwesen\" class=\"tag-cloud-link tag-link-130 tag-link-position-2\" style=\"font-size: 8pt;\" aria-label=\"bahnwesen (1 item)\">bahnwesen<\/a>\n<a href=\"https:\/\/www.prodat.de\/cms\/tag\/bremsprufung\" class=\"tag-cloud-link tag-link-62 tag-link-position-3\" style=\"font-size: 16.4pt;\" aria-label=\"Bremspr\u00fcfung (2 items)\">Bremspr\u00fcfung<\/a>\n<a href=\"https:\/\/www.prodat.de\/cms\/tag\/dienstleistungen\" class=\"tag-cloud-link tag-link-48 tag-link-position-4\" style=\"font-size: 8pt;\" aria-label=\"Dienstleistungen (1 item)\">Dienstleistungen<\/a>\n<a href=\"https:\/\/www.prodat.de\/cms\/tag\/eisenbahn\" class=\"tag-cloud-link tag-link-126 tag-link-position-5\" style=\"font-size: 8pt;\" aria-label=\"eisenbahn (1 item)\">eisenbahn<\/a>\n<a href=\"https:\/\/www.prodat.de\/cms\/tag\/fe\" class=\"tag-cloud-link tag-link-40 tag-link-position-6\" style=\"font-size: 22pt;\" aria-label=\"f&amp;e (3 items)\">f&amp;e<\/a>\n<a href=\"https:\/\/www.prodat.de\/cms\/tag\/kraft\" class=\"tag-cloud-link tag-link-124 tag-link-position-7\" style=\"font-size: 8pt;\" aria-label=\"kraft (1 item)\">kraft<\/a>\n<a href=\"https:\/\/www.prodat.de\/cms\/tag\/messsystem\" class=\"tag-cloud-link tag-link-122 tag-link-position-8\" style=\"font-size: 8pt;\" aria-label=\"messsystem (1 item)\">messsystem<\/a>\n<a href=\"https:\/\/www.prodat.de\/cms\/tag\/messsysteme\" class=\"tag-cloud-link tag-link-42 tag-link-position-9\" style=\"font-size: 22pt;\" aria-label=\"messsysteme (3 items)\">messsysteme<\/a>\n<a href=\"https:\/\/www.prodat.de\/cms\/tag\/norm\" class=\"tag-cloud-link tag-link-118 tag-link-position-10\" style=\"font-size: 8pt;\" aria-label=\"norm (1 item)\">norm<\/a>\n<a href=\"https:\/\/www.prodat.de\/cms\/tag\/normen\" class=\"tag-cloud-link tag-link-50 tag-link-position-11\" style=\"font-size: 8pt;\" aria-label=\"Normen (1 item)\">Normen<\/a>\n<a href=\"https:\/\/www.prodat.de\/cms\/tag\/prima\" class=\"tag-cloud-link tag-link-44 tag-link-position-12\" style=\"font-size: 8pt;\" aria-label=\"prima (1 item)\">prima<\/a>\n<a href=\"https:\/\/www.prodat.de\/cms\/tag\/radaufstandskraft\" class=\"tag-cloud-link tag-link-120 tag-link-position-13\" style=\"font-size: 8pt;\" aria-label=\"radaufstandskraft (1 item)\">radaufstandskraft<\/a>\n<a href=\"https:\/\/www.prodat.de\/cms\/tag\/radlast\" class=\"tag-cloud-link tag-link-116 tag-link-position-14\" style=\"font-size: 8pt;\" aria-label=\"radlast (1 item)\">radlast<\/a>\n<a href=\"https:\/\/www.prodat.de\/cms\/tag\/rakme\" class=\"tag-cloud-link tag-link-114 tag-link-position-15\" style=\"font-size: 8pt;\" aria-label=\"rakme (1 item)\">rakme<\/a>\n<a href=\"https:\/\/www.prodat.de\/cms\/tag\/schienenverkehrstechnik\" class=\"tag-cloud-link tag-link-58 tag-link-position-16\" style=\"font-size: 16.4pt;\" aria-label=\"Schienenverkehrstechnik (2 items)\">Schienenverkehrstechnik<\/a>\n<a href=\"https:\/\/www.prodat.de\/cms\/tag\/sensorik\" class=\"tag-cloud-link tag-link-68 tag-link-position-17\" style=\"font-size: 16.4pt;\" aria-label=\"sensorik (2 items)\">sensorik<\/a>\n<a href=\"https:\/\/www.prodat.de\/cms\/tag\/wissen\" class=\"tag-cloud-link tag-link-52 tag-link-position-18\" style=\"font-size: 16.4pt;\" aria-label=\"Wissen (2 items)\">Wissen<\/a><\/p><\/div>\n\n\n\n<div class=\"wp-block-column is-layout-flow wp-block-column-is-layout-flow\">\n\n<\/div>\n<\/div>\n\n\n\n<h1 class=\"wp-block-heading\">Sitemap<\/h1>\n\n\n<ul class=\"wp-block-page-list has-medium-font-size\"><li class=\"wp-block-pages-list__item\"><a class=\"wp-block-pages-list__item__link\" href=\"https:\/\/www.prodat.de\/cms\/test-de\">#TEST DE<\/a><\/li><li class=\"wp-block-pages-list__item\"><a class=\"wp-block-pages-list__item__link\" href=\"https:\/\/www.prodat.de\/cms\/en\/test-en\">#TEST EN<\/a><\/li><li class=\"wp-block-pages-list__item menu-item-home\"><a class=\"wp-block-pages-list__item__link\" href=\"https:\/\/www.prodat.de\/cms\/\">PRODAT L\u00f6sungen &#8211; Willkommen!<\/a><\/li><li class=\"wp-block-pages-list__item\"><a class=\"wp-block-pages-list__item__link\" href=\"https:\/\/www.prodat.de\/cms\/shop\">SHOP &#8211; Standardprodukte und Systeme, Gebrauchtmarktplatz<\/a><\/li><li class=\"wp-block-pages-list__item has-child\"><a class=\"wp-block-pages-list__item__link\" href=\"https:\/\/www.prodat.de\/cms\/en\/about-prodat-general-information-about-the-company\">About PRODAT &#8211; General information about the company<\/a><ul class=\"wp-block-navigation__submenu-container\"><li class=\"wp-block-pages-list__item \"><a class=\"wp-block-pages-list__item__link\" href=\"https:\/\/www.prodat.de\/cms\/en\/about-prodat-general-information-about-the-company\/jobs-career\">Jobs\/Career<\/a><\/li><li class=\"wp-block-pages-list__item \"><a class=\"wp-block-pages-list__item__link\" href=\"https:\/\/www.prodat.de\/cms\/en\/about-prodat-general-information-about-the-company\/partner\">Partner<\/a><\/li><\/ul><\/li><li class=\"wp-block-pages-list__item\"><a class=\"wp-block-pages-list__item__link\" href=\"https:\/\/www.prodat.de\/cms\/blog\">Blog<\/a><\/li><li class=\"wp-block-pages-list__item\"><a class=\"wp-block-pages-list__item__link\" href=\"https:\/\/www.prodat.de\/cms\/datenschutz\">Datenschutz<\/a><\/li><li class=\"wp-block-pages-list__item\"><a class=\"wp-block-pages-list__item__link\" href=\"https:\/\/www.prodat.de\/cms\/impressum\">Impressum<\/a><\/li><li class=\"wp-block-pages-list__item\"><a class=\"wp-block-pages-list__item__link\" href=\"https:\/\/www.prodat.de\/cms\/kontakt\">Kontakt<\/a><\/li><li class=\"wp-block-pages-list__item\"><a class=\"wp-block-pages-list__item__link\" href=\"https:\/\/www.prodat.de\/cms\/suche\">Suche<\/a><\/li><li class=\"wp-block-pages-list__item has-child\"><a class=\"wp-block-pages-list__item__link\" href=\"https:\/\/www.prodat.de\/cms\/ueber-die-prodat-allgemeine-informationen-zum-unternehmen\">\u00dcber die PRODAT &#8211; Allgemeine Informationen zum Unternehmen<\/a><ul class=\"wp-block-navigation__submenu-container\"><li class=\"wp-block-pages-list__item \"><a class=\"wp-block-pages-list__item__link\" href=\"https:\/\/www.prodat.de\/cms\/ueber-die-prodat-allgemeine-informationen-zum-unternehmen\/partner\">Partner<\/a><\/li><li class=\"wp-block-pages-list__item \"><a class=\"wp-block-pages-list__item__link\" href=\"https:\/\/www.prodat.de\/cms\/ueber-die-prodat-allgemeine-informationen-zum-unternehmen\/login\">Login<\/a><\/li><\/ul><\/li><li class=\"wp-block-pages-list__item has-child\"><a class=\"wp-block-pages-list__item__link\" href=\"https:\/\/www.prodat.de\/cms\/produkte\">Produkte der PRODAT<\/a><ul class=\"wp-block-navigation__submenu-container\"><li class=\"wp-block-pages-list__item has-child \"><a class=\"wp-block-pages-list__item__link\" href=\"https:\/\/www.prodat.de\/cms\/produkte\/mess-und-pruefsysteme-fuer-die-bremsen-von-schienenfahrzeugen\">Mess- und Pr\u00fcfsysteme f\u00fcr Schienenfahrzeugbremsen<\/a><ul class=\"wp-block-navigation__submenu-container\"><li class=\"wp-block-pages-list__item \"><a class=\"wp-block-pages-list__item__link\" href=\"https:\/\/www.prodat.de\/cms\/produkte\/mess-und-pruefsysteme-fuer-die-bremsen-von-schienenfahrzeugen\/bremskraftsensoren\">Bremskraftsensoren f\u00fcr die Schienenverkehrstechnik [PRODAT BKM-S &amp; BKM-K]<\/a><\/li><li class=\"wp-block-pages-list__item \"><a class=\"wp-block-pages-list__item__link\" href=\"https:\/\/www.prodat.de\/cms\/produkte\/mess-und-pruefsysteme-fuer-die-bremsen-von-schienenfahrzeugen\/bremskraftmesssysteme-bremsanpresskraftmesssysteme-prodat-bkm\">Bremskraftmesssysteme &amp; Bremsanpresskraftmessung [PRODAT BKM]<\/a><\/li><li class=\"wp-block-pages-list__item \"><a class=\"wp-block-pages-list__item__link\" href=\"https:\/\/www.prodat.de\/cms\/produkte\/mess-und-pruefsysteme-fuer-die-bremsen-von-schienenfahrzeugen\/produkte-und-losungen-zur-bremsdruckmessung-prodat-bdm\">Bremsdruckmesssysteme &amp; Bremsdruckmessung [PRODAT BDM]<\/a><\/li><\/ul><\/li><li class=\"wp-block-pages-list__item \"><a class=\"wp-block-pages-list__item__link\" href=\"https:\/\/www.prodat.de\/cms\/produkte\/mobile-radlastmesseinrichtungen-rakme-fuer-die-schienenverkehrstechnik-rkm-m\">Mobile Radlastmesseinrichtungen (RAKME) f\u00fcr die Schienenverkehrstechnik [RKM-M]<\/a><\/li><li class=\"wp-block-pages-list__item \"><a class=\"wp-block-pages-list__item__link\" href=\"https:\/\/www.prodat.de\/cms\/produkte\/stationaere-radlastmesseinrichtungen-rakme-fuer-die-schienenverkehrstechnik-rkm-s\">Station\u00e4re Radlastmesseinrichtungen (RAKME) f\u00fcr die Schienenverkehrstechnik [RKM-S]<\/a><\/li><li class=\"wp-block-pages-list__item has-child \"><a class=\"wp-block-pages-list__item__link\" href=\"https:\/\/www.prodat.de\/cms\/produkte\/software\">Software<\/a><ul class=\"wp-block-navigation__submenu-container\"><li class=\"wp-block-pages-list__item \"><a class=\"wp-block-pages-list__item__link\" href=\"https:\/\/www.prodat.de\/cms\/produkte\/software\/so-bkm\">SO-BKM<\/a><\/li><li class=\"wp-block-pages-list__item \"><a class=\"wp-block-pages-list__item__link\" href=\"https:\/\/www.prodat.de\/cms\/produkte\/software\/so-dgp-2\">SO-DGP<\/a><\/li><li class=\"wp-block-pages-list__item \"><a class=\"wp-block-pages-list__item__link\" href=\"https:\/\/www.prodat.de\/cms\/produkte\/software\/so-rkm\">SO-RKM<\/a><\/li><li class=\"wp-block-pages-list__item \"><a class=\"wp-block-pages-list__item__link\" href=\"https:\/\/www.prodat.de\/cms\/produkte\/software\/so-xkm\">SO-XKM<\/a><\/li><\/ul><\/li><li class=\"wp-block-pages-list__item \"><a class=\"wp-block-pages-list__item__link\" href=\"https:\/\/www.prodat.de\/cms\/produkte\/drehgestellpruefstand-neubau\">Drehgestellpr\u00fcfstand Neubau [PRODAT DGP]<\/a><\/li><li class=\"wp-block-pages-list__item \"><a class=\"wp-block-pages-list__item__link\" href=\"https:\/\/www.prodat.de\/cms\/produkte\/sensornetzwerke\">Sensornetzwerke<\/a><\/li><li class=\"wp-block-pages-list__item \"><a class=\"wp-block-pages-list__item__link\" href=\"https:\/\/www.prodat.de\/cms\/produkte\/gleiswaagen\">Gleiswaagen<\/a><\/li><\/ul><\/li><li class=\"wp-block-pages-list__item has-child\"><a class=\"wp-block-pages-list__item__link\" href=\"https:\/\/www.prodat.de\/cms\/dienstleistungen-service\">Dienstleistungen &amp; Service<\/a><ul class=\"wp-block-navigation__submenu-container\"><li class=\"wp-block-pages-list__item \"><a class=\"wp-block-pages-list__item__link\" href=\"https:\/\/www.prodat.de\/cms\/dienstleistungen-service\/kalibrierung-messmittelservice\">Kalibrierung &amp; Messmittelservice<\/a><\/li><li class=\"wp-block-pages-list__item \"><a class=\"wp-block-pages-list__item__link\" href=\"https:\/\/www.prodat.de\/cms\/dienstleistungen-service\/programmierung-und-softwareentwicklung\">Softwareentwicklung<\/a><\/li><li class=\"wp-block-pages-list__item \"><a class=\"wp-block-pages-list__item__link\" href=\"https:\/\/www.prodat.de\/cms\/dienstleistungen-service\/vermietung-von-messsystemen\">Vermietung von Messsystemen (Miete)<\/a><\/li><li class=\"wp-block-pages-list__item \"><a class=\"wp-block-pages-list__item__link\" href=\"https:\/\/www.prodat.de\/cms\/dienstleistungen-service\/messdienstleistungen-radlastmessung-radaufstandskraftmessung\">Messdienstleistungen &#8211; Radlastmessung (Radaufstandskraftmessung)<\/a><\/li><li class=\"wp-block-pages-list__item \"><a class=\"wp-block-pages-list__item__link\" href=\"https:\/\/www.prodat.de\/cms\/dienstleistungen-service\/elektronik-und-hardwaredesign_firmware_produktentwicklung\">Produktentwicklung &#8211; vom Konzept zum Ger\u00e4t &#8211; Firmware, Hardware, Elektronik und Dokumentation<\/a><\/li><li class=\"wp-block-pages-list__item \"><a class=\"wp-block-pages-list__item__link\" href=\"https:\/\/www.prodat.de\/cms\/dienstleistungen-service\/vor-ort-bremskraftmessung\">Messdienstleistungen &#8211; Bremskraftmessung &amp; Bremsdruckmessungen<\/a><\/li><li class=\"wp-block-pages-list__item \"><a class=\"wp-block-pages-list__item__link\" href=\"https:\/\/www.prodat.de\/cms\/dienstleistungen-service\/umruestung-von-drehgestellpruefstaenden\">Umr\u00fcstung und Modernisierung von Drehgestellpr\u00fcfst\u00e4nden<\/a><\/li><li class=\"wp-block-pages-list__item \"><a class=\"wp-block-pages-list__item__link\" href=\"https:\/\/www.prodat.de\/cms\/dienstleistungen-service\/elektronikbestueckung-und-fertigung\">Elektronikbest\u00fcckung und Fertigung<\/a><\/li><li class=\"wp-block-pages-list__item \"><a class=\"wp-block-pages-list__item__link\" href=\"https:\/\/www.prodat.de\/cms\/dienstleistungen-service\/schaltkasten-und-schaltschrankbau\">Schaltkasten und Schaltschrankbau<\/a><\/li><\/ul><\/li><li class=\"wp-block-pages-list__item has-child\"><a class=\"wp-block-pages-list__item__link\" href=\"https:\/\/www.prodat.de\/cms\/loesungen\">L\u00f6sungen<\/a><ul class=\"wp-block-navigation__submenu-container\"><li class=\"wp-block-pages-list__item \"><a class=\"wp-block-pages-list__item__link\" href=\"https:\/\/www.prodat.de\/cms\/loesungen\/bauwerksueberwachung-kanalbruecke-magdeburg\">Messsystem Kanalbr\u00fccke Magdeburg<\/a><\/li><li class=\"wp-block-pages-list__item \"><a class=\"wp-block-pages-list__item__link\" href=\"https:\/\/www.prodat.de\/cms\/loesungen\/bauwerksueberwachung-monitoring-pumpwerk-sparschleuse-rothensee\">Monitoringsystem &#8211; Pumpwerk Sparschleuse Rothensee PRODAT Projekt S17<\/a><\/li><li class=\"wp-block-pages-list__item \"><a class=\"wp-block-pages-list__item__link\" href=\"https:\/\/www.prodat.de\/cms\/loesungen\/mess-und-prufsystem-bremsprufanlage-bpa\">Systeml\u00f6sung Bremspr\u00fcfanlage (BPA)<\/a><\/li><\/ul><\/li><li class=\"wp-block-pages-list__item has-child\"><a class=\"wp-block-pages-list__item__link\" href=\"https:\/\/www.prodat.de\/cms\/beratungsleistungen\">Beratungsleistungen in der Digitalisierung, KI-Integration und KI-Anwendung<\/a><ul class=\"wp-block-navigation__submenu-container\"><li class=\"wp-block-pages-list__item has-child \"><a class=\"wp-block-pages-list__item__link\" href=\"https:\/\/www.prodat.de\/cms\/beratungsleistungen\/ki-fuer-kmu-beratung-anwendung-und-integration\">KI f\u00fcr KMU &#8211; Beratung, Anwendung und Integration<\/a><ul class=\"wp-block-navigation__submenu-container\"><li class=\"wp-block-pages-list__item \"><a class=\"wp-block-pages-list__item__link\" href=\"https:\/\/www.prodat.de\/cms\/beratungsleistungen\/ki-fuer-kmu-beratung-anwendung-und-integration\/ki-bildagentur-service-mehr-als-eine-werbeagentur\">KI Bildagentur (Service) &#8211; mehr als eine Werbeagentur<\/a><\/li><\/ul><\/li><li class=\"wp-block-pages-list__item \"><a class=\"wp-block-pages-list__item__link\" href=\"https:\/\/www.prodat.de\/cms\/beratungsleistungen\/schulungen\">Schulungen<\/a><\/li><li class=\"wp-block-pages-list__item \"><a class=\"wp-block-pages-list__item__link\" href=\"https:\/\/www.prodat.de\/cms\/beratungsleistungen\/bauwerksuberwachung\">Bauwerks\u00fcberwachung<\/a><\/li><\/ul><\/li><\/ul><\/div>\n","protected":false},"excerpt":{"rendered":"<p>Suchfunktion Unsere alten Inhaltsseiten sind von der Suche ausgeschlossen, die Inhalte sind unter www.prodat.de\/DE\/ noch verf\u00fcgbar. Tags, Categories &amp; More Sitemap<\/p>\n","protected":false},"author":2,"featured_media":0,"parent":0,"menu_order":1,"comment_status":"closed","ping_status":"closed","template":"wp-custom-template-prodat-standard-inhalt","meta":{"footnotes":""},"yoast_head":"<!-- This site is optimized with the Yoast SEO plugin v22.2 - https:\/\/yoast.com\/wordpress\/plugins\/seo\/ -->\n<title>Suche - PRODAT<\/title>\n<meta name=\"robots\" content=\"index, follow, max-snippet:-1, max-image-preview:large, max-video-preview:-1\" \/>\n<link rel=\"canonical\" href=\"https:\/\/www.prodat.de\/cms\/suche\" \/>\n<meta property=\"og:locale\" content=\"en_US\" \/>\n<meta property=\"og:type\" content=\"article\" \/>\n<meta property=\"og:title\" content=\"Suche - PRODAT\" \/>\n<meta property=\"og:description\" content=\"Suchfunktion Unsere alten Inhaltsseiten sind von der Suche ausgeschlossen, die Inhalte sind unter www.prodat.de\/DE\/ noch verf\u00fcgbar. Tags, Categories &amp; More Sitemap\" \/>\n<meta property=\"og:url\" content=\"https:\/\/www.prodat.de\/cms\/suche\" \/>\n<meta property=\"og:site_name\" content=\"PRODAT\" \/>\n<meta property=\"article:modified_time\" content=\"2024-03-16T21:11:58+00:00\" \/>\n<meta name=\"twitter:card\" content=\"summary_large_image\" \/>\n<meta name=\"twitter:label1\" content=\"Est. reading time\" \/>\n\t<meta name=\"twitter:data1\" content=\"1 minute\" \/>\n<script type=\"application\/ld+json\" class=\"yoast-schema-graph\">{\"@context\":\"https:\/\/schema.org\",\"@graph\":[{\"@type\":\"WebPage\",\"@id\":\"https:\/\/www.prodat.de\/cms\/suche\",\"url\":\"https:\/\/www.prodat.de\/cms\/suche\",\"name\":\"Suche - PRODAT\",\"isPartOf\":{\"@id\":\"https:\/\/www.prodat.de\/cms\/#website\"},\"datePublished\":\"2024-03-12T14:20:40+00:00\",\"dateModified\":\"2024-03-16T21:11:58+00:00\",\"breadcrumb\":{\"@id\":\"https:\/\/www.prodat.de\/cms\/suche#breadcrumb\"},\"inLanguage\":\"en-US\",\"potentialAction\":[{\"@type\":\"ReadAction\",\"target\":[\"https:\/\/www.prodat.de\/cms\/suche\"]}]},{\"@type\":\"BreadcrumbList\",\"@id\":\"https:\/\/www.prodat.de\/cms\/suche#breadcrumb\",\"itemListElement\":[{\"@type\":\"ListItem\",\"position\":1,\"name\":\"www.prodat.de\",\"item\":\"https:\/\/www.prodat.de\/cms\/\"},{\"@type\":\"ListItem\",\"position\":2,\"name\":\"Suche\"}]},{\"@type\":\"WebSite\",\"@id\":\"https:\/\/www.prodat.de\/cms\/#website\",\"url\":\"https:\/\/www.prodat.de\/cms\/\",\"name\":\"PRODAT (CMS)\",\"description\":\"L\u00f6sungen \/ Solutions\",\"publisher\":{\"@id\":\"https:\/\/www.prodat.de\/cms\/#organization\"},\"alternateName\":\"PRODAT Solutions\/L\u00f6sungen - Website\",\"potentialAction\":[{\"@type\":\"SearchAction\",\"target\":{\"@type\":\"EntryPoint\",\"urlTemplate\":\"https:\/\/www.prodat.de\/cms\/?s={search_term_string}\"},\"query-input\":\"required name=search_term_string\"}],\"inLanguage\":\"en-US\"},{\"@type\":\"Organization\",\"@id\":\"https:\/\/www.prodat.de\/cms\/#organization\",\"name\":\"PRODAT\",\"alternateName\":\"PRODAT L\u00f6sungen \/ Solutions\",\"url\":\"https:\/\/www.prodat.de\/cms\/\",\"logo\":{\"@type\":\"ImageObject\",\"inLanguage\":\"en-US\",\"@id\":\"https:\/\/www.prodat.de\/cms\/#\/schema\/logo\/image\/\",\"url\":\"https:\/\/www.prodat.de\/cms\/wp-content\/uploads\/2024\/03\/prodat_logo_h150px.jpg\",\"contentUrl\":\"https:\/\/www.prodat.de\/cms\/wp-content\/uploads\/2024\/03\/prodat_logo_h150px.jpg\",\"width\":560,\"height\":150,\"caption\":\"PRODAT\"},\"image\":{\"@id\":\"https:\/\/www.prodat.de\/cms\/#\/schema\/logo\/image\/\"}}]}<\/script>\n<!-- \/ Yoast SEO plugin. -->","yoast_head_json":{"title":"Suche - PRODAT","robots":{"index":"index","follow":"follow","max-snippet":"max-snippet:-1","max-image-preview":"max-image-preview:large","max-video-preview":"max-video-preview:-1"},"canonical":"https:\/\/www.prodat.de\/cms\/suche","og_locale":"en_US","og_type":"article","og_title":"Suche - PRODAT","og_description":"Suchfunktion Unsere alten Inhaltsseiten sind von der Suche ausgeschlossen, die Inhalte sind unter www.prodat.de\/DE\/ noch verf\u00fcgbar. Tags, Categories &amp; More Sitemap","og_url":"https:\/\/www.prodat.de\/cms\/suche","og_site_name":"PRODAT","article_modified_time":"2024-03-16T21:11:58+00:00","twitter_card":"summary_large_image","twitter_misc":{"Est. reading time":"1 minute"},"schema":{"@context":"https:\/\/schema.org","@graph":[{"@type":"WebPage","@id":"https:\/\/www.prodat.de\/cms\/suche","url":"https:\/\/www.prodat.de\/cms\/suche","name":"Suche - PRODAT","isPartOf":{"@id":"https:\/\/www.prodat.de\/cms\/#website"},"datePublished":"2024-03-12T14:20:40+00:00","dateModified":"2024-03-16T21:11:58+00:00","breadcrumb":{"@id":"https:\/\/www.prodat.de\/cms\/suche#breadcrumb"},"inLanguage":"en-US","potentialAction":[{"@type":"ReadAction","target":["https:\/\/www.prodat.de\/cms\/suche"]}]},{"@type":"BreadcrumbList","@id":"https:\/\/www.prodat.de\/cms\/suche#breadcrumb","itemListElement":[{"@type":"ListItem","position":1,"name":"www.prodat.de","item":"https:\/\/www.prodat.de\/cms\/"},{"@type":"ListItem","position":2,"name":"Suche"}]},{"@type":"WebSite","@id":"https:\/\/www.prodat.de\/cms\/#website","url":"https:\/\/www.prodat.de\/cms\/","name":"PRODAT (CMS)","description":"L\u00f6sungen \/ Solutions","publisher":{"@id":"https:\/\/www.prodat.de\/cms\/#organization"},"alternateName":"PRODAT Solutions\/L\u00f6sungen - Website","potentialAction":[{"@type":"SearchAction","target":{"@type":"EntryPoint","urlTemplate":"https:\/\/www.prodat.de\/cms\/?s={search_term_string}"},"query-input":"required name=search_term_string"}],"inLanguage":"en-US"},{"@type":"Organization","@id":"https:\/\/www.prodat.de\/cms\/#organization","name":"PRODAT","alternateName":"PRODAT L\u00f6sungen \/ Solutions","url":"https:\/\/www.prodat.de\/cms\/","logo":{"@type":"ImageObject","inLanguage":"en-US","@id":"https:\/\/www.prodat.de\/cms\/#\/schema\/logo\/image\/","url":"https:\/\/www.prodat.de\/cms\/wp-content\/uploads\/2024\/03\/prodat_logo_h150px.jpg","contentUrl":"https:\/\/www.prodat.de\/cms\/wp-content\/uploads\/2024\/03\/prodat_logo_h150px.jpg","width":560,"height":150,"caption":"PRODAT"},"image":{"@id":"https:\/\/www.prodat.de\/cms\/#\/schema\/logo\/image\/"}}]}},"_links":{"self":[{"href":"https:\/\/www.prodat.de\/cms\/wp-json\/wp\/v2\/pages\/3425"}],"collection":[{"href":"https:\/\/www.prodat.de\/cms\/wp-json\/wp\/v2\/pages"}],"about":[{"href":"https:\/\/www.prodat.de\/cms\/wp-json\/wp\/v2\/types\/page"}],"author":[{"embeddable":true,"href":"https:\/\/www.prodat.de\/cms\/wp-json\/wp\/v2\/users\/2"}],"replies":[{"embeddable":true,"href":"https:\/\/www.prodat.de\/cms\/wp-json\/wp\/v2\/comments?post=3425"}],"version-history":[{"count":17,"href":"https:\/\/www.prodat.de\/cms\/wp-json\/wp\/v2\/pages\/3425\/revisions"}],"predecessor-version":[{"id":4299,"href":"https:\/\/www.prodat.de\/cms\/wp-json\/wp\/v2\/pages\/3425\/revisions\/4299"}],"wp:attachment":[{"href":"https:\/\/www.prodat.de\/cms\/wp-json\/wp\/v2\/media?parent=3425"}],"curies":[{"name":"wp","href":"https:\/\/api.w.org\/{rel}","templated":true}]}}