{"id":2775,"date":"2024-03-09T16:40:04","date_gmt":"2024-03-09T15:40:04","guid":{"rendered":"https:\/\/www.prodat.de\/cms\/?page_id=2775"},"modified":"2024-04-09T19:02:16","modified_gmt":"2024-04-09T17:02:16","slug":"mess-und-prufsystem-bremsprufanlage-bpa","status":"publish","type":"page","link":"https:\/\/www.prodat.de\/cms\/loesungen\/mess-und-prufsystem-bremsprufanlage-bpa","title":{"rendered":"Systeml\u00f6sung Bremspr\u00fcfanlage (BPA)"},"content":{"rendered":"\n<h2 class=\"wp-block-heading has-text-align-center\">PRODAT BPA &#8211; <br>Mobile Bremspr\u00fcfanlage, ein Bremspr\u00fcfger\u00e4t f\u00fcr alle Anforderungen<\/h2>\n\n\n\n<div style=\"height:var(--wp--preset--spacing--20)\" aria-hidden=\"true\" class=\"wp-block-spacer\"><\/div>\n\n\n\n<div class=\"wp-block-group alignfull has-accent-background-color has-background has-global-padding is-layout-constrained wp-block-group-is-layout-constrained\" style=\"margin-top:0;margin-bottom:0;padding-top:var(--wp--preset--spacing--50);padding-right:var(--wp--preset--spacing--50);padding-bottom:var(--wp--preset--spacing--50);padding-left:var(--wp--preset--spacing--50)\">\n<div class=\"wp-block-columns alignwide is-layout-flex wp-container-core-columns-layout-1 wp-block-columns-is-layout-flex\">\n<div class=\"wp-block-column is-vertically-aligned-stretch has-base-2-color has-text-color has-link-color wp-elements-51c33d45a81dc3eafe30195ab6d96e51 is-layout-flow wp-block-column-is-layout-flow\" style=\"flex-basis:50%\">\n<div class=\"wp-block-group is-vertical is-content-justification-stretch is-layout-flex wp-container-core-group-layout-1 wp-block-group-is-layout-flex\" style=\"min-height:100%\">\n<figure class=\"wp-block-pullquote has-contrast-color has-base-2-background-color has-text-color has-background has-link-color has-large-font-size wp-elements-035228786060ceac255a0df9ae894632\"><blockquote><p>Das Bremspr\u00fcfger\u00e4t PRODAT BPA SBB dient der automatischen und\/oder semi-automatischen Durchf\u00fchrung und Dokumentation von Messungen und Bremspr\u00fcfungen.<\/p><\/blockquote><\/figure>\n\n\n\n<p class=\"has-base-2-color has-text-color has-link-color wp-elements-06baa295400d38f50c463ba215b92607\"><br>F\u00fcr die fortlaufende Sicherheit und Leistung von Fahrzeugflotten ist die \u00dcberpr\u00fcfung von kritischen Systemen wie den Bremsen unerl\u00e4sslich. Die PRODAT steht Ihnen als erfahrener Entwickler und Dienstleister f\u00fcr Bremspr\u00fcftechnologien und insbesondere von Messsystemen zur Bremspr\u00fcfung zur Seite. Die PRODAT stellt umfangreiches Know-how und die Expertise ihrer Spezialisten zur Verf\u00fcgung. Unser Angebot umfasst zudem die spezialisierte Untersuchung von luftgesteuerten Bremssystemen f\u00fcr Schienenfahrzeuge gem\u00e4\u00df den UIC-Richtlinien. Mit einer Kombination aus fachlicher Kompetenz und jahrelanger Erfahrung unterst\u00fctzen wir auch kundenspezifische Sonderentwicklungen. PRODAT tr\u00e4gt zudem durch innovative Softwarel\u00f6sungen zur Digitalisierung und Effizienzsteigerung von Werkstattprozessen bei, wodurch wir unsere Kunden in vielen Anwendungsgebieten umfangreich unterst\u00fctzen k\u00f6nnen.<\/p>\n\n\n\n<p class=\"has-base-2-color has-text-color has-link-color wp-elements-5b705665405cfd3cef8dbc346ecccefc\">Die L\u00f6sung BPA erg\u00e4nzt die vorhandenen Anwendungen und standardisierten Produktl\u00f6sungen der PRODAT. <\/p>\n<\/div>\n<\/div>\n\n\n\n<div class=\"wp-block-column is-vertically-aligned-center is-layout-flow wp-block-column-is-layout-flow\" style=\"flex-basis:50%\">\n<figure class=\"wp-block-image size-large is-style-rounded\"><img fetchpriority=\"high\" decoding=\"async\" width=\"1024\" height=\"473\" src=\"https:\/\/www.prodat.de\/cms\/wp-content\/uploads\/2024\/03\/prodat_bpa_awendung1-1024x473.jpg\" alt=\"PRODAT BPA - Bremspr\u00fcfanlage in mobiler Ausf\u00fchrung\" class=\"wp-image-5092\" style=\"aspect-ratio:3\/4;object-fit:cover\" srcset=\"https:\/\/www.prodat.de\/cms\/wp-content\/uploads\/2024\/03\/prodat_bpa_awendung1-1024x473.jpg 1024w, https:\/\/www.prodat.de\/cms\/wp-content\/uploads\/2024\/03\/prodat_bpa_awendung1-300x139.jpg 300w, https:\/\/www.prodat.de\/cms\/wp-content\/uploads\/2024\/03\/prodat_bpa_awendung1-768x355.jpg 768w, https:\/\/www.prodat.de\/cms\/wp-content\/uploads\/2024\/03\/prodat_bpa_awendung1-1536x709.jpg 1536w, https:\/\/www.prodat.de\/cms\/wp-content\/uploads\/2024\/03\/prodat_bpa_awendung1.jpg 1663w\" sizes=\"(max-width: 1024px) 100vw, 1024px\" \/><\/figure>\n\n\n\n<div class=\"wp-block-group has-global-padding is-layout-constrained wp-block-group-is-layout-constrained\">\n<div class=\"wp-block-buttons is-content-justification-center is-layout-flex wp-container-core-buttons-layout-1 wp-block-buttons-is-layout-flex\">\n<div class=\"wp-block-button\"><a class=\"wp-block-button__link wp-element-button\" href=\"https:\/\/www.prodat.de\/cms\/produkte\/mess-und-pruefsysteme-fuer-die-bremsen-von-schienenfahrzeugen\">Bremspr\u00fcfsysteme &#8211; Allgemein<\/a><\/div>\n\n\n\n<div class=\"wp-block-button\"><a class=\"wp-block-button__link wp-element-button\" href=\"https:\/\/www.prodat.de\/cms\/produkte\/mess-und-pruefsysteme-fuer-die-bremsen-von-schienenfahrzeugen\/bremskraftmesssysteme-bremsanpresskraftmesssysteme-prodat-bkm\">PRODAT BKM &#8211; Bremskraftmessung<\/a><\/div>\n\n\n\n<div class=\"wp-block-button\"><a class=\"wp-block-button__link wp-element-button\" href=\"https:\/\/www.prodat.de\/cms\/produkte\/mess-und-pruefsysteme-fuer-die-bremsen-von-schienenfahrzeugen\/produkte-und-losungen-zur-bremsdruckmessung-prodat-bdm\">PRODAT BDM &#8211; Bremsdruckmessung<\/a><\/div>\n\n\n\n<div class=\"wp-block-button\"><a class=\"wp-block-button__link wp-element-button\" href=\"https:\/\/www.prodat.de\/cms\/produkte\/mess-und-pruefsysteme-fuer-die-bremsen-von-schienenfahrzeugen\/bremskraftsensoren\">Bremskraftsensoren<\/a><\/div>\n\n\n\n<div class=\"wp-block-button\"><a class=\"wp-block-button__link wp-element-button\" href=\"https:\/\/www.prodat.de\/cms\/loesungen\/mess-und-prufsystem-bremsprufanlage-bpa\">PRODAT BPA &#8211; mobile Bremspr\u00fcfanlage Typ BPA\/PDR<\/a><\/div>\n<\/div>\n<\/div>\n<\/div>\n<\/div>\n<\/div>\n\n\n\n<div class=\"wp-block-group alignfull has-base-background-color has-background has-global-padding is-layout-constrained wp-block-group-is-layout-constrained\" style=\"margin-top:0;margin-bottom:0;padding-top:var(--wp--preset--spacing--50);padding-right:var(--wp--preset--spacing--50);padding-bottom:var(--wp--preset--spacing--50);padding-left:var(--wp--preset--spacing--50)\">\n<div class=\"wp-block-columns alignwide is-layout-flex wp-container-core-columns-layout-3 wp-block-columns-is-layout-flex\">\n<div class=\"wp-block-column has-global-padding is-layout-constrained wp-container-core-column-layout-3 wp-block-column-is-layout-constrained\" style=\"flex-basis:30%\">\n<h3 class=\"wp-block-heading is-style-asterisk\">Eigenschaften &#8220;Features&#8221;<\/h3>\n\n\n\n<ul class=\"is-style-checkmark-list\">\n<li>Manuelle, semi-automatische oder automatische Ausf\u00fchrung von Bremsproben<\/li>\n\n\n\n<li>Mit oder ohne zus\u00e4tzliche Erweiterungsanzeigen wie bspw. einem Tablet-PC und\/oder Laptop<\/li>\n\n\n\n<li>Digitale Dokumentation der Pr\u00fcfabl\u00e4ufe (falls notwendig mit weiteren Manipulationsschutzma\u00dfnahmen) und Archivierung<\/li>\n\n\n\n<li>UIC-Richtlinien 540 und 543-1 wird gen\u00fcgt<\/li>\n\n\n\n<li>Protokollerstellung inkl. einfacher Anpassfunktion<\/li>\n\n\n\n<li>Einfaches Anlegen und Verwalten von Fahrzeugen<\/li>\n\n\n\n<li>Bremsdruckmessung<\/li>\n\n\n\n<li>Bremskraftmessung (auch sog. Bremsanpresskraftmessung)<\/li>\n\n\n\n<li>Druckschaulinien (Diagramme bzw. Graphen) zeigen die zeitlichen Verl\u00e4ufe von Kraft und Druck<\/li>\n\n\n\n<li>Kabellose Komponenten im Akkubetrieb<\/li>\n<\/ul>\n<\/div>\n\n\n\n<div class=\"wp-block-column is-layout-flow wp-container-core-column-layout-6 wp-block-column-is-layout-flow\" style=\"flex-basis:60%\">\n<figure class=\"wp-block-pullquote has-base-2-background-color has-background has-large-font-size\"><blockquote><p>Koppelbare Grundeinheiten mit Pneumatiksteuerfunktionen, mit Regel- und Messfunktionen. 2x Hochvolumenstromregelung und Messung, 5x Niedervolumenstromregelung und Messung.<br>&#8211; &#8211;<br>20 drahtlose Druckmessstellen (\u00fcber das Fahrzeug verteilt)<br>20 drahtlose Kraftmessstellen (\u00fcber das Fahrzeug verteilt)<\/p><\/blockquote><\/figure>\n\n\n\n<div class=\"wp-block-columns is-layout-flex wp-container-core-columns-layout-2 wp-block-columns-is-layout-flex\">\n<div class=\"wp-block-column is-layout-flow wp-block-column-is-layout-flow\">\n<figure class=\"wp-block-image size-large is-style-rounded\"><img decoding=\"async\" width=\"1024\" height=\"499\" src=\"https:\/\/www.prodat.de\/cms\/wp-content\/uploads\/2024\/03\/1645185547799-1024x499.jpg\" alt=\"PRODAT BPA - Entwicklungsteam\" class=\"wp-image-3991\" srcset=\"https:\/\/www.prodat.de\/cms\/wp-content\/uploads\/2024\/03\/1645185547799-1024x499.jpg 1024w, https:\/\/www.prodat.de\/cms\/wp-content\/uploads\/2024\/03\/1645185547799-300x146.jpg 300w, https:\/\/www.prodat.de\/cms\/wp-content\/uploads\/2024\/03\/1645185547799-768x374.jpg 768w, https:\/\/www.prodat.de\/cms\/wp-content\/uploads\/2024\/03\/1645185547799-1536x748.jpg 1536w, https:\/\/www.prodat.de\/cms\/wp-content\/uploads\/2024\/03\/1645185547799-2048x997.jpg 2048w\" sizes=\"(max-width: 1024px) 100vw, 1024px\" \/><\/figure>\n\n\n\n<p class=\"wp-container-content-1\">Historie &#8211; Mitarbeiter des Entwicklungsteams, zusammen mit dem Prototypen der Grundeinheit. <\/p>\n<\/div>\n\n\n\n<div class=\"wp-block-column is-layout-flow wp-block-column-is-layout-flow\">\n<figure class=\"wp-block-image size-large is-style-rounded\"><img decoding=\"async\" width=\"1024\" height=\"768\" src=\"https:\/\/www.prodat.de\/cms\/wp-content\/uploads\/2024\/03\/IMG_3044-1024x768.jpg\" alt=\"PRODAT BDM - Mess- und Pr\u00fcfsysteme zur Druckmessung.\" class=\"wp-image-5146\" srcset=\"https:\/\/www.prodat.de\/cms\/wp-content\/uploads\/2024\/03\/IMG_3044-1024x768.jpg 1024w, https:\/\/www.prodat.de\/cms\/wp-content\/uploads\/2024\/03\/IMG_3044-300x225.jpg 300w, https:\/\/www.prodat.de\/cms\/wp-content\/uploads\/2024\/03\/IMG_3044-768x576.jpg 768w, https:\/\/www.prodat.de\/cms\/wp-content\/uploads\/2024\/03\/IMG_3044-1536x1152.jpg 1536w, https:\/\/www.prodat.de\/cms\/wp-content\/uploads\/2024\/03\/IMG_3044.jpg 2016w\" sizes=\"(max-width: 1024px) 100vw, 1024px\" \/><\/figure>\n<\/div>\n<\/div>\n<\/div>\n<\/div>\n<\/div>\n\n\n\n<div class=\"wp-block-group alignfull has-accent-5-background-color has-background has-global-padding is-layout-constrained wp-block-group-is-layout-constrained\" style=\"border-radius:20px;margin-top:0;margin-bottom:0;padding-top:var(--wp--preset--spacing--50);padding-right:var(--wp--preset--spacing--50);padding-bottom:var(--wp--preset--spacing--50);padding-left:var(--wp--preset--spacing--50)\">\n<div class=\"wp-block-columns alignwide is-layout-flex wp-container-core-columns-layout-4 wp-block-columns-is-layout-flex\">\n<div class=\"wp-block-column is-vertically-aligned-center is-layout-flow wp-block-column-is-layout-flow\" style=\"flex-basis:60%\">\n<figure class=\"wp-block-image size-full is-style-rounded wp-duotone-duotone-1\"><img loading=\"lazy\" decoding=\"async\" width=\"1663\" height=\"768\" src=\"https:\/\/www.prodat.de\/cms\/wp-content\/uploads\/2024\/03\/20210323_110930.jpg\" alt=\"\" class=\"wp-image-5597\" style=\"aspect-ratio:4\/3;object-fit:cover\" srcset=\"https:\/\/www.prodat.de\/cms\/wp-content\/uploads\/2024\/03\/20210323_110930.jpg 1663w, https:\/\/www.prodat.de\/cms\/wp-content\/uploads\/2024\/03\/20210323_110930-300x139.jpg 300w, https:\/\/www.prodat.de\/cms\/wp-content\/uploads\/2024\/03\/20210323_110930-1024x473.jpg 1024w, https:\/\/www.prodat.de\/cms\/wp-content\/uploads\/2024\/03\/20210323_110930-768x355.jpg 768w, https:\/\/www.prodat.de\/cms\/wp-content\/uploads\/2024\/03\/20210323_110930-1536x709.jpg 1536w\" sizes=\"(max-width: 1663px) 100vw, 1663px\" \/><\/figure>\n<\/div>\n\n\n\n<div class=\"wp-block-column is-layout-flow wp-block-column-is-layout-flow\" style=\"flex-basis:40%\">\n<h2 class=\"wp-block-heading is-style-default has-contrast-color has-text-color has-link-color wp-elements-8dfebc60e6701c8cb1e9e6251d4589a2\">Schweizerische Bundesbahnen SBB &#8211; Arbeitsger\u00e4t im industriellen Werkstatteinsatz<\/h2>\n\n\n\n<p>Das Bremspr\u00fcfger\u00e4t wurde seit ca. 2020 entwickelt und in das Messsystemportfolio der PRODAT eingereiht. Es erweitert das Produktspektrum der PRODAT um L\u00f6sungen zur Steuerung und Messung von Hoch- und Niedervolumenstrom, bspw. HLL und HBL Leitungen im Fahrzeug.<\/p>\n\n\n\n<div class=\"wp-block-buttons is-layout-flex wp-block-buttons-is-layout-flex\"><\/div>\n<\/div>\n<\/div>\n<\/div>\n\n\n\n<div style=\"height:var(--wp--preset--spacing--20)\" aria-hidden=\"true\" class=\"wp-block-spacer\"><\/div>\n\n\n\n<div class=\"wp-block-group alignfull has-base-color has-contrast-background-color has-text-color has-background has-link-color wp-elements-ea2428cd63164d8f6003ad82939828a6 has-global-padding is-layout-constrained wp-block-group-is-layout-constrained\" style=\"margin-top:0;margin-bottom:0;padding-top:var(--wp--preset--spacing--50);padding-right:var(--wp--preset--spacing--50);padding-bottom:var(--wp--preset--spacing--50);padding-left:var(--wp--preset--spacing--50)\">\n<h2 class=\"wp-block-heading alignwide has-base-color has-text-color has-link-color wp-elements-83604a5940a4194a811ba3c94c2fb929\" style=\"font-size:clamp(1.743rem, 1.743rem + ((1vw - 0.2rem) * 2.095), 3rem);letter-spacing:-0.02em\">FAQs<\/h2>\n\n\n\n<div class=\"wp-block-group alignwide is-layout-flow wp-block-group-is-layout-flow\">\n<hr class=\"wp-block-separator has-text-color has-base-color has-alpha-channel-opacity has-base-background-color has-background is-style-wide\"\/>\n\n\n\n<details class=\"wp-block-details is-style-arrow-icon-details has-medium-font-size is-layout-flow wp-block-details-is-layout-flow\" style=\"border-top-style:none;border-top-width:0px;border-right-style:none;border-right-width:0px;border-bottom-color:var(--wp--preset--color--base);border-bottom-style:solid;border-bottom-width:1px;border-left-style:none;border-left-width:0px;margin-top:0\"><summary>Anzahl der Kraftsensoren<\/summary>\n<p class=\"has-contrast-1-color has-text-color has-link-color wp-elements-50a0ac0a34102ef9ac63d59d43d085c1\">Bis zu 20 Kraftsensoren werden zur Auswertung und Anzeige unterst\u00fctzt.<\/p>\n<\/details>\n\n\n\n<details class=\"wp-block-details is-style-arrow-icon-details has-medium-font-size is-layout-flow wp-block-details-is-layout-flow\" style=\"border-top-style:none;border-top-width:0px;border-right-style:none;border-right-width:0px;border-bottom-color:var(--wp--preset--color--base);border-bottom-style:solid;border-bottom-width:1px;border-left-style:none;border-left-width:0px;margin-top:0\"><summary>Anzahl der Drucksensoren<\/summary>\n<p class=\"has-contrast-1-color has-text-color has-link-color wp-elements-8d5a4b9d5724d60c7c6dbddda8030de8\">zur drahtlosen Druckmessung, werden Druckmessstellen zusammengefasst und einem drahtlosen Sensorknoten (sog. Druckinterface) zugef\u00fchrt. Druckinterfaces stehen mit einem Kanal, 4-Kan\u00e4len oder 6-Kan\u00e4len zur Verf\u00fcgung.<\/p>\n<\/details>\n\n\n\n<div style=\"margin-top:var(--wp--preset--spacing--10);margin-bottom:0;height:var(--wp--preset--spacing--10)\" aria-hidden=\"true\" class=\"wp-block-spacer\"><\/div>\n<\/div>\n<\/div>\n","protected":false},"excerpt":{"rendered":"<p>PRODAT BPA &#8211; Mobile Bremspr\u00fcfanlage, ein Bremspr\u00fcfger\u00e4t f\u00fcr alle Anforderungen Das Bremspr\u00fcfger\u00e4t PRODAT BPA SBB dient der automatischen und\/oder semi-automatischen Durchf\u00fchrung und Dokumentation von Messungen und Bremspr\u00fcfungen. F\u00fcr die fortlaufende Sicherheit und Leistung von Fahrzeugflotten ist die \u00dcberpr\u00fcfung von kritischen Systemen wie den Bremsen unerl\u00e4sslich. Die PRODAT steht Ihnen als erfahrener Entwickler und Dienstleister f\u00fcr [&hellip;]<\/p>\n","protected":false},"author":2,"featured_media":0,"parent":582,"menu_order":0,"comment_status":"closed","ping_status":"closed","template":"wp-custom-template-prodat-standard-inhalt","meta":{"footnotes":""},"yoast_head":"<!-- This site is optimized with the Yoast SEO plugin v22.2 - https:\/\/yoast.com\/wordpress\/plugins\/seo\/ -->\n<title>Systeml\u00f6sung Bremspr\u00fcfanlage (BPA) - PRODAT<\/title>\n<meta name=\"description\" content=\"Mobile Bremspr\u00fcfanlage f\u00fcr Schienenfahrzeuge. Systeml\u00f6sung entwickelt f\u00fcr die SBB. Steuerung im Bremssysteme, mit Funk Kraft- und Drucksensoren.\" \/>\n<meta name=\"robots\" content=\"index, follow, max-snippet:-1, max-image-preview:large, max-video-preview:-1\" \/>\n<link rel=\"canonical\" href=\"https:\/\/www.prodat.de\/cms\/loesungen\/mess-und-prufsystem-bremsprufanlage-bpa\" \/>\n<meta property=\"og:locale\" content=\"en_US\" \/>\n<meta property=\"og:type\" content=\"article\" \/>\n<meta property=\"og:title\" content=\"Systeml\u00f6sung Bremspr\u00fcfanlage (BPA) - PRODAT\" \/>\n<meta property=\"og:description\" content=\"Mobile Bremspr\u00fcfanlage f\u00fcr Schienenfahrzeuge. Systeml\u00f6sung entwickelt f\u00fcr die SBB. Steuerung im Bremssysteme, mit Funk Kraft- und Drucksensoren.\" \/>\n<meta property=\"og:url\" content=\"https:\/\/www.prodat.de\/cms\/loesungen\/mess-und-prufsystem-bremsprufanlage-bpa\" \/>\n<meta property=\"og:site_name\" content=\"PRODAT\" \/>\n<meta property=\"article:modified_time\" content=\"2024-04-09T17:02:16+00:00\" \/>\n<meta property=\"og:image\" content=\"https:\/\/www.prodat.de\/cms\/wp-content\/uploads\/2024\/03\/prodat_bpa_awendung1-1024x473.jpg\" \/>\n<meta name=\"twitter:card\" content=\"summary_large_image\" \/>\n<meta name=\"twitter:label1\" content=\"Est. reading time\" \/>\n\t<meta name=\"twitter:data1\" content=\"5 minutes\" \/>\n<script type=\"application\/ld+json\" class=\"yoast-schema-graph\">{\"@context\":\"https:\/\/schema.org\",\"@graph\":[{\"@type\":\"WebPage\",\"@id\":\"https:\/\/www.prodat.de\/cms\/loesungen\/mess-und-prufsystem-bremsprufanlage-bpa\",\"url\":\"https:\/\/www.prodat.de\/cms\/loesungen\/mess-und-prufsystem-bremsprufanlage-bpa\",\"name\":\"Systeml\u00f6sung Bremspr\u00fcfanlage (BPA) - PRODAT\",\"isPartOf\":{\"@id\":\"https:\/\/www.prodat.de\/cms\/#website\"},\"primaryImageOfPage\":{\"@id\":\"https:\/\/www.prodat.de\/cms\/loesungen\/mess-und-prufsystem-bremsprufanlage-bpa#primaryimage\"},\"image\":{\"@id\":\"https:\/\/www.prodat.de\/cms\/loesungen\/mess-und-prufsystem-bremsprufanlage-bpa#primaryimage\"},\"thumbnailUrl\":\"https:\/\/www.prodat.de\/cms\/wp-content\/uploads\/2024\/03\/prodat_bpa_awendung1-1024x473.jpg\",\"datePublished\":\"2024-03-09T15:40:04+00:00\",\"dateModified\":\"2024-04-09T17:02:16+00:00\",\"description\":\"Mobile Bremspr\u00fcfanlage f\u00fcr Schienenfahrzeuge. Systeml\u00f6sung entwickelt f\u00fcr die SBB. Steuerung im Bremssysteme, mit Funk Kraft- und Drucksensoren.\",\"breadcrumb\":{\"@id\":\"https:\/\/www.prodat.de\/cms\/loesungen\/mess-und-prufsystem-bremsprufanlage-bpa#breadcrumb\"},\"inLanguage\":\"en-US\",\"potentialAction\":[{\"@type\":\"ReadAction\",\"target\":[\"https:\/\/www.prodat.de\/cms\/loesungen\/mess-und-prufsystem-bremsprufanlage-bpa\"]}]},{\"@type\":\"ImageObject\",\"inLanguage\":\"en-US\",\"@id\":\"https:\/\/www.prodat.de\/cms\/loesungen\/mess-und-prufsystem-bremsprufanlage-bpa#primaryimage\",\"url\":\"https:\/\/www.prodat.de\/cms\/wp-content\/uploads\/2024\/03\/prodat_bpa_awendung1.jpg\",\"contentUrl\":\"https:\/\/www.prodat.de\/cms\/wp-content\/uploads\/2024\/03\/prodat_bpa_awendung1.jpg\",\"width\":1663,\"height\":768,\"caption\":\"PRODAT BPA - Bremspr\u00fcfanlage in mobiler Ausf\u00fchrung\"},{\"@type\":\"BreadcrumbList\",\"@id\":\"https:\/\/www.prodat.de\/cms\/loesungen\/mess-und-prufsystem-bremsprufanlage-bpa#breadcrumb\",\"itemListElement\":[{\"@type\":\"ListItem\",\"position\":1,\"name\":\"www.prodat.de\",\"item\":\"https:\/\/www.prodat.de\/cms\/\"},{\"@type\":\"ListItem\",\"position\":2,\"name\":\"L\u00f6sungen\",\"item\":\"https:\/\/www.prodat.de\/cms\/loesungen\"},{\"@type\":\"ListItem\",\"position\":3,\"name\":\"Systeml\u00f6sung Bremspr\u00fcfanlage (BPA)\"}]},{\"@type\":\"WebSite\",\"@id\":\"https:\/\/www.prodat.de\/cms\/#website\",\"url\":\"https:\/\/www.prodat.de\/cms\/\",\"name\":\"PRODAT (CMS)\",\"description\":\"L\u00f6sungen \/ Solutions\",\"publisher\":{\"@id\":\"https:\/\/www.prodat.de\/cms\/#organization\"},\"alternateName\":\"PRODAT Solutions\/L\u00f6sungen - Website\",\"potentialAction\":[{\"@type\":\"SearchAction\",\"target\":{\"@type\":\"EntryPoint\",\"urlTemplate\":\"https:\/\/www.prodat.de\/cms\/?s={search_term_string}\"},\"query-input\":\"required name=search_term_string\"}],\"inLanguage\":\"en-US\"},{\"@type\":\"Organization\",\"@id\":\"https:\/\/www.prodat.de\/cms\/#organization\",\"name\":\"PRODAT\",\"alternateName\":\"PRODAT L\u00f6sungen \/ Solutions\",\"url\":\"https:\/\/www.prodat.de\/cms\/\",\"logo\":{\"@type\":\"ImageObject\",\"inLanguage\":\"en-US\",\"@id\":\"https:\/\/www.prodat.de\/cms\/#\/schema\/logo\/image\/\",\"url\":\"https:\/\/www.prodat.de\/cms\/wp-content\/uploads\/2024\/03\/prodat_logo_h150px.jpg\",\"contentUrl\":\"https:\/\/www.prodat.de\/cms\/wp-content\/uploads\/2024\/03\/prodat_logo_h150px.jpg\",\"width\":560,\"height\":150,\"caption\":\"PRODAT\"},\"image\":{\"@id\":\"https:\/\/www.prodat.de\/cms\/#\/schema\/logo\/image\/\"}}]}<\/script>\n<!-- \/ Yoast SEO plugin. -->","yoast_head_json":{"title":"Systeml\u00f6sung Bremspr\u00fcfanlage (BPA) - PRODAT","description":"Mobile Bremspr\u00fcfanlage f\u00fcr Schienenfahrzeuge. Systeml\u00f6sung entwickelt f\u00fcr die SBB. Steuerung im Bremssysteme, mit Funk Kraft- und Drucksensoren.","robots":{"index":"index","follow":"follow","max-snippet":"max-snippet:-1","max-image-preview":"max-image-preview:large","max-video-preview":"max-video-preview:-1"},"canonical":"https:\/\/www.prodat.de\/cms\/loesungen\/mess-und-prufsystem-bremsprufanlage-bpa","og_locale":"en_US","og_type":"article","og_title":"Systeml\u00f6sung Bremspr\u00fcfanlage (BPA) - PRODAT","og_description":"Mobile Bremspr\u00fcfanlage f\u00fcr Schienenfahrzeuge. Systeml\u00f6sung entwickelt f\u00fcr die SBB. Steuerung im Bremssysteme, mit Funk Kraft- und Drucksensoren.","og_url":"https:\/\/www.prodat.de\/cms\/loesungen\/mess-und-prufsystem-bremsprufanlage-bpa","og_site_name":"PRODAT","article_modified_time":"2024-04-09T17:02:16+00:00","og_image":[{"url":"https:\/\/www.prodat.de\/cms\/wp-content\/uploads\/2024\/03\/prodat_bpa_awendung1-1024x473.jpg"}],"twitter_card":"summary_large_image","twitter_misc":{"Est. reading time":"5 minutes"},"schema":{"@context":"https:\/\/schema.org","@graph":[{"@type":"WebPage","@id":"https:\/\/www.prodat.de\/cms\/loesungen\/mess-und-prufsystem-bremsprufanlage-bpa","url":"https:\/\/www.prodat.de\/cms\/loesungen\/mess-und-prufsystem-bremsprufanlage-bpa","name":"Systeml\u00f6sung Bremspr\u00fcfanlage (BPA) - PRODAT","isPartOf":{"@id":"https:\/\/www.prodat.de\/cms\/#website"},"primaryImageOfPage":{"@id":"https:\/\/www.prodat.de\/cms\/loesungen\/mess-und-prufsystem-bremsprufanlage-bpa#primaryimage"},"image":{"@id":"https:\/\/www.prodat.de\/cms\/loesungen\/mess-und-prufsystem-bremsprufanlage-bpa#primaryimage"},"thumbnailUrl":"https:\/\/www.prodat.de\/cms\/wp-content\/uploads\/2024\/03\/prodat_bpa_awendung1-1024x473.jpg","datePublished":"2024-03-09T15:40:04+00:00","dateModified":"2024-04-09T17:02:16+00:00","description":"Mobile Bremspr\u00fcfanlage f\u00fcr Schienenfahrzeuge. Systeml\u00f6sung entwickelt f\u00fcr die SBB. Steuerung im Bremssysteme, mit Funk Kraft- und Drucksensoren.","breadcrumb":{"@id":"https:\/\/www.prodat.de\/cms\/loesungen\/mess-und-prufsystem-bremsprufanlage-bpa#breadcrumb"},"inLanguage":"en-US","potentialAction":[{"@type":"ReadAction","target":["https:\/\/www.prodat.de\/cms\/loesungen\/mess-und-prufsystem-bremsprufanlage-bpa"]}]},{"@type":"ImageObject","inLanguage":"en-US","@id":"https:\/\/www.prodat.de\/cms\/loesungen\/mess-und-prufsystem-bremsprufanlage-bpa#primaryimage","url":"https:\/\/www.prodat.de\/cms\/wp-content\/uploads\/2024\/03\/prodat_bpa_awendung1.jpg","contentUrl":"https:\/\/www.prodat.de\/cms\/wp-content\/uploads\/2024\/03\/prodat_bpa_awendung1.jpg","width":1663,"height":768,"caption":"PRODAT BPA - Bremspr\u00fcfanlage in mobiler Ausf\u00fchrung"},{"@type":"BreadcrumbList","@id":"https:\/\/www.prodat.de\/cms\/loesungen\/mess-und-prufsystem-bremsprufanlage-bpa#breadcrumb","itemListElement":[{"@type":"ListItem","position":1,"name":"www.prodat.de","item":"https:\/\/www.prodat.de\/cms\/"},{"@type":"ListItem","position":2,"name":"L\u00f6sungen","item":"https:\/\/www.prodat.de\/cms\/loesungen"},{"@type":"ListItem","position":3,"name":"Systeml\u00f6sung Bremspr\u00fcfanlage (BPA)"}]},{"@type":"WebSite","@id":"https:\/\/www.prodat.de\/cms\/#website","url":"https:\/\/www.prodat.de\/cms\/","name":"PRODAT (CMS)","description":"L\u00f6sungen \/ Solutions","publisher":{"@id":"https:\/\/www.prodat.de\/cms\/#organization"},"alternateName":"PRODAT Solutions\/L\u00f6sungen - Website","potentialAction":[{"@type":"SearchAction","target":{"@type":"EntryPoint","urlTemplate":"https:\/\/www.prodat.de\/cms\/?s={search_term_string}"},"query-input":"required name=search_term_string"}],"inLanguage":"en-US"},{"@type":"Organization","@id":"https:\/\/www.prodat.de\/cms\/#organization","name":"PRODAT","alternateName":"PRODAT L\u00f6sungen \/ Solutions","url":"https:\/\/www.prodat.de\/cms\/","logo":{"@type":"ImageObject","inLanguage":"en-US","@id":"https:\/\/www.prodat.de\/cms\/#\/schema\/logo\/image\/","url":"https:\/\/www.prodat.de\/cms\/wp-content\/uploads\/2024\/03\/prodat_logo_h150px.jpg","contentUrl":"https:\/\/www.prodat.de\/cms\/wp-content\/uploads\/2024\/03\/prodat_logo_h150px.jpg","width":560,"height":150,"caption":"PRODAT"},"image":{"@id":"https:\/\/www.prodat.de\/cms\/#\/schema\/logo\/image\/"}}]}},"_links":{"self":[{"href":"https:\/\/www.prodat.de\/cms\/wp-json\/wp\/v2\/pages\/2775"}],"collection":[{"href":"https:\/\/www.prodat.de\/cms\/wp-json\/wp\/v2\/pages"}],"about":[{"href":"https:\/\/www.prodat.de\/cms\/wp-json\/wp\/v2\/types\/page"}],"author":[{"embeddable":true,"href":"https:\/\/www.prodat.de\/cms\/wp-json\/wp\/v2\/users\/2"}],"replies":[{"embeddable":true,"href":"https:\/\/www.prodat.de\/cms\/wp-json\/wp\/v2\/comments?post=2775"}],"version-history":[{"count":68,"href":"https:\/\/www.prodat.de\/cms\/wp-json\/wp\/v2\/pages\/2775\/revisions"}],"predecessor-version":[{"id":7276,"href":"https:\/\/www.prodat.de\/cms\/wp-json\/wp\/v2\/pages\/2775\/revisions\/7276"}],"up":[{"embeddable":true,"href":"https:\/\/www.prodat.de\/cms\/wp-json\/wp\/v2\/pages\/582"}],"wp:attachment":[{"href":"https:\/\/www.prodat.de\/cms\/wp-json\/wp\/v2\/media?parent=2775"}],"curies":[{"name":"wp","href":"https:\/\/api.w.org\/{rel}","templated":true}]}}