{"id":2752,"date":"2024-03-09T16:23:33","date_gmt":"2024-03-09T15:23:33","guid":{"rendered":"https:\/\/www.prodat.de\/cms\/?page_id=2752"},"modified":"2024-03-25T13:31:31","modified_gmt":"2024-03-25T12:31:31","slug":"vermietung-von-messsystemen","status":"publish","type":"page","link":"https:\/\/www.prodat.de\/cms\/dienstleistungen-service\/vermietung-von-messsystemen","title":{"rendered":"Vermietung von Messsystemen (Miete)"},"content":{"rendered":"\n<h2 class=\"wp-block-heading has-text-align-center\">Vermietung von Mess- und Pr\u00fcfsystemen &#8211; <br>ein Serviceangebot der PRODAT<\/h2>\n\n\n\n<div class=\"wp-block-group alignwide has-global-padding is-layout-constrained wp-container-core-group-layout-1 wp-block-group-is-layout-constrained\">\n<h3 class=\"wp-block-heading\">\u00dcbersicht &#8211; Mietsysteme und Mietsensoren<\/h3>\n\n\n\n<figure class=\"wp-block-image alignleft size-medium has-custom-border\"><img fetchpriority=\"high\" decoding=\"async\" width=\"300\" height=\"169\" src=\"https:\/\/www.prodat.de\/cms\/wp-content\/uploads\/2024\/03\/prodat_sys_rkm_m_g1_k_kofferraum-300x169.png\" alt=\"PRODAT RKM-M - Beispiel zum mobilen Vermietgesch\u00e4ft. \" class=\"wp-image-5379\" style=\"border-radius:20px\" srcset=\"https:\/\/www.prodat.de\/cms\/wp-content\/uploads\/2024\/03\/prodat_sys_rkm_m_g1_k_kofferraum-300x169.png 300w, https:\/\/www.prodat.de\/cms\/wp-content\/uploads\/2024\/03\/prodat_sys_rkm_m_g1_k_kofferraum-1024x576.png 1024w, https:\/\/www.prodat.de\/cms\/wp-content\/uploads\/2024\/03\/prodat_sys_rkm_m_g1_k_kofferraum-768x432.png 768w, https:\/\/www.prodat.de\/cms\/wp-content\/uploads\/2024\/03\/prodat_sys_rkm_m_g1_k_kofferraum-1536x864.png 1536w, https:\/\/www.prodat.de\/cms\/wp-content\/uploads\/2024\/03\/prodat_sys_rkm_m_g1_k_kofferraum-2048x1152.png 2048w\" sizes=\"(max-width: 300px) 100vw, 300px\" \/><figcaption class=\"wp-element-caption\">Beispielsystem zur Radlastmessung (2 Messbr\u00fccken f\u00fcr eine Achse)<\/figcaption><\/figure>\n\n\n\n<p>Die PRODAT bietet, als erg\u00e4nzende Servicedienstleistung), die Miete von Messsystemen an. Je nach Verf\u00fcgbarkeit k\u00f6nnen Sie von uns einfache Sensorl\u00f6sungen oder komplette Systeme mieten.<\/p>\n\n\n\n<p>Bitte beachten Sie immer, dass die Systemverf\u00fcgbarkeit gegeben sein muss, je zeitiger Sie anfragen, desto h\u00f6her ist die Wahrscheinlichkeit, dass wir ein System zur Verf\u00fcgung stellen k\u00f6nnen. Im Idealfall stehen Anlagen und Sensoren im Lager versandbereit zur Verf\u00fcgung. Die mobilen Systeme und Sensoren erlauben die schnelle und unkomplizierte Messung vor Ort.<\/p>\n\n\n\n<p>Systeme und Sensoren kommen als betriebsbereite L\u00f6sungen zur sofortigen Nutzung beim Kunden an, anschlie\u00dfen, einschalten und messen.<\/p>\n\n\n\n<blockquote class=\"wp-block-quote\">\n<p>Wir vermieten unsere System weltweit. Personalschulungen (Messsystem und Pr\u00fcfabl\u00e4ufe) sind vor Ort m\u00f6glich. F\u00fcr sicherheitskritische Systeme ist eine Anwenderschulung erforderlich.<\/p>\n<\/blockquote>\n\n\n\n<p>Die Systeme sind mit Werkskalibrierung oder DakkS-Kalibrierschein (mit weltweiter R\u00fcckverfolgbarkeit) verf\u00fcgbar.<\/p>\n\n\n\n<figure class=\"wp-block-image alignright size-medium has-custom-border\"><img decoding=\"async\" width=\"300\" height=\"226\" src=\"https:\/\/www.prodat.de\/cms\/wp-content\/uploads\/2024\/03\/prodat_drucksensor_interface_im_koffer-300x226.png\" alt=\"PRODAT BDM - Minimalsystem zur drahtlosen Druckmessung\" class=\"wp-image-4105\" style=\"border-radius:20px\" srcset=\"https:\/\/www.prodat.de\/cms\/wp-content\/uploads\/2024\/03\/prodat_drucksensor_interface_im_koffer-300x226.png 300w, https:\/\/www.prodat.de\/cms\/wp-content\/uploads\/2024\/03\/prodat_drucksensor_interface_im_koffer-1024x771.png 1024w, https:\/\/www.prodat.de\/cms\/wp-content\/uploads\/2024\/03\/prodat_drucksensor_interface_im_koffer-768x579.png 768w, https:\/\/www.prodat.de\/cms\/wp-content\/uploads\/2024\/03\/prodat_drucksensor_interface_im_koffer-1536x1157.png 1536w, https:\/\/www.prodat.de\/cms\/wp-content\/uploads\/2024\/03\/prodat_drucksensor_interface_im_koffer.png 1670w\" sizes=\"(max-width: 300px) 100vw, 300px\" \/><figcaption class=\"wp-element-caption\">Beispiel System zur Bremsdruckmessung, inkl. Software f\u00fcr eine Messstelle<\/figcaption><\/figure>\n\n\n\n<p><strong><em>Sie k\u00f6nnen von uns mieten:<\/em><\/strong><\/p>\n\n\n\n<ul>\n<li><strong>PRODAT RKM-M<\/strong> &#8211; mobile Systeme zur Radaufstandskraftmessung (Gleiswaagen, Radlastmesseinrichtungen)\n<ul>\n<li>PRODAT RKM-M-G2 K (Kurzausf\u00fchrung)<\/li>\n\n\n\n<li>PRODAT RKM-M-G1 L (Langausf\u00fchrung)<\/li>\n\n\n\n<li>PRODAT RKM-MV-G2 K<\/li>\n\n\n\n<li>PRODAT RKM-ML-G2 K \/ kurz &amp; leicht<br>Hinweis: im Standardfall stellen wir besonders leichte Systeme PRODAT RKM-M-G2 K zur Verf\u00fcgung<\/li>\n<\/ul>\n<\/li>\n\n\n\n<li><strong>PRODAT BKM<\/strong> &#8211; Systeme zur Bremsanpresskraftmessung (Bremskraftmessung) verf\u00fcgbar f\u00fcr Klotzbremsen und f\u00fcr Scheibenbremsen\n<ul>\n<li>PRODAT BKM mit Sensoren f\u00fcr Scheibenbremsen<\/li>\n\n\n\n<li>PRODAT BKM mit Sensoren f\u00fcr Klotzbremsen (ersetzend)<\/li>\n\n\n\n<li>PRODAT BKM mit Sensoren f\u00fcr Klotzbremsen (einschiebbar d.h. zwischen Rad und Bremsklotz positioniert)<\/li>\n<\/ul>\n<\/li>\n\n\n\n<li><strong>PRODAT BDM<\/strong> &#8211; Systeme zur Bremsdruckmessung<\/li>\n\n\n\n<li><strong>Nivelliere und Messlatten<\/strong>\n<ul>\n<li>Digitalnivellier<\/li>\n\n\n\n<li>Analognivellier<\/li>\n<\/ul>\n<\/li>\n\n\n\n<li><strong>PRODAT EKM<\/strong> &#8211; Ecklastmesssystem (Ecklastmesseinrichtung) der PRODAT. Ohne automatische Verstelleinheiten, eine Hebeeinrichtung vor Ort ist erforderlich.<\/li>\n\n\n\n<li><strong>Bremskraftsensoren<\/strong> mit\/ohne Anzeige- und Bedieneinheit oder Software<\/li>\n\n\n\n<li><strong>Bremsdrucksensoren<\/strong> mit\/ohne Anzeige- und Bedieneinheit oder Software<\/li>\n\n\n\n<li><strong>PRODAT RKM-S<\/strong> &#8211; station\u00e4re Systeme zur Radaufstandskraftmessung (auf der Lauffl\u00e4che): Hinweis: Umbauarbeiten am Gleis sind durch den Kunden (Gleisbauer) notwendig. Die PRODAT \u00fcberl\u00e4sst ausgew\u00e4hlte Anlagen zum Kundeneinsatz. ACHTUNG: mit h\u00f6heren Kosten ist zu rechnen.<\/li>\n<\/ul>\n\n\n\n<p>Kontaktieren Sie uns noch heute, um mehr \u00fcber unsere Mietl\u00f6sungen zu erfahren oder eine Beratung zu vereinbaren. Unser Team freut sich darauf, Sie zu unterst\u00fctzen und gemeinsam die optimale L\u00f6sung f\u00fcr Ihre Anforderungen zu finden.<\/p>\n\n\n\n<div class=\"wp-block-buttons is-content-justification-center is-layout-flex wp-container-core-buttons-layout-1 wp-block-buttons-is-layout-flex\">\n<div class=\"wp-block-button\"><a class=\"wp-block-button__link wp-element-button\" href=\"https:\/\/www.prodat.de\/cms\/kontakt\">Kontakt<\/a><\/div>\n<\/div>\n\n\n\n<p>Bei Vermietung mit Personaleinsatz der PRODAT sind Personalschulungen direkt im Unternehmen oder am geplanten Einsatzort m\u00f6glich. Steht kein eigenes Personal zur Verf\u00fcgung, oder sind Schulungen nicht gew\u00fcnscht nutzen Sie unsere Messdienstleistungen.<\/p>\n\n\n\n<h3 class=\"wp-block-heading\">Weitere Dienstleistungen<\/h3>\n\n\n\n<div class=\"wp-block-buttons is-content-justification-center is-layout-flex wp-container-core-buttons-layout-2 wp-block-buttons-is-layout-flex\">\n<div class=\"wp-block-button\"><a class=\"wp-block-button__link wp-element-button\" href=\"https:\/\/www.prodat.de\/cms\/dienstleistungen-service\/messdienstleistungen-radlastmessung-radaufstandskraftmessung\">Service &#8211; Vor Ort Radaufstandskraftmessung<\/a><\/div>\n\n\n\n<div class=\"wp-block-button\"><a class=\"wp-block-button__link wp-element-button\" href=\"https:\/\/www.prodat.de\/cms\/dienstleistungen-service\/vor-ort-bremskraftmessung\">Service &#8211; Vor Ort Bremskraftmessung<\/a><\/div>\n<\/div>\n<\/div>\n","protected":false},"excerpt":{"rendered":"<p>Vermietung von Mess- und Pr\u00fcfsystemen &#8211; ein Serviceangebot der PRODAT \u00dcbersicht &#8211; Mietsysteme und Mietsensoren Die PRODAT bietet, als erg\u00e4nzende Servicedienstleistung), die Miete von Messsystemen an. Je nach Verf\u00fcgbarkeit k\u00f6nnen Sie von uns einfache Sensorl\u00f6sungen oder komplette Systeme mieten. Bitte beachten Sie immer, dass die Systemverf\u00fcgbarkeit gegeben sein muss, je zeitiger Sie anfragen, desto h\u00f6her [&hellip;]<\/p>\n","protected":false},"author":1,"featured_media":5324,"parent":35,"menu_order":1,"comment_status":"closed","ping_status":"closed","template":"wp-custom-template-prodat-standard-inhalt","meta":{"footnotes":""},"yoast_head":"<!-- This site is optimized with the Yoast SEO plugin v22.2 - https:\/\/yoast.com\/wordpress\/plugins\/seo\/ -->\n<title>Vermietung von Messsystemen (Miete) - PRODAT<\/title>\n<meta name=\"description\" content=\"Die PRODAT vermietet vollst\u00e4ndige Mess- und Pr\u00fcfsysteme, sowie einfache Sensoren. Angebote direkt von uns als Hersteller, sowie von Drittanbietern.\" \/>\n<meta name=\"robots\" content=\"index, follow, max-snippet:-1, max-image-preview:large, max-video-preview:-1\" \/>\n<link rel=\"canonical\" href=\"https:\/\/www.prodat.de\/cms\/dienstleistungen-service\/vermietung-von-messsystemen\" \/>\n<meta property=\"og:locale\" content=\"en_US\" \/>\n<meta property=\"og:type\" content=\"article\" \/>\n<meta property=\"og:title\" content=\"Vermietung von Messsystemen (Miete) - PRODAT\" \/>\n<meta property=\"og:description\" content=\"Die PRODAT vermietet vollst\u00e4ndige Mess- und Pr\u00fcfsysteme, sowie einfache Sensoren. Angebote direkt von uns als Hersteller, sowie von Drittanbietern.\" \/>\n<meta property=\"og:url\" content=\"https:\/\/www.prodat.de\/cms\/dienstleistungen-service\/vermietung-von-messsystemen\" \/>\n<meta property=\"og:site_name\" content=\"PRODAT\" \/>\n<meta property=\"article:modified_time\" content=\"2024-03-25T12:31:31+00:00\" \/>\n<meta property=\"og:image\" content=\"https:\/\/www.prodat.de\/cms\/wp-content\/uploads\/2024\/03\/20230516_090748.jpg\" \/>\n\t<meta property=\"og:image:width\" content=\"800\" \/>\n\t<meta property=\"og:image:height\" content=\"600\" \/>\n\t<meta property=\"og:image:type\" content=\"image\/jpeg\" \/>\n<meta name=\"twitter:card\" content=\"summary_large_image\" \/>\n<meta name=\"twitter:label1\" content=\"Est. reading time\" \/>\n\t<meta name=\"twitter:data1\" content=\"3 minutes\" \/>\n<script type=\"application\/ld+json\" class=\"yoast-schema-graph\">{\"@context\":\"https:\/\/schema.org\",\"@graph\":[{\"@type\":\"WebPage\",\"@id\":\"https:\/\/www.prodat.de\/cms\/dienstleistungen-service\/vermietung-von-messsystemen\",\"url\":\"https:\/\/www.prodat.de\/cms\/dienstleistungen-service\/vermietung-von-messsystemen\",\"name\":\"Vermietung von Messsystemen (Miete) - PRODAT\",\"isPartOf\":{\"@id\":\"https:\/\/www.prodat.de\/cms\/#website\"},\"primaryImageOfPage\":{\"@id\":\"https:\/\/www.prodat.de\/cms\/dienstleistungen-service\/vermietung-von-messsystemen#primaryimage\"},\"image\":{\"@id\":\"https:\/\/www.prodat.de\/cms\/dienstleistungen-service\/vermietung-von-messsystemen#primaryimage\"},\"thumbnailUrl\":\"https:\/\/www.prodat.de\/cms\/wp-content\/uploads\/2024\/03\/20230516_090748.jpg\",\"datePublished\":\"2024-03-09T15:23:33+00:00\",\"dateModified\":\"2024-03-25T12:31:31+00:00\",\"description\":\"Die PRODAT vermietet vollst\u00e4ndige Mess- und Pr\u00fcfsysteme, sowie einfache Sensoren. Angebote direkt von uns als Hersteller, sowie von Drittanbietern.\",\"breadcrumb\":{\"@id\":\"https:\/\/www.prodat.de\/cms\/dienstleistungen-service\/vermietung-von-messsystemen#breadcrumb\"},\"inLanguage\":\"en-US\",\"potentialAction\":[{\"@type\":\"ReadAction\",\"target\":[\"https:\/\/www.prodat.de\/cms\/dienstleistungen-service\/vermietung-von-messsystemen\"]}]},{\"@type\":\"ImageObject\",\"inLanguage\":\"en-US\",\"@id\":\"https:\/\/www.prodat.de\/cms\/dienstleistungen-service\/vermietung-von-messsystemen#primaryimage\",\"url\":\"https:\/\/www.prodat.de\/cms\/wp-content\/uploads\/2024\/03\/20230516_090748.jpg\",\"contentUrl\":\"https:\/\/www.prodat.de\/cms\/wp-content\/uploads\/2024\/03\/20230516_090748.jpg\",\"width\":800,\"height\":600,\"caption\":\"Vermietung von Mess- und Pr\u00fcfsystem, der Mietservice der PRODAT.\"},{\"@type\":\"BreadcrumbList\",\"@id\":\"https:\/\/www.prodat.de\/cms\/dienstleistungen-service\/vermietung-von-messsystemen#breadcrumb\",\"itemListElement\":[{\"@type\":\"ListItem\",\"position\":1,\"name\":\"www.prodat.de\",\"item\":\"https:\/\/www.prodat.de\/cms\/\"},{\"@type\":\"ListItem\",\"position\":2,\"name\":\"Dienstleistungen &#038; Service\",\"item\":\"https:\/\/www.prodat.de\/cms\/dienstleistungen-service\"},{\"@type\":\"ListItem\",\"position\":3,\"name\":\"Vermietung von Messsystemen (Miete)\"}]},{\"@type\":\"WebSite\",\"@id\":\"https:\/\/www.prodat.de\/cms\/#website\",\"url\":\"https:\/\/www.prodat.de\/cms\/\",\"name\":\"PRODAT (CMS)\",\"description\":\"L\u00f6sungen \/ Solutions\",\"publisher\":{\"@id\":\"https:\/\/www.prodat.de\/cms\/#organization\"},\"alternateName\":\"PRODAT Solutions\/L\u00f6sungen - Website\",\"potentialAction\":[{\"@type\":\"SearchAction\",\"target\":{\"@type\":\"EntryPoint\",\"urlTemplate\":\"https:\/\/www.prodat.de\/cms\/?s={search_term_string}\"},\"query-input\":\"required name=search_term_string\"}],\"inLanguage\":\"en-US\"},{\"@type\":\"Organization\",\"@id\":\"https:\/\/www.prodat.de\/cms\/#organization\",\"name\":\"PRODAT\",\"alternateName\":\"PRODAT L\u00f6sungen \/ Solutions\",\"url\":\"https:\/\/www.prodat.de\/cms\/\",\"logo\":{\"@type\":\"ImageObject\",\"inLanguage\":\"en-US\",\"@id\":\"https:\/\/www.prodat.de\/cms\/#\/schema\/logo\/image\/\",\"url\":\"https:\/\/www.prodat.de\/cms\/wp-content\/uploads\/2024\/03\/prodat_logo_h150px.jpg\",\"contentUrl\":\"https:\/\/www.prodat.de\/cms\/wp-content\/uploads\/2024\/03\/prodat_logo_h150px.jpg\",\"width\":560,\"height\":150,\"caption\":\"PRODAT\"},\"image\":{\"@id\":\"https:\/\/www.prodat.de\/cms\/#\/schema\/logo\/image\/\"}}]}<\/script>\n<!-- \/ Yoast SEO plugin. -->","yoast_head_json":{"title":"Vermietung von Messsystemen (Miete) - PRODAT","description":"Die PRODAT vermietet vollst\u00e4ndige Mess- und Pr\u00fcfsysteme, sowie einfache Sensoren. Angebote direkt von uns als Hersteller, sowie von Drittanbietern.","robots":{"index":"index","follow":"follow","max-snippet":"max-snippet:-1","max-image-preview":"max-image-preview:large","max-video-preview":"max-video-preview:-1"},"canonical":"https:\/\/www.prodat.de\/cms\/dienstleistungen-service\/vermietung-von-messsystemen","og_locale":"en_US","og_type":"article","og_title":"Vermietung von Messsystemen (Miete) - PRODAT","og_description":"Die PRODAT vermietet vollst\u00e4ndige Mess- und Pr\u00fcfsysteme, sowie einfache Sensoren. Angebote direkt von uns als Hersteller, sowie von Drittanbietern.","og_url":"https:\/\/www.prodat.de\/cms\/dienstleistungen-service\/vermietung-von-messsystemen","og_site_name":"PRODAT","article_modified_time":"2024-03-25T12:31:31+00:00","og_image":[{"width":800,"height":600,"url":"https:\/\/www.prodat.de\/cms\/wp-content\/uploads\/2024\/03\/20230516_090748.jpg","type":"image\/jpeg"}],"twitter_card":"summary_large_image","twitter_misc":{"Est. reading time":"3 minutes"},"schema":{"@context":"https:\/\/schema.org","@graph":[{"@type":"WebPage","@id":"https:\/\/www.prodat.de\/cms\/dienstleistungen-service\/vermietung-von-messsystemen","url":"https:\/\/www.prodat.de\/cms\/dienstleistungen-service\/vermietung-von-messsystemen","name":"Vermietung von Messsystemen (Miete) - PRODAT","isPartOf":{"@id":"https:\/\/www.prodat.de\/cms\/#website"},"primaryImageOfPage":{"@id":"https:\/\/www.prodat.de\/cms\/dienstleistungen-service\/vermietung-von-messsystemen#primaryimage"},"image":{"@id":"https:\/\/www.prodat.de\/cms\/dienstleistungen-service\/vermietung-von-messsystemen#primaryimage"},"thumbnailUrl":"https:\/\/www.prodat.de\/cms\/wp-content\/uploads\/2024\/03\/20230516_090748.jpg","datePublished":"2024-03-09T15:23:33+00:00","dateModified":"2024-03-25T12:31:31+00:00","description":"Die PRODAT vermietet vollst\u00e4ndige Mess- und Pr\u00fcfsysteme, sowie einfache Sensoren. Angebote direkt von uns als Hersteller, sowie von Drittanbietern.","breadcrumb":{"@id":"https:\/\/www.prodat.de\/cms\/dienstleistungen-service\/vermietung-von-messsystemen#breadcrumb"},"inLanguage":"en-US","potentialAction":[{"@type":"ReadAction","target":["https:\/\/www.prodat.de\/cms\/dienstleistungen-service\/vermietung-von-messsystemen"]}]},{"@type":"ImageObject","inLanguage":"en-US","@id":"https:\/\/www.prodat.de\/cms\/dienstleistungen-service\/vermietung-von-messsystemen#primaryimage","url":"https:\/\/www.prodat.de\/cms\/wp-content\/uploads\/2024\/03\/20230516_090748.jpg","contentUrl":"https:\/\/www.prodat.de\/cms\/wp-content\/uploads\/2024\/03\/20230516_090748.jpg","width":800,"height":600,"caption":"Vermietung von Mess- und Pr\u00fcfsystem, der Mietservice der PRODAT."},{"@type":"BreadcrumbList","@id":"https:\/\/www.prodat.de\/cms\/dienstleistungen-service\/vermietung-von-messsystemen#breadcrumb","itemListElement":[{"@type":"ListItem","position":1,"name":"www.prodat.de","item":"https:\/\/www.prodat.de\/cms\/"},{"@type":"ListItem","position":2,"name":"Dienstleistungen &#038; Service","item":"https:\/\/www.prodat.de\/cms\/dienstleistungen-service"},{"@type":"ListItem","position":3,"name":"Vermietung von Messsystemen (Miete)"}]},{"@type":"WebSite","@id":"https:\/\/www.prodat.de\/cms\/#website","url":"https:\/\/www.prodat.de\/cms\/","name":"PRODAT (CMS)","description":"L\u00f6sungen \/ Solutions","publisher":{"@id":"https:\/\/www.prodat.de\/cms\/#organization"},"alternateName":"PRODAT Solutions\/L\u00f6sungen - Website","potentialAction":[{"@type":"SearchAction","target":{"@type":"EntryPoint","urlTemplate":"https:\/\/www.prodat.de\/cms\/?s={search_term_string}"},"query-input":"required name=search_term_string"}],"inLanguage":"en-US"},{"@type":"Organization","@id":"https:\/\/www.prodat.de\/cms\/#organization","name":"PRODAT","alternateName":"PRODAT L\u00f6sungen \/ Solutions","url":"https:\/\/www.prodat.de\/cms\/","logo":{"@type":"ImageObject","inLanguage":"en-US","@id":"https:\/\/www.prodat.de\/cms\/#\/schema\/logo\/image\/","url":"https:\/\/www.prodat.de\/cms\/wp-content\/uploads\/2024\/03\/prodat_logo_h150px.jpg","contentUrl":"https:\/\/www.prodat.de\/cms\/wp-content\/uploads\/2024\/03\/prodat_logo_h150px.jpg","width":560,"height":150,"caption":"PRODAT"},"image":{"@id":"https:\/\/www.prodat.de\/cms\/#\/schema\/logo\/image\/"}}]}},"_links":{"self":[{"href":"https:\/\/www.prodat.de\/cms\/wp-json\/wp\/v2\/pages\/2752"}],"collection":[{"href":"https:\/\/www.prodat.de\/cms\/wp-json\/wp\/v2\/pages"}],"about":[{"href":"https:\/\/www.prodat.de\/cms\/wp-json\/wp\/v2\/types\/page"}],"author":[{"embeddable":true,"href":"https:\/\/www.prodat.de\/cms\/wp-json\/wp\/v2\/users\/1"}],"replies":[{"embeddable":true,"href":"https:\/\/www.prodat.de\/cms\/wp-json\/wp\/v2\/comments?post=2752"}],"version-history":[{"count":45,"href":"https:\/\/www.prodat.de\/cms\/wp-json\/wp\/v2\/pages\/2752\/revisions"}],"predecessor-version":[{"id":6808,"href":"https:\/\/www.prodat.de\/cms\/wp-json\/wp\/v2\/pages\/2752\/revisions\/6808"}],"up":[{"embeddable":true,"href":"https:\/\/www.prodat.de\/cms\/wp-json\/wp\/v2\/pages\/35"}],"wp:featuredmedia":[{"embeddable":true,"href":"https:\/\/www.prodat.de\/cms\/wp-json\/wp\/v2\/media\/5324"}],"wp:attachment":[{"href":"https:\/\/www.prodat.de\/cms\/wp-json\/wp\/v2\/media?parent=2752"}],"curies":[{"name":"wp","href":"https:\/\/api.w.org\/{rel}","templated":true}]}}