{"id":2750,"date":"2024-03-09T16:22:26","date_gmt":"2024-03-09T15:22:26","guid":{"rendered":"https:\/\/www.prodat.de\/cms\/?page_id=2750"},"modified":"2025-06-11T20:54:16","modified_gmt":"2025-06-11T18:54:16","slug":"beratungsleistungen","status":"publish","type":"page","link":"https:\/\/www.prodat.de\/cms\/beratungsleistungen","title":{"rendered":"Beratungsleistungen in der Digitalisierung, KI-Integration und KI-Anwendung"},"content":{"rendered":"\n<div class=\"wp-block-group alignfull has-base-2-background-color has-background has-global-padding is-layout-constrained wp-block-group-is-layout-constrained\" style=\"margin-top:0;margin-bottom:0;padding-top:var(--wp--preset--spacing--50);padding-right:var(--wp--preset--spacing--50);padding-bottom:var(--wp--preset--spacing--50);padding-left:var(--wp--preset--spacing--50)\">\n<div class=\"wp-block-group is-vertical is-content-justification-center is-layout-flex wp-container-core-group-layout-1 wp-block-group-is-layout-flex\">\n<h2 class=\"wp-block-heading has-text-align-center is-style-asterisk\">L\u00f6sungen<\/h2>\n\n\n\n<div style=\"height:0px\" aria-hidden=\"true\" class=\"wp-block-spacer wp-container-content-1\"><\/div>\n\n\n\n<p class=\"has-text-align-center\">Wir verstehen uns als Berater im Schaffen von L\u00f6sungen. Wir verstehen die Herausforderungen, Anforderungen und W\u00fcnsche von KMU! Typische Fokusthemen umfassen: Effizienzsteigerung und Prozessautomatisierung, Personalisierung und Kundenerlebnisverbesserung, <\/p>\n<\/div>\n\n\n\n<div style=\"margin-top:0;margin-bottom:0;height:var(--wp--preset--spacing--40)\" aria-hidden=\"true\" class=\"wp-block-spacer\"><\/div>\n\n\n\n<div class=\"wp-block-columns alignwide is-layout-flex wp-container-core-columns-layout-1 wp-block-columns-is-layout-flex\">\n<div class=\"wp-block-column is-layout-flow wp-container-core-column-layout-1 wp-block-column-is-layout-flow\">\n<h3 class=\"wp-block-heading has-text-align-left is-style-asterisk has-body-font-family has-medium-font-size\" style=\"font-style:normal;font-weight:600\">Werkzeuge, Plattformen und Bestandssoftware &#8211; Kaufen oder machen?<\/h3>\n\n\n\n<p class=\"has-text-align-left\">Die Auswahl ist gigantisch, welcher Plattform &#8211; welchem Werkzeug vertrauen? <\/p>\n<\/div>\n\n\n\n<div class=\"wp-block-column is-layout-flow wp-container-core-column-layout-2 wp-block-column-is-layout-flow\">\n<h3 class=\"wp-block-heading has-text-align-left is-style-asterisk has-body-font-family has-medium-font-size\" style=\"font-style:normal;font-weight:600\">L\u00f6sungsarchitektur<\/h3>\n\n\n\n<p class=\"has-text-align-left\">Wie stellen Sie sicher, dass ihre KI-Workflows ihren Anforderungen dauerhaft entsprechen &#8211; welche Testf\u00e4lle sind sinnvoll, welche \u00dcberwachungsstrategien sollten Anwendung finden?<\/p>\n<\/div>\n\n\n\n<div class=\"wp-block-column is-layout-flow wp-container-core-column-layout-3 wp-block-column-is-layout-flow\">\n<h3 class=\"wp-block-heading has-text-align-left is-style-asterisk has-body-font-family has-medium-font-size\" style=\"font-style:normal;font-weight:600\">Test und \u00dcberwachung<\/h3>\n\n\n\n<p class=\"has-text-align-left\">Wie stellen Sie sicher, dass ihre KI-Workflows ihren Anforderungen dauerhaft entsprechen &#8211; welche Testf\u00e4lle sind sinnvoll, welche \u00dcberwachungsstrategien sollten Anwendung finden?<\/p>\n<\/div>\n<\/div>\n\n\n\n<div style=\"height:var(--wp--preset--spacing--20)\" aria-hidden=\"true\" class=\"wp-block-spacer\"><\/div>\n\n\n\n<div class=\"wp-block-columns alignwide is-layout-flex wp-container-core-columns-layout-2 wp-block-columns-is-layout-flex\">\n<div class=\"wp-block-column is-layout-flow wp-container-core-column-layout-4 wp-block-column-is-layout-flow\">\n<h3 class=\"wp-block-heading has-text-align-left is-style-asterisk has-body-font-family has-medium-font-size\" style=\"font-style:normal;font-weight:600\">Service: Generierung von Expertenwissen<\/h3>\n\n\n\n<p class=\"has-text-align-left\">Wir sind in der Lage ihre fachliche Wissensbasis zu schaffen, mit <strong>oder ohne vorhandene Bestandsdaten<\/strong> (abh\u00e4ngig vom Fachgebiet). <\/p>\n<\/div>\n\n\n\n<div class=\"wp-block-column is-layout-flow wp-container-core-column-layout-5 wp-block-column-is-layout-flow\">\n<h3 class=\"wp-block-heading has-text-align-left is-style-asterisk has-body-font-family has-medium-font-size\" style=\"font-style:normal;font-weight:600\">Service: Etablierung von KI-Agenten<\/h3>\n\n\n\n<p class=\"has-text-align-left\">Wir etablieren ihren KI-Agenten, als stummes Arbeitstier oder als befragbaren virtuellen Mitarbeiter.<\/p>\n<\/div>\n\n\n\n<div class=\"wp-block-column is-layout-flow wp-container-core-column-layout-6 wp-block-column-is-layout-flow\">\n<h3 class=\"wp-block-heading has-text-align-left is-style-asterisk has-body-font-family has-medium-font-size\" style=\"font-style:normal;font-weight:600\">Service: Massdatengenerierung von Texten, Bildern, Videos, Sprachdateien ..<\/h3>\n\n\n\n<p class=\"has-text-align-left\">Experience the fusion of imagination and expertise with \u00c9tudes Architectural Solutions.<\/p>\n<\/div>\n<\/div>\n<\/div>\n\n\n\n<div class=\"wp-block-group alignfull has-global-padding is-layout-constrained wp-block-group-is-layout-constrained\" style=\"margin-top:0;margin-bottom:0;padding-top:var(--wp--preset--spacing--50);padding-right:var(--wp--preset--spacing--50);padding-bottom:var(--wp--preset--spacing--50);padding-left:var(--wp--preset--spacing--50)\">\n<div class=\"wp-block-group alignwide has-global-padding is-layout-constrained wp-container-core-group-layout-4 wp-block-group-is-layout-constrained\">\n<div class=\"wp-block-group is-vertical is-content-justification-center is-layout-flex wp-container-core-group-layout-3 wp-block-group-is-layout-flex\">\n<h2 class=\"wp-block-heading has-text-align-center is-style-asterisk\">Training und Strategien zu KI-Anwendungsm\u00f6glichkeiten<\/h2>\n\n\n\n<p class=\"has-text-align-center is-layout-flow wp-block-paragraph-is-layout-flow\">Wir helfen Unternehmen, moderne Technologien effektiv zu nutzen \u2013 von der Automatisierung allt\u00e4glicher Prozesse bis hin zur datengetriebenen Entscheidungsfindung.<\/p>\n<\/div>\n\n\n\n<div style=\"height:var(--wp--preset--spacing--40)\" aria-hidden=\"true\" class=\"wp-block-spacer\"><\/div>\n\n\n\n<div class=\"wp-block-columns alignwide is-layout-flex wp-container-core-columns-layout-3 wp-block-columns-is-layout-flex\">\n<div class=\"wp-block-column is-vertically-aligned-center is-layout-flow wp-block-column-is-layout-flow\" style=\"flex-basis:40%\">\n<h3 class=\"wp-block-heading is-style-asterisk\">Softwarel\u00f6sungen<\/h3>\n\n\n\n<ul style=\"line-height:1.75\" class=\"is-style-checkmark-list\">\n<li>Konzept<\/li>\n\n\n\n<li>Demonstrator<\/li>\n\n\n\n<li>Produktivversion<\/li>\n\n\n\n<li>Service und Pflege<\/li>\n\n\n\n<li>Weiterentwicklung<\/li>\n<\/ul>\n<\/div>\n\n\n\n<div class=\"wp-block-column is-layout-flow wp-block-column-is-layout-flow\" style=\"flex-basis:50%\">\n<figure class=\"wp-block-image size-large is-style-rounded\"><img decoding=\"async\" src=\"https:\/\/www.prodat.de\/cms\/wp-content\/themes\/twentytwentyfour\/assets\/images\/tourist-and-building.webp\" alt=\"Tourist taking photo of a building\"\/><\/figure>\n<\/div>\n<\/div>\n\n\n\n<div style=\"height:var(--wp--preset--spacing--40)\" aria-hidden=\"true\" class=\"wp-block-spacer\"><\/div>\n<\/div>\n<\/div>\n\n\n\n<div class=\"wp-block-group alignfull has-global-padding is-layout-constrained wp-block-group-is-layout-constrained\" style=\"margin-top:0;margin-bottom:0;padding-top:var(--wp--preset--spacing--50);padding-right:var(--wp--preset--spacing--50);padding-bottom:var(--wp--preset--spacing--50);padding-left:var(--wp--preset--spacing--50)\">\n<h2 class=\"wp-block-heading alignwide has-x-large-font-size\" style=\"margin-top:0;margin-bottom:var(--wp--preset--spacing--40);line-height:1\">Blog &#8211; Beitr\u00e4ge und News<\/h2>\n\n\n\n<div class=\"wp-block-group alignwide has-global-padding is-layout-constrained wp-block-group-is-layout-constrained\">\n<div class=\"wp-block-query alignwide is-layout-flow wp-block-query-is-layout-flow\">\n\n\n<div style=\"height:var(--wp--preset--spacing--30)\" aria-hidden=\"true\" class=\"wp-block-spacer\"><\/div>\n\n\n\n\n<div class=\"wp-block-query-no-results\">\n\n<p>No posts were found.<\/p>\n\n<\/div><\/div>\n<\/div>\n<\/div>\n\n\n\n<div class=\"wp-block-group alignfull has-global-padding is-layout-constrained wp-block-group-is-layout-constrained\" style=\"margin-top:0;margin-bottom:0;padding-top:var(--wp--preset--spacing--50);padding-right:var(--wp--preset--spacing--50);padding-bottom:var(--wp--preset--spacing--50);padding-left:var(--wp--preset--spacing--50)\">\n<div class=\"wp-block-group alignwide has-base-2-background-color has-background has-global-padding is-layout-constrained wp-block-group-is-layout-constrained\" style=\"border-radius:16px;padding-top:var(--wp--preset--spacing--40);padding-right:var(--wp--preset--spacing--50);padding-bottom:var(--wp--preset--spacing--40);padding-left:var(--wp--preset--spacing--50)\">\n<div style=\"height:var(--wp--preset--spacing--10)\" aria-hidden=\"true\" class=\"wp-block-spacer\"><\/div>\n\n\n\n<h2 class=\"wp-block-heading has-text-align-center has-x-large-font-size\">Join 900+ subscribers<\/h2>\n\n\n\n<p class=\"has-text-align-center\">Stay in the loop with everything you need to know.<\/p>\n\n\n\n<div class=\"wp-block-buttons is-content-justification-center is-layout-flex wp-container-core-buttons-layout-1 wp-block-buttons-is-layout-flex\">\n<div class=\"wp-block-button\"><a class=\"wp-block-button__link wp-element-button\">Sign up<\/a><\/div>\n<\/div>\n\n\n\n<div style=\"height:var(--wp--preset--spacing--10)\" aria-hidden=\"true\" class=\"wp-block-spacer\"><\/div>\n<\/div>\n<\/div>\n","protected":false},"excerpt":{"rendered":"<p>L\u00f6sungen Wir verstehen uns als Berater im Schaffen von L\u00f6sungen. Wir verstehen die Herausforderungen, Anforderungen und W\u00fcnsche von KMU! Typische Fokusthemen umfassen: Effizienzsteigerung und Prozessautomatisierung, Personalisierung und Kundenerlebnisverbesserung, Werkzeuge, Plattformen und Bestandssoftware &#8211; Kaufen oder machen? Die Auswahl ist gigantisch, welcher Plattform &#8211; welchem Werkzeug vertrauen? L\u00f6sungsarchitektur Wie stellen Sie sicher, dass ihre KI-Workflows ihren [&hellip;]<\/p>\n","protected":false},"author":2,"featured_media":7507,"parent":0,"menu_order":60,"comment_status":"closed","ping_status":"closed","template":"wp-custom-template-prodat-standard-inhalt","meta":{"footnotes":""},"yoast_head":"<!-- This site is optimized with the Yoast SEO plugin v22.2 - https:\/\/yoast.com\/wordpress\/plugins\/seo\/ -->\n<title>Beratungsleistungen in der Digitalisierung, KI-Integration und KI-Anwendung - PRODAT<\/title>\n<meta name=\"robots\" content=\"index, follow, max-snippet:-1, max-image-preview:large, max-video-preview:-1\" \/>\n<link rel=\"canonical\" href=\"https:\/\/www.prodat.de\/cms\/beratungsleistungen\" \/>\n<meta property=\"og:locale\" content=\"en_US\" \/>\n<meta property=\"og:type\" content=\"article\" \/>\n<meta property=\"og:title\" content=\"Beratungsleistungen in der Digitalisierung, KI-Integration und KI-Anwendung - PRODAT\" \/>\n<meta property=\"og:description\" content=\"L\u00f6sungen Wir verstehen uns als Berater im Schaffen von L\u00f6sungen. Wir verstehen die Herausforderungen, Anforderungen und W\u00fcnsche von KMU! Typische Fokusthemen umfassen: Effizienzsteigerung und Prozessautomatisierung, Personalisierung und Kundenerlebnisverbesserung, Werkzeuge, Plattformen und Bestandssoftware &#8211; Kaufen oder machen? Die Auswahl ist gigantisch, welcher Plattform &#8211; welchem Werkzeug vertrauen? L\u00f6sungsarchitektur Wie stellen Sie sicher, dass ihre KI-Workflows ihren [&hellip;]\" \/>\n<meta property=\"og:url\" content=\"https:\/\/www.prodat.de\/cms\/beratungsleistungen\" \/>\n<meta property=\"og:site_name\" content=\"PRODAT\" \/>\n<meta property=\"article:modified_time\" content=\"2025-06-11T18:54:16+00:00\" \/>\n<meta property=\"og:image\" content=\"https:\/\/www.prodat.de\/cms\/wp-content\/uploads\/2025\/06\/aoiwork-1024x683.png\" \/>\n\t<meta property=\"og:image:width\" content=\"1024\" \/>\n\t<meta property=\"og:image:height\" content=\"683\" \/>\n\t<meta property=\"og:image:type\" content=\"image\/png\" \/>\n<meta name=\"twitter:card\" content=\"summary_large_image\" \/>\n<meta name=\"twitter:label1\" content=\"Est. reading time\" \/>\n\t<meta name=\"twitter:data1\" content=\"2 minutes\" \/>\n<script type=\"application\/ld+json\" class=\"yoast-schema-graph\">{\"@context\":\"https:\/\/schema.org\",\"@graph\":[{\"@type\":\"WebPage\",\"@id\":\"https:\/\/www.prodat.de\/cms\/beratungsleistungen\",\"url\":\"https:\/\/www.prodat.de\/cms\/beratungsleistungen\",\"name\":\"Beratungsleistungen in der Digitalisierung, KI-Integration und KI-Anwendung - PRODAT\",\"isPartOf\":{\"@id\":\"https:\/\/www.prodat.de\/cms\/#website\"},\"primaryImageOfPage\":{\"@id\":\"https:\/\/www.prodat.de\/cms\/beratungsleistungen#primaryimage\"},\"image\":{\"@id\":\"https:\/\/www.prodat.de\/cms\/beratungsleistungen#primaryimage\"},\"thumbnailUrl\":\"https:\/\/www.prodat.de\/cms\/wp-content\/uploads\/2025\/06\/aoiwork.png\",\"datePublished\":\"2024-03-09T15:22:26+00:00\",\"dateModified\":\"2025-06-11T18:54:16+00:00\",\"breadcrumb\":{\"@id\":\"https:\/\/www.prodat.de\/cms\/beratungsleistungen#breadcrumb\"},\"inLanguage\":\"en-US\",\"potentialAction\":[{\"@type\":\"ReadAction\",\"target\":[\"https:\/\/www.prodat.de\/cms\/beratungsleistungen\"]}]},{\"@type\":\"ImageObject\",\"inLanguage\":\"en-US\",\"@id\":\"https:\/\/www.prodat.de\/cms\/beratungsleistungen#primaryimage\",\"url\":\"https:\/\/www.prodat.de\/cms\/wp-content\/uploads\/2025\/06\/aoiwork.png\",\"contentUrl\":\"https:\/\/www.prodat.de\/cms\/wp-content\/uploads\/2025\/06\/aoiwork.png\",\"width\":1536,\"height\":1024},{\"@type\":\"BreadcrumbList\",\"@id\":\"https:\/\/www.prodat.de\/cms\/beratungsleistungen#breadcrumb\",\"itemListElement\":[{\"@type\":\"ListItem\",\"position\":1,\"name\":\"www.prodat.de\",\"item\":\"https:\/\/www.prodat.de\/cms\/\"},{\"@type\":\"ListItem\",\"position\":2,\"name\":\"Beratungsleistungen in der Digitalisierung, KI-Integration und KI-Anwendung\"}]},{\"@type\":\"WebSite\",\"@id\":\"https:\/\/www.prodat.de\/cms\/#website\",\"url\":\"https:\/\/www.prodat.de\/cms\/\",\"name\":\"PRODAT (CMS)\",\"description\":\"L\u00f6sungen \/ Solutions\",\"publisher\":{\"@id\":\"https:\/\/www.prodat.de\/cms\/#organization\"},\"alternateName\":\"PRODAT Solutions\/L\u00f6sungen - Website\",\"potentialAction\":[{\"@type\":\"SearchAction\",\"target\":{\"@type\":\"EntryPoint\",\"urlTemplate\":\"https:\/\/www.prodat.de\/cms\/?s={search_term_string}\"},\"query-input\":\"required name=search_term_string\"}],\"inLanguage\":\"en-US\"},{\"@type\":\"Organization\",\"@id\":\"https:\/\/www.prodat.de\/cms\/#organization\",\"name\":\"PRODAT\",\"alternateName\":\"PRODAT L\u00f6sungen \/ Solutions\",\"url\":\"https:\/\/www.prodat.de\/cms\/\",\"logo\":{\"@type\":\"ImageObject\",\"inLanguage\":\"en-US\",\"@id\":\"https:\/\/www.prodat.de\/cms\/#\/schema\/logo\/image\/\",\"url\":\"https:\/\/www.prodat.de\/cms\/wp-content\/uploads\/2024\/03\/prodat_logo_h150px.jpg\",\"contentUrl\":\"https:\/\/www.prodat.de\/cms\/wp-content\/uploads\/2024\/03\/prodat_logo_h150px.jpg\",\"width\":560,\"height\":150,\"caption\":\"PRODAT\"},\"image\":{\"@id\":\"https:\/\/www.prodat.de\/cms\/#\/schema\/logo\/image\/\"}}]}<\/script>\n<!-- \/ Yoast SEO plugin. -->","yoast_head_json":{"title":"Beratungsleistungen in der Digitalisierung, KI-Integration und KI-Anwendung - PRODAT","robots":{"index":"index","follow":"follow","max-snippet":"max-snippet:-1","max-image-preview":"max-image-preview:large","max-video-preview":"max-video-preview:-1"},"canonical":"https:\/\/www.prodat.de\/cms\/beratungsleistungen","og_locale":"en_US","og_type":"article","og_title":"Beratungsleistungen in der Digitalisierung, KI-Integration und KI-Anwendung - PRODAT","og_description":"L\u00f6sungen Wir verstehen uns als Berater im Schaffen von L\u00f6sungen. Wir verstehen die Herausforderungen, Anforderungen und W\u00fcnsche von KMU! Typische Fokusthemen umfassen: Effizienzsteigerung und Prozessautomatisierung, Personalisierung und Kundenerlebnisverbesserung, Werkzeuge, Plattformen und Bestandssoftware &#8211; Kaufen oder machen? Die Auswahl ist gigantisch, welcher Plattform &#8211; welchem Werkzeug vertrauen? L\u00f6sungsarchitektur Wie stellen Sie sicher, dass ihre KI-Workflows ihren [&hellip;]","og_url":"https:\/\/www.prodat.de\/cms\/beratungsleistungen","og_site_name":"PRODAT","article_modified_time":"2025-06-11T18:54:16+00:00","og_image":[{"width":1024,"height":683,"url":"https:\/\/www.prodat.de\/cms\/wp-content\/uploads\/2025\/06\/aoiwork-1024x683.png","type":"image\/png"}],"twitter_card":"summary_large_image","twitter_misc":{"Est. reading time":"2 minutes"},"schema":{"@context":"https:\/\/schema.org","@graph":[{"@type":"WebPage","@id":"https:\/\/www.prodat.de\/cms\/beratungsleistungen","url":"https:\/\/www.prodat.de\/cms\/beratungsleistungen","name":"Beratungsleistungen in der Digitalisierung, KI-Integration und KI-Anwendung - PRODAT","isPartOf":{"@id":"https:\/\/www.prodat.de\/cms\/#website"},"primaryImageOfPage":{"@id":"https:\/\/www.prodat.de\/cms\/beratungsleistungen#primaryimage"},"image":{"@id":"https:\/\/www.prodat.de\/cms\/beratungsleistungen#primaryimage"},"thumbnailUrl":"https:\/\/www.prodat.de\/cms\/wp-content\/uploads\/2025\/06\/aoiwork.png","datePublished":"2024-03-09T15:22:26+00:00","dateModified":"2025-06-11T18:54:16+00:00","breadcrumb":{"@id":"https:\/\/www.prodat.de\/cms\/beratungsleistungen#breadcrumb"},"inLanguage":"en-US","potentialAction":[{"@type":"ReadAction","target":["https:\/\/www.prodat.de\/cms\/beratungsleistungen"]}]},{"@type":"ImageObject","inLanguage":"en-US","@id":"https:\/\/www.prodat.de\/cms\/beratungsleistungen#primaryimage","url":"https:\/\/www.prodat.de\/cms\/wp-content\/uploads\/2025\/06\/aoiwork.png","contentUrl":"https:\/\/www.prodat.de\/cms\/wp-content\/uploads\/2025\/06\/aoiwork.png","width":1536,"height":1024},{"@type":"BreadcrumbList","@id":"https:\/\/www.prodat.de\/cms\/beratungsleistungen#breadcrumb","itemListElement":[{"@type":"ListItem","position":1,"name":"www.prodat.de","item":"https:\/\/www.prodat.de\/cms\/"},{"@type":"ListItem","position":2,"name":"Beratungsleistungen in der Digitalisierung, KI-Integration und KI-Anwendung"}]},{"@type":"WebSite","@id":"https:\/\/www.prodat.de\/cms\/#website","url":"https:\/\/www.prodat.de\/cms\/","name":"PRODAT (CMS)","description":"L\u00f6sungen \/ Solutions","publisher":{"@id":"https:\/\/www.prodat.de\/cms\/#organization"},"alternateName":"PRODAT Solutions\/L\u00f6sungen - Website","potentialAction":[{"@type":"SearchAction","target":{"@type":"EntryPoint","urlTemplate":"https:\/\/www.prodat.de\/cms\/?s={search_term_string}"},"query-input":"required name=search_term_string"}],"inLanguage":"en-US"},{"@type":"Organization","@id":"https:\/\/www.prodat.de\/cms\/#organization","name":"PRODAT","alternateName":"PRODAT L\u00f6sungen \/ Solutions","url":"https:\/\/www.prodat.de\/cms\/","logo":{"@type":"ImageObject","inLanguage":"en-US","@id":"https:\/\/www.prodat.de\/cms\/#\/schema\/logo\/image\/","url":"https:\/\/www.prodat.de\/cms\/wp-content\/uploads\/2024\/03\/prodat_logo_h150px.jpg","contentUrl":"https:\/\/www.prodat.de\/cms\/wp-content\/uploads\/2024\/03\/prodat_logo_h150px.jpg","width":560,"height":150,"caption":"PRODAT"},"image":{"@id":"https:\/\/www.prodat.de\/cms\/#\/schema\/logo\/image\/"}}]}},"_links":{"self":[{"href":"https:\/\/www.prodat.de\/cms\/wp-json\/wp\/v2\/pages\/2750"}],"collection":[{"href":"https:\/\/www.prodat.de\/cms\/wp-json\/wp\/v2\/pages"}],"about":[{"href":"https:\/\/www.prodat.de\/cms\/wp-json\/wp\/v2\/types\/page"}],"author":[{"embeddable":true,"href":"https:\/\/www.prodat.de\/cms\/wp-json\/wp\/v2\/users\/2"}],"replies":[{"embeddable":true,"href":"https:\/\/www.prodat.de\/cms\/wp-json\/wp\/v2\/comments?post=2750"}],"version-history":[{"count":6,"href":"https:\/\/www.prodat.de\/cms\/wp-json\/wp\/v2\/pages\/2750\/revisions"}],"predecessor-version":[{"id":7510,"href":"https:\/\/www.prodat.de\/cms\/wp-json\/wp\/v2\/pages\/2750\/revisions\/7510"}],"wp:featuredmedia":[{"embeddable":true,"href":"https:\/\/www.prodat.de\/cms\/wp-json\/wp\/v2\/media\/7507"}],"wp:attachment":[{"href":"https:\/\/www.prodat.de\/cms\/wp-json\/wp\/v2\/media?parent=2750"}],"curies":[{"name":"wp","href":"https:\/\/api.w.org\/{rel}","templated":true}]}}