{"id":11,"date":"2020-08-16T21:46:12","date_gmt":"2020-08-16T19:46:12","guid":{"rendered":"https:\/\/www.prodat.de\/cms\/?page_id=11"},"modified":"2024-03-20T20:42:01","modified_gmt":"2024-03-20T19:42:01","slug":"ueber-die-prodat-allgemeine-informationen-zum-unternehmen","status":"publish","type":"page","link":"https:\/\/www.prodat.de\/cms\/ueber-die-prodat-allgemeine-informationen-zum-unternehmen","title":{"rendered":"\u00dcber die PRODAT &#8211; Allgemeine Informationen zum Unternehmen"},"content":{"rendered":"\n<div class=\"wp-block-group has-global-padding is-layout-constrained wp-container-core-group-layout-4 wp-block-group-is-layout-constrained\">\n<figure class=\"wp-block-image alignleft size-medium\"><img fetchpriority=\"high\" decoding=\"async\" width=\"300\" height=\"240\" src=\"https:\/\/www.prodat.de\/cms\/wp-content\/uploads\/2024\/03\/prodat_innotrans_2016-300x240.png\" alt=\"\" class=\"wp-image-3980\" srcset=\"https:\/\/www.prodat.de\/cms\/wp-content\/uploads\/2024\/03\/prodat_innotrans_2016-300x240.png 300w, https:\/\/www.prodat.de\/cms\/wp-content\/uploads\/2024\/03\/prodat_innotrans_2016-768x614.png 768w, https:\/\/www.prodat.de\/cms\/wp-content\/uploads\/2024\/03\/prodat_innotrans_2016.png 800w\" sizes=\"(max-width: 300px) 100vw, 300px\" \/><\/figure>\n\n\n\n<h2 class=\"wp-block-heading has-text-align-center\">Wir \u00fcber uns &#8211; die PRODAT<\/h2>\n\n\n\n<p>Die PRODAT Informatik GmbH, kurz PRODAT, wurde im Fr\u00fchjahr 1990 von Ingenieuren aus dem Bereich Forschung und Entwicklung der Braunkohlenindustrie gegr\u00fcndet. Es handelt sich um eines der ersten, im Handelsregister Cottbus eingetragenen, Unternehmen der Nachwendezeit. Die innerhalb der letzten 34 Jahre gewonnenen Erfahrungen im Bereich der Messtechnik, Automatisierungstechnik, Informations- und Kommunikationstechnik und speziell der Kraftmesstechnik, insbesondere f\u00fcr das Anwendungsgebiet der Schienenverkehrstechnik, sind dabei entscheidender Erfolgsfaktor bei der Erarbeitung von kundengerechten Systeml\u00f6sungen. Wiederkehrend wird in den folgenden, technischen Gebieten gearbeitet:<\/p>\n\n\n\n<figure class=\"wp-block-pullquote alignright has-text-align-right has-accent-color has-base-2-background-color has-text-color has-background has-link-color has-large-font-size wp-elements-c916784f9ee0022562cd358e6a0b00b8 is-layout-flow wp-block-pullquote-is-layout-flow\"><blockquote><p>&#8220;Innovation beginnt im Kopf mit der k\u00fchnen Idee und dem Mut zum Risiko&#8221;<\/p><cite>Dr.-Ing. Sebastian Sauer<\/cite><\/blockquote><\/figure>\n\n\n\n<ul>\n<li>Mess-, Steuerungs- und Regelungstechnik<\/li>\n\n\n\n<li>Automatisierungstechnik<\/li>\n\n\n\n<li>Kraftmesstechnik<\/li>\n\n\n\n<li>Sensorentwicklung<\/li>\n\n\n\n<li>Elektronik, sowie Ger\u00e4teentwicklung<\/li>\n\n\n\n<li>Hardwareentwicklung<\/li>\n\n\n\n<li>Softwareentwicklung &#8211; Nutzerendanwendungen (GUI, Kommandozeile), Webanwendungen &amp; APPs, sowie Firmwareentwicklung<\/li>\n\n\n\n<li>Computer- und Netzwerksysteme, Sensornetzwerke und IKT-L\u00f6sungen<\/li>\n\n\n\n<li>sowie der KI-Anwendungen und KI-Integration.<\/li>\n<\/ul>\n\n\n\n<p>Das dabei gewonnene Know-how, Systeme mit hoher Funktionssicherheit unter schweren Umweltbedingungen zu realisieren, sowie die F\u00e4higkeit, unter restriktiven wirtschaftlichen Bedingungen zu optimalen L\u00f6sungen zu gelangen, sind in der Verbindung mit den effektivsten verf\u00fcgbaren Techniken und Technologien und den M\u00f6glichkeiten wirtschaftlicher Kooperation eine optimale Basis f\u00fcr hochwertige Produkte und Dienstleistungen in zertifizierter Qualit\u00e4t.<\/p>\n\n\n\n<p>Als federf\u00fchrendes Unternehmen in einem Verbund innovativer, leistungsf\u00e4higer Partner ist die PRODAT in der Lage, Komplettl\u00f6sungen in vielf\u00e4ltigen Anwendungsbereichen zur Verf\u00fcgung zu stellen. Die gegenw\u00e4rtigen Hauptgesch\u00e4ftsbereiche umfassen die Bauwerks\u00fcberwachung und die Schienenverkehrstechnik, sowie Softwareentwicklung und IT-Dienstleistungen mit einem Schwerpunkt auf KI-Anwendungen.<\/p>\n\n\n\n<p>F\u00fcr die Anwendung innovativer Technologien zur Entwicklung leistungsf\u00e4higer moderner Systeme ist die st\u00e4ndige Kooperation mit Hochschulen unerl\u00e4\u00dflich. Die PRODAT stellt deshalb regelm\u00e4\u00dfig Pl\u00e4tze f\u00fcr Praktikanten und Diplomanden zur Verf\u00fcgung und sichert sich damit den unmittelbaren Zugriff auf neueste wissenschaftliche Erkenntnisse.<\/p>\n\n\n\n<div style=\"height:var(--wp--preset--spacing--30)\" aria-hidden=\"true\" class=\"wp-block-spacer\"><\/div>\n\n\n\n<div class=\"wp-block-columns is-layout-flex wp-container-core-columns-layout-1 wp-block-columns-is-layout-flex\">\n<div class=\"wp-block-column is-layout-flow wp-block-column-is-layout-flow\" style=\"flex-basis:50%\">\n<div class=\"wp-block-group has-base-2-background-color has-background is-layout-flow wp-block-group-is-layout-flow\" style=\"border-radius:20px;padding-top:var(--wp--preset--spacing--20);padding-right:var(--wp--preset--spacing--20);padding-bottom:var(--wp--preset--spacing--20);padding-left:var(--wp--preset--spacing--20)\">\n<h3 class=\"wp-block-heading alignfull is-style-asterisk\" id=\"ankerlink_2\">Ausbildung, Praktika und Nachwuchsf\u00f6rderung<\/h3>\n\n\n\n<figure class=\"wp-block-image alignleft size-medium\"><img decoding=\"async\" width=\"300\" height=\"146\" src=\"https:\/\/www.prodat.de\/cms\/wp-content\/uploads\/2024\/03\/1645185547799-300x146.jpg\" alt=\"PRODAT BPA - Entwicklungsteam\" class=\"wp-image-3991\" srcset=\"https:\/\/www.prodat.de\/cms\/wp-content\/uploads\/2024\/03\/1645185547799-300x146.jpg 300w, https:\/\/www.prodat.de\/cms\/wp-content\/uploads\/2024\/03\/1645185547799-1024x499.jpg 1024w, https:\/\/www.prodat.de\/cms\/wp-content\/uploads\/2024\/03\/1645185547799-768x374.jpg 768w, https:\/\/www.prodat.de\/cms\/wp-content\/uploads\/2024\/03\/1645185547799-1536x748.jpg 1536w, https:\/\/www.prodat.de\/cms\/wp-content\/uploads\/2024\/03\/1645185547799-2048x997.jpg 2048w\" sizes=\"(max-width: 300px) 100vw, 300px\" \/><\/figure>\n\n\n\n<p>PRODAT beteiligt sich aktiv an der F\u00f6rderung des Nachwuchs und an der Ausbildung. Bewerbungen sind jederzeit willkommen und Interessierte k\u00f6nnen sich bzgl. Praktika oder Ausbildungspl\u00e4tze unter der Adresse:&nbsp;<a href=\"mailto:jobs@prodat.de\">jobs@prodat.de<\/a>&nbsp;bewerben. Bewerbungen in elektronischer Form werden bevorzugt behandelt, da diese den verwaltungstechnischen Aufwand erheblich reduzieren, bitte ber\u00fccksichtigen Sie dies, falls Sie mit uns Kontakt aufnehmen.<\/p>\n\n\n\n<div class=\"wp-block-buttons is-content-justification-center is-layout-flex wp-container-core-buttons-layout-1 wp-block-buttons-is-layout-flex\">\n<div class=\"wp-block-button\"><a class=\"wp-block-button__link wp-element-button\" href=\"mailto:jobs@prodat.de\">Email an: jobs@prodat.de<\/a><\/div>\n<\/div>\n<\/div>\n<\/div>\n\n\n\n<div class=\"wp-block-column is-layout-flow wp-block-column-is-layout-flow\" style=\"flex-basis:50%\">\n<div style=\"height:var(--wp--preset--spacing--30)\" aria-hidden=\"true\" class=\"wp-block-spacer\"><\/div>\n\n\n\n<div class=\"wp-block-group has-base-2-background-color has-background has-global-padding is-layout-constrained wp-container-core-group-layout-2 wp-block-group-is-layout-constrained\" style=\"border-radius:20px;padding-top:var(--wp--preset--spacing--20);padding-right:var(--wp--preset--spacing--20);padding-bottom:var(--wp--preset--spacing--20);padding-left:var(--wp--preset--spacing--20)\">\n<h3 class=\"wp-block-heading is-style-asterisk\" id=\"ankerlink_3\">Zertifizierungen<\/h3>\n\n\n\n<figure class=\"wp-block-table aligncenter\"><table class=\"has-fixed-layout\"><tbody><tr><td class=\"has-text-align-center\" data-align=\"center\"><img decoding=\"async\" width=\"113\" height=\"112\" src=\"https:\/\/www.prodat.de\/images\/logos\/iqnetlogo.gif\" alt=\"DIN EN Zertifizierung\"><br><strong><em>DQS zertifiziert nach<br>DIN EN 9001<br>Reg.- Nr.: 103080-0<\/em><\/strong>1<\/td><td class=\"has-text-align-center\" data-align=\"center\"><img loading=\"lazy\" decoding=\"async\" width=\"113\" height=\"112\" src=\"https:\/\/www.prodat.de\/images\/logos\/ISO9001.gif\" alt=\"DIN EN Zertifizierung\"><br><strong><em>IQNet zertifiziert nach<br>ISO 9001<br>Reg.-Nr.: DE-103080-01<\/em><\/strong><\/td><\/tr><\/tbody><\/table><\/figure>\n<\/div>\n\n\n\n<div class=\"wp-block-group has-base-2-background-color has-background has-global-padding is-layout-constrained wp-container-core-group-layout-3 wp-block-group-is-layout-constrained\" style=\"border-radius:20px;padding-top:var(--wp--preset--spacing--20);padding-right:var(--wp--preset--spacing--20);padding-bottom:var(--wp--preset--spacing--20);padding-left:var(--wp--preset--spacing--20)\">\n<h3 class=\"wp-block-heading is-style-asterisk\" id=\"ankerlink_3\">Aktuelles<\/h3>\n\n\n\n<p class=\"is-layout-flow wp-block-paragraph-is-layout-flow\">Aktuelle Informationen, News und Beitr\u00e4ge in unserem Blog.<\/p>\n\n\n\n<div class=\"wp-block-buttons is-content-justification-center is-nowrap is-layout-flex wp-container-core-buttons-layout-2 wp-block-buttons-is-layout-flex\">\n<div class=\"wp-block-button\"><a class=\"wp-block-button__link wp-element-button\" href=\"https:\/\/www.prodat.de\/cms\/blog\">Zum Blog<\/a><\/div>\n<\/div>\n<\/div>\n<\/div>\n<\/div>\n<\/div>\n","protected":false},"excerpt":{"rendered":"<p>Wir \u00fcber uns &#8211; die PRODAT Die PRODAT Informatik GmbH, kurz PRODAT, wurde im Fr\u00fchjahr 1990 von Ingenieuren aus dem Bereich Forschung und Entwicklung der Braunkohlenindustrie gegr\u00fcndet. Es handelt sich um eines der ersten, im Handelsregister Cottbus eingetragenen, Unternehmen der Nachwendezeit. Die innerhalb der letzten 34 Jahre gewonnenen Erfahrungen im Bereich der Messtechnik, Automatisierungstechnik, Informations- [&hellip;]<\/p>\n","protected":false},"author":2,"featured_media":4303,"parent":0,"menu_order":1,"comment_status":"closed","ping_status":"closed","template":"wp-custom-template-prodat-standard-inhalt","meta":{"footnotes":""},"yoast_head":"<!-- This site is optimized with the Yoast SEO plugin v22.2 - https:\/\/yoast.com\/wordpress\/plugins\/seo\/ -->\n<title>\u00dcber die PRODAT - Allgemeine Informationen zum Unternehmen - PRODAT<\/title>\n<meta name=\"description\" content=\"Die PRODAT ist ein Anbieter von Systeml\u00f6sungen. Wir l\u00f6sen die Herausforderungen unserer Kunden und bieten auch standardisierte Produkte.\" \/>\n<meta name=\"robots\" content=\"index, follow, max-snippet:-1, max-image-preview:large, max-video-preview:-1\" \/>\n<link rel=\"canonical\" href=\"https:\/\/www.prodat.de\/cms\/ueber-die-prodat-allgemeine-informationen-zum-unternehmen\" \/>\n<meta property=\"og:locale\" content=\"en_US\" \/>\n<meta property=\"og:type\" content=\"article\" \/>\n<meta property=\"og:title\" content=\"\u00dcber die PRODAT - Allgemeine Informationen zum Unternehmen - PRODAT\" \/>\n<meta property=\"og:description\" content=\"Die PRODAT ist ein Anbieter von Systeml\u00f6sungen. Wir l\u00f6sen die Herausforderungen unserer Kunden und bieten auch standardisierte Produkte.\" \/>\n<meta property=\"og:url\" content=\"https:\/\/www.prodat.de\/cms\/ueber-die-prodat-allgemeine-informationen-zum-unternehmen\" \/>\n<meta property=\"og:site_name\" content=\"PRODAT\" \/>\n<meta property=\"article:modified_time\" content=\"2024-03-20T19:42:01+00:00\" \/>\n<meta property=\"og:image\" content=\"https:\/\/www.prodat.de\/cms\/wp-content\/uploads\/2024\/03\/prodat_allgemeine_informationen_visualisierung.jpg\" \/>\n\t<meta property=\"og:image:width\" content=\"1792\" \/>\n\t<meta property=\"og:image:height\" content=\"1008\" \/>\n\t<meta property=\"og:image:type\" content=\"image\/jpeg\" \/>\n<meta name=\"twitter:card\" content=\"summary_large_image\" \/>\n<meta name=\"twitter:label1\" content=\"Est. reading time\" \/>\n\t<meta name=\"twitter:data1\" content=\"8 minutes\" \/>\n<script type=\"application\/ld+json\" class=\"yoast-schema-graph\">{\"@context\":\"https:\/\/schema.org\",\"@graph\":[{\"@type\":\"WebPage\",\"@id\":\"https:\/\/www.prodat.de\/cms\/ueber-die-prodat-allgemeine-informationen-zum-unternehmen\",\"url\":\"https:\/\/www.prodat.de\/cms\/ueber-die-prodat-allgemeine-informationen-zum-unternehmen\",\"name\":\"\u00dcber die PRODAT - Allgemeine Informationen zum Unternehmen - PRODAT\",\"isPartOf\":{\"@id\":\"https:\/\/www.prodat.de\/cms\/#website\"},\"primaryImageOfPage\":{\"@id\":\"https:\/\/www.prodat.de\/cms\/ueber-die-prodat-allgemeine-informationen-zum-unternehmen#primaryimage\"},\"image\":{\"@id\":\"https:\/\/www.prodat.de\/cms\/ueber-die-prodat-allgemeine-informationen-zum-unternehmen#primaryimage\"},\"thumbnailUrl\":\"https:\/\/www.prodat.de\/cms\/wp-content\/uploads\/2024\/03\/prodat_allgemeine_informationen_visualisierung.jpg\",\"datePublished\":\"2020-08-16T19:46:12+00:00\",\"dateModified\":\"2024-03-20T19:42:01+00:00\",\"description\":\"Die PRODAT ist ein Anbieter von Systeml\u00f6sungen. Wir l\u00f6sen die Herausforderungen unserer Kunden und bieten auch standardisierte Produkte.\",\"breadcrumb\":{\"@id\":\"https:\/\/www.prodat.de\/cms\/ueber-die-prodat-allgemeine-informationen-zum-unternehmen#breadcrumb\"},\"inLanguage\":\"en-US\",\"potentialAction\":[{\"@type\":\"ReadAction\",\"target\":[\"https:\/\/www.prodat.de\/cms\/ueber-die-prodat-allgemeine-informationen-zum-unternehmen\"]}]},{\"@type\":\"ImageObject\",\"inLanguage\":\"en-US\",\"@id\":\"https:\/\/www.prodat.de\/cms\/ueber-die-prodat-allgemeine-informationen-zum-unternehmen#primaryimage\",\"url\":\"https:\/\/www.prodat.de\/cms\/wp-content\/uploads\/2024\/03\/prodat_allgemeine_informationen_visualisierung.jpg\",\"contentUrl\":\"https:\/\/www.prodat.de\/cms\/wp-content\/uploads\/2024\/03\/prodat_allgemeine_informationen_visualisierung.jpg\",\"width\":1792,\"height\":1008,\"caption\":\"PRODAT Allgemeine Darstellung - wir \u00fcber uns.\"},{\"@type\":\"BreadcrumbList\",\"@id\":\"https:\/\/www.prodat.de\/cms\/ueber-die-prodat-allgemeine-informationen-zum-unternehmen#breadcrumb\",\"itemListElement\":[{\"@type\":\"ListItem\",\"position\":1,\"name\":\"www.prodat.de\",\"item\":\"https:\/\/www.prodat.de\/cms\/\"},{\"@type\":\"ListItem\",\"position\":2,\"name\":\"\u00dcber die PRODAT &#8211; Allgemeine Informationen zum Unternehmen\"}]},{\"@type\":\"WebSite\",\"@id\":\"https:\/\/www.prodat.de\/cms\/#website\",\"url\":\"https:\/\/www.prodat.de\/cms\/\",\"name\":\"PRODAT (CMS)\",\"description\":\"L\u00f6sungen \/ Solutions\",\"publisher\":{\"@id\":\"https:\/\/www.prodat.de\/cms\/#organization\"},\"alternateName\":\"PRODAT Solutions\/L\u00f6sungen - Website\",\"potentialAction\":[{\"@type\":\"SearchAction\",\"target\":{\"@type\":\"EntryPoint\",\"urlTemplate\":\"https:\/\/www.prodat.de\/cms\/?s={search_term_string}\"},\"query-input\":\"required name=search_term_string\"}],\"inLanguage\":\"en-US\"},{\"@type\":\"Organization\",\"@id\":\"https:\/\/www.prodat.de\/cms\/#organization\",\"name\":\"PRODAT\",\"alternateName\":\"PRODAT L\u00f6sungen \/ Solutions\",\"url\":\"https:\/\/www.prodat.de\/cms\/\",\"logo\":{\"@type\":\"ImageObject\",\"inLanguage\":\"en-US\",\"@id\":\"https:\/\/www.prodat.de\/cms\/#\/schema\/logo\/image\/\",\"url\":\"https:\/\/www.prodat.de\/cms\/wp-content\/uploads\/2024\/03\/prodat_logo_h150px.jpg\",\"contentUrl\":\"https:\/\/www.prodat.de\/cms\/wp-content\/uploads\/2024\/03\/prodat_logo_h150px.jpg\",\"width\":560,\"height\":150,\"caption\":\"PRODAT\"},\"image\":{\"@id\":\"https:\/\/www.prodat.de\/cms\/#\/schema\/logo\/image\/\"}}]}<\/script>\n<!-- \/ Yoast SEO plugin. -->","yoast_head_json":{"title":"\u00dcber die PRODAT - Allgemeine Informationen zum Unternehmen - PRODAT","description":"Die PRODAT ist ein Anbieter von Systeml\u00f6sungen. Wir l\u00f6sen die Herausforderungen unserer Kunden und bieten auch standardisierte Produkte.","robots":{"index":"index","follow":"follow","max-snippet":"max-snippet:-1","max-image-preview":"max-image-preview:large","max-video-preview":"max-video-preview:-1"},"canonical":"https:\/\/www.prodat.de\/cms\/ueber-die-prodat-allgemeine-informationen-zum-unternehmen","og_locale":"en_US","og_type":"article","og_title":"\u00dcber die PRODAT - Allgemeine Informationen zum Unternehmen - PRODAT","og_description":"Die PRODAT ist ein Anbieter von Systeml\u00f6sungen. Wir l\u00f6sen die Herausforderungen unserer Kunden und bieten auch standardisierte Produkte.","og_url":"https:\/\/www.prodat.de\/cms\/ueber-die-prodat-allgemeine-informationen-zum-unternehmen","og_site_name":"PRODAT","article_modified_time":"2024-03-20T19:42:01+00:00","og_image":[{"width":1792,"height":1008,"url":"https:\/\/www.prodat.de\/cms\/wp-content\/uploads\/2024\/03\/prodat_allgemeine_informationen_visualisierung.jpg","type":"image\/jpeg"}],"twitter_card":"summary_large_image","twitter_misc":{"Est. reading time":"8 minutes"},"schema":{"@context":"https:\/\/schema.org","@graph":[{"@type":"WebPage","@id":"https:\/\/www.prodat.de\/cms\/ueber-die-prodat-allgemeine-informationen-zum-unternehmen","url":"https:\/\/www.prodat.de\/cms\/ueber-die-prodat-allgemeine-informationen-zum-unternehmen","name":"\u00dcber die PRODAT - Allgemeine Informationen zum Unternehmen - PRODAT","isPartOf":{"@id":"https:\/\/www.prodat.de\/cms\/#website"},"primaryImageOfPage":{"@id":"https:\/\/www.prodat.de\/cms\/ueber-die-prodat-allgemeine-informationen-zum-unternehmen#primaryimage"},"image":{"@id":"https:\/\/www.prodat.de\/cms\/ueber-die-prodat-allgemeine-informationen-zum-unternehmen#primaryimage"},"thumbnailUrl":"https:\/\/www.prodat.de\/cms\/wp-content\/uploads\/2024\/03\/prodat_allgemeine_informationen_visualisierung.jpg","datePublished":"2020-08-16T19:46:12+00:00","dateModified":"2024-03-20T19:42:01+00:00","description":"Die PRODAT ist ein Anbieter von Systeml\u00f6sungen. Wir l\u00f6sen die Herausforderungen unserer Kunden und bieten auch standardisierte Produkte.","breadcrumb":{"@id":"https:\/\/www.prodat.de\/cms\/ueber-die-prodat-allgemeine-informationen-zum-unternehmen#breadcrumb"},"inLanguage":"en-US","potentialAction":[{"@type":"ReadAction","target":["https:\/\/www.prodat.de\/cms\/ueber-die-prodat-allgemeine-informationen-zum-unternehmen"]}]},{"@type":"ImageObject","inLanguage":"en-US","@id":"https:\/\/www.prodat.de\/cms\/ueber-die-prodat-allgemeine-informationen-zum-unternehmen#primaryimage","url":"https:\/\/www.prodat.de\/cms\/wp-content\/uploads\/2024\/03\/prodat_allgemeine_informationen_visualisierung.jpg","contentUrl":"https:\/\/www.prodat.de\/cms\/wp-content\/uploads\/2024\/03\/prodat_allgemeine_informationen_visualisierung.jpg","width":1792,"height":1008,"caption":"PRODAT Allgemeine Darstellung - wir \u00fcber uns."},{"@type":"BreadcrumbList","@id":"https:\/\/www.prodat.de\/cms\/ueber-die-prodat-allgemeine-informationen-zum-unternehmen#breadcrumb","itemListElement":[{"@type":"ListItem","position":1,"name":"www.prodat.de","item":"https:\/\/www.prodat.de\/cms\/"},{"@type":"ListItem","position":2,"name":"\u00dcber die PRODAT &#8211; Allgemeine Informationen zum Unternehmen"}]},{"@type":"WebSite","@id":"https:\/\/www.prodat.de\/cms\/#website","url":"https:\/\/www.prodat.de\/cms\/","name":"PRODAT (CMS)","description":"L\u00f6sungen \/ Solutions","publisher":{"@id":"https:\/\/www.prodat.de\/cms\/#organization"},"alternateName":"PRODAT Solutions\/L\u00f6sungen - Website","potentialAction":[{"@type":"SearchAction","target":{"@type":"EntryPoint","urlTemplate":"https:\/\/www.prodat.de\/cms\/?s={search_term_string}"},"query-input":"required name=search_term_string"}],"inLanguage":"en-US"},{"@type":"Organization","@id":"https:\/\/www.prodat.de\/cms\/#organization","name":"PRODAT","alternateName":"PRODAT L\u00f6sungen \/ Solutions","url":"https:\/\/www.prodat.de\/cms\/","logo":{"@type":"ImageObject","inLanguage":"en-US","@id":"https:\/\/www.prodat.de\/cms\/#\/schema\/logo\/image\/","url":"https:\/\/www.prodat.de\/cms\/wp-content\/uploads\/2024\/03\/prodat_logo_h150px.jpg","contentUrl":"https:\/\/www.prodat.de\/cms\/wp-content\/uploads\/2024\/03\/prodat_logo_h150px.jpg","width":560,"height":150,"caption":"PRODAT"},"image":{"@id":"https:\/\/www.prodat.de\/cms\/#\/schema\/logo\/image\/"}}]}},"_links":{"self":[{"href":"https:\/\/www.prodat.de\/cms\/wp-json\/wp\/v2\/pages\/11"}],"collection":[{"href":"https:\/\/www.prodat.de\/cms\/wp-json\/wp\/v2\/pages"}],"about":[{"href":"https:\/\/www.prodat.de\/cms\/wp-json\/wp\/v2\/types\/page"}],"author":[{"embeddable":true,"href":"https:\/\/www.prodat.de\/cms\/wp-json\/wp\/v2\/users\/2"}],"replies":[{"embeddable":true,"href":"https:\/\/www.prodat.de\/cms\/wp-json\/wp\/v2\/comments?post=11"}],"version-history":[{"count":82,"href":"https:\/\/www.prodat.de\/cms\/wp-json\/wp\/v2\/pages\/11\/revisions"}],"predecessor-version":[{"id":5637,"href":"https:\/\/www.prodat.de\/cms\/wp-json\/wp\/v2\/pages\/11\/revisions\/5637"}],"wp:featuredmedia":[{"embeddable":true,"href":"https:\/\/www.prodat.de\/cms\/wp-json\/wp\/v2\/media\/4303"}],"wp:attachment":[{"href":"https:\/\/www.prodat.de\/cms\/wp-json\/wp\/v2\/media?parent=11"}],"curies":[{"name":"wp","href":"https:\/\/api.w.org\/{rel}","templated":true}]}}