{"id":104,"date":"2020-08-18T13:34:51","date_gmt":"2020-08-18T11:34:51","guid":{"rendered":"https:\/\/www.prodat.de\/cms\/?page_id=104"},"modified":"2024-03-24T09:13:20","modified_gmt":"2024-03-24T08:13:20","slug":"kontakt","status":"publish","type":"page","link":"https:\/\/www.prodat.de\/cms\/kontakt","title":{"rendered":"Kontakt"},"content":{"rendered":"\n<blockquote class=\"wp-block-quote has-text-align-right is-style-default has-medium-font-size\">\n<p class=\"has-large-font-size\">Haben Sie Fragen? Unser Team ist nur einen Anruf oder eine E-Mail entfernt. F\u00fcr Unterst\u00fctzung stehen wir Ihnen jederzeit zur Verf\u00fcgung!<\/p>\n<cite><strong><em>PRODAT Service-Team<\/em><\/strong><\/cite><\/blockquote>\n\n\n\n<div style=\"height:var(--wp--preset--spacing--20)\" aria-hidden=\"true\" class=\"wp-block-spacer\"><\/div>\n\n\n\n<div class=\"wp-block-group has-global-padding is-layout-constrained wp-container-core-group-layout-1 wp-block-group-is-layout-constrained\">\n<div class=\"wp-block-columns is-layout-flex wp-container-core-columns-layout-1 wp-block-columns-is-layout-flex\">\n<div class=\"wp-block-column is-vertically-aligned-top has-global-padding is-layout-constrained wp-container-core-column-layout-1 wp-block-column-is-layout-constrained\" style=\"flex-basis:60%\">\n<h2 class=\"wp-block-heading has-text-align-center is-style-default\" id=\"ankerlink_2\">Email<\/h2>\n\n\n\n<figure class=\"wp-block-table has-small-font-size\"><table class=\"has-base-2-background-color has-background\"><tbody><tr><td>&nbsp;<strong>Bereich<\/strong><\/td><td><strong>&nbsp;Email<\/strong><\/td><\/tr><tr><td>Service, Anlieferung, Abholung<\/td><td>service@prodat.de<\/td><\/tr><tr><td>Verkauf &amp; allgemeine Informationen:<\/td><td>sales@prodat.de<\/td><\/tr><tr><td>Kaufm\u00e4nnische Sachverhalte:&nbsp;<\/td><td>prodat@prodat.de<\/td><\/tr><\/tbody><\/table><\/figure>\n\n\n\n<h2 class=\"wp-block-heading has-text-align-center is-style-default\" id=\"ankerlink_3\">Telefon und Fax<\/h2>\n\n\n\n<figure class=\"wp-block-table has-small-font-size\"><table class=\"has-base-2-background-color has-background\"><tbody><tr><td>Telefon:<\/td><td>+49 35756 60247<\/td><\/tr><tr><td>Fax:<\/td><td>+49 35756 60252<\/td><\/tr><\/tbody><\/table><\/figure>\n<\/div>\n\n\n\n<div class=\"wp-block-column has-global-padding is-layout-constrained wp-container-core-column-layout-2 wp-block-column-is-layout-constrained\" style=\"flex-basis:40%\">\n<h2 class=\"wp-block-heading has-text-align-center is-style-default\" id=\"ankerlink_1\">Anschrift<\/h2>\n\n\n\n<figure class=\"wp-block-table has-small-font-size\"><table class=\"has-base-2-background-color has-background\"><tbody><tr><td>PRODAT Informatik GmbH<br>Johannisthaler Str. 7<br>01996 Senftenberg (OT Hosena)<br>Deutschland<\/td><\/tr><\/tbody><\/table><\/figure>\n\n\n\n<h2 class=\"wp-block-heading has-text-align-center is-style-default\" id=\"ankerlink_1\">Gesch\u00e4ftszeiten<\/h2>\n\n\n\n<figure class=\"wp-block-table has-small-font-size\"><table class=\"has-base-2-background-color has-background\"><tbody><tr><td><strong>Lieferung: <\/strong><\/td><td>Werktags von Montag bis Freitag: 9:00 bis 16:00<\/td><\/tr><tr><td><strong>B\u00fcro &amp; Service:<\/strong><\/td><td>Werktags von Montag bis Freitag: 8:00 bis 17:00<\/td><\/tr><\/tbody><\/table><\/figure>\n<\/div>\n<\/div>\n\n\n\n<div style=\"height:var(--wp--preset--spacing--40)\" aria-hidden=\"true\" class=\"wp-block-spacer\"><\/div>\n\n\n\n<h2 class=\"wp-block-heading has-text-align-center is-style-asterisk\" id=\"ankerlink_4\">Standort Hosena &#8211; Reiseinformationen<\/h2>\n\n\n\n<p class=\"has-contrast-color has-base-2-background-color has-text-color has-background has-link-color has-medium-font-size wp-elements-d185350a949ccb6e3785211cf5b441b7\">Die PRODAT ist ca. 140km s\u00fcdlich von Berlin und ca. 50km n\u00f6rdlich von Dresden, an der S\u00fcdgrenze Brandenburgs, gelegen. Der Firmenhauptsitz liegt in Hosena. Die Ortschaft wurde im Sommer 2002 zu einem Ortsteil der Stadt Senftenberg <strong>(OT Hosena!)<\/strong> und verf\u00fcgt immer noch \u00fcber eine eigene Postleitzahl. Durch die Autobahnabfahrt Ruhland (ca. 13km entfernt) ist eine schnelle Anfahrt gew\u00e4hrleistet. Im Ort befindet sich auch ein Bahnhof (Bahnhof Hosena) von dem aus Berlin in ca. 1,5h und Dresden in ca. 1h zu erreichen ist. Der n\u00e4chst gelegene Flughafen ist Dresden (K\u00fcrzel DRS).<br><br>Falls Sie \u00fcber Google Earth verf\u00fcgen k\u00f6nnen sie sich unsere&nbsp;<a href=\"http:\/\/www.prodat.de\/DE\/Allgemeines\/Kontakt\/-index\/PRODAT_in_Google_Earth.kmz\">&#8220;Placemark&#8221; Datei<\/a>&nbsp;herunterladen. Diese erm\u00f6glicht Ihnen ein leichteres Auffinden des Unternehmens.<br><br>Nutzen Sie eine&nbsp;<a href=\"http:\/\/www.prodat.de\/DE\/Allgemeines\/Kontakt\/standort_regional.htm\">Karte der Region<\/a>, um den Firmenstandort einzusehen.<\/p>\n<\/div>\n","protected":false},"excerpt":{"rendered":"<p>Haben Sie Fragen? Unser Team ist nur einen Anruf oder eine E-Mail entfernt. F\u00fcr Unterst\u00fctzung stehen wir Ihnen jederzeit zur Verf\u00fcgung! PRODAT Service-Team Email &nbsp;Bereich &nbsp;Email Service, Anlieferung, Abholung service@prodat.de Verkauf &amp; allgemeine Informationen: sales@prodat.de Kaufm\u00e4nnische Sachverhalte:&nbsp; prodat@prodat.de Telefon und Fax Telefon: +49 35756 60247 Fax: +49 35756 60252 Anschrift PRODAT Informatik GmbHJohannisthaler Str. 701996 [&hellip;]<\/p>\n","protected":false},"author":2,"featured_media":3571,"parent":0,"menu_order":1,"comment_status":"closed","ping_status":"closed","template":"wp-custom-template-prodat-standard-inhalt","meta":{"footnotes":""},"yoast_head":"<!-- This site is optimized with the Yoast SEO plugin v22.2 - https:\/\/yoast.com\/wordpress\/plugins\/seo\/ -->\n<title>Kontakt - PRODAT<\/title>\n<meta name=\"robots\" content=\"index, follow, max-snippet:-1, max-image-preview:large, max-video-preview:-1\" \/>\n<link rel=\"canonical\" href=\"https:\/\/www.prodat.de\/cms\/kontakt\" \/>\n<meta property=\"og:locale\" content=\"en_US\" \/>\n<meta property=\"og:type\" content=\"article\" \/>\n<meta property=\"og:title\" content=\"Kontakt - PRODAT\" \/>\n<meta property=\"og:description\" content=\"Haben Sie Fragen? Unser Team ist nur einen Anruf oder eine E-Mail entfernt. F\u00fcr Unterst\u00fctzung stehen wir Ihnen jederzeit zur Verf\u00fcgung! PRODAT Service-Team Email &nbsp;Bereich &nbsp;Email Service, Anlieferung, Abholung service@prodat.de Verkauf &amp; allgemeine Informationen: sales@prodat.de Kaufm\u00e4nnische Sachverhalte:&nbsp; prodat@prodat.de Telefon und Fax Telefon: +49 35756 60247 Fax: +49 35756 60252 Anschrift PRODAT Informatik GmbHJohannisthaler Str. 701996 [&hellip;]\" \/>\n<meta property=\"og:url\" content=\"https:\/\/www.prodat.de\/cms\/kontakt\" \/>\n<meta property=\"og:site_name\" content=\"PRODAT\" \/>\n<meta property=\"article:modified_time\" content=\"2024-03-24T08:13:20+00:00\" \/>\n<meta property=\"og:image\" content=\"https:\/\/www.prodat.de\/cms\/wp-content\/uploads\/2024\/03\/d2api_12_24_2023__09_50_46_0__apointinthestyleoffuturoclassical.png\" \/>\n\t<meta property=\"og:image:width\" content=\"1024\" \/>\n\t<meta property=\"og:image:height\" content=\"1024\" \/>\n\t<meta property=\"og:image:type\" content=\"image\/png\" \/>\n<meta name=\"twitter:card\" content=\"summary_large_image\" \/>\n<meta name=\"twitter:label1\" content=\"Est. reading time\" \/>\n\t<meta name=\"twitter:data1\" content=\"1 minute\" \/>\n<script type=\"application\/ld+json\" class=\"yoast-schema-graph\">{\"@context\":\"https:\/\/schema.org\",\"@graph\":[{\"@type\":\"WebPage\",\"@id\":\"https:\/\/www.prodat.de\/cms\/kontakt\",\"url\":\"https:\/\/www.prodat.de\/cms\/kontakt\",\"name\":\"Kontakt - PRODAT\",\"isPartOf\":{\"@id\":\"https:\/\/www.prodat.de\/cms\/#website\"},\"primaryImageOfPage\":{\"@id\":\"https:\/\/www.prodat.de\/cms\/kontakt#primaryimage\"},\"image\":{\"@id\":\"https:\/\/www.prodat.de\/cms\/kontakt#primaryimage\"},\"thumbnailUrl\":\"https:\/\/www.prodat.de\/cms\/wp-content\/uploads\/2024\/03\/d2api_12_24_2023__09_50_46_0__apointinthestyleoffuturoclassical.png\",\"datePublished\":\"2020-08-18T11:34:51+00:00\",\"dateModified\":\"2024-03-24T08:13:20+00:00\",\"breadcrumb\":{\"@id\":\"https:\/\/www.prodat.de\/cms\/kontakt#breadcrumb\"},\"inLanguage\":\"en-US\",\"potentialAction\":[{\"@type\":\"ReadAction\",\"target\":[\"https:\/\/www.prodat.de\/cms\/kontakt\"]}]},{\"@type\":\"ImageObject\",\"inLanguage\":\"en-US\",\"@id\":\"https:\/\/www.prodat.de\/cms\/kontakt#primaryimage\",\"url\":\"https:\/\/www.prodat.de\/cms\/wp-content\/uploads\/2024\/03\/d2api_12_24_2023__09_50_46_0__apointinthestyleoffuturoclassical.png\",\"contentUrl\":\"https:\/\/www.prodat.de\/cms\/wp-content\/uploads\/2024\/03\/d2api_12_24_2023__09_50_46_0__apointinthestyleoffuturoclassical.png\",\"width\":1024,\"height\":1024},{\"@type\":\"BreadcrumbList\",\"@id\":\"https:\/\/www.prodat.de\/cms\/kontakt#breadcrumb\",\"itemListElement\":[{\"@type\":\"ListItem\",\"position\":1,\"name\":\"www.prodat.de\",\"item\":\"https:\/\/www.prodat.de\/cms\/\"},{\"@type\":\"ListItem\",\"position\":2,\"name\":\"Kontakt\"}]},{\"@type\":\"WebSite\",\"@id\":\"https:\/\/www.prodat.de\/cms\/#website\",\"url\":\"https:\/\/www.prodat.de\/cms\/\",\"name\":\"PRODAT (CMS)\",\"description\":\"L\u00f6sungen \/ Solutions\",\"publisher\":{\"@id\":\"https:\/\/www.prodat.de\/cms\/#organization\"},\"alternateName\":\"PRODAT Solutions\/L\u00f6sungen - Website\",\"potentialAction\":[{\"@type\":\"SearchAction\",\"target\":{\"@type\":\"EntryPoint\",\"urlTemplate\":\"https:\/\/www.prodat.de\/cms\/?s={search_term_string}\"},\"query-input\":\"required name=search_term_string\"}],\"inLanguage\":\"en-US\"},{\"@type\":\"Organization\",\"@id\":\"https:\/\/www.prodat.de\/cms\/#organization\",\"name\":\"PRODAT\",\"alternateName\":\"PRODAT L\u00f6sungen \/ Solutions\",\"url\":\"https:\/\/www.prodat.de\/cms\/\",\"logo\":{\"@type\":\"ImageObject\",\"inLanguage\":\"en-US\",\"@id\":\"https:\/\/www.prodat.de\/cms\/#\/schema\/logo\/image\/\",\"url\":\"https:\/\/www.prodat.de\/cms\/wp-content\/uploads\/2024\/03\/prodat_logo_h150px.jpg\",\"contentUrl\":\"https:\/\/www.prodat.de\/cms\/wp-content\/uploads\/2024\/03\/prodat_logo_h150px.jpg\",\"width\":560,\"height\":150,\"caption\":\"PRODAT\"},\"image\":{\"@id\":\"https:\/\/www.prodat.de\/cms\/#\/schema\/logo\/image\/\"}}]}<\/script>\n<!-- \/ Yoast SEO plugin. -->","yoast_head_json":{"title":"Kontakt - PRODAT","robots":{"index":"index","follow":"follow","max-snippet":"max-snippet:-1","max-image-preview":"max-image-preview:large","max-video-preview":"max-video-preview:-1"},"canonical":"https:\/\/www.prodat.de\/cms\/kontakt","og_locale":"en_US","og_type":"article","og_title":"Kontakt - PRODAT","og_description":"Haben Sie Fragen? Unser Team ist nur einen Anruf oder eine E-Mail entfernt. F\u00fcr Unterst\u00fctzung stehen wir Ihnen jederzeit zur Verf\u00fcgung! PRODAT Service-Team Email &nbsp;Bereich &nbsp;Email Service, Anlieferung, Abholung service@prodat.de Verkauf &amp; allgemeine Informationen: sales@prodat.de Kaufm\u00e4nnische Sachverhalte:&nbsp; prodat@prodat.de Telefon und Fax Telefon: +49 35756 60247 Fax: +49 35756 60252 Anschrift PRODAT Informatik GmbHJohannisthaler Str. 701996 [&hellip;]","og_url":"https:\/\/www.prodat.de\/cms\/kontakt","og_site_name":"PRODAT","article_modified_time":"2024-03-24T08:13:20+00:00","og_image":[{"url":"https:\/\/www.prodat.de\/cms\/wp-content\/uploads\/2024\/03\/d2api_12_24_2023__09_50_46_0__apointinthestyleoffuturoclassical.png","width":1024,"height":1024,"type":"image\/png"}],"twitter_card":"summary_large_image","twitter_misc":{"Est. reading time":"1 minute"},"schema":{"@context":"https:\/\/schema.org","@graph":[{"@type":"WebPage","@id":"https:\/\/www.prodat.de\/cms\/kontakt","url":"https:\/\/www.prodat.de\/cms\/kontakt","name":"Kontakt - PRODAT","isPartOf":{"@id":"https:\/\/www.prodat.de\/cms\/#website"},"primaryImageOfPage":{"@id":"https:\/\/www.prodat.de\/cms\/kontakt#primaryimage"},"image":{"@id":"https:\/\/www.prodat.de\/cms\/kontakt#primaryimage"},"thumbnailUrl":"https:\/\/www.prodat.de\/cms\/wp-content\/uploads\/2024\/03\/d2api_12_24_2023__09_50_46_0__apointinthestyleoffuturoclassical.png","datePublished":"2020-08-18T11:34:51+00:00","dateModified":"2024-03-24T08:13:20+00:00","breadcrumb":{"@id":"https:\/\/www.prodat.de\/cms\/kontakt#breadcrumb"},"inLanguage":"en-US","potentialAction":[{"@type":"ReadAction","target":["https:\/\/www.prodat.de\/cms\/kontakt"]}]},{"@type":"ImageObject","inLanguage":"en-US","@id":"https:\/\/www.prodat.de\/cms\/kontakt#primaryimage","url":"https:\/\/www.prodat.de\/cms\/wp-content\/uploads\/2024\/03\/d2api_12_24_2023__09_50_46_0__apointinthestyleoffuturoclassical.png","contentUrl":"https:\/\/www.prodat.de\/cms\/wp-content\/uploads\/2024\/03\/d2api_12_24_2023__09_50_46_0__apointinthestyleoffuturoclassical.png","width":1024,"height":1024},{"@type":"BreadcrumbList","@id":"https:\/\/www.prodat.de\/cms\/kontakt#breadcrumb","itemListElement":[{"@type":"ListItem","position":1,"name":"www.prodat.de","item":"https:\/\/www.prodat.de\/cms\/"},{"@type":"ListItem","position":2,"name":"Kontakt"}]},{"@type":"WebSite","@id":"https:\/\/www.prodat.de\/cms\/#website","url":"https:\/\/www.prodat.de\/cms\/","name":"PRODAT (CMS)","description":"L\u00f6sungen \/ Solutions","publisher":{"@id":"https:\/\/www.prodat.de\/cms\/#organization"},"alternateName":"PRODAT Solutions\/L\u00f6sungen - Website","potentialAction":[{"@type":"SearchAction","target":{"@type":"EntryPoint","urlTemplate":"https:\/\/www.prodat.de\/cms\/?s={search_term_string}"},"query-input":"required name=search_term_string"}],"inLanguage":"en-US"},{"@type":"Organization","@id":"https:\/\/www.prodat.de\/cms\/#organization","name":"PRODAT","alternateName":"PRODAT L\u00f6sungen \/ Solutions","url":"https:\/\/www.prodat.de\/cms\/","logo":{"@type":"ImageObject","inLanguage":"en-US","@id":"https:\/\/www.prodat.de\/cms\/#\/schema\/logo\/image\/","url":"https:\/\/www.prodat.de\/cms\/wp-content\/uploads\/2024\/03\/prodat_logo_h150px.jpg","contentUrl":"https:\/\/www.prodat.de\/cms\/wp-content\/uploads\/2024\/03\/prodat_logo_h150px.jpg","width":560,"height":150,"caption":"PRODAT"},"image":{"@id":"https:\/\/www.prodat.de\/cms\/#\/schema\/logo\/image\/"}}]}},"_links":{"self":[{"href":"https:\/\/www.prodat.de\/cms\/wp-json\/wp\/v2\/pages\/104"}],"collection":[{"href":"https:\/\/www.prodat.de\/cms\/wp-json\/wp\/v2\/pages"}],"about":[{"href":"https:\/\/www.prodat.de\/cms\/wp-json\/wp\/v2\/types\/page"}],"author":[{"embeddable":true,"href":"https:\/\/www.prodat.de\/cms\/wp-json\/wp\/v2\/users\/2"}],"replies":[{"embeddable":true,"href":"https:\/\/www.prodat.de\/cms\/wp-json\/wp\/v2\/comments?post=104"}],"version-history":[{"count":59,"href":"https:\/\/www.prodat.de\/cms\/wp-json\/wp\/v2\/pages\/104\/revisions"}],"predecessor-version":[{"id":6636,"href":"https:\/\/www.prodat.de\/cms\/wp-json\/wp\/v2\/pages\/104\/revisions\/6636"}],"wp:featuredmedia":[{"embeddable":true,"href":"https:\/\/www.prodat.de\/cms\/wp-json\/wp\/v2\/media\/3571"}],"wp:attachment":[{"href":"https:\/\/www.prodat.de\/cms\/wp-json\/wp\/v2\/media?parent=104"}],"curies":[{"name":"wp","href":"https:\/\/api.w.org\/{rel}","templated":true}]}}