{"id":100,"date":"2020-08-18T13:26:43","date_gmt":"2020-08-18T11:26:43","guid":{"rendered":"https:\/\/www.prodat.de\/cms\/?page_id=100"},"modified":"2024-03-25T10:27:27","modified_gmt":"2024-03-25T09:27:27","slug":"messdienstleistungen-radlastmessung-radaufstandskraftmessung","status":"publish","type":"page","link":"https:\/\/www.prodat.de\/cms\/dienstleistungen-service\/messdienstleistungen-radlastmessung-radaufstandskraftmessung","title":{"rendered":"Messdienstleistungen &#8211; Radlastmessung (Radaufstandskraftmessung)"},"content":{"rendered":"\n<h1 class=\"wp-block-heading has-text-align-center\">Radlastmessung (Radaufstandskraftmessung) mit kalibriertem Messsystem bei Ihnen vor Ort<\/h1>\n\n\n\n<div class=\"wp-block-group has-global-padding is-layout-constrained wp-container-core-group-layout-1 wp-block-group-is-layout-constrained\">\n<figure class=\"wp-block-gallery has-nested-images columns-default is-cropped wp-block-gallery-1 is-layout-flex wp-block-gallery-is-layout-flex\">\n<figure class=\"wp-block-image size-large\"><img fetchpriority=\"high\" decoding=\"async\" width=\"1024\" height=\"768\" src=\"https:\/\/www.prodat.de\/cms\/wp-content\/uploads\/2024\/03\/20240208_153320-1024x768.jpg\" alt=\"\" class=\"wp-image-5002\" srcset=\"https:\/\/www.prodat.de\/cms\/wp-content\/uploads\/2024\/03\/20240208_153320-1024x768.jpg 1024w, https:\/\/www.prodat.de\/cms\/wp-content\/uploads\/2024\/03\/20240208_153320-300x225.jpg 300w, https:\/\/www.prodat.de\/cms\/wp-content\/uploads\/2024\/03\/20240208_153320-768x576.jpg 768w, https:\/\/www.prodat.de\/cms\/wp-content\/uploads\/2024\/03\/20240208_153320-1536x1152.jpg 1536w, https:\/\/www.prodat.de\/cms\/wp-content\/uploads\/2024\/03\/20240208_153320-2048x1536.jpg 2048w\" sizes=\"(max-width: 1024px) 100vw, 1024px\" \/><\/figure>\n\n\n\n<figure class=\"wp-block-image size-large\"><img decoding=\"async\" width=\"768\" height=\"1024\" src=\"https:\/\/www.prodat.de\/cms\/wp-content\/uploads\/2024\/03\/IMG_1686-768x1024.jpg\" alt=\"\" class=\"wp-image-5003\" srcset=\"https:\/\/www.prodat.de\/cms\/wp-content\/uploads\/2024\/03\/IMG_1686-768x1024.jpg 768w, https:\/\/www.prodat.de\/cms\/wp-content\/uploads\/2024\/03\/IMG_1686-225x300.jpg 225w, https:\/\/www.prodat.de\/cms\/wp-content\/uploads\/2024\/03\/IMG_1686-1152x1536.jpg 1152w, https:\/\/www.prodat.de\/cms\/wp-content\/uploads\/2024\/03\/IMG_1686-rotated.jpg 1512w\" sizes=\"(max-width: 768px) 100vw, 768px\" \/><\/figure>\n\n\n\n<figure class=\"wp-block-image size-large\"><img decoding=\"async\" width=\"500\" height=\"375\" src=\"https:\/\/www.prodat.de\/cms\/wp-content\/uploads\/2024\/03\/20210223_125533.jpg\" alt=\"\" class=\"wp-image-5005\" srcset=\"https:\/\/www.prodat.de\/cms\/wp-content\/uploads\/2024\/03\/20210223_125533.jpg 500w, https:\/\/www.prodat.de\/cms\/wp-content\/uploads\/2024\/03\/20210223_125533-300x225.jpg 300w\" sizes=\"(max-width: 500px) 100vw, 500px\" \/><\/figure>\n\n\n\n<figure class=\"wp-block-image size-large\"><img loading=\"lazy\" decoding=\"async\" width=\"1024\" height=\"473\" src=\"https:\/\/www.prodat.de\/cms\/wp-content\/uploads\/2024\/03\/20210413_131115-1024x473.jpg\" alt=\"\" class=\"wp-image-5006\" srcset=\"https:\/\/www.prodat.de\/cms\/wp-content\/uploads\/2024\/03\/20210413_131115-1024x473.jpg 1024w, https:\/\/www.prodat.de\/cms\/wp-content\/uploads\/2024\/03\/20210413_131115-300x139.jpg 300w, https:\/\/www.prodat.de\/cms\/wp-content\/uploads\/2024\/03\/20210413_131115-768x355.jpg 768w, https:\/\/www.prodat.de\/cms\/wp-content\/uploads\/2024\/03\/20210413_131115-1536x709.jpg 1536w, https:\/\/www.prodat.de\/cms\/wp-content\/uploads\/2024\/03\/20210413_131115.jpg 1663w\" sizes=\"(max-width: 1024px) 100vw, 1024px\" \/><\/figure>\n<\/figure>\n<\/div>\n\n\n\n<div class=\"wp-block-group has-global-padding is-layout-constrained wp-container-core-group-layout-2 wp-block-group-is-layout-constrained\">\n<h3 class=\"wp-block-heading is-style-asterisk\" id=\"ankerlink_1\">Informationen zur Messdienstleistung<\/h3>\n\n\n\n<p><a href=\"http:\/\/www.prodat.de\/DE\/Produkte\/Mobile_Radlastmesseinrichtungen\/\">PRODAT RKM-M<\/a>\u00a0wurde speziell f\u00fcr die\u00a0<strong>mobile<\/strong>\u00a0und statische <strong>Messung und Pr\u00fcfung von Radaufstandskr\u00e4ften<\/strong> (auch Radlasten) und abgeleiteten Messgr\u00f6\u00dfen an Schienenfahrzeugen entwickelt. Das Messsystem gen\u00fcgt Anforderungen die aus Mobilit\u00e4t, Messgenauigkeit und Erf\u00fcllung entsprechender Normvorgaben resultieren. Die PRODAT bietet Ihnen die M\u00f6glichkeit Messungen an Ihren Schienenfahrzeugen als Dienstleistung durchf\u00fchren zu lassen. Dies kann nicht nur innerhalb Deutschlands, sondern auch kurzfristig innerhalb Europas und bei M\u00f6glichkeit zur Vorplanung, auch weltweit erfolgen. Eine Vielzahl von Dienstleistungsprojekten\u00a0im In- und Ausland konnten in der Historie der PRODAT realisiert werden. Es besteht die M\u00f6glichkeit Messtermine mit Schulungen und Einweisungen in den Messsystemgebrauch zu verbinden. Falls die Erfordernis der Messung \u00fcber l\u00e4ngere Zeitr\u00e4ume besteht, stehen Messsysteme auch zur Miete zur Verf\u00fcgung (falls verf\u00fcgbar). Es ist zu beachten, dass eine Vorpr\u00fcfung der vorgesehenen Einbaustelle erfolgen sollte. <\/p>\n\n\n\n<blockquote class=\"wp-block-quote\">\n<p class=\"has-text-align-center\">Wir machen Messungen m\u00f6glich &#8211; auch im Feld.<br>Treten Sie bei Bedarf mit uns in&nbsp;<a href=\"https:\/\/www.prodat.de\/cms\/kontakt\">Kontakt<\/a>.<\/p>\n\n\n\n<div class=\"wp-block-buttons is-content-justification-center is-layout-flex wp-container-core-buttons-layout-1 wp-block-buttons-is-layout-flex\">\n<div class=\"wp-block-button\"><a class=\"wp-block-button__link wp-element-button\" href=\"https:\/\/www.prodat.de\/cms\/kontakt\">Kontaktieren Sie uns!<\/a><\/div>\n<\/div>\n<\/blockquote>\n\n\n\n<ul class=\"is-style-checkmark-list\">\n<li>mobile Radaufstandskraftmesseinrichtung bzw. Radaufstandskraftmesssystem (RAKME) bietet die M\u00f6glichkeit unkomplizierter Vor-Ort Messung<\/li>\n\n\n\n<li>Ausfertigung eines Messprotokolls<\/li>\n\n\n\n<li>unabh\u00e4ngige Messung durch externes Unternehmen<\/li>\n\n\n\n<li>Mobiles Messen zur Bestimmung der Radaufstandskraft \/ Radlast \/ Fahrzeugmasse<\/li>\n\n\n\n<li>Unterst\u00fctzung von Einstellarbeiten <\/li>\n\n\n\n<li>Kontrollmessungen schnell und unkompliziert vor Ort<\/li>\n\n\n\n<li>Direktes und Sicheres Anbringen im Gleis und zus\u00e4tzliche bauliche Ma\u00dfnahmen<\/li>\n\n\n\n<li>kurze Montage Zeit (in Abh\u00e4ngigkeit der baulichen Gegebenheiten)<\/li>\n\n\n\n<li>einfacher Einbau, nur wenige Vorkenntnisse erforderlich<\/li>\n\n\n\n<li>geringere Investitionskosten<\/li>\n\n\n\n<li>Batterieversorgung und Drahtlose \u00dcbertragung der Messwerte (z.B. zu Handheld oder PC) m\u00f6glich<\/li>\n\n\n\n<li>langlebige Stahlkonstruktion<\/li>\n\n\n\n<li>am Einbauort sollte eine Messgleisqualit\u00e4t bzw. Betriebsmessgleisqualit\u00e4t gegeben sein. Feldmessung zu Lasten h\u00f6herer Abweichungen sind ggf. m\u00f6glich.<\/li>\n\n\n\n<li>Kombination mit einer Systemschulung zur eigenst\u00e4ndigen Nutzung ist m\u00f6glich<\/li>\n<\/ul>\n\n\n\n<div style=\"height:var(--wp--preset--spacing--20)\" aria-hidden=\"true\" class=\"wp-block-spacer\"><\/div>\n\n\n\n<h3 class=\"wp-block-heading has-text-align-center\" id=\"ankerlink_3\">Schlagworte<\/h3>\n\n\n\n<p class=\"has-text-align-center has-small-font-size\" style=\"font-style:italic;font-weight:300\">Mobile Radlastmessung, Radkraftmessung, Fahrzeugmasse, Drehgestellmasse, Achslast, Gewicht<br>Messungen als Dienstleistungen, als Service, Direkt Vor Ort, Vor-Ort, auf Kundenwunsch f\u00fcr Sie im Einsatz<br>PRODAT RKM mobil, RKM-M<br>Ingenieurtechnische Dienstleistungen f\u00fcr den Schienenverkehr<br>Leihe, Miete<br>Messdienstleistung, Messservice, Pr\u00fcfservice, Pr\u00fcfdienstleistung<\/p>\n<\/div>\n","protected":false},"excerpt":{"rendered":"<p>Radlastmessung (Radaufstandskraftmessung) mit kalibriertem Messsystem bei Ihnen vor Ort Informationen zur Messdienstleistung PRODAT RKM-M\u00a0wurde speziell f\u00fcr die\u00a0mobile\u00a0und statische Messung und Pr\u00fcfung von Radaufstandskr\u00e4ften (auch Radlasten) und abgeleiteten Messgr\u00f6\u00dfen an Schienenfahrzeugen entwickelt. Das Messsystem gen\u00fcgt Anforderungen die aus Mobilit\u00e4t, Messgenauigkeit und Erf\u00fcllung entsprechender Normvorgaben resultieren. Die PRODAT bietet Ihnen die M\u00f6glichkeit Messungen an Ihren Schienenfahrzeugen als [&hellip;]<\/p>\n","protected":false},"author":2,"featured_media":5024,"parent":35,"menu_order":20,"comment_status":"closed","ping_status":"closed","template":"wp-custom-template-prodat-standard-inhalt","meta":{"footnotes":""},"yoast_head":"<!-- This site is optimized with the Yoast SEO plugin v22.2 - https:\/\/yoast.com\/wordpress\/plugins\/seo\/ -->\n<title>Messdienstleistungen - Radlastmessung (Radaufstandskraftmessung) - PRODAT<\/title>\n<meta name=\"description\" content=\"Messen der Radaufstandskr\u00e4fte (und abgeleitete Gr\u00f6\u00dfen wie Masse) bei Ihnen vor Ort, mit unseren mobilen und kalibrierten Messsystemen.\" \/>\n<meta name=\"robots\" content=\"index, follow, max-snippet:-1, max-image-preview:large, max-video-preview:-1\" \/>\n<link rel=\"canonical\" href=\"https:\/\/www.prodat.de\/cms\/dienstleistungen-service\/messdienstleistungen-radlastmessung-radaufstandskraftmessung\" \/>\n<meta property=\"og:locale\" content=\"en_US\" \/>\n<meta property=\"og:type\" content=\"article\" \/>\n<meta property=\"og:title\" content=\"Messdienstleistungen - Radlastmessung (Radaufstandskraftmessung) - PRODAT\" \/>\n<meta property=\"og:description\" content=\"Messen der Radaufstandskr\u00e4fte (und abgeleitete Gr\u00f6\u00dfen wie Masse) bei Ihnen vor Ort, mit unseren mobilen und kalibrierten Messsystemen.\" \/>\n<meta property=\"og:url\" content=\"https:\/\/www.prodat.de\/cms\/dienstleistungen-service\/messdienstleistungen-radlastmessung-radaufstandskraftmessung\" \/>\n<meta property=\"og:site_name\" content=\"PRODAT\" \/>\n<meta property=\"article:modified_time\" content=\"2024-03-25T09:27:27+00:00\" \/>\n<meta property=\"og:image\" content=\"https:\/\/www.prodat.de\/cms\/wp-content\/uploads\/2024\/03\/uestra_einbau_zustand_kunde_2020_09-scaled.jpg\" \/>\n\t<meta property=\"og:image:width\" content=\"1440\" \/>\n\t<meta property=\"og:image:height\" content=\"2560\" \/>\n\t<meta property=\"og:image:type\" content=\"image\/jpeg\" \/>\n<meta name=\"twitter:card\" content=\"summary_large_image\" \/>\n<meta name=\"twitter:label1\" content=\"Est. reading time\" \/>\n\t<meta name=\"twitter:data1\" content=\"3 minutes\" \/>\n<script type=\"application\/ld+json\" class=\"yoast-schema-graph\">{\"@context\":\"https:\/\/schema.org\",\"@graph\":[{\"@type\":\"WebPage\",\"@id\":\"https:\/\/www.prodat.de\/cms\/dienstleistungen-service\/messdienstleistungen-radlastmessung-radaufstandskraftmessung\",\"url\":\"https:\/\/www.prodat.de\/cms\/dienstleistungen-service\/messdienstleistungen-radlastmessung-radaufstandskraftmessung\",\"name\":\"Messdienstleistungen - Radlastmessung (Radaufstandskraftmessung) - PRODAT\",\"isPartOf\":{\"@id\":\"https:\/\/www.prodat.de\/cms\/#website\"},\"primaryImageOfPage\":{\"@id\":\"https:\/\/www.prodat.de\/cms\/dienstleistungen-service\/messdienstleistungen-radlastmessung-radaufstandskraftmessung#primaryimage\"},\"image\":{\"@id\":\"https:\/\/www.prodat.de\/cms\/dienstleistungen-service\/messdienstleistungen-radlastmessung-radaufstandskraftmessung#primaryimage\"},\"thumbnailUrl\":\"https:\/\/www.prodat.de\/cms\/wp-content\/uploads\/2024\/03\/uestra_einbau_zustand_kunde_2020_09-scaled.jpg\",\"datePublished\":\"2020-08-18T11:26:43+00:00\",\"dateModified\":\"2024-03-25T09:27:27+00:00\",\"description\":\"Messen der Radaufstandskr\u00e4fte (und abgeleitete Gr\u00f6\u00dfen wie Masse) bei Ihnen vor Ort, mit unseren mobilen und kalibrierten Messsystemen.\",\"breadcrumb\":{\"@id\":\"https:\/\/www.prodat.de\/cms\/dienstleistungen-service\/messdienstleistungen-radlastmessung-radaufstandskraftmessung#breadcrumb\"},\"inLanguage\":\"en-US\",\"potentialAction\":[{\"@type\":\"ReadAction\",\"target\":[\"https:\/\/www.prodat.de\/cms\/dienstleistungen-service\/messdienstleistungen-radlastmessung-radaufstandskraftmessung\"]}]},{\"@type\":\"ImageObject\",\"inLanguage\":\"en-US\",\"@id\":\"https:\/\/www.prodat.de\/cms\/dienstleistungen-service\/messdienstleistungen-radlastmessung-radaufstandskraftmessung#primaryimage\",\"url\":\"https:\/\/www.prodat.de\/cms\/wp-content\/uploads\/2024\/03\/uestra_einbau_zustand_kunde_2020_09-scaled.jpg\",\"contentUrl\":\"https:\/\/www.prodat.de\/cms\/wp-content\/uploads\/2024\/03\/uestra_einbau_zustand_kunde_2020_09-scaled.jpg\",\"width\":1440,\"height\":2560,\"caption\":\"PRODAT Vor-Ort Messung, Installationsbeispiel\"},{\"@type\":\"BreadcrumbList\",\"@id\":\"https:\/\/www.prodat.de\/cms\/dienstleistungen-service\/messdienstleistungen-radlastmessung-radaufstandskraftmessung#breadcrumb\",\"itemListElement\":[{\"@type\":\"ListItem\",\"position\":1,\"name\":\"www.prodat.de\",\"item\":\"https:\/\/www.prodat.de\/cms\/\"},{\"@type\":\"ListItem\",\"position\":2,\"name\":\"Dienstleistungen &#038; Service\",\"item\":\"https:\/\/www.prodat.de\/cms\/dienstleistungen-service\"},{\"@type\":\"ListItem\",\"position\":3,\"name\":\"Messdienstleistungen &#8211; Radlastmessung (Radaufstandskraftmessung)\"}]},{\"@type\":\"WebSite\",\"@id\":\"https:\/\/www.prodat.de\/cms\/#website\",\"url\":\"https:\/\/www.prodat.de\/cms\/\",\"name\":\"PRODAT (CMS)\",\"description\":\"L\u00f6sungen \/ Solutions\",\"publisher\":{\"@id\":\"https:\/\/www.prodat.de\/cms\/#organization\"},\"alternateName\":\"PRODAT Solutions\/L\u00f6sungen - Website\",\"potentialAction\":[{\"@type\":\"SearchAction\",\"target\":{\"@type\":\"EntryPoint\",\"urlTemplate\":\"https:\/\/www.prodat.de\/cms\/?s={search_term_string}\"},\"query-input\":\"required name=search_term_string\"}],\"inLanguage\":\"en-US\"},{\"@type\":\"Organization\",\"@id\":\"https:\/\/www.prodat.de\/cms\/#organization\",\"name\":\"PRODAT\",\"alternateName\":\"PRODAT L\u00f6sungen \/ Solutions\",\"url\":\"https:\/\/www.prodat.de\/cms\/\",\"logo\":{\"@type\":\"ImageObject\",\"inLanguage\":\"en-US\",\"@id\":\"https:\/\/www.prodat.de\/cms\/#\/schema\/logo\/image\/\",\"url\":\"https:\/\/www.prodat.de\/cms\/wp-content\/uploads\/2024\/03\/prodat_logo_h150px.jpg\",\"contentUrl\":\"https:\/\/www.prodat.de\/cms\/wp-content\/uploads\/2024\/03\/prodat_logo_h150px.jpg\",\"width\":560,\"height\":150,\"caption\":\"PRODAT\"},\"image\":{\"@id\":\"https:\/\/www.prodat.de\/cms\/#\/schema\/logo\/image\/\"}}]}<\/script>\n<!-- \/ Yoast SEO plugin. -->","yoast_head_json":{"title":"Messdienstleistungen - Radlastmessung (Radaufstandskraftmessung) - PRODAT","description":"Messen der Radaufstandskr\u00e4fte (und abgeleitete Gr\u00f6\u00dfen wie Masse) bei Ihnen vor Ort, mit unseren mobilen und kalibrierten Messsystemen.","robots":{"index":"index","follow":"follow","max-snippet":"max-snippet:-1","max-image-preview":"max-image-preview:large","max-video-preview":"max-video-preview:-1"},"canonical":"https:\/\/www.prodat.de\/cms\/dienstleistungen-service\/messdienstleistungen-radlastmessung-radaufstandskraftmessung","og_locale":"en_US","og_type":"article","og_title":"Messdienstleistungen - Radlastmessung (Radaufstandskraftmessung) - PRODAT","og_description":"Messen der Radaufstandskr\u00e4fte (und abgeleitete Gr\u00f6\u00dfen wie Masse) bei Ihnen vor Ort, mit unseren mobilen und kalibrierten Messsystemen.","og_url":"https:\/\/www.prodat.de\/cms\/dienstleistungen-service\/messdienstleistungen-radlastmessung-radaufstandskraftmessung","og_site_name":"PRODAT","article_modified_time":"2024-03-25T09:27:27+00:00","og_image":[{"width":1440,"height":2560,"url":"https:\/\/www.prodat.de\/cms\/wp-content\/uploads\/2024\/03\/uestra_einbau_zustand_kunde_2020_09-scaled.jpg","type":"image\/jpeg"}],"twitter_card":"summary_large_image","twitter_misc":{"Est. reading time":"3 minutes"},"schema":{"@context":"https:\/\/schema.org","@graph":[{"@type":"WebPage","@id":"https:\/\/www.prodat.de\/cms\/dienstleistungen-service\/messdienstleistungen-radlastmessung-radaufstandskraftmessung","url":"https:\/\/www.prodat.de\/cms\/dienstleistungen-service\/messdienstleistungen-radlastmessung-radaufstandskraftmessung","name":"Messdienstleistungen - Radlastmessung (Radaufstandskraftmessung) - PRODAT","isPartOf":{"@id":"https:\/\/www.prodat.de\/cms\/#website"},"primaryImageOfPage":{"@id":"https:\/\/www.prodat.de\/cms\/dienstleistungen-service\/messdienstleistungen-radlastmessung-radaufstandskraftmessung#primaryimage"},"image":{"@id":"https:\/\/www.prodat.de\/cms\/dienstleistungen-service\/messdienstleistungen-radlastmessung-radaufstandskraftmessung#primaryimage"},"thumbnailUrl":"https:\/\/www.prodat.de\/cms\/wp-content\/uploads\/2024\/03\/uestra_einbau_zustand_kunde_2020_09-scaled.jpg","datePublished":"2020-08-18T11:26:43+00:00","dateModified":"2024-03-25T09:27:27+00:00","description":"Messen der Radaufstandskr\u00e4fte (und abgeleitete Gr\u00f6\u00dfen wie Masse) bei Ihnen vor Ort, mit unseren mobilen und kalibrierten Messsystemen.","breadcrumb":{"@id":"https:\/\/www.prodat.de\/cms\/dienstleistungen-service\/messdienstleistungen-radlastmessung-radaufstandskraftmessung#breadcrumb"},"inLanguage":"en-US","potentialAction":[{"@type":"ReadAction","target":["https:\/\/www.prodat.de\/cms\/dienstleistungen-service\/messdienstleistungen-radlastmessung-radaufstandskraftmessung"]}]},{"@type":"ImageObject","inLanguage":"en-US","@id":"https:\/\/www.prodat.de\/cms\/dienstleistungen-service\/messdienstleistungen-radlastmessung-radaufstandskraftmessung#primaryimage","url":"https:\/\/www.prodat.de\/cms\/wp-content\/uploads\/2024\/03\/uestra_einbau_zustand_kunde_2020_09-scaled.jpg","contentUrl":"https:\/\/www.prodat.de\/cms\/wp-content\/uploads\/2024\/03\/uestra_einbau_zustand_kunde_2020_09-scaled.jpg","width":1440,"height":2560,"caption":"PRODAT Vor-Ort Messung, Installationsbeispiel"},{"@type":"BreadcrumbList","@id":"https:\/\/www.prodat.de\/cms\/dienstleistungen-service\/messdienstleistungen-radlastmessung-radaufstandskraftmessung#breadcrumb","itemListElement":[{"@type":"ListItem","position":1,"name":"www.prodat.de","item":"https:\/\/www.prodat.de\/cms\/"},{"@type":"ListItem","position":2,"name":"Dienstleistungen &#038; Service","item":"https:\/\/www.prodat.de\/cms\/dienstleistungen-service"},{"@type":"ListItem","position":3,"name":"Messdienstleistungen &#8211; Radlastmessung (Radaufstandskraftmessung)"}]},{"@type":"WebSite","@id":"https:\/\/www.prodat.de\/cms\/#website","url":"https:\/\/www.prodat.de\/cms\/","name":"PRODAT (CMS)","description":"L\u00f6sungen \/ Solutions","publisher":{"@id":"https:\/\/www.prodat.de\/cms\/#organization"},"alternateName":"PRODAT Solutions\/L\u00f6sungen - Website","potentialAction":[{"@type":"SearchAction","target":{"@type":"EntryPoint","urlTemplate":"https:\/\/www.prodat.de\/cms\/?s={search_term_string}"},"query-input":"required name=search_term_string"}],"inLanguage":"en-US"},{"@type":"Organization","@id":"https:\/\/www.prodat.de\/cms\/#organization","name":"PRODAT","alternateName":"PRODAT L\u00f6sungen \/ Solutions","url":"https:\/\/www.prodat.de\/cms\/","logo":{"@type":"ImageObject","inLanguage":"en-US","@id":"https:\/\/www.prodat.de\/cms\/#\/schema\/logo\/image\/","url":"https:\/\/www.prodat.de\/cms\/wp-content\/uploads\/2024\/03\/prodat_logo_h150px.jpg","contentUrl":"https:\/\/www.prodat.de\/cms\/wp-content\/uploads\/2024\/03\/prodat_logo_h150px.jpg","width":560,"height":150,"caption":"PRODAT"},"image":{"@id":"https:\/\/www.prodat.de\/cms\/#\/schema\/logo\/image\/"}}]}},"_links":{"self":[{"href":"https:\/\/www.prodat.de\/cms\/wp-json\/wp\/v2\/pages\/100"}],"collection":[{"href":"https:\/\/www.prodat.de\/cms\/wp-json\/wp\/v2\/pages"}],"about":[{"href":"https:\/\/www.prodat.de\/cms\/wp-json\/wp\/v2\/types\/page"}],"author":[{"embeddable":true,"href":"https:\/\/www.prodat.de\/cms\/wp-json\/wp\/v2\/users\/2"}],"replies":[{"embeddable":true,"href":"https:\/\/www.prodat.de\/cms\/wp-json\/wp\/v2\/comments?post=100"}],"version-history":[{"count":31,"href":"https:\/\/www.prodat.de\/cms\/wp-json\/wp\/v2\/pages\/100\/revisions"}],"predecessor-version":[{"id":6705,"href":"https:\/\/www.prodat.de\/cms\/wp-json\/wp\/v2\/pages\/100\/revisions\/6705"}],"up":[{"embeddable":true,"href":"https:\/\/www.prodat.de\/cms\/wp-json\/wp\/v2\/pages\/35"}],"wp:featuredmedia":[{"embeddable":true,"href":"https:\/\/www.prodat.de\/cms\/wp-json\/wp\/v2\/media\/5024"}],"wp:attachment":[{"href":"https:\/\/www.prodat.de\/cms\/wp-json\/wp\/v2\/media?parent=100"}],"curies":[{"name":"wp","href":"https:\/\/api.w.org\/{rel}","templated":true}]}}